{"id":2915,"date":"2025-10-17T06:37:36","date_gmt":"2025-10-17T06:37:36","guid":{"rendered":"https:\/\/hds-cabletie.com\/?post_type=product&#038;p=2915"},"modified":"2025-10-17T06:44:20","modified_gmt":"2025-10-17T06:44:20","slug":"automotive-cable-tie-single-fir-tree-head-type","status":"publish","type":"product","link":"https:\/\/hds-cabletie.com\/tr\/urun\/automotive-cable-tie-single-fir-tree-head-type\/","title":{"rendered":"Otomotiv Kablo Ba\u011f\u0131 (Tek K\u00f6knar A\u011fac\u0131 Ba\u015fl\u0131 Tip)"},"content":{"rendered":"<h2>\u00d6zellik:<\/h2>\n<ol>\n<li>Di\u015fli dairesel delikler i\u00e7in uygundur<\/li>\n<li>Kablo ba\u011f\u0131n\u0131n kafas\u0131 kal\u0131c\u0131 olarak sabit bir konumdad\u0131r<\/li>\n<li>Aletsiz ve kolay kurulum<\/li>\n<\/ol>\n<table>\n<tbody>\n<tr>\n<td width=\"92\">\u00dcr\u00fcn No.<\/td>\n<td width=\"92\">Geni\u015flik (mm)<\/td>\n<td width=\"92\">Uzunluk (mm)<\/td>\n<td width=\"92\">Delik \u00c7ap\u0131\u03c6(mm)<\/td>\n<td width=\"92\">Uygulanabilir Plat kal\u0131nl\u0131\u011f\u0131 (mm)<\/td>\n<td width=\"92\">Paket Aral\u0131\u011f\u0131 (mm)<\/td>\n<\/tr>\n<tr>\n<td width=\"92\">HDS-100<\/td>\n<td width=\"92\">2.5<\/td>\n<td width=\"92\">100<\/td>\n<td width=\"92\">5~6<\/td>\n<td width=\"92\">1~5<\/td>\n<td width=\"92\">3~23<\/td>\n<\/tr>\n<tr>\n<td width=\"92\">HDS-150A<\/td>\n<td width=\"92\">4.8<\/td>\n<td width=\"92\">150<\/td>\n<td width=\"92\">7<\/td>\n<td width=\"92\">1~5<\/td>\n<td width=\"92\">3~36<\/td>\n<\/tr>\n<tr>\n<td width=\"92\">HDS-150B<\/td>\n<td width=\"92\">5.6<\/td>\n<td width=\"92\">150<\/td>\n<td width=\"92\">8<\/td>\n<td width=\"92\">1~8<\/td>\n<td width=\"92\">3~36<\/td>\n<\/tr>\n<\/tbody>\n<\/table>\n<p>&nbsp;<\/p>","protected":false},"excerpt":{"rendered":"<p>\u00d6zellik:<\/p>\n<ol>\n<li>Di\u015fli dairesel delikler i\u00e7in uygundur<\/li>\n<li>Kablo ba\u011f\u0131n\u0131n kafas\u0131 kal\u0131c\u0131 olarak sabit bir konumdad\u0131r<\/li>\n<li>Aletsiz ve kolay kurulum<\/li>\n<\/ol>","protected":false},"featured_media":2916,"comment_status":"open","ping_status":"closed","template":"","meta":{"_acf_changed":false},"product_brand":[],"product_cat":[16,77],"product_tag":[],"class_list":{"0":"post-2915","1":"product","2":"type-product","3":"status-publish","4":"has-post-thumbnail","6":"product_cat-nylon-cable-tie","7":"product_cat-automotive-nylon-cable-tie","9":"first","10":"instock","11":"shipping-taxable","12":"product-type-simple"},"acf":[],"yoast_head":"<!-- This site is optimized with the Yoast SEO plugin v25.1 - https:\/\/yoast.com\/wordpress\/plugins\/seo\/ -->\n<title>Automotive Cable Tie (Single Fir Tree Head Type) - HDS Tie<\/title>\n<meta name=\"robots\" content=\"index, follow, max-snippet:-1, max-image-preview:large, max-video-preview:-1\" \/>\n<link rel=\"canonical\" href=\"https:\/\/aliceblue-chamois-108160.hostingersite.com\/es\/producto\/automotive-cable-tie-single-fir-tree-head-type\/\" \/>\n<meta property=\"og:locale\" content=\"tr_TR\" \/>\n<meta property=\"og:type\" content=\"article\" \/>\n<meta property=\"og:title\" content=\"Automotive Cable Tie (Single Fir Tree Head Type) - HDS Tie\" \/>\n<meta property=\"og:description\" content=\"Feature:   Suitable for circular holes with threads  The head for the cable tie is permanently in a fixed position  Tool-free and easy to install\" \/>\n<meta property=\"og:url\" content=\"https:\/\/aliceblue-chamois-108160.hostingersite.com\/es\/producto\/automotive-cable-tie-single-fir-tree-head-type\/\" \/>\n<meta property=\"og:site_name\" content=\"HDS Tie\" \/>\n<meta property=\"article:modified_time\" content=\"2025-10-17T06:44:20+00:00\" \/>\n<meta property=\"og:image\" content=\"https:\/\/aliceblue-chamois-108160.hostingersite.com\/wp-content\/uploads\/2025\/10\/MG_4895.webp\" \/>\n\t<meta property=\"og:image:width\" content=\"800\" \/>\n\t<meta property=\"og:image:height\" content=\"800\" \/>\n\t<meta property=\"og:image:type\" content=\"image\/webp\" \/>\n<meta name=\"twitter:card\" content=\"summary_large_image\" \/>\n<meta name=\"twitter:label1\" content=\"Tahmini okuma s\u00fcresi\" \/>\n\t<meta name=\"twitter:data1\" content=\"1 dakika\" \/>\n<script type=\"application\/ld+json\" class=\"yoast-schema-graph\">{\"@context\":\"https:\/\/schema.org\",\"@graph\":[{\"@type\":\"WebPage\",\"@id\":\"https:\/\/aliceblue-chamois-108160.hostingersite.com\/es\/producto\/automotive-cable-tie-single-fir-tree-head-type\/\",\"url\":\"https:\/\/aliceblue-chamois-108160.hostingersite.com\/es\/producto\/automotive-cable-tie-single-fir-tree-head-type\/\",\"name\":\"Automotive Cable Tie (Single Fir Tree Head Type) - HDS Tie\",\"isPartOf\":{\"@id\":\"https:\/\/hds-cabletie.com\/ar\/#website\"},\"primaryImageOfPage\":{\"@id\":\"https:\/\/aliceblue-chamois-108160.hostingersite.com\/es\/producto\/automotive-cable-tie-single-fir-tree-head-type\/#primaryimage\"},\"image\":{\"@id\":\"https:\/\/aliceblue-chamois-108160.hostingersite.com\/es\/producto\/automotive-cable-tie-single-fir-tree-head-type\/#primaryimage\"},\"thumbnailUrl\":\"https:\/\/hds-cabletie.com\/wp-content\/uploads\/2025\/10\/MG_4895.webp\",\"datePublished\":\"2025-10-17T06:37:36+00:00\",\"dateModified\":\"2025-10-17T06:44:20+00:00\",\"breadcrumb\":{\"@id\":\"https:\/\/aliceblue-chamois-108160.hostingersite.com\/es\/producto\/automotive-cable-tie-single-fir-tree-head-type\/#breadcrumb\"},\"inLanguage\":\"tr\",\"potentialAction\":[{\"@type\":\"ReadAction\",\"target\":[\"https:\/\/aliceblue-chamois-108160.hostingersite.com\/es\/producto\/automotive-cable-tie-single-fir-tree-head-type\/\"]}]},{\"@type\":\"ImageObject\",\"inLanguage\":\"tr\",\"@id\":\"https:\/\/aliceblue-chamois-108160.hostingersite.com\/es\/producto\/automotive-cable-tie-single-fir-tree-head-type\/#primaryimage\",\"url\":\"https:\/\/hds-cabletie.com\/wp-content\/uploads\/2025\/10\/MG_4895.webp\",\"contentUrl\":\"https:\/\/hds-cabletie.com\/wp-content\/uploads\/2025\/10\/MG_4895.webp\",\"width\":800,\"height\":800},{\"@type\":\"BreadcrumbList\",\"@id\":\"https:\/\/aliceblue-chamois-108160.hostingersite.com\/es\/producto\/automotive-cable-tie-single-fir-tree-head-type\/#breadcrumb\",\"itemListElement\":[{\"@type\":\"ListItem\",\"position\":1,\"name\":\"Home\",\"item\":\"https:\/\/hds-cabletie.com\/\"},{\"@type\":\"ListItem\",\"position\":2,\"name\":\"Products\",\"item\":\"https:\/\/hds-cabletie.com\/de\/products\/\"},{\"@type\":\"ListItem\",\"position\":3,\"name\":\"Automotive Cable Tie (Single Fir Tree Head Type)\"}]},{\"@type\":\"WebSite\",\"@id\":\"https:\/\/hds-cabletie.com\/ar\/#website\",\"url\":\"https:\/\/hds-cabletie.com\/ar\/\",\"name\":\"HDS Tie\",\"description\":\"\",\"potentialAction\":[{\"@type\":\"SearchAction\",\"target\":{\"@type\":\"EntryPoint\",\"urlTemplate\":\"https:\/\/hds-cabletie.com\/ar\/?s={search_term_string}\"},\"query-input\":{\"@type\":\"PropertyValueSpecification\",\"valueRequired\":true,\"valueName\":\"search_term_string\"}}],\"inLanguage\":\"tr\"}]}<\/script>\n<!-- \/ Yoast SEO plugin. -->","yoast_head_json":{"title":"Automotive Cable Tie (Single Fir Tree Head Type) - HDS Tie","robots":{"index":"index","follow":"follow","max-snippet":"max-snippet:-1","max-image-preview":"max-image-preview:large","max-video-preview":"max-video-preview:-1"},"canonical":"https:\/\/aliceblue-chamois-108160.hostingersite.com\/es\/producto\/automotive-cable-tie-single-fir-tree-head-type\/","og_locale":"tr_TR","og_type":"article","og_title":"Automotive Cable Tie (Single Fir Tree Head Type) - HDS Tie","og_description":"Feature:   Suitable for circular holes with threads  The head for the cable tie is permanently in a fixed position  Tool-free and easy to install","og_url":"https:\/\/aliceblue-chamois-108160.hostingersite.com\/es\/producto\/automotive-cable-tie-single-fir-tree-head-type\/","og_site_name":"HDS Tie","article_modified_time":"2025-10-17T06:44:20+00:00","og_image":[{"width":800,"height":800,"url":"https:\/\/aliceblue-chamois-108160.hostingersite.com\/wp-content\/uploads\/2025\/10\/MG_4895.webp","type":"image\/webp"}],"twitter_card":"summary_large_image","twitter_misc":{"Tahmini okuma s\u00fcresi":"1 dakika"},"schema":{"@context":"https:\/\/schema.org","@graph":[{"@type":"WebPage","@id":"https:\/\/aliceblue-chamois-108160.hostingersite.com\/es\/producto\/automotive-cable-tie-single-fir-tree-head-type\/","url":"https:\/\/aliceblue-chamois-108160.hostingersite.com\/es\/producto\/automotive-cable-tie-single-fir-tree-head-type\/","name":"Automotive Cable Tie (Single Fir Tree Head Type) - HDS Tie","isPartOf":{"@id":"https:\/\/hds-cabletie.com\/ar\/#website"},"primaryImageOfPage":{"@id":"https:\/\/aliceblue-chamois-108160.hostingersite.com\/es\/producto\/automotive-cable-tie-single-fir-tree-head-type\/#primaryimage"},"image":{"@id":"https:\/\/aliceblue-chamois-108160.hostingersite.com\/es\/producto\/automotive-cable-tie-single-fir-tree-head-type\/#primaryimage"},"thumbnailUrl":"https:\/\/hds-cabletie.com\/wp-content\/uploads\/2025\/10\/MG_4895.webp","datePublished":"2025-10-17T06:37:36+00:00","dateModified":"2025-10-17T06:44:20+00:00","breadcrumb":{"@id":"https:\/\/aliceblue-chamois-108160.hostingersite.com\/es\/producto\/automotive-cable-tie-single-fir-tree-head-type\/#breadcrumb"},"inLanguage":"tr","potentialAction":[{"@type":"ReadAction","target":["https:\/\/aliceblue-chamois-108160.hostingersite.com\/es\/producto\/automotive-cable-tie-single-fir-tree-head-type\/"]}]},{"@type":"ImageObject","inLanguage":"tr","@id":"https:\/\/aliceblue-chamois-108160.hostingersite.com\/es\/producto\/automotive-cable-tie-single-fir-tree-head-type\/#primaryimage","url":"https:\/\/hds-cabletie.com\/wp-content\/uploads\/2025\/10\/MG_4895.webp","contentUrl":"https:\/\/hds-cabletie.com\/wp-content\/uploads\/2025\/10\/MG_4895.webp","width":800,"height":800},{"@type":"BreadcrumbList","@id":"https:\/\/aliceblue-chamois-108160.hostingersite.com\/es\/producto\/automotive-cable-tie-single-fir-tree-head-type\/#breadcrumb","itemListElement":[{"@type":"ListItem","position":1,"name":"Home","item":"https:\/\/hds-cabletie.com\/"},{"@type":"ListItem","position":2,"name":"Products","item":"https:\/\/hds-cabletie.com\/de\/products\/"},{"@type":"ListItem","position":3,"name":"Automotive Cable Tie (Single Fir Tree Head Type)"}]},{"@type":"WebSite","@id":"https:\/\/hds-cabletie.com\/ar\/#website","url":"https:\/\/hds-cabletie.com\/ar\/","name":"HDS Tie","description":"","potentialAction":[{"@type":"SearchAction","target":{"@type":"EntryPoint","urlTemplate":"https:\/\/hds-cabletie.com\/ar\/?s={search_term_string}"},"query-input":{"@type":"PropertyValueSpecification","valueRequired":true,"valueName":"search_term_string"}}],"inLanguage":"tr"}]}},"_links":{"self":[{"href":"https:\/\/hds-cabletie.com\/tr\/wp-json\/wp\/v2\/product\/2915","targetHints":{"allow":["GET"]}}],"collection":[{"href":"https:\/\/hds-cabletie.com\/tr\/wp-json\/wp\/v2\/product"}],"about":[{"href":"https:\/\/hds-cabletie.com\/tr\/wp-json\/wp\/v2\/types\/product"}],"replies":[{"embeddable":true,"href":"https:\/\/hds-cabletie.com\/tr\/wp-json\/wp\/v2\/comments?post=2915"}],"wp:featuredmedia":[{"embeddable":true,"href":"https:\/\/hds-cabletie.com\/tr\/wp-json\/wp\/v2\/media\/2916"}],"wp:attachment":[{"href":"https:\/\/hds-cabletie.com\/tr\/wp-json\/wp\/v2\/media?parent=2915"}],"wp:term":[{"taxonomy":"product_brand","embeddable":true,"href":"https:\/\/hds-cabletie.com\/tr\/wp-json\/wp\/v2\/product_brand?post=2915"},{"taxonomy":"product_cat","embeddable":true,"href":"https:\/\/hds-cabletie.com\/tr\/wp-json\/wp\/v2\/product_cat?post=2915"},{"taxonomy":"product_tag","embeddable":true,"href":"https:\/\/hds-cabletie.com\/tr\/wp-json\/wp\/v2\/product_tag?post=2915"}],"curies":[{"name":"wp","href":"https:\/\/api.w.org\/{rel}","templated":true}]}}