{"id":2560,"date":"2025-09-16T09:09:44","date_gmt":"2025-09-16T09:09:44","guid":{"rendered":"https:\/\/hds-cabletie.com\/?post_type=product&#038;p=2560"},"modified":"2025-10-10T06:45:29","modified_gmt":"2025-10-10T06:45:29","slug":"cable-tie-mount","status":"publish","type":"product","link":"https:\/\/hds-cabletie.com\/tr\/urun\/cable-tie-mount\/","title":{"rendered":"Kablo Ba\u011f\u0131 montaj\u0131"},"content":{"rendered":"<p><strong>Malzeme: <\/strong>PE<\/p>\n<p><strong>Kullan\u0131m: <\/strong>Yap\u0131\u015ft\u0131r\u0131c\u0131n\u0131n kapa\u011f\u0131n\u0131 \u00e7\u0131kar\u0131n ve par\u00e7ay\u0131 d\u00fczg\u00fcn bir \u015fekilde yap\u0131\u015ft\u0131r\u0131n. Ard\u0131ndan kullanmak i\u00e7in kablo ba\u011f\u0131 tak\u0131n.<\/p>\n<p><strong>Uygulama: <\/strong>Delik delmeye izin verilmeyen yerlerde kullan\u0131l\u0131r Kolay ve zaman kazand\u0131r\u0131r.<\/p>\n<p><img fetchpriority=\"high\" decoding=\"async\" class=\"aligncenter size-full wp-image-2561\" src=\"https:\/\/hds-cabletie.com\/wp-content\/uploads\/2025\/09\/\u56fe\u72473-1.webp\" alt=\"\" width=\"650\" height=\"136\" srcset=\"https:\/\/hds-cabletie.com\/wp-content\/uploads\/2025\/09\/\u56fe\u72473-1.webp 650w, https:\/\/hds-cabletie.com\/wp-content\/uploads\/2025\/09\/\u56fe\u72473-1-300x63.webp 300w, https:\/\/hds-cabletie.com\/wp-content\/uploads\/2025\/09\/\u56fe\u72473-1-18x4.webp 18w, https:\/\/hds-cabletie.com\/wp-content\/uploads\/2025\/09\/\u56fe\u72473-1-600x126.webp 600w\" sizes=\"(max-width: 650px) 100vw, 650px\" \/><\/p>\n<table>\n<tbody>\n<tr>\n<td>Tip<\/td>\n<td>L \u00d7 W mm<\/td>\n<td>H mm<\/td>\n<td>T mm<\/td>\n<\/tr>\n<tr>\n<td>HDS-20<\/td>\n<td>20\u00d720<\/td>\n<td>6.1<\/td>\n<td>5<\/td>\n<\/tr>\n<tr>\n<td>HDS-25<\/td>\n<td>25\u00d725<\/td>\n<td>7.5<\/td>\n<td>6.2<\/td>\n<\/tr>\n<tr>\n<td>HDS-30<\/td>\n<td>30\u00d730<\/td>\n<td>8.7<\/td>\n<td>6.4<\/td>\n<\/tr>\n<tr>\n<td>HDS-40<\/td>\n<td>40\u00d740<\/td>\n<td>6.4<\/td>\n<td>10.8<\/td>\n<\/tr>\n<\/tbody>\n<\/table>\n<p>&nbsp;<\/p>","protected":false},"excerpt":{"rendered":"<p><strong>Malzeme:<\/strong>PE<\/p>\n<p><strong>Kullan\u0131m:<\/strong><\/p>\n<p>Yap\u0131\u015ft\u0131r\u0131c\u0131n\u0131n kapa\u011f\u0131n\u0131 \u00e7\u0131kar\u0131n ve par\u00e7ay\u0131 d\u00fczg\u00fcn bir \u015fekilde yap\u0131\u015ft\u0131r\u0131n. Ard\u0131ndan kullanmak i\u00e7in kablo ba\u011f\u0131 tak\u0131n.<\/p>\n<p><strong>Uygulama:<\/strong><\/p>\n<p>Delik delmeye izin verilmeyen yerlerde kullan\u0131l\u0131r Kolay ve zaman kazand\u0131r\u0131r.<\/p>","protected":false},"featured_media":2565,"comment_status":"open","ping_status":"closed","template":"","meta":{"_acf_changed":false},"product_brand":[],"product_cat":[68],"product_tag":[],"class_list":{"0":"post-2560","1":"product","2":"type-product","3":"status-publish","4":"has-post-thumbnail","6":"product_cat-wiring-accessories","8":"first","9":"instock","10":"shipping-taxable","11":"product-type-simple"},"acf":[],"yoast_head":"<!-- This site is optimized with the Yoast SEO plugin v25.1 - https:\/\/yoast.com\/wordpress\/plugins\/seo\/ -->\n<title>Cable Tie mount - HDS Tie<\/title>\n<meta name=\"robots\" content=\"index, follow, max-snippet:-1, max-image-preview:large, max-video-preview:-1\" \/>\n<link rel=\"canonical\" href=\"https:\/\/aliceblue-chamois-108160.hostingersite.com\/id\/produk\/cable-tie-mount\/\" \/>\n<meta property=\"og:locale\" content=\"tr_TR\" \/>\n<meta property=\"og:type\" content=\"article\" \/>\n<meta property=\"og:title\" content=\"Cable Tie mount - HDS Tie\" \/>\n<meta property=\"og:description\" content=\"Material:PE  Usage:  Remove the cover of the adhesive and stick the piece properly.then put in cable tie for using.  Application:  Used where hole-drilling is not allowed.Easy and time-saving.\" \/>\n<meta property=\"og:url\" content=\"https:\/\/aliceblue-chamois-108160.hostingersite.com\/id\/produk\/cable-tie-mount\/\" \/>\n<meta property=\"og:site_name\" content=\"HDS Tie\" \/>\n<meta property=\"article:modified_time\" content=\"2025-10-10T06:45:29+00:00\" \/>\n<meta property=\"og:image\" content=\"https:\/\/hds-cabletie.com\/wp-content\/uploads\/2025\/09\/\u4e3b\u56fe-20.webp\" \/>\n\t<meta property=\"og:image:width\" content=\"1500\" \/>\n\t<meta property=\"og:image:height\" content=\"1500\" \/>\n\t<meta property=\"og:image:type\" content=\"image\/webp\" \/>\n<meta name=\"twitter:card\" content=\"summary_large_image\" \/>\n<meta name=\"twitter:label1\" content=\"Tahmini okuma s\u00fcresi\" \/>\n\t<meta name=\"twitter:data1\" content=\"1 dakika\" \/>\n<script type=\"application\/ld+json\" class=\"yoast-schema-graph\">{\"@context\":\"https:\/\/schema.org\",\"@graph\":[{\"@type\":\"WebPage\",\"@id\":\"https:\/\/aliceblue-chamois-108160.hostingersite.com\/id\/produk\/cable-tie-mount\/\",\"url\":\"https:\/\/aliceblue-chamois-108160.hostingersite.com\/id\/produk\/cable-tie-mount\/\",\"name\":\"Cable Tie mount - HDS Tie\",\"isPartOf\":{\"@id\":\"https:\/\/hds-cabletie.com\/ar\/#website\"},\"primaryImageOfPage\":{\"@id\":\"https:\/\/aliceblue-chamois-108160.hostingersite.com\/id\/produk\/cable-tie-mount\/#primaryimage\"},\"image\":{\"@id\":\"https:\/\/aliceblue-chamois-108160.hostingersite.com\/id\/produk\/cable-tie-mount\/#primaryimage\"},\"thumbnailUrl\":\"https:\/\/hds-cabletie.com\/wp-content\/uploads\/2025\/09\/\u4e3b\u56fe-20.webp\",\"datePublished\":\"2025-09-16T09:09:44+00:00\",\"dateModified\":\"2025-10-10T06:45:29+00:00\",\"breadcrumb\":{\"@id\":\"https:\/\/aliceblue-chamois-108160.hostingersite.com\/id\/produk\/cable-tie-mount\/#breadcrumb\"},\"inLanguage\":\"tr\",\"potentialAction\":[{\"@type\":\"ReadAction\",\"target\":[\"https:\/\/aliceblue-chamois-108160.hostingersite.com\/id\/produk\/cable-tie-mount\/\"]}]},{\"@type\":\"ImageObject\",\"inLanguage\":\"tr\",\"@id\":\"https:\/\/aliceblue-chamois-108160.hostingersite.com\/id\/produk\/cable-tie-mount\/#primaryimage\",\"url\":\"https:\/\/hds-cabletie.com\/wp-content\/uploads\/2025\/09\/\u4e3b\u56fe-20.webp\",\"contentUrl\":\"https:\/\/hds-cabletie.com\/wp-content\/uploads\/2025\/09\/\u4e3b\u56fe-20.webp\",\"width\":1500,\"height\":1500},{\"@type\":\"BreadcrumbList\",\"@id\":\"https:\/\/aliceblue-chamois-108160.hostingersite.com\/id\/produk\/cable-tie-mount\/#breadcrumb\",\"itemListElement\":[{\"@type\":\"ListItem\",\"position\":1,\"name\":\"Home\",\"item\":\"https:\/\/hds-cabletie.com\/\"},{\"@type\":\"ListItem\",\"position\":2,\"name\":\"Products\",\"item\":\"https:\/\/hds-cabletie.com\/de\/products\/\"},{\"@type\":\"ListItem\",\"position\":3,\"name\":\"Cable Tie mount\"}]},{\"@type\":\"WebSite\",\"@id\":\"https:\/\/hds-cabletie.com\/ar\/#website\",\"url\":\"https:\/\/hds-cabletie.com\/ar\/\",\"name\":\"HDS Tie\",\"description\":\"\",\"potentialAction\":[{\"@type\":\"SearchAction\",\"target\":{\"@type\":\"EntryPoint\",\"urlTemplate\":\"https:\/\/hds-cabletie.com\/ar\/?s={search_term_string}\"},\"query-input\":{\"@type\":\"PropertyValueSpecification\",\"valueRequired\":true,\"valueName\":\"search_term_string\"}}],\"inLanguage\":\"tr\"}]}<\/script>\n<!-- \/ Yoast SEO plugin. -->","yoast_head_json":{"title":"Cable Tie mount - HDS Tie","robots":{"index":"index","follow":"follow","max-snippet":"max-snippet:-1","max-image-preview":"max-image-preview:large","max-video-preview":"max-video-preview:-1"},"canonical":"https:\/\/aliceblue-chamois-108160.hostingersite.com\/id\/produk\/cable-tie-mount\/","og_locale":"tr_TR","og_type":"article","og_title":"Cable Tie mount - HDS Tie","og_description":"Material:PE  Usage:  Remove the cover of the adhesive and stick the piece properly.then put in cable tie for using.  Application:  Used where hole-drilling is not allowed.Easy and time-saving.","og_url":"https:\/\/aliceblue-chamois-108160.hostingersite.com\/id\/produk\/cable-tie-mount\/","og_site_name":"HDS Tie","article_modified_time":"2025-10-10T06:45:29+00:00","og_image":[{"width":1500,"height":1500,"url":"https:\/\/hds-cabletie.com\/wp-content\/uploads\/2025\/09\/\u4e3b\u56fe-20.webp","type":"image\/webp"}],"twitter_card":"summary_large_image","twitter_misc":{"Tahmini okuma s\u00fcresi":"1 dakika"},"schema":{"@context":"https:\/\/schema.org","@graph":[{"@type":"WebPage","@id":"https:\/\/aliceblue-chamois-108160.hostingersite.com\/id\/produk\/cable-tie-mount\/","url":"https:\/\/aliceblue-chamois-108160.hostingersite.com\/id\/produk\/cable-tie-mount\/","name":"Cable Tie mount - HDS Tie","isPartOf":{"@id":"https:\/\/hds-cabletie.com\/ar\/#website"},"primaryImageOfPage":{"@id":"https:\/\/aliceblue-chamois-108160.hostingersite.com\/id\/produk\/cable-tie-mount\/#primaryimage"},"image":{"@id":"https:\/\/aliceblue-chamois-108160.hostingersite.com\/id\/produk\/cable-tie-mount\/#primaryimage"},"thumbnailUrl":"https:\/\/hds-cabletie.com\/wp-content\/uploads\/2025\/09\/\u4e3b\u56fe-20.webp","datePublished":"2025-09-16T09:09:44+00:00","dateModified":"2025-10-10T06:45:29+00:00","breadcrumb":{"@id":"https:\/\/aliceblue-chamois-108160.hostingersite.com\/id\/produk\/cable-tie-mount\/#breadcrumb"},"inLanguage":"tr","potentialAction":[{"@type":"ReadAction","target":["https:\/\/aliceblue-chamois-108160.hostingersite.com\/id\/produk\/cable-tie-mount\/"]}]},{"@type":"ImageObject","inLanguage":"tr","@id":"https:\/\/aliceblue-chamois-108160.hostingersite.com\/id\/produk\/cable-tie-mount\/#primaryimage","url":"https:\/\/hds-cabletie.com\/wp-content\/uploads\/2025\/09\/\u4e3b\u56fe-20.webp","contentUrl":"https:\/\/hds-cabletie.com\/wp-content\/uploads\/2025\/09\/\u4e3b\u56fe-20.webp","width":1500,"height":1500},{"@type":"BreadcrumbList","@id":"https:\/\/aliceblue-chamois-108160.hostingersite.com\/id\/produk\/cable-tie-mount\/#breadcrumb","itemListElement":[{"@type":"ListItem","position":1,"name":"Home","item":"https:\/\/hds-cabletie.com\/"},{"@type":"ListItem","position":2,"name":"Products","item":"https:\/\/hds-cabletie.com\/de\/products\/"},{"@type":"ListItem","position":3,"name":"Cable Tie mount"}]},{"@type":"WebSite","@id":"https:\/\/hds-cabletie.com\/ar\/#website","url":"https:\/\/hds-cabletie.com\/ar\/","name":"HDS Tie","description":"","potentialAction":[{"@type":"SearchAction","target":{"@type":"EntryPoint","urlTemplate":"https:\/\/hds-cabletie.com\/ar\/?s={search_term_string}"},"query-input":{"@type":"PropertyValueSpecification","valueRequired":true,"valueName":"search_term_string"}}],"inLanguage":"tr"}]}},"_links":{"self":[{"href":"https:\/\/hds-cabletie.com\/tr\/wp-json\/wp\/v2\/product\/2560","targetHints":{"allow":["GET"]}}],"collection":[{"href":"https:\/\/hds-cabletie.com\/tr\/wp-json\/wp\/v2\/product"}],"about":[{"href":"https:\/\/hds-cabletie.com\/tr\/wp-json\/wp\/v2\/types\/product"}],"replies":[{"embeddable":true,"href":"https:\/\/hds-cabletie.com\/tr\/wp-json\/wp\/v2\/comments?post=2560"}],"wp:featuredmedia":[{"embeddable":true,"href":"https:\/\/hds-cabletie.com\/tr\/wp-json\/wp\/v2\/media\/2565"}],"wp:attachment":[{"href":"https:\/\/hds-cabletie.com\/tr\/wp-json\/wp\/v2\/media?parent=2560"}],"wp:term":[{"taxonomy":"product_brand","embeddable":true,"href":"https:\/\/hds-cabletie.com\/tr\/wp-json\/wp\/v2\/product_brand?post=2560"},{"taxonomy":"product_cat","embeddable":true,"href":"https:\/\/hds-cabletie.com\/tr\/wp-json\/wp\/v2\/product_cat?post=2560"},{"taxonomy":"product_tag","embeddable":true,"href":"https:\/\/hds-cabletie.com\/tr\/wp-json\/wp\/v2\/product_tag?post=2560"}],"curies":[{"name":"wp","href":"https:\/\/api.w.org\/{rel}","templated":true}]}}