{"id":2498,"date":"2025-09-16T04:47:26","date_gmt":"2025-09-16T04:47:26","guid":{"rendered":"https:\/\/hds-cabletie.com\/?post_type=product&#038;p=2498"},"modified":"2025-10-10T06:45:52","modified_gmt":"2025-10-10T06:45:52","slug":"expand-nail","status":"publish","type":"product","link":"https:\/\/hds-cabletie.com\/tr\/urun\/expand-nail\/","title":{"rendered":"\u00c7iviyi Geni\u015flet"},"content":{"rendered":"<p><strong>Malzeme:\u00a0<\/strong>PE'den yap\u0131lm\u0131\u015ft\u0131r<\/p>\n<p><strong>Renk \uff1a<\/strong>Beyaz<\/p>\n<p><img fetchpriority=\"high\" decoding=\"async\" class=\"aligncenter size-full wp-image-2505\" src=\"https:\/\/hds-cabletie.com\/wp-content\/uploads\/2025\/09\/\u56fe\u72472.webp\" alt=\"\" width=\"650\" height=\"165\" srcset=\"https:\/\/hds-cabletie.com\/wp-content\/uploads\/2025\/09\/\u56fe\u72472.webp 650w, https:\/\/hds-cabletie.com\/wp-content\/uploads\/2025\/09\/\u56fe\u72472-300x76.webp 300w, https:\/\/hds-cabletie.com\/wp-content\/uploads\/2025\/09\/\u56fe\u72472-18x5.webp 18w, https:\/\/hds-cabletie.com\/wp-content\/uploads\/2025\/09\/\u56fe\u72472-600x152.webp 600w\" sizes=\"(max-width: 650px) 100vw, 650px\" \/><\/p>\n<table>\n<tbody>\n<tr>\n<td>Tip<\/td>\n<td>L (mm)<\/td>\n<td>D (mm)<\/td>\n<td>d(mm)<\/td>\n<td>Paketleme<\/td>\n<\/tr>\n<tr>\n<td>HDS-6<\/td>\n<td>29.8<\/td>\n<td>5.9<\/td>\n<td>4.9<\/td>\n<td rowspan=\"4\">1000 ADET &amp; 500 ADET<\/td>\n<\/tr>\n<tr>\n<td>HDS-8<\/td>\n<td>38.6<\/td>\n<td>7.9<\/td>\n<td>5.3<\/td>\n<\/tr>\n<tr>\n<td>HDS-10<\/td>\n<td>42.7<\/td>\n<td>9.9<\/td>\n<td>5.8<\/td>\n<\/tr>\n<tr>\n<td>HDS-12<\/td>\n<td>47.9<\/td>\n<td>11.8<\/td>\n<td>6.3<\/td>\n<\/tr>\n<\/tbody>\n<\/table>\n<p>&nbsp;<\/p>","protected":false},"excerpt":{"rendered":"<p>Material:\u00a0Made of PE Color \uff1aWhite Type L(mm) D(mm) d(mm) Packing HDS-6 29.8 5.9 4.9 1000PCS&amp;500PCS HDS-8 38.6 7.9 5.3 HDS-10 42.7 9.9 5.8 HDS-12 47.9 11.8 6.3 &nbsp;<\/p>","protected":false},"featured_media":2500,"comment_status":"open","ping_status":"closed","template":"","meta":{"_acf_changed":false},"product_brand":[],"product_cat":[68],"product_tag":[],"class_list":{"0":"post-2498","1":"product","2":"type-product","3":"status-publish","4":"has-post-thumbnail","6":"product_cat-wiring-accessories","8":"first","9":"instock","10":"shipping-taxable","11":"product-type-simple"},"acf":[],"yoast_head":"<!-- This site is optimized with the Yoast SEO plugin v25.1 - https:\/\/yoast.com\/wordpress\/plugins\/seo\/ -->\n<title>Expand Nail - HDS Tie<\/title>\n<meta name=\"robots\" content=\"index, follow, max-snippet:-1, max-image-preview:large, max-video-preview:-1\" \/>\n<link rel=\"canonical\" href=\"https:\/\/aliceblue-chamois-108160.hostingersite.com\/product\/expand-nail\/\" \/>\n<meta property=\"og:locale\" content=\"tr_TR\" \/>\n<meta property=\"og:type\" content=\"article\" \/>\n<meta property=\"og:title\" content=\"Expand Nail - HDS Tie\" \/>\n<meta property=\"og:description\" content=\"Material:\u00a0Made of PE Color \uff1aWhite Type L(mm) D(mm) d(mm) Packing HDS-6 29.8 5.9 4.9 1000PCS&amp;500PCS HDS-8 38.6 7.9 5.3 HDS-10 42.7 9.9 5.8 HDS-12 47.9 11.8 6.3 &nbsp;\" \/>\n<meta property=\"og:url\" content=\"https:\/\/aliceblue-chamois-108160.hostingersite.com\/product\/expand-nail\/\" \/>\n<meta property=\"og:site_name\" content=\"HDS Tie\" \/>\n<meta property=\"article:modified_time\" content=\"2025-10-10T06:45:52+00:00\" \/>\n<meta property=\"og:image\" content=\"https:\/\/hds-cabletie.com\/wp-content\/uploads\/2025\/09\/\u4e3b\u56fe-13.webp\" \/>\n\t<meta property=\"og:image:width\" content=\"1500\" \/>\n\t<meta property=\"og:image:height\" content=\"1500\" \/>\n\t<meta property=\"og:image:type\" content=\"image\/webp\" \/>\n<meta name=\"twitter:card\" content=\"summary_large_image\" \/>\n<meta name=\"twitter:label1\" content=\"Tahmini okuma s\u00fcresi\" \/>\n\t<meta name=\"twitter:data1\" content=\"1 dakika\" \/>\n<script type=\"application\/ld+json\" class=\"yoast-schema-graph\">{\"@context\":\"https:\/\/schema.org\",\"@graph\":[{\"@type\":\"WebPage\",\"@id\":\"https:\/\/aliceblue-chamois-108160.hostingersite.com\/product\/expand-nail\/\",\"url\":\"https:\/\/aliceblue-chamois-108160.hostingersite.com\/product\/expand-nail\/\",\"name\":\"Expand Nail - HDS Tie\",\"isPartOf\":{\"@id\":\"https:\/\/hds-cabletie.com\/ar\/#website\"},\"primaryImageOfPage\":{\"@id\":\"https:\/\/aliceblue-chamois-108160.hostingersite.com\/product\/expand-nail\/#primaryimage\"},\"image\":{\"@id\":\"https:\/\/aliceblue-chamois-108160.hostingersite.com\/product\/expand-nail\/#primaryimage\"},\"thumbnailUrl\":\"https:\/\/hds-cabletie.com\/wp-content\/uploads\/2025\/09\/\u4e3b\u56fe-13.webp\",\"datePublished\":\"2025-09-16T04:47:26+00:00\",\"dateModified\":\"2025-10-10T06:45:52+00:00\",\"breadcrumb\":{\"@id\":\"https:\/\/aliceblue-chamois-108160.hostingersite.com\/product\/expand-nail\/#breadcrumb\"},\"inLanguage\":\"tr\",\"potentialAction\":[{\"@type\":\"ReadAction\",\"target\":[\"https:\/\/aliceblue-chamois-108160.hostingersite.com\/product\/expand-nail\/\"]}]},{\"@type\":\"ImageObject\",\"inLanguage\":\"tr\",\"@id\":\"https:\/\/aliceblue-chamois-108160.hostingersite.com\/product\/expand-nail\/#primaryimage\",\"url\":\"https:\/\/hds-cabletie.com\/wp-content\/uploads\/2025\/09\/\u4e3b\u56fe-13.webp\",\"contentUrl\":\"https:\/\/hds-cabletie.com\/wp-content\/uploads\/2025\/09\/\u4e3b\u56fe-13.webp\",\"width\":1500,\"height\":1500},{\"@type\":\"BreadcrumbList\",\"@id\":\"https:\/\/aliceblue-chamois-108160.hostingersite.com\/product\/expand-nail\/#breadcrumb\",\"itemListElement\":[{\"@type\":\"ListItem\",\"position\":1,\"name\":\"Home\",\"item\":\"https:\/\/hds-cabletie.com\/\"},{\"@type\":\"ListItem\",\"position\":2,\"name\":\"Products\",\"item\":\"https:\/\/hds-cabletie.com\/de\/products\/\"},{\"@type\":\"ListItem\",\"position\":3,\"name\":\"Expand Nail\"}]},{\"@type\":\"WebSite\",\"@id\":\"https:\/\/hds-cabletie.com\/ar\/#website\",\"url\":\"https:\/\/hds-cabletie.com\/ar\/\",\"name\":\"HDS Tie\",\"description\":\"\",\"potentialAction\":[{\"@type\":\"SearchAction\",\"target\":{\"@type\":\"EntryPoint\",\"urlTemplate\":\"https:\/\/hds-cabletie.com\/ar\/?s={search_term_string}\"},\"query-input\":{\"@type\":\"PropertyValueSpecification\",\"valueRequired\":true,\"valueName\":\"search_term_string\"}}],\"inLanguage\":\"tr\"}]}<\/script>\n<!-- \/ Yoast SEO plugin. -->","yoast_head_json":{"title":"Expand Nail - HDS Tie","robots":{"index":"index","follow":"follow","max-snippet":"max-snippet:-1","max-image-preview":"max-image-preview:large","max-video-preview":"max-video-preview:-1"},"canonical":"https:\/\/aliceblue-chamois-108160.hostingersite.com\/product\/expand-nail\/","og_locale":"tr_TR","og_type":"article","og_title":"Expand Nail - HDS Tie","og_description":"Material:\u00a0Made of PE Color \uff1aWhite Type L(mm) D(mm) d(mm) Packing HDS-6 29.8 5.9 4.9 1000PCS&amp;500PCS HDS-8 38.6 7.9 5.3 HDS-10 42.7 9.9 5.8 HDS-12 47.9 11.8 6.3 &nbsp;","og_url":"https:\/\/aliceblue-chamois-108160.hostingersite.com\/product\/expand-nail\/","og_site_name":"HDS Tie","article_modified_time":"2025-10-10T06:45:52+00:00","og_image":[{"width":1500,"height":1500,"url":"https:\/\/hds-cabletie.com\/wp-content\/uploads\/2025\/09\/\u4e3b\u56fe-13.webp","type":"image\/webp"}],"twitter_card":"summary_large_image","twitter_misc":{"Tahmini okuma s\u00fcresi":"1 dakika"},"schema":{"@context":"https:\/\/schema.org","@graph":[{"@type":"WebPage","@id":"https:\/\/aliceblue-chamois-108160.hostingersite.com\/product\/expand-nail\/","url":"https:\/\/aliceblue-chamois-108160.hostingersite.com\/product\/expand-nail\/","name":"Expand Nail - HDS Tie","isPartOf":{"@id":"https:\/\/hds-cabletie.com\/ar\/#website"},"primaryImageOfPage":{"@id":"https:\/\/aliceblue-chamois-108160.hostingersite.com\/product\/expand-nail\/#primaryimage"},"image":{"@id":"https:\/\/aliceblue-chamois-108160.hostingersite.com\/product\/expand-nail\/#primaryimage"},"thumbnailUrl":"https:\/\/hds-cabletie.com\/wp-content\/uploads\/2025\/09\/\u4e3b\u56fe-13.webp","datePublished":"2025-09-16T04:47:26+00:00","dateModified":"2025-10-10T06:45:52+00:00","breadcrumb":{"@id":"https:\/\/aliceblue-chamois-108160.hostingersite.com\/product\/expand-nail\/#breadcrumb"},"inLanguage":"tr","potentialAction":[{"@type":"ReadAction","target":["https:\/\/aliceblue-chamois-108160.hostingersite.com\/product\/expand-nail\/"]}]},{"@type":"ImageObject","inLanguage":"tr","@id":"https:\/\/aliceblue-chamois-108160.hostingersite.com\/product\/expand-nail\/#primaryimage","url":"https:\/\/hds-cabletie.com\/wp-content\/uploads\/2025\/09\/\u4e3b\u56fe-13.webp","contentUrl":"https:\/\/hds-cabletie.com\/wp-content\/uploads\/2025\/09\/\u4e3b\u56fe-13.webp","width":1500,"height":1500},{"@type":"BreadcrumbList","@id":"https:\/\/aliceblue-chamois-108160.hostingersite.com\/product\/expand-nail\/#breadcrumb","itemListElement":[{"@type":"ListItem","position":1,"name":"Home","item":"https:\/\/hds-cabletie.com\/"},{"@type":"ListItem","position":2,"name":"Products","item":"https:\/\/hds-cabletie.com\/de\/products\/"},{"@type":"ListItem","position":3,"name":"Expand Nail"}]},{"@type":"WebSite","@id":"https:\/\/hds-cabletie.com\/ar\/#website","url":"https:\/\/hds-cabletie.com\/ar\/","name":"HDS Tie","description":"","potentialAction":[{"@type":"SearchAction","target":{"@type":"EntryPoint","urlTemplate":"https:\/\/hds-cabletie.com\/ar\/?s={search_term_string}"},"query-input":{"@type":"PropertyValueSpecification","valueRequired":true,"valueName":"search_term_string"}}],"inLanguage":"tr"}]}},"_links":{"self":[{"href":"https:\/\/hds-cabletie.com\/tr\/wp-json\/wp\/v2\/product\/2498","targetHints":{"allow":["GET"]}}],"collection":[{"href":"https:\/\/hds-cabletie.com\/tr\/wp-json\/wp\/v2\/product"}],"about":[{"href":"https:\/\/hds-cabletie.com\/tr\/wp-json\/wp\/v2\/types\/product"}],"replies":[{"embeddable":true,"href":"https:\/\/hds-cabletie.com\/tr\/wp-json\/wp\/v2\/comments?post=2498"}],"wp:featuredmedia":[{"embeddable":true,"href":"https:\/\/hds-cabletie.com\/tr\/wp-json\/wp\/v2\/media\/2500"}],"wp:attachment":[{"href":"https:\/\/hds-cabletie.com\/tr\/wp-json\/wp\/v2\/media?parent=2498"}],"wp:term":[{"taxonomy":"product_brand","embeddable":true,"href":"https:\/\/hds-cabletie.com\/tr\/wp-json\/wp\/v2\/product_brand?post=2498"},{"taxonomy":"product_cat","embeddable":true,"href":"https:\/\/hds-cabletie.com\/tr\/wp-json\/wp\/v2\/product_cat?post=2498"},{"taxonomy":"product_tag","embeddable":true,"href":"https:\/\/hds-cabletie.com\/tr\/wp-json\/wp\/v2\/product_tag?post=2498"}],"curies":[{"name":"wp","href":"https:\/\/api.w.org\/{rel}","templated":true}]}}