{"id":2464,"date":"2025-09-15T06:06:51","date_gmt":"2025-09-15T06:06:51","guid":{"rendered":"https:\/\/hds-cabletie.com\/?post_type=product&#038;p=2464"},"modified":"2025-09-15T06:06:51","modified_gmt":"2025-09-15T06:06:51","slug":"heat-shrinkable-cable-accessories","status":"publish","type":"product","link":"https:\/\/hds-cabletie.com\/tr\/urun\/heat-shrinkable-cable-accessories\/","title":{"rendered":"Is\u0131yla Daralan Kablo Aksesuarlar\u0131"},"content":{"rendered":"<h2><strong><b>\u00dcr\u00fcn \u00f6zellikleri\uff1a<\/b><\/strong><\/h2>\n<p>\u00c7apraz ba\u011fl\u0131 kablo termal b\u00fcz\u00fclebilir sonland\u0131rma, \u00e7elik z\u0131rh topraklamas\u0131n\u0131n bak\u0131r ekran topraklamas\u0131ndan ayr\u0131ld\u0131\u011f\u0131 \u00e7ift topraklama teknolojisini kullan\u0131r, b\u00f6ylece kablo denemesi daha makul olur.<\/p>\n<p>\u00c7elik z\u0131rh topraklama ve toprak direncini test edin, e\u011fer iletilirse, kablo koruma y\u00fczeyi hasar g\u00f6rm\u00fc\u015f demektir.<\/p>\n<p>\u0130ki topraklama aras\u0131ndaki direnci test edin, e\u011fer iletiliyorsa, d\u0131\u015f k\u0131l\u0131f hasar g\u00f6rm\u00fc\u015f demektir; bak\u0131r kalkan topraklamas\u0131n\u0131n toprak direncini test edin, e\u011fer iletiliyorsa, hem i\u00e7 hem de d\u0131\u015f koruma y\u00fczeyleri hasar g\u00f6rm\u00fc\u015f demektir.<\/p>\n<ol>\n<li>Bu a\u015fama asla kaybolmayacak.<\/li>\n<li>\u00dc\u00e7gen i\u011fne, rahat kullan\u0131m amac\u0131yla geli\u015ftirilmi\u015ftir.<\/li>\n<li>Konik \u015fekilli parmak ucu asla \u00e7atlamaz.<\/li>\n<li>\u00c7apraz ba\u011fl\u0131 kablo \u0131s\u0131yla daralan kablo ba\u011flant\u0131s\u0131 yeni teknolojiyi (\u00fc\u00e7 conta teknolojisi) kullan\u0131r.<\/li>\n<li>Kablo ara ba\u011flant\u0131s\u0131n\u0131n bozulmas\u0131 zay\u0131f contadan kaynaklan\u0131r, bu nedenle \u015firketimiz kablonun daha g\u00fcvenli ve rahat \u00e7al\u0131\u015fmas\u0131n\u0131 sa\u011flamak i\u00e7in yeni teknolojiyi benimser. \u00dc\u00e7 conta, d\u0131\u015f koruma contas\u0131n\u0131, i\u00e7 koruma contas\u0131n\u0131 ve yal\u0131t\u0131m borusunun iki ucu aras\u0131ndaki contay\u0131 ifade eder.<\/li>\n<\/ol>\n<ol>\n<li>Yal\u0131t\u0131m borusu, g\u00fc\u00e7 s\u0131k\u0131\u015fmas\u0131 sorununu \u00e7\u00f6zmek i\u00e7in uzat\u0131lm\u0131\u015ft\u0131r.<\/li>\n<li>Koruma t\u00fcp\u00fc \u00e7ok yumu\u015fakt\u0131r ve h\u0131zla b\u00fcz\u00fc\u015f\u00fcr.<\/li>\n<\/ol>\n<p><img fetchpriority=\"high\" decoding=\"async\" class=\"aligncenter size-full wp-image-2466\" src=\"https:\/\/hds-cabletie.com\/wp-content\/uploads\/2025\/09\/\u56fe\u7247-1.webp\" alt=\"\" width=\"1107\" height=\"678\" srcset=\"https:\/\/hds-cabletie.com\/wp-content\/uploads\/2025\/09\/\u56fe\u7247-1.webp 1107w, https:\/\/hds-cabletie.com\/wp-content\/uploads\/2025\/09\/\u56fe\u7247-1-300x184.webp 300w, https:\/\/hds-cabletie.com\/wp-content\/uploads\/2025\/09\/\u56fe\u7247-1-1024x627.webp 1024w, https:\/\/hds-cabletie.com\/wp-content\/uploads\/2025\/09\/\u56fe\u7247-1-768x470.webp 768w, https:\/\/hds-cabletie.com\/wp-content\/uploads\/2025\/09\/\u56fe\u7247-1-18x12.webp 18w, https:\/\/hds-cabletie.com\/wp-content\/uploads\/2025\/09\/\u56fe\u7247-1-600x367.webp 600w\" sizes=\"(max-width: 1107px) 100vw, 1107px\" \/> <img decoding=\"async\" class=\"alignnone wp-image-2467 size-full\" src=\"https:\/\/hds-cabletie.com\/wp-content\/uploads\/2025\/09\/\u56fe\u7247-2.webp\" alt=\"\" width=\"1278\" height=\"428\" srcset=\"https:\/\/hds-cabletie.com\/wp-content\/uploads\/2025\/09\/\u56fe\u7247-2.webp 1278w, https:\/\/hds-cabletie.com\/wp-content\/uploads\/2025\/09\/\u56fe\u7247-2-300x100.webp 300w, https:\/\/hds-cabletie.com\/wp-content\/uploads\/2025\/09\/\u56fe\u7247-2-1024x343.webp 1024w, https:\/\/hds-cabletie.com\/wp-content\/uploads\/2025\/09\/\u56fe\u7247-2-768x257.webp 768w, https:\/\/hds-cabletie.com\/wp-content\/uploads\/2025\/09\/\u56fe\u7247-2-18x6.webp 18w, https:\/\/hds-cabletie.com\/wp-content\/uploads\/2025\/09\/\u56fe\u7247-2-600x201.webp 600w\" sizes=\"(max-width: 1278px) 100vw, 1278px\" \/> <img decoding=\"async\" class=\"alignnone wp-image-2468 size-full\" src=\"https:\/\/hds-cabletie.com\/wp-content\/uploads\/2025\/09\/\u56fe\u7247-3.webp\" alt=\"\" width=\"1404\" height=\"444\" srcset=\"https:\/\/hds-cabletie.com\/wp-content\/uploads\/2025\/09\/\u56fe\u7247-3.webp 1404w, https:\/\/hds-cabletie.com\/wp-content\/uploads\/2025\/09\/\u56fe\u7247-3-300x95.webp 300w, https:\/\/hds-cabletie.com\/wp-content\/uploads\/2025\/09\/\u56fe\u7247-3-1024x324.webp 1024w, https:\/\/hds-cabletie.com\/wp-content\/uploads\/2025\/09\/\u56fe\u7247-3-768x243.webp 768w, https:\/\/hds-cabletie.com\/wp-content\/uploads\/2025\/09\/\u56fe\u7247-3-18x6.webp 18w, https:\/\/hds-cabletie.com\/wp-content\/uploads\/2025\/09\/\u56fe\u7247-3-600x190.webp 600w\" sizes=\"(max-width: 1404px) 100vw, 1404px\" \/><\/p>\n<table>\n<tbody>\n<tr>\n<td width=\"126\">Model<\/td>\n<td width=\"176\">\u0130sim<\/td>\n<td width=\"210\">Uygulanabilir kablo kesiti mm<sup>2<\/sup><\/td>\n<\/tr>\n<tr>\n<td width=\"126\">10kv HRYN-1\/1<\/td>\n<td rowspan=\"4\" width=\"176\">10kV \u00e7apraz ba\u011fl\u0131 kablo \u0131s\u0131yla daralan i\u00e7 mekan sonland\u0131rma<br \/>\n(tek iletkenli)<\/td>\n<td width=\"210\">25-50<\/td>\n<\/tr>\n<tr>\n<td width=\"126\">10kv HRYN-1\/2<\/td>\n<td width=\"210\">70-120<\/td>\n<\/tr>\n<tr>\n<td width=\"126\">10kv HRYN-1\/3<\/td>\n<td width=\"210\">150-240<\/td>\n<\/tr>\n<tr>\n<td width=\"126\">10kv HRYN-1\/4<\/td>\n<td width=\"210\">300-400<\/td>\n<\/tr>\n<tr>\n<td width=\"126\">10kv HRYW-1\/1<\/td>\n<td rowspan=\"4\" width=\"176\">10kV \u00e7apraz ba\u011fl\u0131 kablo \u0131s\u0131yla daralan d\u0131\u015f mekan sonland\u0131rma<br \/>\n(tek iletkenli)<\/td>\n<td width=\"210\">25-50<\/td>\n<\/tr>\n<tr>\n<td width=\"126\">10kv HRYW-1\/2<\/td>\n<td width=\"210\">70-120<\/td>\n<\/tr>\n<tr>\n<td width=\"126\">10kv HRYW-1\/3<\/td>\n<td width=\"210\">150-240<\/td>\n<\/tr>\n<tr>\n<td width=\"126\">10kv HRYW-1\/4<\/td>\n<td width=\"210\">300-400<\/td>\n<\/tr>\n<tr>\n<td width=\"126\">10kv HRYJ-1\/1<\/td>\n<td rowspan=\"4\" width=\"176\">10kV \u00e7apraz ba\u011fl\u0131 kablo \u0131s\u0131yla daralan kablo ba\u011flant\u0131s\u0131<br \/>\n(tek iletkenli)<\/td>\n<td width=\"210\">25-50<\/td>\n<\/tr>\n<tr>\n<td width=\"126\">10kv HRYJ-1\/2<\/td>\n<td width=\"210\">70-120<\/td>\n<\/tr>\n<tr>\n<td width=\"126\">10kv HRYJ-1\/3<\/td>\n<td width=\"210\">150-240<\/td>\n<\/tr>\n<tr>\n<td width=\"126\">10kv HRYJ-1\/4<\/td>\n<td width=\"210\">300-400<\/td>\n<\/tr>\n<tr>\n<td width=\"126\">10kv HRYN-3\/1<\/td>\n<td rowspan=\"4\" width=\"176\">10kV \u00e7apraz ba\u011fl\u0131 kablo \u0131s\u0131yla daralan i\u00e7 mekan sonland\u0131rma<br \/>\n(\u00fc\u00e7 iletkenli)<\/td>\n<td width=\"210\">25-50<\/td>\n<\/tr>\n<tr>\n<td width=\"126\">10kv HRYN-3\/2<\/td>\n<td width=\"210\">70-120<\/td>\n<\/tr>\n<tr>\n<td width=\"126\">10kv HRYN-3\/3<\/td>\n<td width=\"210\">150-240<\/td>\n<\/tr>\n<tr>\n<td width=\"126\">10kv HRYN-3\/4<\/td>\n<td width=\"210\">300-400<\/td>\n<\/tr>\n<tr>\n<td width=\"126\">10kv HRYW-3\/1<\/td>\n<td rowspan=\"4\" width=\"176\">10kV \u00e7apraz ba\u011fl\u0131 kablo \u0131s\u0131yla daralan d\u0131\u015f mekan sonland\u0131rma<br \/>\n(\u00fc\u00e7 iletkenli)<\/td>\n<td width=\"210\">25-50<\/td>\n<\/tr>\n<tr>\n<td width=\"126\">10kv HRYW-3\/2<\/td>\n<td width=\"210\">70-120<\/td>\n<\/tr>\n<tr>\n<td width=\"126\">10kv HRYW-3\/3<\/td>\n<td width=\"210\">150-240<\/td>\n<\/tr>\n<tr>\n<td width=\"126\">10kv HRYW-3\/4<\/td>\n<td width=\"210\">300-400<\/td>\n<\/tr>\n<tr>\n<td width=\"126\">10kv HRYJ-3\/1<\/td>\n<td rowspan=\"4\" width=\"176\">10kV \u00e7apraz ba\u011fl\u0131 kablo \u0131s\u0131yla daralan kablo ba\u011flant\u0131s\u0131<br \/>\n(\u00fc\u00e7 iletkenli)<\/td>\n<td width=\"210\">25-50<\/td>\n<\/tr>\n<tr>\n<td width=\"126\">10kv HRYJ-3\/2<\/td>\n<td width=\"210\">70-120<\/td>\n<\/tr>\n<tr>\n<td width=\"126\">10kv HRYJ-3\/3<\/td>\n<td width=\"210\">150-240<\/td>\n<\/tr>\n<tr>\n<td width=\"126\">10kv HRYJ-3\/4<\/td>\n<td width=\"210\">300-400<\/td>\n<\/tr>\n<tr>\n<td width=\"126\">35kv HRYN-1\/1<\/td>\n<td rowspan=\"3\" width=\"176\">35kV \u00e7apraz ba\u011fl\u0131 kablo \u0131s\u0131yla daralan i\u00e7 mekan sonland\u0131rma<br \/>\n(tek iletkenli)<\/td>\n<td width=\"210\">50-95<\/td>\n<\/tr>\n<tr>\n<td width=\"126\">35kv HRYN-1\/2<\/td>\n<td width=\"210\">120-185<\/td>\n<\/tr>\n<tr>\n<td width=\"126\">35kv HRYN-1\/3<\/td>\n<td width=\"210\">240-400<\/td>\n<\/tr>\n<tr>\n<td width=\"126\">35kv HRYW-1\/1<\/td>\n<td rowspan=\"3\" width=\"176\">35kV \u00e7apraz ba\u011fl\u0131 kablo \u0131s\u0131yla daralan d\u0131\u015f mekan sonland\u0131rma<br \/>\n(tek iletkenli)<\/td>\n<td width=\"210\">50-95<\/td>\n<\/tr>\n<tr>\n<td width=\"126\">35kv HRYW-1\/2<\/td>\n<td width=\"210\">120-185<\/td>\n<\/tr>\n<tr>\n<td width=\"126\">35kv HRYW-1\/3<\/td>\n<td width=\"210\">240-400<\/td>\n<\/tr>\n<tr>\n<td width=\"126\">35kv HRYJ-1\/1<\/td>\n<td rowspan=\"3\" width=\"176\">35kV \u00e7apraz ba\u011fl\u0131 kablo \u0131s\u0131yla daralan kablo ba\u011flant\u0131s\u0131<br \/>\n(tek iletkenli)<\/td>\n<td width=\"210\">50-95<\/td>\n<\/tr>\n<tr>\n<td width=\"126\">35kv HRYJ-1\/2<\/td>\n<td width=\"210\">120-185<\/td>\n<\/tr>\n<tr>\n<td width=\"126\">35kv HRYJ-1\/3<\/td>\n<td width=\"210\">240-400<\/td>\n<\/tr>\n<tr>\n<td width=\"126\">35kv HRYN-3\/1<\/td>\n<td rowspan=\"3\" width=\"176\">35kV \u00e7apraz ba\u011fl\u0131 kablo \u0131s\u0131yla daralan i\u00e7 mekan sonland\u0131rma<br \/>\n(\u00fc\u00e7 iletkenli)<\/td>\n<td width=\"210\">50-95<\/td>\n<\/tr>\n<tr>\n<td width=\"126\">35kv HRYN-3\/2<\/td>\n<td width=\"210\">120-185<\/td>\n<\/tr>\n<tr>\n<td width=\"126\">35kv HRYN-3\/3<\/td>\n<td width=\"210\">240-400<\/td>\n<\/tr>\n<tr>\n<td width=\"126\">35kv HRYW-3\/1<\/td>\n<td rowspan=\"3\" width=\"176\">35kV \u00e7apraz ba\u011fl\u0131 kablo \u0131s\u0131yla daralan d\u0131\u015f mekan sonland\u0131rma<br \/>\n(\u00fc\u00e7 iletkenli)<\/td>\n<td width=\"210\">50-95<\/td>\n<\/tr>\n<tr>\n<td width=\"126\">35kv HRYW-3\/2<\/td>\n<td width=\"210\">120-185<\/td>\n<\/tr>\n<tr>\n<td width=\"126\">35kv HRYW-3\/3<\/td>\n<td width=\"210\">240-400<\/td>\n<\/tr>\n<tr>\n<td width=\"126\">35kv HRYJ-3\/1<\/td>\n<td rowspan=\"3\" width=\"176\">35kV \u00e7apraz ba\u011fl\u0131 kablo \u0131s\u0131yla daralan kablo ba\u011flant\u0131s\u0131<br \/>\n(\u00fc\u00e7 iletkenli)<\/td>\n<td width=\"210\">50-95<\/td>\n<\/tr>\n<tr>\n<td width=\"126\">35kv HRYJ-3\/2<\/td>\n<td width=\"210\">120-185<\/td>\n<\/tr>\n<tr>\n<td width=\"126\">35kv HRYJ-3\/3<\/td>\n<td width=\"210\">240-400<\/td>\n<\/tr>\n<\/tbody>\n<\/table>\n<p>&nbsp;<\/p>","protected":false},"excerpt":{"rendered":"<p>\u00c7apraz ba\u011fl\u0131 kablo termal b\u00fcz\u00fclebilir sonland\u0131rma, \u00e7elik z\u0131rh topraklamas\u0131n\u0131n bak\u0131r ekran topraklamas\u0131ndan ayr\u0131ld\u0131\u011f\u0131 \u00e7ift topraklama teknolojisini kullan\u0131r, b\u00f6ylece kablo denemesi daha makul olur.<\/p>\n<p>\u00c7elik z\u0131rh topraklama ve toprak direncini test edin, e\u011fer iletilirse, kablo koruma y\u00fczeyi hasar g\u00f6rm\u00fc\u015f demektir.<\/p>","protected":false},"featured_media":2469,"comment_status":"open","ping_status":"closed","template":"","meta":{"_acf_changed":false},"product_brand":[],"product_cat":[67],"product_tag":[],"class_list":{"0":"post-2464","1":"product","2":"type-product","3":"status-publish","4":"has-post-thumbnail","6":"product_cat-heat-shrinkable-tube","8":"first","9":"instock","10":"shipping-taxable","11":"product-type-simple"},"acf":[],"yoast_head":"<!-- This site is optimized with the Yoast SEO plugin v25.1 - https:\/\/yoast.com\/wordpress\/plugins\/seo\/ -->\n<title>Heat Shrinkable Cable Accessories - HDS Tie<\/title>\n<meta name=\"robots\" content=\"index, follow, max-snippet:-1, max-image-preview:large, max-video-preview:-1\" \/>\n<link rel=\"canonical\" href=\"https:\/\/hds-cabletie.com\/tr\/produk\/heat-shrinkable-cable-accessories\/\" \/>\n<meta property=\"og:locale\" content=\"tr_TR\" \/>\n<meta property=\"og:type\" content=\"article\" \/>\n<meta property=\"og:title\" content=\"Heat Shrinkable Cable Accessories - HDS Tie\" \/>\n<meta property=\"og:description\" content=\"The cross-linked cable thermal shrinkable termination uses the double-earthing technology, in which the steel armour earthing separates from the copper shield earthing, so that the cable trial is more reasonable.  Test the steel armour earthing and earth resistance, if it is conducted, it means the cable protection surface is damaged.\" \/>\n<meta property=\"og:url\" content=\"https:\/\/hds-cabletie.com\/tr\/produk\/heat-shrinkable-cable-accessories\/\" \/>\n<meta property=\"og:site_name\" content=\"HDS Tie\" \/>\n<meta property=\"og:image\" content=\"https:\/\/hds-cabletie.com\/wp-content\/uploads\/2025\/09\/\u4e3b\u56fe-9.webp\" \/>\n\t<meta property=\"og:image:width\" content=\"607\" \/>\n\t<meta property=\"og:image:height\" content=\"642\" \/>\n\t<meta property=\"og:image:type\" content=\"image\/webp\" \/>\n<meta name=\"twitter:card\" content=\"summary_large_image\" \/>\n<meta name=\"twitter:label1\" content=\"Tahmini okuma s\u00fcresi\" \/>\n\t<meta name=\"twitter:data1\" content=\"3 dakika\" \/>\n<script type=\"application\/ld+json\" class=\"yoast-schema-graph\">{\"@context\":\"https:\/\/schema.org\",\"@graph\":[{\"@type\":\"WebPage\",\"@id\":\"https:\/\/hds-cabletie.com\/id\/produk\/heat-shrinkable-cable-accessories\/\",\"url\":\"https:\/\/hds-cabletie.com\/id\/produk\/heat-shrinkable-cable-accessories\/\",\"name\":\"Heat Shrinkable Cable Accessories - HDS Tie\",\"isPartOf\":{\"@id\":\"https:\/\/hds-cabletie.com\/ar\/#website\"},\"primaryImageOfPage\":{\"@id\":\"https:\/\/hds-cabletie.com\/id\/produk\/heat-shrinkable-cable-accessories\/#primaryimage\"},\"image\":{\"@id\":\"https:\/\/hds-cabletie.com\/id\/produk\/heat-shrinkable-cable-accessories\/#primaryimage\"},\"thumbnailUrl\":\"https:\/\/hds-cabletie.com\/wp-content\/uploads\/2025\/09\/\u4e3b\u56fe-9.webp\",\"datePublished\":\"2025-09-15T06:06:51+00:00\",\"breadcrumb\":{\"@id\":\"https:\/\/hds-cabletie.com\/id\/produk\/heat-shrinkable-cable-accessories\/#breadcrumb\"},\"inLanguage\":\"tr\",\"potentialAction\":[{\"@type\":\"ReadAction\",\"target\":[\"https:\/\/hds-cabletie.com\/id\/produk\/heat-shrinkable-cable-accessories\/\"]}]},{\"@type\":\"ImageObject\",\"inLanguage\":\"tr\",\"@id\":\"https:\/\/hds-cabletie.com\/id\/produk\/heat-shrinkable-cable-accessories\/#primaryimage\",\"url\":\"https:\/\/hds-cabletie.com\/wp-content\/uploads\/2025\/09\/\u4e3b\u56fe-9.webp\",\"contentUrl\":\"https:\/\/hds-cabletie.com\/wp-content\/uploads\/2025\/09\/\u4e3b\u56fe-9.webp\",\"width\":607,\"height\":642},{\"@type\":\"BreadcrumbList\",\"@id\":\"https:\/\/hds-cabletie.com\/id\/produk\/heat-shrinkable-cable-accessories\/#breadcrumb\",\"itemListElement\":[{\"@type\":\"ListItem\",\"position\":1,\"name\":\"Home\",\"item\":\"https:\/\/hds-cabletie.com\/\"},{\"@type\":\"ListItem\",\"position\":2,\"name\":\"Products\",\"item\":\"https:\/\/hds-cabletie.com\/de\/products\/\"},{\"@type\":\"ListItem\",\"position\":3,\"name\":\"Heat Shrinkable Cable Accessories\"}]},{\"@type\":\"WebSite\",\"@id\":\"https:\/\/hds-cabletie.com\/ar\/#website\",\"url\":\"https:\/\/hds-cabletie.com\/ar\/\",\"name\":\"HDS Tie\",\"description\":\"\",\"potentialAction\":[{\"@type\":\"SearchAction\",\"target\":{\"@type\":\"EntryPoint\",\"urlTemplate\":\"https:\/\/hds-cabletie.com\/ar\/?s={search_term_string}\"},\"query-input\":{\"@type\":\"PropertyValueSpecification\",\"valueRequired\":true,\"valueName\":\"search_term_string\"}}],\"inLanguage\":\"tr\"}]}<\/script>\n<!-- \/ Yoast SEO plugin. -->","yoast_head_json":{"title":"Heat Shrinkable Cable Accessories - HDS Tie","robots":{"index":"index","follow":"follow","max-snippet":"max-snippet:-1","max-image-preview":"max-image-preview:large","max-video-preview":"max-video-preview:-1"},"canonical":"https:\/\/hds-cabletie.com\/tr\/produk\/heat-shrinkable-cable-accessories\/","og_locale":"tr_TR","og_type":"article","og_title":"Heat Shrinkable Cable Accessories - HDS Tie","og_description":"The cross-linked cable thermal shrinkable termination uses the double-earthing technology, in which the steel armour earthing separates from the copper shield earthing, so that the cable trial is more reasonable.  Test the steel armour earthing and earth resistance, if it is conducted, it means the cable protection surface is damaged.","og_url":"https:\/\/hds-cabletie.com\/tr\/produk\/heat-shrinkable-cable-accessories\/","og_site_name":"HDS Tie","og_image":[{"width":607,"height":642,"url":"https:\/\/hds-cabletie.com\/wp-content\/uploads\/2025\/09\/\u4e3b\u56fe-9.webp","type":"image\/webp"}],"twitter_card":"summary_large_image","twitter_misc":{"Tahmini okuma s\u00fcresi":"3 dakika"},"schema":{"@context":"https:\/\/schema.org","@graph":[{"@type":"WebPage","@id":"https:\/\/hds-cabletie.com\/id\/produk\/heat-shrinkable-cable-accessories\/","url":"https:\/\/hds-cabletie.com\/id\/produk\/heat-shrinkable-cable-accessories\/","name":"Heat Shrinkable Cable Accessories - HDS Tie","isPartOf":{"@id":"https:\/\/hds-cabletie.com\/ar\/#website"},"primaryImageOfPage":{"@id":"https:\/\/hds-cabletie.com\/id\/produk\/heat-shrinkable-cable-accessories\/#primaryimage"},"image":{"@id":"https:\/\/hds-cabletie.com\/id\/produk\/heat-shrinkable-cable-accessories\/#primaryimage"},"thumbnailUrl":"https:\/\/hds-cabletie.com\/wp-content\/uploads\/2025\/09\/\u4e3b\u56fe-9.webp","datePublished":"2025-09-15T06:06:51+00:00","breadcrumb":{"@id":"https:\/\/hds-cabletie.com\/id\/produk\/heat-shrinkable-cable-accessories\/#breadcrumb"},"inLanguage":"tr","potentialAction":[{"@type":"ReadAction","target":["https:\/\/hds-cabletie.com\/id\/produk\/heat-shrinkable-cable-accessories\/"]}]},{"@type":"ImageObject","inLanguage":"tr","@id":"https:\/\/hds-cabletie.com\/id\/produk\/heat-shrinkable-cable-accessories\/#primaryimage","url":"https:\/\/hds-cabletie.com\/wp-content\/uploads\/2025\/09\/\u4e3b\u56fe-9.webp","contentUrl":"https:\/\/hds-cabletie.com\/wp-content\/uploads\/2025\/09\/\u4e3b\u56fe-9.webp","width":607,"height":642},{"@type":"BreadcrumbList","@id":"https:\/\/hds-cabletie.com\/id\/produk\/heat-shrinkable-cable-accessories\/#breadcrumb","itemListElement":[{"@type":"ListItem","position":1,"name":"Home","item":"https:\/\/hds-cabletie.com\/"},{"@type":"ListItem","position":2,"name":"Products","item":"https:\/\/hds-cabletie.com\/de\/products\/"},{"@type":"ListItem","position":3,"name":"Heat Shrinkable Cable Accessories"}]},{"@type":"WebSite","@id":"https:\/\/hds-cabletie.com\/ar\/#website","url":"https:\/\/hds-cabletie.com\/ar\/","name":"HDS Tie","description":"","potentialAction":[{"@type":"SearchAction","target":{"@type":"EntryPoint","urlTemplate":"https:\/\/hds-cabletie.com\/ar\/?s={search_term_string}"},"query-input":{"@type":"PropertyValueSpecification","valueRequired":true,"valueName":"search_term_string"}}],"inLanguage":"tr"}]}},"_links":{"self":[{"href":"https:\/\/hds-cabletie.com\/tr\/wp-json\/wp\/v2\/product\/2464","targetHints":{"allow":["GET"]}}],"collection":[{"href":"https:\/\/hds-cabletie.com\/tr\/wp-json\/wp\/v2\/product"}],"about":[{"href":"https:\/\/hds-cabletie.com\/tr\/wp-json\/wp\/v2\/types\/product"}],"replies":[{"embeddable":true,"href":"https:\/\/hds-cabletie.com\/tr\/wp-json\/wp\/v2\/comments?post=2464"}],"wp:featuredmedia":[{"embeddable":true,"href":"https:\/\/hds-cabletie.com\/tr\/wp-json\/wp\/v2\/media\/2469"}],"wp:attachment":[{"href":"https:\/\/hds-cabletie.com\/tr\/wp-json\/wp\/v2\/media?parent=2464"}],"wp:term":[{"taxonomy":"product_brand","embeddable":true,"href":"https:\/\/hds-cabletie.com\/tr\/wp-json\/wp\/v2\/product_brand?post=2464"},{"taxonomy":"product_cat","embeddable":true,"href":"https:\/\/hds-cabletie.com\/tr\/wp-json\/wp\/v2\/product_cat?post=2464"},{"taxonomy":"product_tag","embeddable":true,"href":"https:\/\/hds-cabletie.com\/tr\/wp-json\/wp\/v2\/product_tag?post=2464"}],"curies":[{"name":"wp","href":"https:\/\/api.w.org\/{rel}","templated":true}]}}