{"id":2454,"date":"2025-09-15T05:46:16","date_gmt":"2025-09-15T05:46:16","guid":{"rendered":"https:\/\/hds-cabletie.com\/?post_type=product&#038;p=2454"},"modified":"2025-09-15T05:46:17","modified_gmt":"2025-09-15T05:46:17","slug":"double-wall-heat-shrinkable-tube","status":"publish","type":"product","link":"https:\/\/hds-cabletie.com\/tr\/urun\/double-wall-heat-shrinkable-tube\/","title":{"rendered":"\u00c7ift Duvarl\u0131 Is\u0131yla Daralan T\u00fcp"},"content":{"rendered":"<h2><strong>\u00d6zellikler ve uygulama\u00a0<\/strong><\/h2>\n<p>HD-4 serisi, i\u00e7inde bir termosol tabakas\u0131 ile kaplanm\u0131\u015f yar\u0131 iletken termal b\u00fcz\u00fclebilir bir bur\u00e7tur. D\u0131\u015f tabakas\u0131 radyasyon \u00e7apraz ba\u011fl\u0131 polietilenden olu\u015fur ve i\u00e7 tabakas\u0131 \u00f6zel olarak tasarlanm\u0131\u015f yap\u0131\u015fkan i\u00e7 duvard\u0131r. Is\u0131t\u0131ld\u0131\u011f\u0131nda i\u00e7 termosol d\u0131\u015f duvara do\u011fru b\u00fcz\u00fcl\u00fcr ve bo\u015flu\u011fu doldurur So\u011futuldu\u011funda, \u00e7ift duvar kal\u0131nl\u0131\u011f\u0131 \u00e7ok d\u00fczg\u00fcn ve sa\u011flamd\u0131r Elektronik ekipman i\u00e7in kablolar\u0131n su ge\u00e7irmezli\u011fi ve hava ge\u00e7irmezli\u011fi i\u00e7in yayg\u0131n olarak kullan\u0131l\u0131r kablo dal\u0131n\u0131n s\u0131zd\u0131rmazl\u0131\u011f\u0131 metal tellerin pas korumas\u0131 ve tellerin ve kablolar\u0131n d\u00fczeltilmesi Polimer zincirlerinin gev\u015femesini ve havuz lambas\u0131otomatik boru hatt\u0131 ve geli\u015fmi\u015f hatlar gibi ar\u0131zalanmas\u0131n\u0131 \u00f6nleyebilir.<\/p>\n<p>\u00d6zellikler:<\/p>\n<p>Uygulama: -40 \u2103 \uff5e 50 \u2103;<\/p>\n<p>\u0130lk b\u00fcz\u00fclme s\u0131cakl\u0131\u011f\u0131: 70\u00b0C;<\/p>\n<p>Tam b\u00fcz\u00fclme s\u0131cakl\u0131\u011f\u0131: 125 \u2103;<\/p>\n<p>\u0130\u00e7 yap\u0131\u015fkan tabakan\u0131n erime s\u0131cakl\u0131\u011f\u0131: 70 \u2103 \uff5e 80 \u2103;<\/p>\n<p>K\u00fc\u00e7\u00fclme oran\u0131: 3: 1 (M\u00fc\u015fterilerin taleplerine g\u00f6re daha b\u00fcy\u00fck b\u00fcy\u00fctme b\u00fcz\u00fclmesi sa\u011flanabilir.) S\u0131zd\u0131rmaz, su ge\u00e7irmez, g\u00fc\u00e7l\u00fc esneklik. f\u0131r\u0131n veya s\u0131cak hava tabancas\u0131 ile \u0131s\u0131t\u0131ld\u0131\u011f\u0131nda uygun \u015fekilde b\u00fcz\u00fclebilir; zaman\u0131nda tedarik ve teslimat ve b\u00fcy\u00fck \u00fcretim.<\/p>\n<p><strong>Renk standard\u0131: Siyah (Di\u011fer renkler m\u00fc\u015fterilere ba\u011fl\u0131d\u0131r<\/strong><strong>'<\/strong><strong>\u00a0<\/strong><strong>ihtiya\u00e7lar).<\/strong><\/p>\n<table>\n<tbody>\n<tr>\n<td colspan=\"2\">\u015eartname<\/td>\n<td colspan=\"2\">B\u00fcz\u00fclmeden \u00f6nceki boyut (mm)<\/td>\n<td colspan=\"2\">K\u00fc\u00e7\u00fcltme sonras\u0131 boyut (mm)<\/td>\n<td rowspan=\"2\">Standart ambalaj<\/td>\n<td rowspan=\"2\">&nbsp;<\/p>\n<p>Uygulama<\/p>\n<p>(mm)<\/p>\n<p>&nbsp;<\/td>\n<\/tr>\n<tr>\n<td>mm<\/td>\n<td>\u0130n\u00e7<\/td>\n<td>\u0130\u00e7 \u00e7ap<\/td>\n<td>Duvar kal\u0131nl\u0131\u011f\u0131<\/td>\n<td>Duvar kal\u0131nl\u0131\u011f\u0131<\/td>\n<td>\u0130\u00e7 \u00e7ap<\/td>\n<\/tr>\n<tr>\n<td>\u03a62.4<\/td>\n<td>3\/32<\/td>\n<td>2.7\u00b10.5<\/td>\n<td>0.7\u00b10.15<\/td>\n<td>0.30\u00b10.10<\/td>\n<td>0.8<\/td>\n<td>100 (m\/disk)<\/td>\n<td>0.9\uff5e2.2<\/td>\n<\/tr>\n<tr>\n<td>\u03a63.2<\/td>\n<td>1\/8<\/td>\n<td>3.2\u00b10.5<\/td>\n<td>0.9\u00b10.15<\/td>\n<td>0.35\u00b10.10<\/td>\n<td>1.0<\/td>\n<td>100 (m\/disk)<\/td>\n<td>1.2\uff5e3.1<\/td>\n<\/tr>\n<tr>\n<td>\u03a64.8<\/td>\n<td>3\/16<\/td>\n<td>4.8\u00b10.5<\/td>\n<td>1.0\u00b10.15<\/td>\n<td>0.40\u00b10.10<\/td>\n<td>1.6<\/td>\n<td>100 (m\/disk)<\/td>\n<td>1.8\uff5e4.6<\/td>\n<\/tr>\n<tr>\n<td>\u03a66.4<\/td>\n<td>1\/4<\/td>\n<td>6.4\u00b10.5<\/td>\n<td>1.2\u00b10.15<\/td>\n<td>0.45\u00b10.12<\/td>\n<td>2.2<\/td>\n<td>100 (m\/disk)<\/td>\n<td>2.4\uff5e6.4<\/td>\n<\/tr>\n<tr>\n<td>\u03a67.9<\/td>\n<td>5\/16<\/td>\n<td>8.0\u00b10.5<\/td>\n<td>1.3\u00b10.15<\/td>\n<td>0.50\u00b10.12<\/td>\n<td>2.7<\/td>\n<td>100 (m\/disk)<\/td>\n<td>2.9\uff5e7.7<\/td>\n<\/tr>\n<tr>\n<td>\u03a69.5<\/td>\n<td>3\/8<\/td>\n<td>9.6\u00b10.5<\/td>\n<td>1.4\u00b10.15<\/td>\n<td>0.50\u00b10.12<\/td>\n<td>3.2<\/td>\n<td>1,22 (m\/sn)<\/td>\n<td>3.4\uff5e9.4<\/td>\n<\/tr>\n<tr>\n<td>\u03a612.7<\/td>\n<td>1\/2<\/td>\n<td>12.8\u00b10.8<\/td>\n<td>1.6\u00b10.20<\/td>\n<td>0.50\u00b10.12<\/td>\n<td>4.2<\/td>\n<td>1,22 (m\/sn)<\/td>\n<td>4.4\uff5e12.5<\/td>\n<\/tr>\n<tr>\n<td>\u03a615<\/td>\n<td>5\/8<\/td>\n<td>15.0\u00b10.8<\/td>\n<td>0.8\u00b10.20<\/td>\n<td>0.50\u00b10.12<\/td>\n<td>5.2<\/td>\n<td>1,22 (m\/sn)<\/td>\n<td>5.4\uff5e14.8<\/td>\n<\/tr>\n<tr>\n<td>\u03a619.1<\/td>\n<td>3\/4<\/td>\n<td>19.6\u00b10.8<\/td>\n<td>2.0\u00b10.20<\/td>\n<td>0.50\u00b10.12<\/td>\n<td>6.3<\/td>\n<td>1,22 (m\/sn)<\/td>\n<td>6.5\uff5e18.8<\/td>\n<\/tr>\n<tr>\n<td>\u03a625.4<\/td>\n<td>1<\/td>\n<td>25.4\u00b10.8<\/td>\n<td>2.1\u00b10.20<\/td>\n<td>0.50\u00b10.12<\/td>\n<td>8.5<\/td>\n<td>1,22 (m\/sn)<\/td>\n<td>8.8\uff5e25<\/td>\n<\/tr>\n<tr>\n<td>\u03a630<\/td>\n<td>5\/4<\/td>\n<td>30.5\u00b10.8<\/td>\n<td>2.2\u00b10.20<\/td>\n<td>0.60\u00b10.15<\/td>\n<td>10.2<\/td>\n<td>1,22 (m\/sn)<\/td>\n<td>10.5\uff5e30<\/td>\n<\/tr>\n<tr>\n<td>\u03a639<\/td>\n<td>3\/2<\/td>\n<td>39.8\u00b10.8<\/td>\n<td>2.4\u00b10.20<\/td>\n<td>0.60\u00b10.15<\/td>\n<td>13.5<\/td>\n<td>1,22 (m\/sn)<\/td>\n<td>14\uff5e9<\/td>\n<\/tr>\n<tr>\n<td>\u03a650<\/td>\n<td>2<\/td>\n<td>50\u00b10.8<\/td>\n<td>2.7\u00b10.25<\/td>\n<td>0.70\u00b10.15<\/td>\n<td>17.0<\/td>\n<td>1,22 (m\/sn)<\/td>\n<td>17.5\uff5e49<\/td>\n<\/tr>\n<tr>\n<td>\u03a664<\/td>\n<td>5\/2<\/td>\n<td>\u226564<\/td>\n<td>3.0\u00b10.25<\/td>\n<td>0.70\u00b10.15<\/td>\n<td>21.0<\/td>\n<td>1,22 (m\/sn)<\/td>\n<td>22\uff5e62<\/td>\n<\/tr>\n<tr>\n<td>\u03a675<\/td>\n<td>3<\/td>\n<td>\u226575<\/td>\n<td>3.0\u00b10.30<\/td>\n<td>1.00\u00b10.20<\/td>\n<td>25.0<\/td>\n<td>1,22 (m\/sn)<\/td>\n<td>26\uff5e72<\/td>\n<\/tr>\n<tr>\n<td>\u03a690<\/td>\n<td>7\/2<\/td>\n<td>\u226590<\/td>\n<td>3.0\u00b10.30<\/td>\n<td>1.00\u00b10.20<\/td>\n<td>30.0<\/td>\n<td>1,22 (m\/sn)<\/td>\n<td>32\uff5e88<\/td>\n<\/tr>\n<tr>\n<td>\u03a6100<\/td>\n<td>4<\/td>\n<td>\u2265100<\/td>\n<td>3.0\u00b10.30<\/td>\n<td>1.00\u00b10.20<\/td>\n<td>34.0<\/td>\n<td>1,22 (m\/sn)<\/td>\n<td>36\uff5e90<\/td>\n<\/tr>\n<tr>\n<td>\u03a6125<\/td>\n<td>5<\/td>\n<td>\u2265125<\/td>\n<td>3.0\u00b10.30<\/td>\n<td>1.00\u00b10.20<\/td>\n<td>42.0<\/td>\n<td>1,22 (m\/sn)<\/td>\n<td>44\uff5e125<\/td>\n<\/tr>\n<\/tbody>\n<\/table>\n<p>&nbsp;<\/p>","protected":false},"excerpt":{"rendered":"<p>Uygulama: -40 \u2103 \uff5e 50 \u2103;<\/p>\n<p>\u0130lk b\u00fcz\u00fclme s\u0131cakl\u0131\u011f\u0131: 70\u00b0C;<\/p>\n<p>Tam b\u00fcz\u00fclme s\u0131cakl\u0131\u011f\u0131: 125 \u2103;<\/p>\n<p>\u0130\u00e7 yap\u0131\u015fkan tabakan\u0131n erime s\u0131cakl\u0131\u011f\u0131: 70 \u2103 \uff5e 80 \u2103;<\/p>","protected":false},"featured_media":2456,"comment_status":"open","ping_status":"closed","template":"","meta":{"_acf_changed":false},"product_brand":[],"product_cat":[67],"product_tag":[],"class_list":{"0":"post-2454","1":"product","2":"type-product","3":"status-publish","4":"has-post-thumbnail","6":"product_cat-heat-shrinkable-tube","8":"first","9":"instock","10":"shipping-taxable","11":"product-type-simple"},"acf":[],"yoast_head":"<!-- This site is optimized with the Yoast SEO plugin v25.1 - https:\/\/yoast.com\/wordpress\/plugins\/seo\/ -->\n<title>Double Wall Heat Shrinkable Tube - HDS Tie<\/title>\n<meta name=\"robots\" content=\"index, follow, max-snippet:-1, max-image-preview:large, max-video-preview:-1\" \/>\n<link rel=\"canonical\" href=\"https:\/\/aliceblue-chamois-108160.hostingersite.com\/id\/produk\/double-wall-heat-shrinkable-tube\/\" \/>\n<meta property=\"og:locale\" content=\"tr_TR\" \/>\n<meta property=\"og:type\" content=\"article\" \/>\n<meta property=\"og:title\" content=\"Double Wall Heat Shrinkable Tube - HDS Tie\" \/>\n<meta property=\"og:description\" content=\"Application:-40\u2103\uff5e50\u2103;  Initial shrinking temperature:70\u2103;  Full shrinking temperature:125\u2103;  Melting temperature of internal adhesive layer:70\u2103\uff5e80\u2103;\" \/>\n<meta property=\"og:url\" content=\"https:\/\/aliceblue-chamois-108160.hostingersite.com\/id\/produk\/double-wall-heat-shrinkable-tube\/\" \/>\n<meta property=\"og:site_name\" content=\"HDS Tie\" \/>\n<meta property=\"article:modified_time\" content=\"2025-09-15T05:46:17+00:00\" \/>\n<meta property=\"og:image\" content=\"https:\/\/aliceblue-chamois-108160.hostingersite.com\/wp-content\/uploads\/2025\/09\/HD-4-Series-double-wall-thermal-shrinkable-bushing.webp\" \/>\n\t<meta property=\"og:image:width\" content=\"610\" \/>\n\t<meta property=\"og:image:height\" content=\"639\" \/>\n\t<meta property=\"og:image:type\" content=\"image\/webp\" \/>\n<meta name=\"twitter:card\" content=\"summary_large_image\" \/>\n<meta name=\"twitter:label1\" content=\"Tahmini okuma s\u00fcresi\" \/>\n\t<meta name=\"twitter:data1\" content=\"2 dakika\" \/>\n<script type=\"application\/ld+json\" class=\"yoast-schema-graph\">{\"@context\":\"https:\/\/schema.org\",\"@graph\":[{\"@type\":\"WebPage\",\"@id\":\"https:\/\/aliceblue-chamois-108160.hostingersite.com\/id\/produk\/double-wall-heat-shrinkable-tube\/\",\"url\":\"https:\/\/aliceblue-chamois-108160.hostingersite.com\/id\/produk\/double-wall-heat-shrinkable-tube\/\",\"name\":\"Double Wall Heat Shrinkable Tube - HDS Tie\",\"isPartOf\":{\"@id\":\"https:\/\/hds-cabletie.com\/ar\/#website\"},\"primaryImageOfPage\":{\"@id\":\"https:\/\/aliceblue-chamois-108160.hostingersite.com\/id\/produk\/double-wall-heat-shrinkable-tube\/#primaryimage\"},\"image\":{\"@id\":\"https:\/\/aliceblue-chamois-108160.hostingersite.com\/id\/produk\/double-wall-heat-shrinkable-tube\/#primaryimage\"},\"thumbnailUrl\":\"https:\/\/hds-cabletie.com\/wp-content\/uploads\/2025\/09\/HD-4-Series-double-wall-thermal-shrinkable-bushing.webp\",\"datePublished\":\"2025-09-15T05:46:16+00:00\",\"dateModified\":\"2025-09-15T05:46:17+00:00\",\"breadcrumb\":{\"@id\":\"https:\/\/aliceblue-chamois-108160.hostingersite.com\/id\/produk\/double-wall-heat-shrinkable-tube\/#breadcrumb\"},\"inLanguage\":\"tr\",\"potentialAction\":[{\"@type\":\"ReadAction\",\"target\":[\"https:\/\/aliceblue-chamois-108160.hostingersite.com\/id\/produk\/double-wall-heat-shrinkable-tube\/\"]}]},{\"@type\":\"ImageObject\",\"inLanguage\":\"tr\",\"@id\":\"https:\/\/aliceblue-chamois-108160.hostingersite.com\/id\/produk\/double-wall-heat-shrinkable-tube\/#primaryimage\",\"url\":\"https:\/\/hds-cabletie.com\/wp-content\/uploads\/2025\/09\/HD-4-Series-double-wall-thermal-shrinkable-bushing.webp\",\"contentUrl\":\"https:\/\/hds-cabletie.com\/wp-content\/uploads\/2025\/09\/HD-4-Series-double-wall-thermal-shrinkable-bushing.webp\",\"width\":610,\"height\":639},{\"@type\":\"BreadcrumbList\",\"@id\":\"https:\/\/aliceblue-chamois-108160.hostingersite.com\/id\/produk\/double-wall-heat-shrinkable-tube\/#breadcrumb\",\"itemListElement\":[{\"@type\":\"ListItem\",\"position\":1,\"name\":\"Home\",\"item\":\"https:\/\/hds-cabletie.com\/\"},{\"@type\":\"ListItem\",\"position\":2,\"name\":\"Products\",\"item\":\"https:\/\/hds-cabletie.com\/de\/products\/\"},{\"@type\":\"ListItem\",\"position\":3,\"name\":\"Double Wall Heat Shrinkable Tube\"}]},{\"@type\":\"WebSite\",\"@id\":\"https:\/\/hds-cabletie.com\/ar\/#website\",\"url\":\"https:\/\/hds-cabletie.com\/ar\/\",\"name\":\"HDS Tie\",\"description\":\"\",\"potentialAction\":[{\"@type\":\"SearchAction\",\"target\":{\"@type\":\"EntryPoint\",\"urlTemplate\":\"https:\/\/hds-cabletie.com\/ar\/?s={search_term_string}\"},\"query-input\":{\"@type\":\"PropertyValueSpecification\",\"valueRequired\":true,\"valueName\":\"search_term_string\"}}],\"inLanguage\":\"tr\"}]}<\/script>\n<!-- \/ Yoast SEO plugin. -->","yoast_head_json":{"title":"Double Wall Heat Shrinkable Tube - HDS Tie","robots":{"index":"index","follow":"follow","max-snippet":"max-snippet:-1","max-image-preview":"max-image-preview:large","max-video-preview":"max-video-preview:-1"},"canonical":"https:\/\/aliceblue-chamois-108160.hostingersite.com\/id\/produk\/double-wall-heat-shrinkable-tube\/","og_locale":"tr_TR","og_type":"article","og_title":"Double Wall Heat Shrinkable Tube - HDS Tie","og_description":"Application:-40\u2103\uff5e50\u2103;  Initial shrinking temperature:70\u2103;  Full shrinking temperature:125\u2103;  Melting temperature of internal adhesive layer:70\u2103\uff5e80\u2103;","og_url":"https:\/\/aliceblue-chamois-108160.hostingersite.com\/id\/produk\/double-wall-heat-shrinkable-tube\/","og_site_name":"HDS Tie","article_modified_time":"2025-09-15T05:46:17+00:00","og_image":[{"width":610,"height":639,"url":"https:\/\/aliceblue-chamois-108160.hostingersite.com\/wp-content\/uploads\/2025\/09\/HD-4-Series-double-wall-thermal-shrinkable-bushing.webp","type":"image\/webp"}],"twitter_card":"summary_large_image","twitter_misc":{"Tahmini okuma s\u00fcresi":"2 dakika"},"schema":{"@context":"https:\/\/schema.org","@graph":[{"@type":"WebPage","@id":"https:\/\/aliceblue-chamois-108160.hostingersite.com\/id\/produk\/double-wall-heat-shrinkable-tube\/","url":"https:\/\/aliceblue-chamois-108160.hostingersite.com\/id\/produk\/double-wall-heat-shrinkable-tube\/","name":"Double Wall Heat Shrinkable Tube - HDS Tie","isPartOf":{"@id":"https:\/\/hds-cabletie.com\/ar\/#website"},"primaryImageOfPage":{"@id":"https:\/\/aliceblue-chamois-108160.hostingersite.com\/id\/produk\/double-wall-heat-shrinkable-tube\/#primaryimage"},"image":{"@id":"https:\/\/aliceblue-chamois-108160.hostingersite.com\/id\/produk\/double-wall-heat-shrinkable-tube\/#primaryimage"},"thumbnailUrl":"https:\/\/hds-cabletie.com\/wp-content\/uploads\/2025\/09\/HD-4-Series-double-wall-thermal-shrinkable-bushing.webp","datePublished":"2025-09-15T05:46:16+00:00","dateModified":"2025-09-15T05:46:17+00:00","breadcrumb":{"@id":"https:\/\/aliceblue-chamois-108160.hostingersite.com\/id\/produk\/double-wall-heat-shrinkable-tube\/#breadcrumb"},"inLanguage":"tr","potentialAction":[{"@type":"ReadAction","target":["https:\/\/aliceblue-chamois-108160.hostingersite.com\/id\/produk\/double-wall-heat-shrinkable-tube\/"]}]},{"@type":"ImageObject","inLanguage":"tr","@id":"https:\/\/aliceblue-chamois-108160.hostingersite.com\/id\/produk\/double-wall-heat-shrinkable-tube\/#primaryimage","url":"https:\/\/hds-cabletie.com\/wp-content\/uploads\/2025\/09\/HD-4-Series-double-wall-thermal-shrinkable-bushing.webp","contentUrl":"https:\/\/hds-cabletie.com\/wp-content\/uploads\/2025\/09\/HD-4-Series-double-wall-thermal-shrinkable-bushing.webp","width":610,"height":639},{"@type":"BreadcrumbList","@id":"https:\/\/aliceblue-chamois-108160.hostingersite.com\/id\/produk\/double-wall-heat-shrinkable-tube\/#breadcrumb","itemListElement":[{"@type":"ListItem","position":1,"name":"Home","item":"https:\/\/hds-cabletie.com\/"},{"@type":"ListItem","position":2,"name":"Products","item":"https:\/\/hds-cabletie.com\/de\/products\/"},{"@type":"ListItem","position":3,"name":"Double Wall Heat Shrinkable Tube"}]},{"@type":"WebSite","@id":"https:\/\/hds-cabletie.com\/ar\/#website","url":"https:\/\/hds-cabletie.com\/ar\/","name":"HDS Tie","description":"","potentialAction":[{"@type":"SearchAction","target":{"@type":"EntryPoint","urlTemplate":"https:\/\/hds-cabletie.com\/ar\/?s={search_term_string}"},"query-input":{"@type":"PropertyValueSpecification","valueRequired":true,"valueName":"search_term_string"}}],"inLanguage":"tr"}]}},"_links":{"self":[{"href":"https:\/\/hds-cabletie.com\/tr\/wp-json\/wp\/v2\/product\/2454","targetHints":{"allow":["GET"]}}],"collection":[{"href":"https:\/\/hds-cabletie.com\/tr\/wp-json\/wp\/v2\/product"}],"about":[{"href":"https:\/\/hds-cabletie.com\/tr\/wp-json\/wp\/v2\/types\/product"}],"replies":[{"embeddable":true,"href":"https:\/\/hds-cabletie.com\/tr\/wp-json\/wp\/v2\/comments?post=2454"}],"wp:featuredmedia":[{"embeddable":true,"href":"https:\/\/hds-cabletie.com\/tr\/wp-json\/wp\/v2\/media\/2456"}],"wp:attachment":[{"href":"https:\/\/hds-cabletie.com\/tr\/wp-json\/wp\/v2\/media?parent=2454"}],"wp:term":[{"taxonomy":"product_brand","embeddable":true,"href":"https:\/\/hds-cabletie.com\/tr\/wp-json\/wp\/v2\/product_brand?post=2454"},{"taxonomy":"product_cat","embeddable":true,"href":"https:\/\/hds-cabletie.com\/tr\/wp-json\/wp\/v2\/product_cat?post=2454"},{"taxonomy":"product_tag","embeddable":true,"href":"https:\/\/hds-cabletie.com\/tr\/wp-json\/wp\/v2\/product_tag?post=2454"}],"curies":[{"name":"wp","href":"https:\/\/api.w.org\/{rel}","templated":true}]}}