{"id":2346,"date":"2025-10-18T03:35:16","date_gmt":"2025-10-18T03:35:16","guid":{"rendered":"https:\/\/hds-cabletie.com\/?post_type=product&#038;p=2346"},"modified":"2025-10-20T01:29:11","modified_gmt":"2025-10-20T01:29:11","slug":"releasable-nylon-cable-tie","status":"publish","type":"product","link":"https:\/\/hds-cabletie.com\/tr\/urun\/releasable-nylon-cable-tie\/","title":{"rendered":"Serbest b\u0131rak\u0131labilir naylon kablo ba\u011f\u0131"},"content":{"rendered":"<p><strong><b>\u00d6zellik<\/b><\/strong><strong><b>: <\/b><\/strong>Aside, Erozyona Dayan\u0131kl\u0131, \u0130yi Yal\u0131t\u0131m ve eskimeye yatk\u0131n de\u011fildir.<\/p>\n<p><strong>Paketleme Detay\u0131: \u00a0\u00a0<\/strong>A. Ortak Ambalaj: 100 Adet + Polybag + Etiket + \u0130hracat Kartonu.<\/p>\n<p>B. \u00d6zelle\u015ftirilmi\u015f Ambalaj: Ba\u015fl\u0131k kart\u0131 ambalaj\u0131, Kart ambalajl\u0131 Blister veya \u00f6zelle\u015ftirilmi\u015f olarak.<\/p>\n<p><strong>Teslimat s\u00fcresi:<\/strong>\u00a0Sipari\u015f miktar\u0131na g\u00f6re depozito ald\u0131ktan sonra 7-30 g\u00fcn i\u00e7inde.<\/p>\n<p><strong><b>\u00d6deme Ko\u015fullar\u0131:<\/b><\/strong><strong><b>\u00a0<\/b><\/strong>T \/ T, L \/ C, Western Union, PayPal.<\/p>\n<p><strong><b>Y\u00fckleme noktas\u0131: <\/b><\/strong>NINGBO veya SHANGHAI liman\u0131<\/p>\n<p><strong><b>\u00c7ekme mukavemeti:<\/b><\/strong>50LBS<\/p>\n<p><strong><b>Marka:<\/b><\/strong>\u00a0HDS veya OEM paketi<\/p>\n<h2><strong><b>Kalitemizi kontrol etmek i\u00e7in numuneler g\u00f6nderilebilir!<\/b><\/strong><\/h2>\n<table>\n<tbody>\n<tr>\n<td rowspan=\"2\">Tip<\/td>\n<td colspan=\"2\">L<\/td>\n<td rowspan=\"2\">W (mm)<\/td>\n<td rowspan=\"2\">Maksimum Paket \u00c7ap\u0131 (mm)<\/td>\n<td colspan=\"2\">\u00c7ekme mukavemeti<\/td>\n<\/tr>\n<tr>\n<td>\u0130n\u00e7<\/td>\n<td>mm<\/td>\n<td>Ibs<\/td>\n<td>kg<\/td>\n<\/tr>\n<tr>\n<td>HDS-150<\/td>\n<td>6&#8243;<\/td>\n<td>150<\/td>\n<td>7.6<\/td>\n<td>35<\/td>\n<td>50<\/td>\n<td>22<\/td>\n<\/tr>\n<tr>\n<td>HDS-170<\/td>\n<td>7&#8243;<\/td>\n<td>170<\/td>\n<td>6.5<\/td>\n<td>40<\/td>\n<td>40<\/td>\n<td>18<\/td>\n<\/tr>\n<tr>\n<td>HDS-200<\/td>\n<td>8&#8243;<\/td>\n<td>200<\/td>\n<td>7.6<\/td>\n<td>50<\/td>\n<td>50<\/td>\n<td>22<\/td>\n<\/tr>\n<tr>\n<td>HDS-250<\/td>\n<td>10&#8243;<\/td>\n<td>250<\/td>\n<td>7.6<\/td>\n<td>65<\/td>\n<td>50<\/td>\n<td>22<\/td>\n<\/tr>\n<tr>\n<td>HDS-250-1<\/td>\n<td>10&#8243;<\/td>\n<td>250<\/td>\n<td>7.6<\/td>\n<td>65<\/td>\n<td>50<\/td>\n<td>22<\/td>\n<\/tr>\n<tr>\n<td>HDS-300<\/td>\n<td>12&#8243;<\/td>\n<td>300<\/td>\n<td>7.6<\/td>\n<td>80<\/td>\n<td>50<\/td>\n<td>22<\/td>\n<\/tr>\n<tr>\n<td>HDS-350<\/td>\n<td>13 3\/4 &#8220;<\/td>\n<td>350<\/td>\n<td>7.6<\/td>\n<td>90<\/td>\n<td>50<\/td>\n<td>22<\/td>\n<\/tr>\n<\/tbody>\n<\/table>","protected":false},"excerpt":{"rendered":"<p><strong><b>Malzeme:<\/b><\/strong>\u00a0Naylon 66, 94V-2 UL taraf\u0131ndan sertifikaland\u0131r\u0131lm\u0131\u015ft\u0131r.<\/p>\n<p><strong><b>Renk:<\/b><\/strong><strong><b>\u00a0<\/b><\/strong>Do\u011fal (beyaz), siyah ve renkli.<\/p>\n<p>Mevcut boyut: Geni\u015flik 7.6mm, uzunluk 150mm, 200mm, 250mm, 300mm, 350mm.<\/p>\n<p>T\u00fcr:Serbest b\u0131rak\u0131labilir<\/p>\n<p><strong><b>C<\/b><\/strong><strong><b>SERT\u0130F\u0130KA<\/b><\/strong><strong><b>ion: <\/b><\/strong>CE, ROHS, SGS Test Raporu.<\/p>\n<p><strong><b>\u00c7al\u0131\u015fma S\u0131cakl\u0131\u011f\u0131<\/b><\/strong><strong><b>: <\/b><\/strong>-40\u2103 ila 85\u2103 aras\u0131.<\/p>","protected":false},"featured_media":2353,"comment_status":"open","ping_status":"closed","template":"","meta":{"_acf_changed":false},"product_brand":[],"product_cat":[16,78],"product_tag":[],"class_list":{"0":"post-2346","1":"product","2":"type-product","3":"status-publish","4":"has-post-thumbnail","6":"product_cat-nylon-cable-tie","7":"product_cat-movable-releasable-nylon-cable-tie","9":"first","10":"instock","11":"shipping-taxable","12":"product-type-simple"},"acf":[],"yoast_head":"<!-- This site is optimized with the Yoast SEO plugin v25.1 - https:\/\/yoast.com\/wordpress\/plugins\/seo\/ -->\n<title>Releasable nylon cable tie - HDS Tie<\/title>\n<meta name=\"robots\" content=\"index, follow, max-snippet:-1, max-image-preview:large, max-video-preview:-1\" \/>\n<link rel=\"canonical\" href=\"https:\/\/aliceblue-chamois-108160.hostingersite.com\/uk\/product\/releasable-nylon-cable-tie\/\" \/>\n<meta property=\"og:locale\" content=\"tr_TR\" \/>\n<meta property=\"og:type\" content=\"article\" \/>\n<meta property=\"og:title\" content=\"Releasable nylon cable tie - HDS Tie\" \/>\n<meta property=\"og:description\" content=\"Material:\u00a0Nylon 66, 94V-2 certificated by UL.  Color:\u00a0Natural (white), black and colorful.  Available size:\u00a0Width 7.6mm,with length 150mm,200mm,250mm,300mm,350mm.  Type:Releasable  Certification: CE,ROHS,SGS Test Report.  Operating\u00a0Temperature: -40\u2103\u00a0to\u00a085\u2103.\" \/>\n<meta property=\"og:url\" content=\"https:\/\/aliceblue-chamois-108160.hostingersite.com\/uk\/product\/releasable-nylon-cable-tie\/\" \/>\n<meta property=\"og:site_name\" content=\"HDS Tie\" \/>\n<meta property=\"article:modified_time\" content=\"2025-10-20T01:29:11+00:00\" \/>\n<meta property=\"og:image\" content=\"https:\/\/hds-cabletie.com\/wp-content\/uploads\/2025\/09\/\u4e3b\u56fe01.webp\" \/>\n\t<meta property=\"og:image:width\" content=\"1500\" \/>\n\t<meta property=\"og:image:height\" content=\"1500\" \/>\n\t<meta property=\"og:image:type\" content=\"image\/webp\" \/>\n<meta name=\"twitter:card\" content=\"summary_large_image\" \/>\n<meta name=\"twitter:label1\" content=\"Tahmini okuma s\u00fcresi\" \/>\n\t<meta name=\"twitter:data1\" content=\"1 dakika\" \/>\n<script type=\"application\/ld+json\" class=\"yoast-schema-graph\">{\"@context\":\"https:\/\/schema.org\",\"@graph\":[{\"@type\":\"WebPage\",\"@id\":\"https:\/\/aliceblue-chamois-108160.hostingersite.com\/uk\/product\/releasable-nylon-cable-tie\/\",\"url\":\"https:\/\/aliceblue-chamois-108160.hostingersite.com\/uk\/product\/releasable-nylon-cable-tie\/\",\"name\":\"Releasable nylon cable tie - HDS Tie\",\"isPartOf\":{\"@id\":\"https:\/\/hds-cabletie.com\/ar\/#website\"},\"primaryImageOfPage\":{\"@id\":\"https:\/\/aliceblue-chamois-108160.hostingersite.com\/uk\/product\/releasable-nylon-cable-tie\/#primaryimage\"},\"image\":{\"@id\":\"https:\/\/aliceblue-chamois-108160.hostingersite.com\/uk\/product\/releasable-nylon-cable-tie\/#primaryimage\"},\"thumbnailUrl\":\"https:\/\/hds-cabletie.com\/wp-content\/uploads\/2025\/09\/\u4e3b\u56fe01.webp\",\"datePublished\":\"2025-10-18T03:35:16+00:00\",\"dateModified\":\"2025-10-20T01:29:11+00:00\",\"breadcrumb\":{\"@id\":\"https:\/\/aliceblue-chamois-108160.hostingersite.com\/uk\/product\/releasable-nylon-cable-tie\/#breadcrumb\"},\"inLanguage\":\"tr\",\"potentialAction\":[{\"@type\":\"ReadAction\",\"target\":[\"https:\/\/aliceblue-chamois-108160.hostingersite.com\/uk\/product\/releasable-nylon-cable-tie\/\"]}]},{\"@type\":\"ImageObject\",\"inLanguage\":\"tr\",\"@id\":\"https:\/\/aliceblue-chamois-108160.hostingersite.com\/uk\/product\/releasable-nylon-cable-tie\/#primaryimage\",\"url\":\"https:\/\/hds-cabletie.com\/wp-content\/uploads\/2025\/09\/\u4e3b\u56fe01.webp\",\"contentUrl\":\"https:\/\/hds-cabletie.com\/wp-content\/uploads\/2025\/09\/\u4e3b\u56fe01.webp\",\"width\":1500,\"height\":1500},{\"@type\":\"BreadcrumbList\",\"@id\":\"https:\/\/aliceblue-chamois-108160.hostingersite.com\/uk\/product\/releasable-nylon-cable-tie\/#breadcrumb\",\"itemListElement\":[{\"@type\":\"ListItem\",\"position\":1,\"name\":\"Home\",\"item\":\"https:\/\/hds-cabletie.com\/\"},{\"@type\":\"ListItem\",\"position\":2,\"name\":\"Products\",\"item\":\"https:\/\/hds-cabletie.com\/de\/products\/\"},{\"@type\":\"ListItem\",\"position\":3,\"name\":\"Releasable nylon cable tie\"}]},{\"@type\":\"WebSite\",\"@id\":\"https:\/\/hds-cabletie.com\/ar\/#website\",\"url\":\"https:\/\/hds-cabletie.com\/ar\/\",\"name\":\"HDS Tie\",\"description\":\"\",\"potentialAction\":[{\"@type\":\"SearchAction\",\"target\":{\"@type\":\"EntryPoint\",\"urlTemplate\":\"https:\/\/hds-cabletie.com\/ar\/?s={search_term_string}\"},\"query-input\":{\"@type\":\"PropertyValueSpecification\",\"valueRequired\":true,\"valueName\":\"search_term_string\"}}],\"inLanguage\":\"tr\"}]}<\/script>\n<!-- \/ Yoast SEO plugin. -->","yoast_head_json":{"title":"Releasable nylon cable tie - HDS Tie","robots":{"index":"index","follow":"follow","max-snippet":"max-snippet:-1","max-image-preview":"max-image-preview:large","max-video-preview":"max-video-preview:-1"},"canonical":"https:\/\/aliceblue-chamois-108160.hostingersite.com\/uk\/product\/releasable-nylon-cable-tie\/","og_locale":"tr_TR","og_type":"article","og_title":"Releasable nylon cable tie - HDS Tie","og_description":"Material:\u00a0Nylon 66, 94V-2 certificated by UL.  Color:\u00a0Natural (white), black and colorful.  Available size:\u00a0Width 7.6mm,with length 150mm,200mm,250mm,300mm,350mm.  Type:Releasable  Certification: CE,ROHS,SGS Test Report.  Operating\u00a0Temperature: -40\u2103\u00a0to\u00a085\u2103.","og_url":"https:\/\/aliceblue-chamois-108160.hostingersite.com\/uk\/product\/releasable-nylon-cable-tie\/","og_site_name":"HDS Tie","article_modified_time":"2025-10-20T01:29:11+00:00","og_image":[{"width":1500,"height":1500,"url":"https:\/\/hds-cabletie.com\/wp-content\/uploads\/2025\/09\/\u4e3b\u56fe01.webp","type":"image\/webp"}],"twitter_card":"summary_large_image","twitter_misc":{"Tahmini okuma s\u00fcresi":"1 dakika"},"schema":{"@context":"https:\/\/schema.org","@graph":[{"@type":"WebPage","@id":"https:\/\/aliceblue-chamois-108160.hostingersite.com\/uk\/product\/releasable-nylon-cable-tie\/","url":"https:\/\/aliceblue-chamois-108160.hostingersite.com\/uk\/product\/releasable-nylon-cable-tie\/","name":"Releasable nylon cable tie - HDS Tie","isPartOf":{"@id":"https:\/\/hds-cabletie.com\/ar\/#website"},"primaryImageOfPage":{"@id":"https:\/\/aliceblue-chamois-108160.hostingersite.com\/uk\/product\/releasable-nylon-cable-tie\/#primaryimage"},"image":{"@id":"https:\/\/aliceblue-chamois-108160.hostingersite.com\/uk\/product\/releasable-nylon-cable-tie\/#primaryimage"},"thumbnailUrl":"https:\/\/hds-cabletie.com\/wp-content\/uploads\/2025\/09\/\u4e3b\u56fe01.webp","datePublished":"2025-10-18T03:35:16+00:00","dateModified":"2025-10-20T01:29:11+00:00","breadcrumb":{"@id":"https:\/\/aliceblue-chamois-108160.hostingersite.com\/uk\/product\/releasable-nylon-cable-tie\/#breadcrumb"},"inLanguage":"tr","potentialAction":[{"@type":"ReadAction","target":["https:\/\/aliceblue-chamois-108160.hostingersite.com\/uk\/product\/releasable-nylon-cable-tie\/"]}]},{"@type":"ImageObject","inLanguage":"tr","@id":"https:\/\/aliceblue-chamois-108160.hostingersite.com\/uk\/product\/releasable-nylon-cable-tie\/#primaryimage","url":"https:\/\/hds-cabletie.com\/wp-content\/uploads\/2025\/09\/\u4e3b\u56fe01.webp","contentUrl":"https:\/\/hds-cabletie.com\/wp-content\/uploads\/2025\/09\/\u4e3b\u56fe01.webp","width":1500,"height":1500},{"@type":"BreadcrumbList","@id":"https:\/\/aliceblue-chamois-108160.hostingersite.com\/uk\/product\/releasable-nylon-cable-tie\/#breadcrumb","itemListElement":[{"@type":"ListItem","position":1,"name":"Home","item":"https:\/\/hds-cabletie.com\/"},{"@type":"ListItem","position":2,"name":"Products","item":"https:\/\/hds-cabletie.com\/de\/products\/"},{"@type":"ListItem","position":3,"name":"Releasable nylon cable tie"}]},{"@type":"WebSite","@id":"https:\/\/hds-cabletie.com\/ar\/#website","url":"https:\/\/hds-cabletie.com\/ar\/","name":"HDS Tie","description":"","potentialAction":[{"@type":"SearchAction","target":{"@type":"EntryPoint","urlTemplate":"https:\/\/hds-cabletie.com\/ar\/?s={search_term_string}"},"query-input":{"@type":"PropertyValueSpecification","valueRequired":true,"valueName":"search_term_string"}}],"inLanguage":"tr"}]}},"_links":{"self":[{"href":"https:\/\/hds-cabletie.com\/tr\/wp-json\/wp\/v2\/product\/2346","targetHints":{"allow":["GET"]}}],"collection":[{"href":"https:\/\/hds-cabletie.com\/tr\/wp-json\/wp\/v2\/product"}],"about":[{"href":"https:\/\/hds-cabletie.com\/tr\/wp-json\/wp\/v2\/types\/product"}],"replies":[{"embeddable":true,"href":"https:\/\/hds-cabletie.com\/tr\/wp-json\/wp\/v2\/comments?post=2346"}],"wp:featuredmedia":[{"embeddable":true,"href":"https:\/\/hds-cabletie.com\/tr\/wp-json\/wp\/v2\/media\/2353"}],"wp:attachment":[{"href":"https:\/\/hds-cabletie.com\/tr\/wp-json\/wp\/v2\/media?parent=2346"}],"wp:term":[{"taxonomy":"product_brand","embeddable":true,"href":"https:\/\/hds-cabletie.com\/tr\/wp-json\/wp\/v2\/product_brand?post=2346"},{"taxonomy":"product_cat","embeddable":true,"href":"https:\/\/hds-cabletie.com\/tr\/wp-json\/wp\/v2\/product_cat?post=2346"},{"taxonomy":"product_tag","embeddable":true,"href":"https:\/\/hds-cabletie.com\/tr\/wp-json\/wp\/v2\/product_tag?post=2346"}],"curies":[{"name":"wp","href":"https:\/\/api.w.org\/{rel}","templated":true}]}}