{"id":2271,"date":"2025-10-18T06:16:07","date_gmt":"2025-10-18T06:16:07","guid":{"rendered":"https:\/\/hds-cabletie.com\/?post_type=product&#038;p=2271"},"modified":"2025-10-20T01:28:48","modified_gmt":"2025-10-20T01:28:48","slug":"hds-multi-color-cable-zip-tie-nylon-66-cable-tie","status":"publish","type":"product","link":"https:\/\/hds-cabletie.com\/tr\/urun\/hds-multi-color-cable-zip-tie-nylon-66-cable-tie\/","title":{"rendered":"HDS \u00c7ok Renkli Kablo Fermuarl\u0131 Kravat Naylon 66 Kablo Ba\u011f\u0131"},"content":{"rendered":"<p><strong><b>1.<\/b><\/strong><strong><b>Kullan\u0131m:<\/b><\/strong>\u00a0Ev, elektrik, otomobil par\u00e7alar\u0131, donan\u0131m vb. i\u00e7in yayg\u0131n olarak kullan\u0131l\u0131r.<\/p>\n<p><strong><b>2.<\/b><\/strong><strong><b>C<\/b><\/strong><strong><b>SERT\u0130F\u0130KA<\/b><\/strong><strong><b>ion: <\/b><\/strong>UL Sertifikas\u0131, CE, ROHS, SGS Test Raporu.<\/p>\n<p><strong><b>3.<\/b><\/strong><strong><b>\u00c7al\u0131\u015fma S\u0131cakl\u0131\u011f\u0131<\/b><\/strong><strong><b>: <\/b><\/strong>-40\u2103 ila 85\u2103 aras\u0131.<\/p>\n<p><strong><b>4.<\/b><\/strong><strong><b>\u00d6zellik<\/b><\/strong><strong><b>: <\/b><\/strong>Aside, Erozyona Dayan\u0131kl\u0131, \u0130yi Yal\u0131t\u0131m ve eskimeye yatk\u0131n de\u011fildir.<\/p>\n<p><strong>5.<\/strong><strong>Paketleme Detay\u0131: \u00a0\u00a0<\/strong>A. Ortak Ambalaj: 100 Adet + Polybag + Etiket + \u0130hracat Kartonu.<\/p>\n<p>B. \u00d6zelle\u015ftirilmi\u015f Ambalaj: Ba\u015fl\u0131k kart\u0131 ambalaj\u0131, Kart ambalajl\u0131 Blister veya \u00f6zelle\u015ftirilmi\u015f olarak.<\/p>\n<p><strong><b>6.<\/b><\/strong><strong><b>Teslimat s\u00fcresi:<\/b><\/strong>\u00a0Sipari\u015f miktar\u0131na g\u00f6re depozito ald\u0131ktan sonra 7-30 g\u00fcn i\u00e7inde.<\/p>\n<p><strong><b>7.<\/b><\/strong><strong><b>\u00d6deme Ko\u015fullar\u0131:<\/b><\/strong><strong><b>\u00a0<\/b><\/strong>T \/ T, L \/ C, Western Union, PayPal.<\/p>\n<p><strong><b>8.<\/b><\/strong><strong><b>Y\u00fckleme noktas\u0131: <\/b><\/strong>NINGBO veya SHANGHAI liman\u0131<\/p>\n<p><strong><b>9.<\/b><\/strong><strong><b>\u00c7ekme mukavemeti:<\/b><\/strong>18-250LBS<\/p>\n<p><strong><b>10.<\/b><\/strong><strong><b>Marka:<\/b><\/strong>\u00a0HDS veya OEM paketi<\/p>\n<p><strong><b>11.<\/b><\/strong><strong><b>Enjeksiyon Kal\u0131plar\u0131:<\/b><\/strong>\u00a0S\u0131cak Yolluk Kal\u0131plar\u0131+Merkezi malzeme sa\u011flama sistemi<\/p>\n<p><strong><b>12.<\/b><\/strong><strong><b>Enjeksiyon makineleri: <\/b><\/strong>12 set enjeksiyon makinesi, b\u00fcy\u00fck \u00fcretim kapasitesi<\/p>\n<p><strong><b>13.<\/b><\/strong><strong><b>\u0130hracat yap\u0131lan \u00fclkeler: <\/b><\/strong>50 farkl\u0131 \u00fclke. Rusya, Japonya, Vietnam, Arjantin, Brezilya, Ukrayna, Singapur gibi,<\/p>\n<p>Tayland, Avustralya, T\u00fcrkiye, Kore, Malezya, Kore, Malezya, Polonya vb. Baz\u0131 m\u00fc\u015fterilerimiz Japonya, Rusya ve T\u00fcrkiye'den gelen g\u00fcmr\u00fcklerimiz gibi \u015firketimizle 10 y\u0131ldan fazla bir s\u00fcredir i\u015fbirli\u011fi yapmaktad\u0131r.<\/p>\n<table>\n<tbody>\n<tr>\n<td rowspan=\"2\">Tip<\/td>\n<td colspan=\"2\">L<\/td>\n<td rowspan=\"2\">W (mm)<\/td>\n<td rowspan=\"2\">Maks. Paket \u00c7ap\u0131.<\/p>\n<p>(mm)<\/td>\n<td colspan=\"2\">Min gerilme mukavemeti<\/td>\n<\/tr>\n<tr>\n<td>\u0130n\u00e7<\/td>\n<td>mm<\/td>\n<td>Ibs<\/td>\n<td>kg<\/td>\n<\/tr>\n<tr>\n<td>HDS-3\u00d760<\/td>\n<td>2 3\/8&#8243;<\/td>\n<td>60<\/td>\n<td>2.5<\/td>\n<td>11<\/td>\n<td>18<\/td>\n<td>8<\/td>\n<\/tr>\n<tr>\n<td>HDS-3\u00d780<\/td>\n<td>3 3\/16&#8243;<\/td>\n<td>80<\/td>\n<td>2.5<\/td>\n<td>16<\/td>\n<td>18<\/td>\n<td>8<\/td>\n<\/tr>\n<tr>\n<td>HDS-3\u00d7100<\/td>\n<td>4&#8243;<\/td>\n<td>100<\/td>\n<td>2.5<\/td>\n<td>22<\/td>\n<td>18<\/td>\n<td>8<\/td>\n<\/tr>\n<tr>\n<td>HDS-3\u00d7120<\/td>\n<td>4 3\/4&#8243;<\/td>\n<td>120<\/td>\n<td>2.5<\/td>\n<td>30<\/td>\n<td>18<\/td>\n<td>8<\/td>\n<\/tr>\n<tr>\n<td>HDS-3\u00d7150<\/td>\n<td>6&#8243;<\/td>\n<td>150<\/td>\n<td>2.5<\/td>\n<td>35<\/td>\n<td>18<\/td>\n<td>8<\/td>\n<\/tr>\n<tr>\n<td>HDS-3\u00d7160<\/td>\n<td>6 1\/4&#8243;<\/td>\n<td>160<\/td>\n<td>2.5<\/td>\n<td>40<\/td>\n<td>18<\/td>\n<td>8<\/td>\n<\/tr>\n<tr>\n<td>HDS-3\u00d7200<\/td>\n<td>8&#8243;<\/td>\n<td>200<\/td>\n<td>2.5<\/td>\n<td>50<\/td>\n<td>18<\/td>\n<td>8<\/td>\n<\/tr>\n<tr>\n<td>HDS-4\u00d7100<\/td>\n<td>4&#8243;<\/td>\n<td>100<\/td>\n<td>3.5<\/td>\n<td>22<\/td>\n<td>40<\/td>\n<td>18<\/td>\n<\/tr>\n<tr>\n<td>HDS-4\u00d7120<\/td>\n<td>4 3\/4&#8243;<\/td>\n<td>120<\/td>\n<td>3.5<\/td>\n<td>30<\/td>\n<td>40<\/td>\n<td>18<\/td>\n<\/tr>\n<tr>\n<td>HDS-4\u00d7150<\/td>\n<td>6&#8243;<\/td>\n<td>150<\/td>\n<td>3.5<\/td>\n<td>35<\/td>\n<td>40<\/td>\n<td>18<\/td>\n<\/tr>\n<tr>\n<td>HDS-4\u00d7180<\/td>\n<td>7&#8243;<\/td>\n<td>180<\/td>\n<td>3.5<\/td>\n<td>42<\/td>\n<td>40<\/td>\n<td>18<\/td>\n<\/tr>\n<tr>\n<td>HDS-4\u00d7200<\/td>\n<td>8&#8243;<\/td>\n<td>200<\/td>\n<td>3.5<\/td>\n<td>50<\/td>\n<td>40<\/td>\n<td>18<\/td>\n<\/tr>\n<tr>\n<td>HDS-4\u00d7250<\/td>\n<td>10&#8243;<\/td>\n<td>250<\/td>\n<td>3.5<\/td>\n<td>65<\/td>\n<td>40<\/td>\n<td>18<\/td>\n<\/tr>\n<tr>\n<td>HDS-4\u00d7300<\/td>\n<td>11 5\/8&#8243;<\/td>\n<td>300<\/td>\n<td>3.5<\/td>\n<td>80<\/td>\n<td>40<\/td>\n<td>18<\/td>\n<\/tr>\n<tr>\n<td>HDS-4\u00d7370<\/td>\n<td>14 1\/2&#8243;<\/td>\n<td>370<\/td>\n<td>3.5<\/td>\n<td>102<\/td>\n<td>40<\/td>\n<td>18<\/td>\n<\/tr>\n<tr>\n<td>HDS-5\u00d7100<\/td>\n<td>4<\/td>\n<td>100<\/td>\n<td>4.8<\/td>\n<td>22<\/td>\n<td>50<\/td>\n<td>22<\/td>\n<\/tr>\n<tr>\n<td>HDS-5\u00d7120<\/td>\n<td>4 3\/4&#8243;<\/td>\n<td>120<\/td>\n<td>4.8<\/td>\n<td>30<\/td>\n<td>50<\/td>\n<td>22<\/td>\n<\/tr>\n<tr>\n<td>HDS-5\u00d7150<\/td>\n<td>6&#8243;<\/td>\n<td>150<\/td>\n<td>4.8<\/td>\n<td>35<\/td>\n<td>50<\/td>\n<td>22<\/td>\n<\/tr>\n<tr>\n<td>HDS-5\u00d7180<\/td>\n<td>7&#8243;<\/td>\n<td>180<\/td>\n<td>4.8<\/td>\n<td>42<\/td>\n<td>50<\/td>\n<td>22<\/td>\n<\/tr>\n<tr>\n<td>HDS-5\u00d7200<\/td>\n<td>8&#8243;<\/td>\n<td>200<\/td>\n<td>4.8<\/td>\n<td>50<\/td>\n<td>50<\/td>\n<td>22<\/td>\n<\/tr>\n<tr>\n<td>HDS-5\u00d7250<\/td>\n<td>10&#8243;<\/td>\n<td>250<\/td>\n<td>4.8<\/td>\n<td>65<\/td>\n<td>50<\/td>\n<td>22<\/td>\n<\/tr>\n<tr>\n<td>HDS-5\u00d7300<\/td>\n<td>11 5\/8&#8243;<\/td>\n<td>300<\/td>\n<td>4.8<\/td>\n<td>82<\/td>\n<td>50<\/td>\n<td>22<\/td>\n<\/tr>\n<tr>\n<td>HDS-5\u00d7350<\/td>\n<td>13 3\/4&#8243;<\/td>\n<td>350<\/td>\n<td>4.8<\/td>\n<td>90<\/td>\n<td>50<\/td>\n<td>22<\/td>\n<\/tr>\n<tr>\n<td>HDS-5\u00d7380<\/td>\n<td>15&#8243;<\/td>\n<td>380<\/td>\n<td>4.8<\/td>\n<td>102<\/td>\n<td>50<\/td>\n<td>22<\/td>\n<\/tr>\n<tr>\n<td>HDS-5\u00d7400<\/td>\n<td>15 3\/4&#8243;<\/td>\n<td>400<\/td>\n<td>4.8<\/td>\n<td>105<\/td>\n<td>50<\/td>\n<td>22<\/td>\n<\/tr>\n<tr>\n<td>HDS-5\u00d7430<\/td>\n<td>17 3\/4&#8243;<\/td>\n<td>430<\/td>\n<td>4.8<\/td>\n<td>120<\/td>\n<td>50<\/td>\n<td>22<\/td>\n<\/tr>\n<tr>\n<td>HDS-5\u00d7450<\/td>\n<td>17.7&#8243;<\/td>\n<td>450<\/td>\n<td>4.8<\/td>\n<td>125<\/td>\n<td>50<\/td>\n<td>22<\/td>\n<\/tr>\n<tr>\n<td>HDS-5\u00d7500<\/td>\n<td>19 11\/16&#8243;<\/td>\n<td>500<\/td>\n<td>4.8<\/td>\n<td>150<\/td>\n<td>50<\/td>\n<td>22<\/td>\n<\/tr>\n<tr>\n<td>HDS-5\u00d7530<\/td>\n<td>20&#8243;<\/td>\n<td>530<\/td>\n<td>4.8<\/td>\n<td>155<\/td>\n<td>50<\/td>\n<td>22<\/td>\n<\/tr>\n<tr>\n<td>HDS-8\u00d7150<\/td>\n<td>6&#8243;<\/td>\n<td>150<\/td>\n<td>7.6<\/td>\n<td>35<\/td>\n<td>120<\/td>\n<td>55<\/td>\n<\/tr>\n<tr>\n<td>HDS-8\u00d7180<\/td>\n<td>7&#8243;<\/td>\n<td>180<\/td>\n<td>7.6<\/td>\n<td>42<\/td>\n<td>120<\/td>\n<td>55<\/td>\n<\/tr>\n<tr>\n<td>HDS-8\u00d7200<\/td>\n<td>8&#8243;<\/td>\n<td>200<\/td>\n<td>7.6<\/td>\n<td>50<\/td>\n<td>120<\/td>\n<td>55<\/td>\n<\/tr>\n<tr>\n<td>HDS-8\u00d7250<\/td>\n<td>10&#8243;<\/td>\n<td>250<\/td>\n<td>7.6<\/td>\n<td>65<\/td>\n<td>120<\/td>\n<td>55<\/td>\n<\/tr>\n<tr>\n<td>HDS-8\u00d7300<\/td>\n<td>11 5\/8&#8243;<\/td>\n<td>300<\/td>\n<td>7.6<\/td>\n<td>82<\/td>\n<td>120<\/td>\n<td>55<\/td>\n<\/tr>\n<tr>\n<td>HDS-8\u00d7350<\/td>\n<td>13 3\/4&#8243;<\/td>\n<td>350<\/td>\n<td>7.6<\/td>\n<td>90<\/td>\n<td>120<\/td>\n<td>55<\/td>\n<\/tr>\n<tr>\n<td>HDS-8\u00d7370<\/td>\n<td>14 1\/2 &#8220;<\/td>\n<td>370<\/td>\n<td>7.6<\/td>\n<td>102<\/td>\n<td>120<\/td>\n<td>55<\/td>\n<\/tr>\n<tr>\n<td>HDS-8\u00d7400<\/td>\n<td>15 3\/4&#8243;<\/td>\n<td>400<\/td>\n<td>7.6<\/td>\n<td>105<\/td>\n<td>120<\/td>\n<td>55<\/td>\n<\/tr>\n<tr>\n<td>HDS-8\u00d7450<\/td>\n<td>17 3\/4&#8243;<\/td>\n<td>450<\/td>\n<td>7.6<\/td>\n<td>118<\/td>\n<td>120<\/td>\n<td>55<\/td>\n<\/tr>\n<tr>\n<td>HDS-8\u00d7500<\/td>\n<td>19 11\/16 &#8220;<\/td>\n<td>500<\/td>\n<td>7.6<\/td>\n<td>150<\/td>\n<td>120<\/td>\n<td>55<\/td>\n<\/tr>\n<tr>\n<td>HDS-8\u00d7550<\/td>\n<td>21 4\/5 &#8220;<\/td>\n<td>550<\/td>\n<td>7.6<\/td>\n<td>165<\/td>\n<td>120<\/td>\n<td>55<\/td>\n<\/tr>\n<tr>\n<td>HDS-10\u00d7400<\/td>\n<td>15 3\/4&#8243;<\/td>\n<td>400<\/td>\n<td>8.8<\/td>\n<td>105<\/td>\n<td>175<\/td>\n<td>80<\/td>\n<\/tr>\n<tr>\n<td>HDS-10\u00d7450<\/td>\n<td>17 3\/4&#8243;<\/td>\n<td>450<\/td>\n<td>8.8<\/td>\n<td>118<\/td>\n<td>175<\/td>\n<td>80<\/td>\n<\/tr>\n<tr>\n<td>HDS-10\u00d7500<\/td>\n<td>19 11\/16 &#8220;<\/td>\n<td>500<\/td>\n<td>8.8<\/td>\n<td>150<\/td>\n<td>175<\/td>\n<td>80<\/td>\n<\/tr>\n<tr>\n<td>HDS-10\u00d7550<\/td>\n<td>21 11\/16 &#8220;<\/td>\n<td>550<\/td>\n<td>8.8<\/td>\n<td>165<\/td>\n<td>175<\/td>\n<td>80<\/td>\n<\/tr>\n<tr>\n<td>HDS-10\u00d7650<\/td>\n<td>25 9\/16 &#8220;<\/td>\n<td>650<\/td>\n<td>8.8<\/td>\n<td>190<\/td>\n<td>175<\/td>\n<td>80<\/td>\n<\/tr>\n<tr>\n<td>HDS-10\u00d7760<\/td>\n<td>29 1\/2 &#8220;<\/td>\n<td>760<\/td>\n<td>8.8<\/td>\n<td>220<\/td>\n<td>175<\/td>\n<td>80<\/td>\n<\/tr>\n<tr>\n<td>HDS-10\u00d7800<\/td>\n<td>31 1\/2 &#8220;<\/td>\n<td>800<\/td>\n<td>8.8<\/td>\n<td>230<\/td>\n<td>175<\/td>\n<td>80<\/td>\n<\/tr>\n<tr>\n<td>HDS-10\u00d7900<\/td>\n<td>36 1\/4 &#8220;<\/td>\n<td>900<\/td>\n<td>8.8<\/td>\n<td>265<\/td>\n<td>200<\/td>\n<td>90<\/td>\n<\/tr>\n<tr>\n<td>HDS-10\u00d71020<\/td>\n<td>40 1\/6 &#8220;<\/td>\n<td>1020<\/td>\n<td>8.8<\/td>\n<td>292<\/td>\n<td>200<\/td>\n<td>90<\/td>\n<\/tr>\n<tr>\n<td>HDS-10\u00d71200<\/td>\n<td>48&#8243;<\/td>\n<td>1200<\/td>\n<td>8.8<\/td>\n<td>345<\/td>\n<td>200<\/td>\n<td>90<\/td>\n<\/tr>\n<tr>\n<td>HDS-12\u00d7650<\/td>\n<td>25 3\/5 &#8220;<\/td>\n<td>650<\/td>\n<td>11<\/td>\n<td>165<\/td>\n<td>250<\/td>\n<td>114<\/td>\n<\/tr>\n<tr>\n<td>HDS-12\u00d7760<\/td>\n<td>35 1\/2 &#8220;<\/td>\n<td>760<\/td>\n<td>11<\/td>\n<td>225<\/td>\n<td>250<\/td>\n<td>114<\/td>\n<\/tr>\n<\/tbody>\n<\/table>","protected":false},"excerpt":{"rendered":"<p><strong><b>1.<\/b><\/strong><strong><b>Malzeme:<\/b><\/strong>\u00a0Naylon 66, UL taraf\u0131ndan 94V-2 sertifikal\u0131, ASCEND ve INVISTA markal\u0131<\/p>\n<p><strong><b>2.<\/b><\/strong><strong><b>Renk:<\/b><\/strong><strong><b>\u00a0<\/b><\/strong>Do\u011fal (beyaz), siyah ve renkli.<\/p>\n<p><strong><b>3.<\/b><\/strong><strong><b>Mevcut boyut:<\/b><\/strong><strong><b>\u00a0<\/b><\/strong><\/p>\n<p>Geni\u015flik 2,5 mm, uzunluk 80 mm-200 mm<\/p>\n<p>Geni\u015flik 3.6mm, uzunluk 100mm-370mm<\/p>\n<p>Uzunluk 100mm-650mm ile geni\u015flik 4.8mm<\/p>\n<p>Geni\u015flik 7.6mm, uzunluk 150mm-550mm<\/p>\n<p>Uzunluk 400mm-1020mm ile geni\u015flik 8.8mm<\/p>","protected":false},"featured_media":2273,"comment_status":"open","ping_status":"closed","template":"","meta":{"_acf_changed":false},"product_brand":[],"product_cat":[16,72],"product_tag":[],"class_list":{"0":"post-2271","1":"product","2":"type-product","3":"status-publish","4":"has-post-thumbnail","6":"product_cat-nylon-cable-tie","7":"product_cat-self-locking-nylon-cable-tie","9":"first","10":"instock","11":"shipping-taxable","12":"product-type-simple"},"acf":[],"yoast_head":"<!-- This site is optimized with the Yoast SEO plugin v25.1 - https:\/\/yoast.com\/wordpress\/plugins\/seo\/ -->\n<title>HDS Multi-color Cable Zip Tie Nylon 66 Cable Tie - HDS Tie<\/title>\n<meta name=\"robots\" content=\"index, follow, max-snippet:-1, max-image-preview:large, max-video-preview:-1\" \/>\n<link rel=\"canonical\" href=\"https:\/\/hds-cabletie.com\/tr\/urun\/hds-multi-color-cable-zip-tie-nylon-66-cable-tie\/\" \/>\n<meta property=\"og:locale\" content=\"tr_TR\" \/>\n<meta property=\"og:type\" content=\"article\" \/>\n<meta property=\"og:title\" content=\"HDS Multi-color Cable Zip Tie Nylon 66 Cable Tie - HDS Tie\" \/>\n<meta property=\"og:description\" content=\"1.Material:\u00a0Nylon 66, 94V-2 certificated by UL,brand ASCEND and INVISTA  2.Color:\u00a0Natural (white), black and colorful.  3.Available size:\u00a0  Width 2.5mm\u00a0with length 80mm-200mm  Width\u00a03.6mm\u00a0with length 100mm-370mm  Width\u00a04.8mm\u00a0with length 100mm-650mm  Width\u00a07.6mm\u00a0with length 150mm-550mm  Width\u00a08.8mm with length\u00a0400mm-1020mm\" \/>\n<meta property=\"og:url\" content=\"https:\/\/hds-cabletie.com\/tr\/urun\/hds-multi-color-cable-zip-tie-nylon-66-cable-tie\/\" \/>\n<meta property=\"og:site_name\" content=\"HDS Tie\" \/>\n<meta property=\"article:modified_time\" content=\"2025-10-20T01:28:48+00:00\" \/>\n<meta property=\"og:image\" content=\"https:\/\/hds-cabletie.com\/wp-content\/uploads\/2025\/08\/\uff11.webp\" \/>\n\t<meta property=\"og:image:width\" content=\"800\" \/>\n\t<meta property=\"og:image:height\" content=\"800\" \/>\n\t<meta property=\"og:image:type\" content=\"image\/webp\" \/>\n<meta name=\"twitter:card\" content=\"summary_large_image\" \/>\n<meta name=\"twitter:label1\" content=\"Tahmini okuma s\u00fcresi\" \/>\n\t<meta name=\"twitter:data1\" content=\"3 dakika\" \/>\n<script type=\"application\/ld+json\" class=\"yoast-schema-graph\">{\"@context\":\"https:\/\/schema.org\",\"@graph\":[{\"@type\":\"WebPage\",\"@id\":\"https:\/\/hds-cabletie.com\/uk\/product\/hds-multi-color-cable-zip-tie-nylon-66-cable-tie\/\",\"url\":\"https:\/\/hds-cabletie.com\/uk\/product\/hds-multi-color-cable-zip-tie-nylon-66-cable-tie\/\",\"name\":\"HDS Multi-color Cable Zip Tie Nylon 66 Cable Tie - HDS Tie\",\"isPartOf\":{\"@id\":\"https:\/\/hds-cabletie.com\/ar\/#website\"},\"primaryImageOfPage\":{\"@id\":\"https:\/\/hds-cabletie.com\/uk\/product\/hds-multi-color-cable-zip-tie-nylon-66-cable-tie\/#primaryimage\"},\"image\":{\"@id\":\"https:\/\/hds-cabletie.com\/uk\/product\/hds-multi-color-cable-zip-tie-nylon-66-cable-tie\/#primaryimage\"},\"thumbnailUrl\":\"https:\/\/hds-cabletie.com\/wp-content\/uploads\/2025\/08\/\uff11.webp\",\"datePublished\":\"2025-10-18T06:16:07+00:00\",\"dateModified\":\"2025-10-20T01:28:48+00:00\",\"breadcrumb\":{\"@id\":\"https:\/\/hds-cabletie.com\/uk\/product\/hds-multi-color-cable-zip-tie-nylon-66-cable-tie\/#breadcrumb\"},\"inLanguage\":\"tr\",\"potentialAction\":[{\"@type\":\"ReadAction\",\"target\":[\"https:\/\/hds-cabletie.com\/uk\/product\/hds-multi-color-cable-zip-tie-nylon-66-cable-tie\/\"]}]},{\"@type\":\"ImageObject\",\"inLanguage\":\"tr\",\"@id\":\"https:\/\/hds-cabletie.com\/uk\/product\/hds-multi-color-cable-zip-tie-nylon-66-cable-tie\/#primaryimage\",\"url\":\"https:\/\/hds-cabletie.com\/wp-content\/uploads\/2025\/08\/\uff11.webp\",\"contentUrl\":\"https:\/\/hds-cabletie.com\/wp-content\/uploads\/2025\/08\/\uff11.webp\",\"width\":800,\"height\":800},{\"@type\":\"BreadcrumbList\",\"@id\":\"https:\/\/hds-cabletie.com\/uk\/product\/hds-multi-color-cable-zip-tie-nylon-66-cable-tie\/#breadcrumb\",\"itemListElement\":[{\"@type\":\"ListItem\",\"position\":1,\"name\":\"Home\",\"item\":\"https:\/\/hds-cabletie.com\/\"},{\"@type\":\"ListItem\",\"position\":2,\"name\":\"Products\",\"item\":\"https:\/\/hds-cabletie.com\/de\/products\/\"},{\"@type\":\"ListItem\",\"position\":3,\"name\":\"HDS Multi-color Cable Zip Tie Nylon 66 Cable Tie\"}]},{\"@type\":\"WebSite\",\"@id\":\"https:\/\/hds-cabletie.com\/ar\/#website\",\"url\":\"https:\/\/hds-cabletie.com\/ar\/\",\"name\":\"HDS Tie\",\"description\":\"\",\"potentialAction\":[{\"@type\":\"SearchAction\",\"target\":{\"@type\":\"EntryPoint\",\"urlTemplate\":\"https:\/\/hds-cabletie.com\/ar\/?s={search_term_string}\"},\"query-input\":{\"@type\":\"PropertyValueSpecification\",\"valueRequired\":true,\"valueName\":\"search_term_string\"}}],\"inLanguage\":\"tr\"}]}<\/script>\n<!-- \/ Yoast SEO plugin. -->","yoast_head_json":{"title":"HDS Multi-color Cable Zip Tie Nylon 66 Cable Tie - HDS Tie","robots":{"index":"index","follow":"follow","max-snippet":"max-snippet:-1","max-image-preview":"max-image-preview:large","max-video-preview":"max-video-preview:-1"},"canonical":"https:\/\/hds-cabletie.com\/tr\/urun\/hds-multi-color-cable-zip-tie-nylon-66-cable-tie\/","og_locale":"tr_TR","og_type":"article","og_title":"HDS Multi-color Cable Zip Tie Nylon 66 Cable Tie - HDS Tie","og_description":"1.Material:\u00a0Nylon 66, 94V-2 certificated by UL,brand ASCEND and INVISTA  2.Color:\u00a0Natural (white), black and colorful.  3.Available size:\u00a0  Width 2.5mm\u00a0with length 80mm-200mm  Width\u00a03.6mm\u00a0with length 100mm-370mm  Width\u00a04.8mm\u00a0with length 100mm-650mm  Width\u00a07.6mm\u00a0with length 150mm-550mm  Width\u00a08.8mm with length\u00a0400mm-1020mm","og_url":"https:\/\/hds-cabletie.com\/tr\/urun\/hds-multi-color-cable-zip-tie-nylon-66-cable-tie\/","og_site_name":"HDS Tie","article_modified_time":"2025-10-20T01:28:48+00:00","og_image":[{"width":800,"height":800,"url":"https:\/\/hds-cabletie.com\/wp-content\/uploads\/2025\/08\/\uff11.webp","type":"image\/webp"}],"twitter_card":"summary_large_image","twitter_misc":{"Tahmini okuma s\u00fcresi":"3 dakika"},"schema":{"@context":"https:\/\/schema.org","@graph":[{"@type":"WebPage","@id":"https:\/\/hds-cabletie.com\/uk\/product\/hds-multi-color-cable-zip-tie-nylon-66-cable-tie\/","url":"https:\/\/hds-cabletie.com\/uk\/product\/hds-multi-color-cable-zip-tie-nylon-66-cable-tie\/","name":"HDS Multi-color Cable Zip Tie Nylon 66 Cable Tie - HDS Tie","isPartOf":{"@id":"https:\/\/hds-cabletie.com\/ar\/#website"},"primaryImageOfPage":{"@id":"https:\/\/hds-cabletie.com\/uk\/product\/hds-multi-color-cable-zip-tie-nylon-66-cable-tie\/#primaryimage"},"image":{"@id":"https:\/\/hds-cabletie.com\/uk\/product\/hds-multi-color-cable-zip-tie-nylon-66-cable-tie\/#primaryimage"},"thumbnailUrl":"https:\/\/hds-cabletie.com\/wp-content\/uploads\/2025\/08\/\uff11.webp","datePublished":"2025-10-18T06:16:07+00:00","dateModified":"2025-10-20T01:28:48+00:00","breadcrumb":{"@id":"https:\/\/hds-cabletie.com\/uk\/product\/hds-multi-color-cable-zip-tie-nylon-66-cable-tie\/#breadcrumb"},"inLanguage":"tr","potentialAction":[{"@type":"ReadAction","target":["https:\/\/hds-cabletie.com\/uk\/product\/hds-multi-color-cable-zip-tie-nylon-66-cable-tie\/"]}]},{"@type":"ImageObject","inLanguage":"tr","@id":"https:\/\/hds-cabletie.com\/uk\/product\/hds-multi-color-cable-zip-tie-nylon-66-cable-tie\/#primaryimage","url":"https:\/\/hds-cabletie.com\/wp-content\/uploads\/2025\/08\/\uff11.webp","contentUrl":"https:\/\/hds-cabletie.com\/wp-content\/uploads\/2025\/08\/\uff11.webp","width":800,"height":800},{"@type":"BreadcrumbList","@id":"https:\/\/hds-cabletie.com\/uk\/product\/hds-multi-color-cable-zip-tie-nylon-66-cable-tie\/#breadcrumb","itemListElement":[{"@type":"ListItem","position":1,"name":"Home","item":"https:\/\/hds-cabletie.com\/"},{"@type":"ListItem","position":2,"name":"Products","item":"https:\/\/hds-cabletie.com\/de\/products\/"},{"@type":"ListItem","position":3,"name":"HDS Multi-color Cable Zip Tie Nylon 66 Cable Tie"}]},{"@type":"WebSite","@id":"https:\/\/hds-cabletie.com\/ar\/#website","url":"https:\/\/hds-cabletie.com\/ar\/","name":"HDS Tie","description":"","potentialAction":[{"@type":"SearchAction","target":{"@type":"EntryPoint","urlTemplate":"https:\/\/hds-cabletie.com\/ar\/?s={search_term_string}"},"query-input":{"@type":"PropertyValueSpecification","valueRequired":true,"valueName":"search_term_string"}}],"inLanguage":"tr"}]}},"_links":{"self":[{"href":"https:\/\/hds-cabletie.com\/tr\/wp-json\/wp\/v2\/product\/2271","targetHints":{"allow":["GET"]}}],"collection":[{"href":"https:\/\/hds-cabletie.com\/tr\/wp-json\/wp\/v2\/product"}],"about":[{"href":"https:\/\/hds-cabletie.com\/tr\/wp-json\/wp\/v2\/types\/product"}],"replies":[{"embeddable":true,"href":"https:\/\/hds-cabletie.com\/tr\/wp-json\/wp\/v2\/comments?post=2271"}],"wp:featuredmedia":[{"embeddable":true,"href":"https:\/\/hds-cabletie.com\/tr\/wp-json\/wp\/v2\/media\/2273"}],"wp:attachment":[{"href":"https:\/\/hds-cabletie.com\/tr\/wp-json\/wp\/v2\/media?parent=2271"}],"wp:term":[{"taxonomy":"product_brand","embeddable":true,"href":"https:\/\/hds-cabletie.com\/tr\/wp-json\/wp\/v2\/product_brand?post=2271"},{"taxonomy":"product_cat","embeddable":true,"href":"https:\/\/hds-cabletie.com\/tr\/wp-json\/wp\/v2\/product_cat?post=2271"},{"taxonomy":"product_tag","embeddable":true,"href":"https:\/\/hds-cabletie.com\/tr\/wp-json\/wp\/v2\/product_tag?post=2271"}],"curies":[{"name":"wp","href":"https:\/\/api.w.org\/{rel}","templated":true}]}}