{"id":2551,"date":"2025-09-16T09:07:51","date_gmt":"2025-09-16T09:07:51","guid":{"rendered":"https:\/\/hds-cabletie.com\/?post_type=product&#038;p=2551"},"modified":"2025-10-10T06:45:33","modified_gmt":"2025-10-10T06:45:33","slug":"spiral-wrapping-band","status":"publish","type":"product","link":"https:\/\/hds-cabletie.com\/pt\/produto\/spiral-wrapping-band\/","title":{"rendered":"Faixa de embalagem em espiral"},"content":{"rendered":"<p><strong>Material:\u00a0<\/strong>Fabricado em PE.<\/p>\n<p><strong>Utiliza\u00e7\u00e3o :<\/strong>\u00a0Fixe primeiro uma extremidade com o cinto de seguran\u00e7a e, em seguida, rode os fios no sentido dos ponteiros do rel\u00f3gio para os apertar.<\/p>\n<p><strong>Aplica\u00e7\u00e3o :\u00a0<\/strong>Uma prote\u00e7\u00e3o para os fios el\u00e9ctricos, que lhes confere um bom isolamento e bloqueio.<\/p>\n<p><img decoding=\"async\" class=\"aligncenter size-full wp-image-2553\" src=\"https:\/\/hds-cabletie.com\/wp-content\/uploads\/2025\/09\/\u56fe\u72472-1.webp\" alt=\"\" width=\"386\" height=\"124\" srcset=\"https:\/\/hds-cabletie.com\/wp-content\/uploads\/2025\/09\/\u56fe\u72472-1.webp 386w, https:\/\/hds-cabletie.com\/wp-content\/uploads\/2025\/09\/\u56fe\u72472-1-300x96.webp 300w, https:\/\/hds-cabletie.com\/wp-content\/uploads\/2025\/09\/\u56fe\u72472-1-18x6.webp 18w\" sizes=\"(max-width: 386px) 100vw, 386px\" \/><\/p>\n<table>\n<tbody>\n<tr>\n<td>Tipo<\/td>\n<td>D<\/td>\n<td>D 1<\/td>\n<td>W<\/td>\n<td width=\"261\">Gama de enrolamento (mm\u0424)<\/td>\n<td width=\"189\">Embalagem<\/td>\n<\/tr>\n<tr>\n<td>HD-6<\/td>\n<td>4<\/td>\n<td>6<\/td>\n<td>7.0<\/td>\n<td width=\"261\">4\u00d750<\/td>\n<td rowspan=\"7\" width=\"189\">10m<\/td>\n<\/tr>\n<tr>\n<td>HD-8<\/td>\n<td>6<\/td>\n<td>8<\/td>\n<td>10.8<\/td>\n<td width=\"261\">6\u00d760<\/td>\n<\/tr>\n<tr>\n<td>HD-10<\/td>\n<td>7.5<\/td>\n<td>10<\/td>\n<td>11.4<\/td>\n<td width=\"261\">7.5\u00d760<\/td>\n<\/tr>\n<tr>\n<td>HD-12<\/td>\n<td>9<\/td>\n<td>12<\/td>\n<td>13.9<\/td>\n<td width=\"261\">9\u00d765<\/td>\n<\/tr>\n<tr>\n<td>HD-16<\/td>\n<td>13<\/td>\n<td>16<\/td>\n<td>15.0<\/td>\n<td width=\"261\">12\u00d770<\/td>\n<\/tr>\n<tr>\n<td>HD-20<\/td>\n<td>16<\/td>\n<td>20<\/td>\n<td>18.2<\/td>\n<td width=\"261\">15\u00d7100<\/td>\n<\/tr>\n<tr>\n<td>HD-25<\/td>\n<td>21<\/td>\n<td>25<\/td>\n<td>19.6<\/td>\n<td width=\"261\">20\u00d7130<\/td>\n<\/tr>\n<\/tbody>\n<\/table>\n<p>&nbsp;<\/p>\n<p>&nbsp;<\/p>","protected":false},"excerpt":{"rendered":"<p><strong>Material:\u00a0<\/strong>Fabricado em PE.<\/p>\n<p><strong>Utiliza\u00e7\u00e3o :<\/strong>\u00a0Fixe primeiro uma extremidade com o cinto de seguran\u00e7a e, em seguida, rode os fios no sentido dos ponteiros do rel\u00f3gio para os apertar.<\/p>\n<p><strong>Aplica\u00e7\u00e3o :\u00a0<\/strong>Uma prote\u00e7\u00e3o para os fios el\u00e9ctricos, que lhes confere um bom isolamento e bloqueio.<\/p>","protected":false},"featured_media":2556,"comment_status":"open","ping_status":"closed","template":"","meta":{"_acf_changed":false},"product_brand":[],"product_cat":[68],"product_tag":[],"class_list":{"0":"post-2551","1":"product","2":"type-product","3":"status-publish","4":"has-post-thumbnail","6":"product_cat-wiring-accessories","8":"first","9":"instock","10":"shipping-taxable","11":"product-type-simple"},"acf":[],"yoast_head":"<!-- This site is optimized with the Yoast SEO plugin v25.1 - https:\/\/yoast.com\/wordpress\/plugins\/seo\/ -->\n<title>Spiral wrapping band - HDS Tie<\/title>\n<meta name=\"robots\" content=\"index, follow, max-snippet:-1, max-image-preview:large, max-video-preview:-1\" \/>\n<link rel=\"canonical\" href=\"https:\/\/aliceblue-chamois-108160.hostingersite.com\/tr\/urun\/spiral-wrapping-band\/\" \/>\n<meta property=\"og:locale\" content=\"pt_PT\" \/>\n<meta property=\"og:type\" content=\"article\" \/>\n<meta property=\"og:title\" content=\"Spiral wrapping band - HDS Tie\" \/>\n<meta property=\"og:description\" content=\"Material:\u00a0Made from PE.  Usage :\u00a0Fix one end with safety belt first ,then circle the wires clockwise to make them tighten .  Appliaction :\u00a0A protection wear for electric wires ,and make them insulation and Lock nice .\" \/>\n<meta property=\"og:url\" content=\"https:\/\/aliceblue-chamois-108160.hostingersite.com\/tr\/urun\/spiral-wrapping-band\/\" \/>\n<meta property=\"og:site_name\" content=\"HDS Tie\" \/>\n<meta property=\"article:modified_time\" content=\"2025-10-10T06:45:33+00:00\" \/>\n<meta property=\"og:image\" content=\"https:\/\/hds-cabletie.com\/wp-content\/uploads\/2025\/09\/\u4e3b\u56fe-19.webp\" \/>\n\t<meta property=\"og:image:width\" content=\"800\" \/>\n\t<meta property=\"og:image:height\" content=\"800\" \/>\n\t<meta property=\"og:image:type\" content=\"image\/webp\" \/>\n<meta name=\"twitter:card\" content=\"summary_large_image\" \/>\n<meta name=\"twitter:label1\" content=\"Tempo estimado de leitura\" \/>\n\t<meta name=\"twitter:data1\" content=\"1 minuto\" \/>\n<script type=\"application\/ld+json\" class=\"yoast-schema-graph\">{\"@context\":\"https:\/\/schema.org\",\"@graph\":[{\"@type\":\"WebPage\",\"@id\":\"https:\/\/aliceblue-chamois-108160.hostingersite.com\/tr\/urun\/spiral-wrapping-band\/\",\"url\":\"https:\/\/aliceblue-chamois-108160.hostingersite.com\/tr\/urun\/spiral-wrapping-band\/\",\"name\":\"Spiral wrapping band - HDS Tie\",\"isPartOf\":{\"@id\":\"https:\/\/hds-cabletie.com\/ar\/#website\"},\"primaryImageOfPage\":{\"@id\":\"https:\/\/aliceblue-chamois-108160.hostingersite.com\/tr\/urun\/spiral-wrapping-band\/#primaryimage\"},\"image\":{\"@id\":\"https:\/\/aliceblue-chamois-108160.hostingersite.com\/tr\/urun\/spiral-wrapping-band\/#primaryimage\"},\"thumbnailUrl\":\"https:\/\/hds-cabletie.com\/wp-content\/uploads\/2025\/09\/\u4e3b\u56fe-19.webp\",\"datePublished\":\"2025-09-16T09:07:51+00:00\",\"dateModified\":\"2025-10-10T06:45:33+00:00\",\"breadcrumb\":{\"@id\":\"https:\/\/aliceblue-chamois-108160.hostingersite.com\/tr\/urun\/spiral-wrapping-band\/#breadcrumb\"},\"inLanguage\":\"pt-PT\",\"potentialAction\":[{\"@type\":\"ReadAction\",\"target\":[\"https:\/\/aliceblue-chamois-108160.hostingersite.com\/tr\/urun\/spiral-wrapping-band\/\"]}]},{\"@type\":\"ImageObject\",\"inLanguage\":\"pt-PT\",\"@id\":\"https:\/\/aliceblue-chamois-108160.hostingersite.com\/tr\/urun\/spiral-wrapping-band\/#primaryimage\",\"url\":\"https:\/\/hds-cabletie.com\/wp-content\/uploads\/2025\/09\/\u4e3b\u56fe-19.webp\",\"contentUrl\":\"https:\/\/hds-cabletie.com\/wp-content\/uploads\/2025\/09\/\u4e3b\u56fe-19.webp\",\"width\":800,\"height\":800},{\"@type\":\"BreadcrumbList\",\"@id\":\"https:\/\/aliceblue-chamois-108160.hostingersite.com\/tr\/urun\/spiral-wrapping-band\/#breadcrumb\",\"itemListElement\":[{\"@type\":\"ListItem\",\"position\":1,\"name\":\"Home\",\"item\":\"https:\/\/hds-cabletie.com\/\"},{\"@type\":\"ListItem\",\"position\":2,\"name\":\"Products\",\"item\":\"https:\/\/hds-cabletie.com\/de\/products\/\"},{\"@type\":\"ListItem\",\"position\":3,\"name\":\"Spiral wrapping band\"}]},{\"@type\":\"WebSite\",\"@id\":\"https:\/\/hds-cabletie.com\/ar\/#website\",\"url\":\"https:\/\/hds-cabletie.com\/ar\/\",\"name\":\"HDS Tie\",\"description\":\"\",\"potentialAction\":[{\"@type\":\"SearchAction\",\"target\":{\"@type\":\"EntryPoint\",\"urlTemplate\":\"https:\/\/hds-cabletie.com\/ar\/?s={search_term_string}\"},\"query-input\":{\"@type\":\"PropertyValueSpecification\",\"valueRequired\":true,\"valueName\":\"search_term_string\"}}],\"inLanguage\":\"pt-PT\"}]}<\/script>\n<!-- \/ Yoast SEO plugin. -->","yoast_head_json":{"title":"Spiral wrapping band - HDS Tie","robots":{"index":"index","follow":"follow","max-snippet":"max-snippet:-1","max-image-preview":"max-image-preview:large","max-video-preview":"max-video-preview:-1"},"canonical":"https:\/\/aliceblue-chamois-108160.hostingersite.com\/tr\/urun\/spiral-wrapping-band\/","og_locale":"pt_PT","og_type":"article","og_title":"Spiral wrapping band - HDS Tie","og_description":"Material:\u00a0Made from PE.  Usage :\u00a0Fix one end with safety belt first ,then circle the wires clockwise to make them tighten .  Appliaction :\u00a0A protection wear for electric wires ,and make them insulation and Lock nice .","og_url":"https:\/\/aliceblue-chamois-108160.hostingersite.com\/tr\/urun\/spiral-wrapping-band\/","og_site_name":"HDS Tie","article_modified_time":"2025-10-10T06:45:33+00:00","og_image":[{"width":800,"height":800,"url":"https:\/\/hds-cabletie.com\/wp-content\/uploads\/2025\/09\/\u4e3b\u56fe-19.webp","type":"image\/webp"}],"twitter_card":"summary_large_image","twitter_misc":{"Tempo estimado de leitura":"1 minuto"},"schema":{"@context":"https:\/\/schema.org","@graph":[{"@type":"WebPage","@id":"https:\/\/aliceblue-chamois-108160.hostingersite.com\/tr\/urun\/spiral-wrapping-band\/","url":"https:\/\/aliceblue-chamois-108160.hostingersite.com\/tr\/urun\/spiral-wrapping-band\/","name":"Spiral wrapping band - HDS Tie","isPartOf":{"@id":"https:\/\/hds-cabletie.com\/ar\/#website"},"primaryImageOfPage":{"@id":"https:\/\/aliceblue-chamois-108160.hostingersite.com\/tr\/urun\/spiral-wrapping-band\/#primaryimage"},"image":{"@id":"https:\/\/aliceblue-chamois-108160.hostingersite.com\/tr\/urun\/spiral-wrapping-band\/#primaryimage"},"thumbnailUrl":"https:\/\/hds-cabletie.com\/wp-content\/uploads\/2025\/09\/\u4e3b\u56fe-19.webp","datePublished":"2025-09-16T09:07:51+00:00","dateModified":"2025-10-10T06:45:33+00:00","breadcrumb":{"@id":"https:\/\/aliceblue-chamois-108160.hostingersite.com\/tr\/urun\/spiral-wrapping-band\/#breadcrumb"},"inLanguage":"pt-PT","potentialAction":[{"@type":"ReadAction","target":["https:\/\/aliceblue-chamois-108160.hostingersite.com\/tr\/urun\/spiral-wrapping-band\/"]}]},{"@type":"ImageObject","inLanguage":"pt-PT","@id":"https:\/\/aliceblue-chamois-108160.hostingersite.com\/tr\/urun\/spiral-wrapping-band\/#primaryimage","url":"https:\/\/hds-cabletie.com\/wp-content\/uploads\/2025\/09\/\u4e3b\u56fe-19.webp","contentUrl":"https:\/\/hds-cabletie.com\/wp-content\/uploads\/2025\/09\/\u4e3b\u56fe-19.webp","width":800,"height":800},{"@type":"BreadcrumbList","@id":"https:\/\/aliceblue-chamois-108160.hostingersite.com\/tr\/urun\/spiral-wrapping-band\/#breadcrumb","itemListElement":[{"@type":"ListItem","position":1,"name":"Home","item":"https:\/\/hds-cabletie.com\/"},{"@type":"ListItem","position":2,"name":"Products","item":"https:\/\/hds-cabletie.com\/de\/products\/"},{"@type":"ListItem","position":3,"name":"Spiral wrapping band"}]},{"@type":"WebSite","@id":"https:\/\/hds-cabletie.com\/ar\/#website","url":"https:\/\/hds-cabletie.com\/ar\/","name":"HDS Tie","description":"","potentialAction":[{"@type":"SearchAction","target":{"@type":"EntryPoint","urlTemplate":"https:\/\/hds-cabletie.com\/ar\/?s={search_term_string}"},"query-input":{"@type":"PropertyValueSpecification","valueRequired":true,"valueName":"search_term_string"}}],"inLanguage":"pt-PT"}]}},"_links":{"self":[{"href":"https:\/\/hds-cabletie.com\/pt\/wp-json\/wp\/v2\/product\/2551","targetHints":{"allow":["GET"]}}],"collection":[{"href":"https:\/\/hds-cabletie.com\/pt\/wp-json\/wp\/v2\/product"}],"about":[{"href":"https:\/\/hds-cabletie.com\/pt\/wp-json\/wp\/v2\/types\/product"}],"replies":[{"embeddable":true,"href":"https:\/\/hds-cabletie.com\/pt\/wp-json\/wp\/v2\/comments?post=2551"}],"wp:featuredmedia":[{"embeddable":true,"href":"https:\/\/hds-cabletie.com\/pt\/wp-json\/wp\/v2\/media\/2556"}],"wp:attachment":[{"href":"https:\/\/hds-cabletie.com\/pt\/wp-json\/wp\/v2\/media?parent=2551"}],"wp:term":[{"taxonomy":"product_brand","embeddable":true,"href":"https:\/\/hds-cabletie.com\/pt\/wp-json\/wp\/v2\/product_brand?post=2551"},{"taxonomy":"product_cat","embeddable":true,"href":"https:\/\/hds-cabletie.com\/pt\/wp-json\/wp\/v2\/product_cat?post=2551"},{"taxonomy":"product_tag","embeddable":true,"href":"https:\/\/hds-cabletie.com\/pt\/wp-json\/wp\/v2\/product_tag?post=2551"}],"curies":[{"name":"wp","href":"https:\/\/api.w.org\/{rel}","templated":true}]}}