{"id":2464,"date":"2025-09-15T06:06:51","date_gmt":"2025-09-15T06:06:51","guid":{"rendered":"https:\/\/hds-cabletie.com\/?post_type=product&#038;p=2464"},"modified":"2025-09-15T06:06:51","modified_gmt":"2025-09-15T06:06:51","slug":"heat-shrinkable-cable-accessories","status":"publish","type":"product","link":"https:\/\/hds-cabletie.com\/pt\/produto\/heat-shrinkable-cable-accessories\/","title":{"rendered":"Acess\u00f3rios para cabos termo-retr\u00e1cteis"},"content":{"rendered":"<h2><strong><b>Carater\u00edsticas do produto\uff1a<\/b><\/strong><\/h2>\n<p>A termina\u00e7\u00e3o termo-retr\u00e1til do cabo reticulado utiliza a tecnologia de liga\u00e7\u00e3o \u00e0 terra dupla, em que a liga\u00e7\u00e3o \u00e0 terra da armadura de a\u00e7o se separa da liga\u00e7\u00e3o \u00e0 terra da blindagem de cobre, de modo a que o ensaio do cabo seja mais razo\u00e1vel.<\/p>\n<p>Testar a liga\u00e7\u00e3o \u00e0 terra da armadura de a\u00e7o e a resist\u00eancia \u00e0 terra; se for conduzida, significa que a superf\u00edcie de prote\u00e7\u00e3o do cabo est\u00e1 danificada.<\/p>\n<p>Testar a resist\u00eancia entre duas liga\u00e7\u00f5es \u00e0 terra, se for conduzida, significa que a bainha externa est\u00e1 danificada; testar a resist\u00eancia \u00e0 terra da liga\u00e7\u00e3o \u00e0 terra da blindagem de cobre, se for conduzida, significa que as superf\u00edcies de prote\u00e7\u00e3o interna e externa est\u00e3o danificadas.<\/p>\n<ol>\n<li>A fase nunca se desvanecer\u00e1.<\/li>\n<li>A picada triangular foi desenvolvida com o objetivo de facilitar a opera\u00e7\u00e3o.<\/li>\n<li>A ponta do dedo em forma de cone nunca ficar\u00e1 rachada.<\/li>\n<li>A junta termorretr\u00e1ctil de cabo reticulado utiliza a nova tecnologia (tecnologia de tr\u00eas vedantes).<\/li>\n<li>A rutura da junta intermedi\u00e1ria do cabo \u00e9 causada por uma m\u00e1 veda\u00e7\u00e3o, pelo que a nossa empresa adopta a nova tecnologia para fazer com que o cabo funcione de forma mais segura e conveniente. A junta tripla refere-se \u00e0 junta de prote\u00e7\u00e3o externa, \u00e0 junta de prote\u00e7\u00e3o interna e \u00e0 junta entre as duas extremidades do tubo de isolamento.<\/li>\n<\/ol>\n<ol>\n<li>O tubo de isolamento \u00e9 prolongado para resolver o problema da apreens\u00e3o de energia.<\/li>\n<li>O tubo de prote\u00e7\u00e3o \u00e9 muito macio e encolhe rapidamente.<\/li>\n<\/ol>\n<p><img fetchpriority=\"high\" decoding=\"async\" class=\"aligncenter size-full wp-image-2466\" src=\"https:\/\/hds-cabletie.com\/wp-content\/uploads\/2025\/09\/\u56fe\u7247-1.webp\" alt=\"\" width=\"1107\" height=\"678\" srcset=\"https:\/\/hds-cabletie.com\/wp-content\/uploads\/2025\/09\/\u56fe\u7247-1.webp 1107w, https:\/\/hds-cabletie.com\/wp-content\/uploads\/2025\/09\/\u56fe\u7247-1-300x184.webp 300w, https:\/\/hds-cabletie.com\/wp-content\/uploads\/2025\/09\/\u56fe\u7247-1-1024x627.webp 1024w, https:\/\/hds-cabletie.com\/wp-content\/uploads\/2025\/09\/\u56fe\u7247-1-768x470.webp 768w, https:\/\/hds-cabletie.com\/wp-content\/uploads\/2025\/09\/\u56fe\u7247-1-18x12.webp 18w, https:\/\/hds-cabletie.com\/wp-content\/uploads\/2025\/09\/\u56fe\u7247-1-600x367.webp 600w\" sizes=\"(max-width: 1107px) 100vw, 1107px\" \/> <img decoding=\"async\" class=\"alignnone wp-image-2467 size-full\" src=\"https:\/\/hds-cabletie.com\/wp-content\/uploads\/2025\/09\/\u56fe\u7247-2.webp\" alt=\"\" width=\"1278\" height=\"428\" srcset=\"https:\/\/hds-cabletie.com\/wp-content\/uploads\/2025\/09\/\u56fe\u7247-2.webp 1278w, https:\/\/hds-cabletie.com\/wp-content\/uploads\/2025\/09\/\u56fe\u7247-2-300x100.webp 300w, https:\/\/hds-cabletie.com\/wp-content\/uploads\/2025\/09\/\u56fe\u7247-2-1024x343.webp 1024w, https:\/\/hds-cabletie.com\/wp-content\/uploads\/2025\/09\/\u56fe\u7247-2-768x257.webp 768w, https:\/\/hds-cabletie.com\/wp-content\/uploads\/2025\/09\/\u56fe\u7247-2-18x6.webp 18w, https:\/\/hds-cabletie.com\/wp-content\/uploads\/2025\/09\/\u56fe\u7247-2-600x201.webp 600w\" sizes=\"(max-width: 1278px) 100vw, 1278px\" \/> <img decoding=\"async\" class=\"alignnone wp-image-2468 size-full\" src=\"https:\/\/hds-cabletie.com\/wp-content\/uploads\/2025\/09\/\u56fe\u7247-3.webp\" alt=\"\" width=\"1404\" height=\"444\" srcset=\"https:\/\/hds-cabletie.com\/wp-content\/uploads\/2025\/09\/\u56fe\u7247-3.webp 1404w, https:\/\/hds-cabletie.com\/wp-content\/uploads\/2025\/09\/\u56fe\u7247-3-300x95.webp 300w, https:\/\/hds-cabletie.com\/wp-content\/uploads\/2025\/09\/\u56fe\u7247-3-1024x324.webp 1024w, https:\/\/hds-cabletie.com\/wp-content\/uploads\/2025\/09\/\u56fe\u7247-3-768x243.webp 768w, https:\/\/hds-cabletie.com\/wp-content\/uploads\/2025\/09\/\u56fe\u7247-3-18x6.webp 18w, https:\/\/hds-cabletie.com\/wp-content\/uploads\/2025\/09\/\u56fe\u7247-3-600x190.webp 600w\" sizes=\"(max-width: 1404px) 100vw, 1404px\" \/><\/p>\n<table>\n<tbody>\n<tr>\n<td width=\"126\">Modelo<\/td>\n<td width=\"176\">Nome<\/td>\n<td width=\"210\">Sec\u00e7\u00e3o do cabo aplic\u00e1vel mm<sup>2<\/sup><\/td>\n<\/tr>\n<tr>\n<td width=\"126\">10kv HRYN-1\/1<\/td>\n<td rowspan=\"4\" width=\"176\">Termina\u00e7\u00e3o interior termorretr\u00e1ctil de cabo reticulado de 10kV<br \/>\n(condutor \u00fanico)<\/td>\n<td width=\"210\">25-50<\/td>\n<\/tr>\n<tr>\n<td width=\"126\">10kv HRYN-1\/2<\/td>\n<td width=\"210\">70-120<\/td>\n<\/tr>\n<tr>\n<td width=\"126\">10kv HRYN-1\/3<\/td>\n<td width=\"210\">150-240<\/td>\n<\/tr>\n<tr>\n<td width=\"126\">10kv HRYN-1\/4<\/td>\n<td width=\"210\">300-400<\/td>\n<\/tr>\n<tr>\n<td width=\"126\">10kv HRYW-1\/1<\/td>\n<td rowspan=\"4\" width=\"176\">Termina\u00e7\u00e3o exterior termorretr\u00e1ctil de cabo reticulado de 10kV<br \/>\n(condutor \u00fanico)<\/td>\n<td width=\"210\">25-50<\/td>\n<\/tr>\n<tr>\n<td width=\"126\">10kv HRYW-1\/2<\/td>\n<td width=\"210\">70-120<\/td>\n<\/tr>\n<tr>\n<td width=\"126\">10kv HRYW-1\/3<\/td>\n<td width=\"210\">150-240<\/td>\n<\/tr>\n<tr>\n<td width=\"126\">10kv HRYW-1\/4<\/td>\n<td width=\"210\">300-400<\/td>\n<\/tr>\n<tr>\n<td width=\"126\">10kv HRYJ-1\/1<\/td>\n<td rowspan=\"4\" width=\"176\">Cabo reticulado de 10kV junta de cabo termorretr\u00e1ctil<br \/>\n(condutor \u00fanico)<\/td>\n<td width=\"210\">25-50<\/td>\n<\/tr>\n<tr>\n<td width=\"126\">10kv HRYJ-1\/2<\/td>\n<td width=\"210\">70-120<\/td>\n<\/tr>\n<tr>\n<td width=\"126\">10kv HRYJ-1\/3<\/td>\n<td width=\"210\">150-240<\/td>\n<\/tr>\n<tr>\n<td width=\"126\">10kv HRYJ-1\/4<\/td>\n<td width=\"210\">300-400<\/td>\n<\/tr>\n<tr>\n<td width=\"126\">10kv HRYN-3\/1<\/td>\n<td rowspan=\"4\" width=\"176\">Termina\u00e7\u00e3o interior termorretr\u00e1ctil de cabo reticulado de 10kV<br \/>\n(tr\u00eas condutores)<\/td>\n<td width=\"210\">25-50<\/td>\n<\/tr>\n<tr>\n<td width=\"126\">10kv HRYN-3\/2<\/td>\n<td width=\"210\">70-120<\/td>\n<\/tr>\n<tr>\n<td width=\"126\">10kv HRYN-3\/3<\/td>\n<td width=\"210\">150-240<\/td>\n<\/tr>\n<tr>\n<td width=\"126\">10kv HRYN-3\/4<\/td>\n<td width=\"210\">300-400<\/td>\n<\/tr>\n<tr>\n<td width=\"126\">10kv HRYW-3\/1<\/td>\n<td rowspan=\"4\" width=\"176\">Termina\u00e7\u00e3o exterior termorretr\u00e1ctil de cabo reticulado de 10kV<br \/>\n(tr\u00eas condutores)<\/td>\n<td width=\"210\">25-50<\/td>\n<\/tr>\n<tr>\n<td width=\"126\">10kv HRYW-3\/2<\/td>\n<td width=\"210\">70-120<\/td>\n<\/tr>\n<tr>\n<td width=\"126\">10kv HRYW-3\/3<\/td>\n<td width=\"210\">150-240<\/td>\n<\/tr>\n<tr>\n<td width=\"126\">10kv HRYW-3\/4<\/td>\n<td width=\"210\">300-400<\/td>\n<\/tr>\n<tr>\n<td width=\"126\">10kv HRYJ-3\/1<\/td>\n<td rowspan=\"4\" width=\"176\">Cabo reticulado de 10kV junta de cabo termorretr\u00e1ctil<br \/>\n(tr\u00eas condutores)<\/td>\n<td width=\"210\">25-50<\/td>\n<\/tr>\n<tr>\n<td width=\"126\">10kv HRYJ-3\/2<\/td>\n<td width=\"210\">70-120<\/td>\n<\/tr>\n<tr>\n<td width=\"126\">10kv HRYJ-3\/3<\/td>\n<td width=\"210\">150-240<\/td>\n<\/tr>\n<tr>\n<td width=\"126\">10kv HRYJ-3\/4<\/td>\n<td width=\"210\">300-400<\/td>\n<\/tr>\n<tr>\n<td width=\"126\">35kv HRYN-1\/1<\/td>\n<td rowspan=\"3\" width=\"176\">Termina\u00e7\u00e3o interior termorretr\u00e1ctil de cabo reticulado de 35kV<br \/>\n(condutor \u00fanico)<\/td>\n<td width=\"210\">50-95<\/td>\n<\/tr>\n<tr>\n<td width=\"126\">35kv HRYN-1\/2<\/td>\n<td width=\"210\">120-185<\/td>\n<\/tr>\n<tr>\n<td width=\"126\">35kv HRYN-1\/3<\/td>\n<td width=\"210\">240-400<\/td>\n<\/tr>\n<tr>\n<td width=\"126\">35kv HRYW-1\/1<\/td>\n<td rowspan=\"3\" width=\"176\">Termina\u00e7\u00e3o exterior termorretr\u00e1ctil de cabo reticulado de 35kV<br \/>\n(condutor \u00fanico)<\/td>\n<td width=\"210\">50-95<\/td>\n<\/tr>\n<tr>\n<td width=\"126\">35kv HRYW-1\/2<\/td>\n<td width=\"210\">120-185<\/td>\n<\/tr>\n<tr>\n<td width=\"126\">35kv HRYW-1\/3<\/td>\n<td width=\"210\">240-400<\/td>\n<\/tr>\n<tr>\n<td width=\"126\">35kv HRYJ-1\/1<\/td>\n<td rowspan=\"3\" width=\"176\">Cabo reticulado de 35kV junta de cabo termorretr\u00e1ctil<br \/>\n(condutor \u00fanico)<\/td>\n<td width=\"210\">50-95<\/td>\n<\/tr>\n<tr>\n<td width=\"126\">35kv HRYJ-1\/2<\/td>\n<td width=\"210\">120-185<\/td>\n<\/tr>\n<tr>\n<td width=\"126\">35kv HRYJ-1\/3<\/td>\n<td width=\"210\">240-400<\/td>\n<\/tr>\n<tr>\n<td width=\"126\">35kv HRYN-3\/1<\/td>\n<td rowspan=\"3\" width=\"176\">Termina\u00e7\u00e3o interior termorretr\u00e1ctil de cabo reticulado de 35kV<br \/>\n(tr\u00eas condutores)<\/td>\n<td width=\"210\">50-95<\/td>\n<\/tr>\n<tr>\n<td width=\"126\">35kv HRYN-3\/2<\/td>\n<td width=\"210\">120-185<\/td>\n<\/tr>\n<tr>\n<td width=\"126\">35kv HRYN-3\/3<\/td>\n<td width=\"210\">240-400<\/td>\n<\/tr>\n<tr>\n<td width=\"126\">35kv HRYW-3\/1<\/td>\n<td rowspan=\"3\" width=\"176\">Termina\u00e7\u00e3o exterior termorretr\u00e1ctil de cabo reticulado de 35kV<br \/>\n(tr\u00eas condutores)<\/td>\n<td width=\"210\">50-95<\/td>\n<\/tr>\n<tr>\n<td width=\"126\">35kv HRYW-3\/2<\/td>\n<td width=\"210\">120-185<\/td>\n<\/tr>\n<tr>\n<td width=\"126\">35kv HRYW-3\/3<\/td>\n<td width=\"210\">240-400<\/td>\n<\/tr>\n<tr>\n<td width=\"126\">35kv HRYJ-3\/1<\/td>\n<td rowspan=\"3\" width=\"176\">Cabo reticulado de 35kV junta de cabo termorretr\u00e1ctil<br \/>\n(tr\u00eas condutores)<\/td>\n<td width=\"210\">50-95<\/td>\n<\/tr>\n<tr>\n<td width=\"126\">35kv HRYJ-3\/2<\/td>\n<td width=\"210\">120-185<\/td>\n<\/tr>\n<tr>\n<td width=\"126\">35kv HRYJ-3\/3<\/td>\n<td width=\"210\">240-400<\/td>\n<\/tr>\n<\/tbody>\n<\/table>\n<p>&nbsp;<\/p>","protected":false},"excerpt":{"rendered":"<p>A termina\u00e7\u00e3o termo-retr\u00e1til do cabo reticulado utiliza a tecnologia de liga\u00e7\u00e3o \u00e0 terra dupla, em que a liga\u00e7\u00e3o \u00e0 terra da armadura de a\u00e7o se separa da liga\u00e7\u00e3o \u00e0 terra da blindagem de cobre, de modo a que o ensaio do cabo seja mais razo\u00e1vel.<\/p>\n<p>Testar a liga\u00e7\u00e3o \u00e0 terra da armadura de a\u00e7o e a resist\u00eancia \u00e0 terra; se for conduzida, significa que a superf\u00edcie de prote\u00e7\u00e3o do cabo est\u00e1 danificada.<\/p>","protected":false},"featured_media":2469,"comment_status":"open","ping_status":"closed","template":"","meta":{"_acf_changed":false},"product_brand":[],"product_cat":[67],"product_tag":[],"class_list":{"0":"post-2464","1":"product","2":"type-product","3":"status-publish","4":"has-post-thumbnail","6":"product_cat-heat-shrinkable-tube","8":"first","9":"instock","10":"shipping-taxable","11":"product-type-simple"},"acf":[],"yoast_head":"<!-- This site is optimized with the Yoast SEO plugin v25.1 - https:\/\/yoast.com\/wordpress\/plugins\/seo\/ -->\n<title>Heat Shrinkable Cable Accessories - HDS Tie<\/title>\n<meta name=\"robots\" content=\"index, follow, max-snippet:-1, max-image-preview:large, max-video-preview:-1\" \/>\n<link rel=\"canonical\" href=\"https:\/\/hds-cabletie.com\/pt\/produk\/heat-shrinkable-cable-accessories\/\" \/>\n<meta property=\"og:locale\" content=\"pt_PT\" \/>\n<meta property=\"og:type\" content=\"article\" \/>\n<meta property=\"og:title\" content=\"Heat Shrinkable Cable Accessories - HDS Tie\" \/>\n<meta property=\"og:description\" content=\"The cross-linked cable thermal shrinkable termination uses the double-earthing technology, in which the steel armour earthing separates from the copper shield earthing, so that the cable trial is more reasonable.  Test the steel armour earthing and earth resistance, if it is conducted, it means the cable protection surface is damaged.\" \/>\n<meta property=\"og:url\" content=\"https:\/\/hds-cabletie.com\/pt\/produk\/heat-shrinkable-cable-accessories\/\" \/>\n<meta property=\"og:site_name\" content=\"HDS Tie\" \/>\n<meta property=\"og:image\" content=\"https:\/\/hds-cabletie.com\/wp-content\/uploads\/2025\/09\/\u4e3b\u56fe-9.webp\" \/>\n\t<meta property=\"og:image:width\" content=\"607\" \/>\n\t<meta property=\"og:image:height\" content=\"642\" \/>\n\t<meta property=\"og:image:type\" content=\"image\/webp\" \/>\n<meta name=\"twitter:card\" content=\"summary_large_image\" \/>\n<meta name=\"twitter:label1\" content=\"Tempo estimado de leitura\" \/>\n\t<meta name=\"twitter:data1\" content=\"3 minutos\" \/>\n<script type=\"application\/ld+json\" class=\"yoast-schema-graph\">{\"@context\":\"https:\/\/schema.org\",\"@graph\":[{\"@type\":\"WebPage\",\"@id\":\"https:\/\/hds-cabletie.com\/id\/produk\/heat-shrinkable-cable-accessories\/\",\"url\":\"https:\/\/hds-cabletie.com\/id\/produk\/heat-shrinkable-cable-accessories\/\",\"name\":\"Heat Shrinkable Cable Accessories - HDS Tie\",\"isPartOf\":{\"@id\":\"https:\/\/hds-cabletie.com\/ar\/#website\"},\"primaryImageOfPage\":{\"@id\":\"https:\/\/hds-cabletie.com\/id\/produk\/heat-shrinkable-cable-accessories\/#primaryimage\"},\"image\":{\"@id\":\"https:\/\/hds-cabletie.com\/id\/produk\/heat-shrinkable-cable-accessories\/#primaryimage\"},\"thumbnailUrl\":\"https:\/\/hds-cabletie.com\/wp-content\/uploads\/2025\/09\/\u4e3b\u56fe-9.webp\",\"datePublished\":\"2025-09-15T06:06:51+00:00\",\"breadcrumb\":{\"@id\":\"https:\/\/hds-cabletie.com\/id\/produk\/heat-shrinkable-cable-accessories\/#breadcrumb\"},\"inLanguage\":\"pt-PT\",\"potentialAction\":[{\"@type\":\"ReadAction\",\"target\":[\"https:\/\/hds-cabletie.com\/id\/produk\/heat-shrinkable-cable-accessories\/\"]}]},{\"@type\":\"ImageObject\",\"inLanguage\":\"pt-PT\",\"@id\":\"https:\/\/hds-cabletie.com\/id\/produk\/heat-shrinkable-cable-accessories\/#primaryimage\",\"url\":\"https:\/\/hds-cabletie.com\/wp-content\/uploads\/2025\/09\/\u4e3b\u56fe-9.webp\",\"contentUrl\":\"https:\/\/hds-cabletie.com\/wp-content\/uploads\/2025\/09\/\u4e3b\u56fe-9.webp\",\"width\":607,\"height\":642},{\"@type\":\"BreadcrumbList\",\"@id\":\"https:\/\/hds-cabletie.com\/id\/produk\/heat-shrinkable-cable-accessories\/#breadcrumb\",\"itemListElement\":[{\"@type\":\"ListItem\",\"position\":1,\"name\":\"Home\",\"item\":\"https:\/\/hds-cabletie.com\/\"},{\"@type\":\"ListItem\",\"position\":2,\"name\":\"Products\",\"item\":\"https:\/\/hds-cabletie.com\/de\/products\/\"},{\"@type\":\"ListItem\",\"position\":3,\"name\":\"Heat Shrinkable Cable Accessories\"}]},{\"@type\":\"WebSite\",\"@id\":\"https:\/\/hds-cabletie.com\/ar\/#website\",\"url\":\"https:\/\/hds-cabletie.com\/ar\/\",\"name\":\"HDS Tie\",\"description\":\"\",\"potentialAction\":[{\"@type\":\"SearchAction\",\"target\":{\"@type\":\"EntryPoint\",\"urlTemplate\":\"https:\/\/hds-cabletie.com\/ar\/?s={search_term_string}\"},\"query-input\":{\"@type\":\"PropertyValueSpecification\",\"valueRequired\":true,\"valueName\":\"search_term_string\"}}],\"inLanguage\":\"pt-PT\"}]}<\/script>\n<!-- \/ Yoast SEO plugin. -->","yoast_head_json":{"title":"Heat Shrinkable Cable Accessories - HDS Tie","robots":{"index":"index","follow":"follow","max-snippet":"max-snippet:-1","max-image-preview":"max-image-preview:large","max-video-preview":"max-video-preview:-1"},"canonical":"https:\/\/hds-cabletie.com\/pt\/produk\/heat-shrinkable-cable-accessories\/","og_locale":"pt_PT","og_type":"article","og_title":"Heat Shrinkable Cable Accessories - HDS Tie","og_description":"The cross-linked cable thermal shrinkable termination uses the double-earthing technology, in which the steel armour earthing separates from the copper shield earthing, so that the cable trial is more reasonable.  Test the steel armour earthing and earth resistance, if it is conducted, it means the cable protection surface is damaged.","og_url":"https:\/\/hds-cabletie.com\/pt\/produk\/heat-shrinkable-cable-accessories\/","og_site_name":"HDS Tie","og_image":[{"width":607,"height":642,"url":"https:\/\/hds-cabletie.com\/wp-content\/uploads\/2025\/09\/\u4e3b\u56fe-9.webp","type":"image\/webp"}],"twitter_card":"summary_large_image","twitter_misc":{"Tempo estimado de leitura":"3 minutos"},"schema":{"@context":"https:\/\/schema.org","@graph":[{"@type":"WebPage","@id":"https:\/\/hds-cabletie.com\/id\/produk\/heat-shrinkable-cable-accessories\/","url":"https:\/\/hds-cabletie.com\/id\/produk\/heat-shrinkable-cable-accessories\/","name":"Heat Shrinkable Cable Accessories - HDS Tie","isPartOf":{"@id":"https:\/\/hds-cabletie.com\/ar\/#website"},"primaryImageOfPage":{"@id":"https:\/\/hds-cabletie.com\/id\/produk\/heat-shrinkable-cable-accessories\/#primaryimage"},"image":{"@id":"https:\/\/hds-cabletie.com\/id\/produk\/heat-shrinkable-cable-accessories\/#primaryimage"},"thumbnailUrl":"https:\/\/hds-cabletie.com\/wp-content\/uploads\/2025\/09\/\u4e3b\u56fe-9.webp","datePublished":"2025-09-15T06:06:51+00:00","breadcrumb":{"@id":"https:\/\/hds-cabletie.com\/id\/produk\/heat-shrinkable-cable-accessories\/#breadcrumb"},"inLanguage":"pt-PT","potentialAction":[{"@type":"ReadAction","target":["https:\/\/hds-cabletie.com\/id\/produk\/heat-shrinkable-cable-accessories\/"]}]},{"@type":"ImageObject","inLanguage":"pt-PT","@id":"https:\/\/hds-cabletie.com\/id\/produk\/heat-shrinkable-cable-accessories\/#primaryimage","url":"https:\/\/hds-cabletie.com\/wp-content\/uploads\/2025\/09\/\u4e3b\u56fe-9.webp","contentUrl":"https:\/\/hds-cabletie.com\/wp-content\/uploads\/2025\/09\/\u4e3b\u56fe-9.webp","width":607,"height":642},{"@type":"BreadcrumbList","@id":"https:\/\/hds-cabletie.com\/id\/produk\/heat-shrinkable-cable-accessories\/#breadcrumb","itemListElement":[{"@type":"ListItem","position":1,"name":"Home","item":"https:\/\/hds-cabletie.com\/"},{"@type":"ListItem","position":2,"name":"Products","item":"https:\/\/hds-cabletie.com\/de\/products\/"},{"@type":"ListItem","position":3,"name":"Heat Shrinkable Cable Accessories"}]},{"@type":"WebSite","@id":"https:\/\/hds-cabletie.com\/ar\/#website","url":"https:\/\/hds-cabletie.com\/ar\/","name":"HDS Tie","description":"","potentialAction":[{"@type":"SearchAction","target":{"@type":"EntryPoint","urlTemplate":"https:\/\/hds-cabletie.com\/ar\/?s={search_term_string}"},"query-input":{"@type":"PropertyValueSpecification","valueRequired":true,"valueName":"search_term_string"}}],"inLanguage":"pt-PT"}]}},"_links":{"self":[{"href":"https:\/\/hds-cabletie.com\/pt\/wp-json\/wp\/v2\/product\/2464","targetHints":{"allow":["GET"]}}],"collection":[{"href":"https:\/\/hds-cabletie.com\/pt\/wp-json\/wp\/v2\/product"}],"about":[{"href":"https:\/\/hds-cabletie.com\/pt\/wp-json\/wp\/v2\/types\/product"}],"replies":[{"embeddable":true,"href":"https:\/\/hds-cabletie.com\/pt\/wp-json\/wp\/v2\/comments?post=2464"}],"wp:featuredmedia":[{"embeddable":true,"href":"https:\/\/hds-cabletie.com\/pt\/wp-json\/wp\/v2\/media\/2469"}],"wp:attachment":[{"href":"https:\/\/hds-cabletie.com\/pt\/wp-json\/wp\/v2\/media?parent=2464"}],"wp:term":[{"taxonomy":"product_brand","embeddable":true,"href":"https:\/\/hds-cabletie.com\/pt\/wp-json\/wp\/v2\/product_brand?post=2464"},{"taxonomy":"product_cat","embeddable":true,"href":"https:\/\/hds-cabletie.com\/pt\/wp-json\/wp\/v2\/product_cat?post=2464"},{"taxonomy":"product_tag","embeddable":true,"href":"https:\/\/hds-cabletie.com\/pt\/wp-json\/wp\/v2\/product_tag?post=2464"}],"curies":[{"name":"wp","href":"https:\/\/api.w.org\/{rel}","templated":true}]}}