{"id":2391,"date":"2025-09-11T05:43:02","date_gmt":"2025-09-11T05:43:02","guid":{"rendered":"https:\/\/hds-cabletie.com\/?post_type=product&#038;p=2391"},"modified":"2025-10-10T06:46:27","modified_gmt":"2025-10-10T06:46:27","slug":"fish-bone-shape-head-tie","status":"publish","type":"product","link":"https:\/\/hds-cabletie.com\/pt\/produto\/fish-bone-shape-head-tie\/","title":{"rendered":"La\u00e7o de cabe\u00e7a em forma de espinha de peixe"},"content":{"rendered":"<p><strong><b>C<\/b><\/strong><strong><b>certificado<\/b><\/strong><strong><b>i\u00e3o: <\/b><\/strong>CE, ROHS, SGS Relat\u00f3rio de teste.<\/p>\n<p><strong><b>Temperatura de funcionamento<\/b><\/strong><strong><b>: <\/b><\/strong>-40\u2103 a 85\u2103.<\/p>\n<p><strong><b>Carater\u00edstica<\/b><\/strong><strong><b>: <\/b><\/strong>\u00c1cido, resistente \u00e0 eros\u00e3o, bom isolamento e pouco suscet\u00edvel de envelhecer.<\/p>\n<p><strong>Detalhe da embalagem: \u00a0\u00a0<\/strong>A.Embalagem comum: 100Pcs + Polybag + Etiqueta + Caixa de exporta\u00e7\u00e3o. B.Embalagem personalizada: Embalagem de cart\u00e3o de cabe\u00e7alho, Blister com embalagem de cart\u00e3o, ou como personalizado.<\/p>\n<p><strong>Prazo de entrega:<\/strong>\u00a0Em 7-30 dias ap\u00f3s a rece\u00e7\u00e3o do dep\u00f3sito, de acordo com a quantidade da encomenda.<\/p>\n<p><strong><b>Condi\u00e7\u00f5es de pagamento:<\/b><\/strong><strong><b>\u00a0<\/b><\/strong>T\/T, L\/C, Western Union, PayPal.<\/p>\n<p><strong><b>Porta de carregamento: <\/b><\/strong>Porto de NINGBO ou de SHANGHAI<\/p>\n<p><strong><b>Resist\u00eancia \u00e0 tra\u00e7\u00e3o:<\/b><\/strong><strong><b>\u00a01<\/b><\/strong>8-40LBS<\/p>\n<p><strong><b>Marca:<\/b><\/strong>\u00a0Pacote HDS ou OEM<\/p>\n<h2><strong><b>As amostras est\u00e3o dispon\u00edveis para enviar para verificar a nossa qualidade!<\/b><\/strong><\/h2>\n<table>\n<tbody>\n<tr>\n<td>Tipo<\/td>\n<td>L (mm)<\/td>\n<td>L (mm)<\/td>\n<td>Di\u00e2metro m\u00e1ximo do feixe (mm)<\/td>\n<td>Embalagem<\/td>\n<\/tr>\n<tr>\n<td>HDS-140<\/td>\n<td>140<\/td>\n<td>9<\/td>\n<td>35<\/td>\n<td rowspan=\"5\">100 UNIDADES<\/td>\n<\/tr>\n<tr>\n<td>HDS-160<\/td>\n<td>160<\/td>\n<td>9<\/td>\n<td>40<\/td>\n<\/tr>\n<tr>\n<td>HDS-160<\/td>\n<td>160<\/td>\n<td>4<\/td>\n<td>40<\/td>\n<\/tr>\n<tr>\n<td>HDS-200<\/td>\n<td>200<\/td>\n<td>9<\/td>\n<td>50<\/td>\n<\/tr>\n<tr>\n<td>HDS-210<\/td>\n<td>210<\/td>\n<td>9<\/td>\n<td>55<\/td>\n<\/tr>\n<\/tbody>\n<\/table>","protected":false},"excerpt":{"rendered":"<p><strong><b>Material:<\/b><\/strong>\u00a0Nylon 66, 94V-2 certificado pela UL.<\/p>\n<p><strong><b>Cor:<\/b><\/strong><strong><b>\u00a0<\/b><\/strong>Natural (branco), preto e colorido.<\/p>\n<p>Tamanho dispon\u00edvel:<\/p>\n<p>Largura 4mm com comprimento 160mm<\/p>\n<p>Largura 9.0mm com comprimento 140mm-210mm<\/p>\n<p>Tipo: Gravata em forma de espinha de peixe<\/p>","protected":false},"featured_media":2393,"comment_status":"open","ping_status":"closed","template":"","meta":{"_acf_changed":false},"product_brand":[],"product_cat":[16,79],"product_tag":[],"class_list":{"0":"post-2391","1":"product","2":"type-product","3":"status-publish","4":"has-post-thumbnail","6":"product_cat-nylon-cable-tie","7":"product_cat-other-type-nylon-cable-ties","9":"first","10":"instock","11":"shipping-taxable","12":"product-type-simple"},"acf":[],"yoast_head":"<!-- This site is optimized with the Yoast SEO plugin v25.1 - https:\/\/yoast.com\/wordpress\/plugins\/seo\/ -->\n<title>Fish Bone Shape Head Tie - HDS Tie<\/title>\n<meta name=\"robots\" content=\"index, follow, max-snippet:-1, max-image-preview:large, max-video-preview:-1\" \/>\n<link rel=\"canonical\" href=\"https:\/\/aliceblue-chamois-108160.hostingersite.com\/id\/produk\/fish-bone-shape-head-tie\/\" \/>\n<meta property=\"og:locale\" content=\"pt_PT\" \/>\n<meta property=\"og:type\" content=\"article\" \/>\n<meta property=\"og:title\" content=\"Fish Bone Shape Head Tie - HDS Tie\" \/>\n<meta property=\"og:description\" content=\"Material:\u00a0Nylon 66, 94V-2 certificated by UL.  Color:\u00a0Natural (white), black and colorful.  Available size:  Width 4mm with length 160mm  Width 9.0mm with length 140mm-210mm  Type: Fish bone shape head tie\" \/>\n<meta property=\"og:url\" content=\"https:\/\/aliceblue-chamois-108160.hostingersite.com\/id\/produk\/fish-bone-shape-head-tie\/\" \/>\n<meta property=\"og:site_name\" content=\"HDS Tie\" \/>\n<meta property=\"article:modified_time\" content=\"2025-10-10T06:46:27+00:00\" \/>\n<meta property=\"og:image\" content=\"https:\/\/hds-cabletie.com\/wp-content\/uploads\/2025\/09\/\u4e3b\u56fe-6.webp\" \/>\n\t<meta property=\"og:image:width\" content=\"800\" \/>\n\t<meta property=\"og:image:height\" content=\"800\" \/>\n\t<meta property=\"og:image:type\" content=\"image\/webp\" \/>\n<meta name=\"twitter:card\" content=\"summary_large_image\" \/>\n<meta name=\"twitter:label1\" content=\"Tempo estimado de leitura\" \/>\n\t<meta name=\"twitter:data1\" content=\"1 minuto\" \/>\n<script type=\"application\/ld+json\" class=\"yoast-schema-graph\">{\"@context\":\"https:\/\/schema.org\",\"@graph\":[{\"@type\":\"WebPage\",\"@id\":\"https:\/\/aliceblue-chamois-108160.hostingersite.com\/id\/produk\/fish-bone-shape-head-tie\/\",\"url\":\"https:\/\/aliceblue-chamois-108160.hostingersite.com\/id\/produk\/fish-bone-shape-head-tie\/\",\"name\":\"Fish Bone Shape Head Tie - HDS Tie\",\"isPartOf\":{\"@id\":\"https:\/\/hds-cabletie.com\/ar\/#website\"},\"primaryImageOfPage\":{\"@id\":\"https:\/\/aliceblue-chamois-108160.hostingersite.com\/id\/produk\/fish-bone-shape-head-tie\/#primaryimage\"},\"image\":{\"@id\":\"https:\/\/aliceblue-chamois-108160.hostingersite.com\/id\/produk\/fish-bone-shape-head-tie\/#primaryimage\"},\"thumbnailUrl\":\"https:\/\/hds-cabletie.com\/wp-content\/uploads\/2025\/09\/\u4e3b\u56fe-6.webp\",\"datePublished\":\"2025-09-11T05:43:02+00:00\",\"dateModified\":\"2025-10-10T06:46:27+00:00\",\"breadcrumb\":{\"@id\":\"https:\/\/aliceblue-chamois-108160.hostingersite.com\/id\/produk\/fish-bone-shape-head-tie\/#breadcrumb\"},\"inLanguage\":\"pt-PT\",\"potentialAction\":[{\"@type\":\"ReadAction\",\"target\":[\"https:\/\/aliceblue-chamois-108160.hostingersite.com\/id\/produk\/fish-bone-shape-head-tie\/\"]}]},{\"@type\":\"ImageObject\",\"inLanguage\":\"pt-PT\",\"@id\":\"https:\/\/aliceblue-chamois-108160.hostingersite.com\/id\/produk\/fish-bone-shape-head-tie\/#primaryimage\",\"url\":\"https:\/\/hds-cabletie.com\/wp-content\/uploads\/2025\/09\/\u4e3b\u56fe-6.webp\",\"contentUrl\":\"https:\/\/hds-cabletie.com\/wp-content\/uploads\/2025\/09\/\u4e3b\u56fe-6.webp\",\"width\":800,\"height\":800},{\"@type\":\"BreadcrumbList\",\"@id\":\"https:\/\/aliceblue-chamois-108160.hostingersite.com\/id\/produk\/fish-bone-shape-head-tie\/#breadcrumb\",\"itemListElement\":[{\"@type\":\"ListItem\",\"position\":1,\"name\":\"Home\",\"item\":\"https:\/\/hds-cabletie.com\/\"},{\"@type\":\"ListItem\",\"position\":2,\"name\":\"Products\",\"item\":\"https:\/\/hds-cabletie.com\/de\/products\/\"},{\"@type\":\"ListItem\",\"position\":3,\"name\":\"Fish Bone Shape Head Tie\"}]},{\"@type\":\"WebSite\",\"@id\":\"https:\/\/hds-cabletie.com\/ar\/#website\",\"url\":\"https:\/\/hds-cabletie.com\/ar\/\",\"name\":\"HDS Tie\",\"description\":\"\",\"potentialAction\":[{\"@type\":\"SearchAction\",\"target\":{\"@type\":\"EntryPoint\",\"urlTemplate\":\"https:\/\/hds-cabletie.com\/ar\/?s={search_term_string}\"},\"query-input\":{\"@type\":\"PropertyValueSpecification\",\"valueRequired\":true,\"valueName\":\"search_term_string\"}}],\"inLanguage\":\"pt-PT\"}]}<\/script>\n<!-- \/ Yoast SEO plugin. -->","yoast_head_json":{"title":"Fish Bone Shape Head Tie - HDS Tie","robots":{"index":"index","follow":"follow","max-snippet":"max-snippet:-1","max-image-preview":"max-image-preview:large","max-video-preview":"max-video-preview:-1"},"canonical":"https:\/\/aliceblue-chamois-108160.hostingersite.com\/id\/produk\/fish-bone-shape-head-tie\/","og_locale":"pt_PT","og_type":"article","og_title":"Fish Bone Shape Head Tie - HDS Tie","og_description":"Material:\u00a0Nylon 66, 94V-2 certificated by UL.  Color:\u00a0Natural (white), black and colorful.  Available size:  Width 4mm with length 160mm  Width 9.0mm with length 140mm-210mm  Type: Fish bone shape head tie","og_url":"https:\/\/aliceblue-chamois-108160.hostingersite.com\/id\/produk\/fish-bone-shape-head-tie\/","og_site_name":"HDS Tie","article_modified_time":"2025-10-10T06:46:27+00:00","og_image":[{"width":800,"height":800,"url":"https:\/\/hds-cabletie.com\/wp-content\/uploads\/2025\/09\/\u4e3b\u56fe-6.webp","type":"image\/webp"}],"twitter_card":"summary_large_image","twitter_misc":{"Tempo estimado de leitura":"1 minuto"},"schema":{"@context":"https:\/\/schema.org","@graph":[{"@type":"WebPage","@id":"https:\/\/aliceblue-chamois-108160.hostingersite.com\/id\/produk\/fish-bone-shape-head-tie\/","url":"https:\/\/aliceblue-chamois-108160.hostingersite.com\/id\/produk\/fish-bone-shape-head-tie\/","name":"Fish Bone Shape Head Tie - HDS Tie","isPartOf":{"@id":"https:\/\/hds-cabletie.com\/ar\/#website"},"primaryImageOfPage":{"@id":"https:\/\/aliceblue-chamois-108160.hostingersite.com\/id\/produk\/fish-bone-shape-head-tie\/#primaryimage"},"image":{"@id":"https:\/\/aliceblue-chamois-108160.hostingersite.com\/id\/produk\/fish-bone-shape-head-tie\/#primaryimage"},"thumbnailUrl":"https:\/\/hds-cabletie.com\/wp-content\/uploads\/2025\/09\/\u4e3b\u56fe-6.webp","datePublished":"2025-09-11T05:43:02+00:00","dateModified":"2025-10-10T06:46:27+00:00","breadcrumb":{"@id":"https:\/\/aliceblue-chamois-108160.hostingersite.com\/id\/produk\/fish-bone-shape-head-tie\/#breadcrumb"},"inLanguage":"pt-PT","potentialAction":[{"@type":"ReadAction","target":["https:\/\/aliceblue-chamois-108160.hostingersite.com\/id\/produk\/fish-bone-shape-head-tie\/"]}]},{"@type":"ImageObject","inLanguage":"pt-PT","@id":"https:\/\/aliceblue-chamois-108160.hostingersite.com\/id\/produk\/fish-bone-shape-head-tie\/#primaryimage","url":"https:\/\/hds-cabletie.com\/wp-content\/uploads\/2025\/09\/\u4e3b\u56fe-6.webp","contentUrl":"https:\/\/hds-cabletie.com\/wp-content\/uploads\/2025\/09\/\u4e3b\u56fe-6.webp","width":800,"height":800},{"@type":"BreadcrumbList","@id":"https:\/\/aliceblue-chamois-108160.hostingersite.com\/id\/produk\/fish-bone-shape-head-tie\/#breadcrumb","itemListElement":[{"@type":"ListItem","position":1,"name":"Home","item":"https:\/\/hds-cabletie.com\/"},{"@type":"ListItem","position":2,"name":"Products","item":"https:\/\/hds-cabletie.com\/de\/products\/"},{"@type":"ListItem","position":3,"name":"Fish Bone Shape Head Tie"}]},{"@type":"WebSite","@id":"https:\/\/hds-cabletie.com\/ar\/#website","url":"https:\/\/hds-cabletie.com\/ar\/","name":"HDS Tie","description":"","potentialAction":[{"@type":"SearchAction","target":{"@type":"EntryPoint","urlTemplate":"https:\/\/hds-cabletie.com\/ar\/?s={search_term_string}"},"query-input":{"@type":"PropertyValueSpecification","valueRequired":true,"valueName":"search_term_string"}}],"inLanguage":"pt-PT"}]}},"_links":{"self":[{"href":"https:\/\/hds-cabletie.com\/pt\/wp-json\/wp\/v2\/product\/2391","targetHints":{"allow":["GET"]}}],"collection":[{"href":"https:\/\/hds-cabletie.com\/pt\/wp-json\/wp\/v2\/product"}],"about":[{"href":"https:\/\/hds-cabletie.com\/pt\/wp-json\/wp\/v2\/types\/product"}],"replies":[{"embeddable":true,"href":"https:\/\/hds-cabletie.com\/pt\/wp-json\/wp\/v2\/comments?post=2391"}],"wp:featuredmedia":[{"embeddable":true,"href":"https:\/\/hds-cabletie.com\/pt\/wp-json\/wp\/v2\/media\/2393"}],"wp:attachment":[{"href":"https:\/\/hds-cabletie.com\/pt\/wp-json\/wp\/v2\/media?parent=2391"}],"wp:term":[{"taxonomy":"product_brand","embeddable":true,"href":"https:\/\/hds-cabletie.com\/pt\/wp-json\/wp\/v2\/product_brand?post=2391"},{"taxonomy":"product_cat","embeddable":true,"href":"https:\/\/hds-cabletie.com\/pt\/wp-json\/wp\/v2\/product_cat?post=2391"},{"taxonomy":"product_tag","embeddable":true,"href":"https:\/\/hds-cabletie.com\/pt\/wp-json\/wp\/v2\/product_tag?post=2391"}],"curies":[{"name":"wp","href":"https:\/\/api.w.org\/{rel}","templated":true}]}}