{"id":2382,"date":"2025-09-11T05:40:26","date_gmt":"2025-09-11T05:40:26","guid":{"rendered":"https:\/\/hds-cabletie.com\/?post_type=product&#038;p=2382"},"modified":"2025-10-10T06:46:31","modified_gmt":"2025-10-10T06:46:31","slug":"trapezia-type-cable-tie","status":"publish","type":"product","link":"https:\/\/hds-cabletie.com\/pt\/produto\/trapezia-type-cable-tie\/","title":{"rendered":"Abra\u00e7adeira tipo Trapezia"},"content":{"rendered":"<p><strong><b>Material:<\/b><\/strong>\u00a0Nylon 66, 94V-2 certificado pela UL.<\/p>\n<p><strong><b>Cor:<\/b><\/strong>\u00a0Natural (branco), preto e colorido.<\/p>\n<p><strong><b>Certifica\u00e7\u00e3o:<\/b><\/strong>\u00a0CE, ROHS, SGS Relat\u00f3rio de teste.<\/p>\n<p><strong><b>Temperatura de funcionamento:<\/b><\/strong>\u00a0-40\u2103 a 85\u2103.<\/p>\n<p><strong><b>Carater\u00edstica:<\/b><\/strong>\u00a0\u00c1cido, resistente \u00e0 eros\u00e3o, bom isolamento e pouco suscet\u00edvel de envelhecer.<\/p>\n<p><strong><b>Detalhe da embalagem:<\/b><\/strong>\u00a0\u00a0A.Embalagem comum: 100Pcs + Polybag + Etiqueta + Caixa de exporta\u00e7\u00e3o.<\/p>\n<p>B.Embalagem personalizada: Embalagem de cart\u00e3o de cabe\u00e7alho, Blister com embalagem de cart\u00e3o, ou conforme personalizado.<\/p>\n<p><strong><b>Prazo de entrega:\u00a0<\/b><\/strong>Em 7-30 dias ap\u00f3s a rece\u00e7\u00e3o do dep\u00f3sito, de acordo com a quantidade da encomenda.<\/p>\n<p><strong><b>Condi\u00e7\u00f5es de pagamento:<\/b><\/strong>\u00a0T\/T, L\/C, Western Union, PayPal.<\/p>\n<h2><strong><b>As amostras est\u00e3o dispon\u00edveis para enviar para verificar a nossa qualidade!<\/b><\/strong><\/h2>","protected":false},"excerpt":{"rendered":"<p><strong><b>Material:<\/b><\/strong>\u00a0Nylon 66, 94V-2 certificado pela UL.<\/p>\n<p><strong><b>Cor:<\/b><\/strong>\u00a0Natural (branco), preto e colorido.<\/p>\n<p><strong><b>Certifica\u00e7\u00e3o:<\/b><\/strong>\u00a0CE, ROHS, SGS Relat\u00f3rio de teste.<\/p>\n<p><strong><b>Temperatura de funcionamento:<\/b><\/strong>\u00a0-40\u2103 a 85\u2103.<\/p>","protected":false},"featured_media":2384,"comment_status":"open","ping_status":"closed","template":"","meta":{"_acf_changed":false},"product_brand":[],"product_cat":[16,79],"product_tag":[],"class_list":{"0":"post-2382","1":"product","2":"type-product","3":"status-publish","4":"has-post-thumbnail","6":"product_cat-nylon-cable-tie","7":"product_cat-other-type-nylon-cable-ties","9":"first","10":"instock","11":"shipping-taxable","12":"product-type-simple"},"acf":[],"yoast_head":"<!-- This site is optimized with the Yoast SEO plugin v25.1 - https:\/\/yoast.com\/wordpress\/plugins\/seo\/ -->\n<title>Trapezia Type Cable Tie - HDS Tie<\/title>\n<meta name=\"robots\" content=\"index, follow, max-snippet:-1, max-image-preview:large, max-video-preview:-1\" \/>\n<link rel=\"canonical\" href=\"https:\/\/hds-cabletie.com\/pt\/produto\/trapezia-type-cable-tie\/\" \/>\n<meta property=\"og:locale\" content=\"pt_PT\" \/>\n<meta property=\"og:type\" content=\"article\" \/>\n<meta property=\"og:title\" content=\"Trapezia Type Cable Tie - HDS Tie\" \/>\n<meta property=\"og:description\" content=\"Material:\u00a0Nylon 66, 94V-2 certificated by UL.  Color:\u00a0Natural (white), black and colorful.  Certification:\u00a0CE,ROHS,SGS Test Report.  Operating\u00a0Temperature:\u00a0-40\u2103\u00a0to\u00a085\u2103.\" \/>\n<meta property=\"og:url\" content=\"https:\/\/hds-cabletie.com\/pt\/produto\/trapezia-type-cable-tie\/\" \/>\n<meta property=\"og:site_name\" content=\"HDS Tie\" \/>\n<meta property=\"article:modified_time\" content=\"2025-10-10T06:46:31+00:00\" \/>\n<meta property=\"og:image\" content=\"https:\/\/hds-cabletie.com\/wp-content\/uploads\/2025\/09\/\u4e3b\u56fe-5.webp\" \/>\n\t<meta property=\"og:image:width\" content=\"800\" \/>\n\t<meta property=\"og:image:height\" content=\"800\" \/>\n\t<meta property=\"og:image:type\" content=\"image\/webp\" \/>\n<meta name=\"twitter:card\" content=\"summary_large_image\" \/>\n<meta name=\"twitter:label1\" content=\"Tempo estimado de leitura\" \/>\n\t<meta name=\"twitter:data1\" content=\"1 minuto\" \/>\n<script type=\"application\/ld+json\" class=\"yoast-schema-graph\">{\"@context\":\"https:\/\/schema.org\",\"@graph\":[{\"@type\":\"WebPage\",\"@id\":\"https:\/\/hds-cabletie.com\/uk\/product\/trapezia-type-cable-tie\/\",\"url\":\"https:\/\/hds-cabletie.com\/uk\/product\/trapezia-type-cable-tie\/\",\"name\":\"Trapezia Type Cable Tie - HDS Tie\",\"isPartOf\":{\"@id\":\"https:\/\/hds-cabletie.com\/ar\/#website\"},\"primaryImageOfPage\":{\"@id\":\"https:\/\/hds-cabletie.com\/uk\/product\/trapezia-type-cable-tie\/#primaryimage\"},\"image\":{\"@id\":\"https:\/\/hds-cabletie.com\/uk\/product\/trapezia-type-cable-tie\/#primaryimage\"},\"thumbnailUrl\":\"https:\/\/hds-cabletie.com\/wp-content\/uploads\/2025\/09\/\u4e3b\u56fe-5.webp\",\"datePublished\":\"2025-09-11T05:40:26+00:00\",\"dateModified\":\"2025-10-10T06:46:31+00:00\",\"breadcrumb\":{\"@id\":\"https:\/\/hds-cabletie.com\/uk\/product\/trapezia-type-cable-tie\/#breadcrumb\"},\"inLanguage\":\"pt-PT\",\"potentialAction\":[{\"@type\":\"ReadAction\",\"target\":[\"https:\/\/hds-cabletie.com\/uk\/product\/trapezia-type-cable-tie\/\"]}]},{\"@type\":\"ImageObject\",\"inLanguage\":\"pt-PT\",\"@id\":\"https:\/\/hds-cabletie.com\/uk\/product\/trapezia-type-cable-tie\/#primaryimage\",\"url\":\"https:\/\/hds-cabletie.com\/wp-content\/uploads\/2025\/09\/\u4e3b\u56fe-5.webp\",\"contentUrl\":\"https:\/\/hds-cabletie.com\/wp-content\/uploads\/2025\/09\/\u4e3b\u56fe-5.webp\",\"width\":800,\"height\":800},{\"@type\":\"BreadcrumbList\",\"@id\":\"https:\/\/hds-cabletie.com\/uk\/product\/trapezia-type-cable-tie\/#breadcrumb\",\"itemListElement\":[{\"@type\":\"ListItem\",\"position\":1,\"name\":\"Home\",\"item\":\"https:\/\/hds-cabletie.com\/\"},{\"@type\":\"ListItem\",\"position\":2,\"name\":\"Products\",\"item\":\"https:\/\/hds-cabletie.com\/de\/products\/\"},{\"@type\":\"ListItem\",\"position\":3,\"name\":\"Trapezia Type Cable Tie\"}]},{\"@type\":\"WebSite\",\"@id\":\"https:\/\/hds-cabletie.com\/ar\/#website\",\"url\":\"https:\/\/hds-cabletie.com\/ar\/\",\"name\":\"HDS Tie\",\"description\":\"\",\"potentialAction\":[{\"@type\":\"SearchAction\",\"target\":{\"@type\":\"EntryPoint\",\"urlTemplate\":\"https:\/\/hds-cabletie.com\/ar\/?s={search_term_string}\"},\"query-input\":{\"@type\":\"PropertyValueSpecification\",\"valueRequired\":true,\"valueName\":\"search_term_string\"}}],\"inLanguage\":\"pt-PT\"}]}<\/script>\n<!-- \/ Yoast SEO plugin. -->","yoast_head_json":{"title":"Trapezia Type Cable Tie - HDS Tie","robots":{"index":"index","follow":"follow","max-snippet":"max-snippet:-1","max-image-preview":"max-image-preview:large","max-video-preview":"max-video-preview:-1"},"canonical":"https:\/\/hds-cabletie.com\/pt\/produto\/trapezia-type-cable-tie\/","og_locale":"pt_PT","og_type":"article","og_title":"Trapezia Type Cable Tie - HDS Tie","og_description":"Material:\u00a0Nylon 66, 94V-2 certificated by UL.  Color:\u00a0Natural (white), black and colorful.  Certification:\u00a0CE,ROHS,SGS Test Report.  Operating\u00a0Temperature:\u00a0-40\u2103\u00a0to\u00a085\u2103.","og_url":"https:\/\/hds-cabletie.com\/pt\/produto\/trapezia-type-cable-tie\/","og_site_name":"HDS Tie","article_modified_time":"2025-10-10T06:46:31+00:00","og_image":[{"width":800,"height":800,"url":"https:\/\/hds-cabletie.com\/wp-content\/uploads\/2025\/09\/\u4e3b\u56fe-5.webp","type":"image\/webp"}],"twitter_card":"summary_large_image","twitter_misc":{"Tempo estimado de leitura":"1 minuto"},"schema":{"@context":"https:\/\/schema.org","@graph":[{"@type":"WebPage","@id":"https:\/\/hds-cabletie.com\/uk\/product\/trapezia-type-cable-tie\/","url":"https:\/\/hds-cabletie.com\/uk\/product\/trapezia-type-cable-tie\/","name":"Trapezia Type Cable Tie - HDS Tie","isPartOf":{"@id":"https:\/\/hds-cabletie.com\/ar\/#website"},"primaryImageOfPage":{"@id":"https:\/\/hds-cabletie.com\/uk\/product\/trapezia-type-cable-tie\/#primaryimage"},"image":{"@id":"https:\/\/hds-cabletie.com\/uk\/product\/trapezia-type-cable-tie\/#primaryimage"},"thumbnailUrl":"https:\/\/hds-cabletie.com\/wp-content\/uploads\/2025\/09\/\u4e3b\u56fe-5.webp","datePublished":"2025-09-11T05:40:26+00:00","dateModified":"2025-10-10T06:46:31+00:00","breadcrumb":{"@id":"https:\/\/hds-cabletie.com\/uk\/product\/trapezia-type-cable-tie\/#breadcrumb"},"inLanguage":"pt-PT","potentialAction":[{"@type":"ReadAction","target":["https:\/\/hds-cabletie.com\/uk\/product\/trapezia-type-cable-tie\/"]}]},{"@type":"ImageObject","inLanguage":"pt-PT","@id":"https:\/\/hds-cabletie.com\/uk\/product\/trapezia-type-cable-tie\/#primaryimage","url":"https:\/\/hds-cabletie.com\/wp-content\/uploads\/2025\/09\/\u4e3b\u56fe-5.webp","contentUrl":"https:\/\/hds-cabletie.com\/wp-content\/uploads\/2025\/09\/\u4e3b\u56fe-5.webp","width":800,"height":800},{"@type":"BreadcrumbList","@id":"https:\/\/hds-cabletie.com\/uk\/product\/trapezia-type-cable-tie\/#breadcrumb","itemListElement":[{"@type":"ListItem","position":1,"name":"Home","item":"https:\/\/hds-cabletie.com\/"},{"@type":"ListItem","position":2,"name":"Products","item":"https:\/\/hds-cabletie.com\/de\/products\/"},{"@type":"ListItem","position":3,"name":"Trapezia Type Cable Tie"}]},{"@type":"WebSite","@id":"https:\/\/hds-cabletie.com\/ar\/#website","url":"https:\/\/hds-cabletie.com\/ar\/","name":"HDS Tie","description":"","potentialAction":[{"@type":"SearchAction","target":{"@type":"EntryPoint","urlTemplate":"https:\/\/hds-cabletie.com\/ar\/?s={search_term_string}"},"query-input":{"@type":"PropertyValueSpecification","valueRequired":true,"valueName":"search_term_string"}}],"inLanguage":"pt-PT"}]}},"_links":{"self":[{"href":"https:\/\/hds-cabletie.com\/pt\/wp-json\/wp\/v2\/product\/2382","targetHints":{"allow":["GET"]}}],"collection":[{"href":"https:\/\/hds-cabletie.com\/pt\/wp-json\/wp\/v2\/product"}],"about":[{"href":"https:\/\/hds-cabletie.com\/pt\/wp-json\/wp\/v2\/types\/product"}],"replies":[{"embeddable":true,"href":"https:\/\/hds-cabletie.com\/pt\/wp-json\/wp\/v2\/comments?post=2382"}],"wp:featuredmedia":[{"embeddable":true,"href":"https:\/\/hds-cabletie.com\/pt\/wp-json\/wp\/v2\/media\/2384"}],"wp:attachment":[{"href":"https:\/\/hds-cabletie.com\/pt\/wp-json\/wp\/v2\/media?parent=2382"}],"wp:term":[{"taxonomy":"product_brand","embeddable":true,"href":"https:\/\/hds-cabletie.com\/pt\/wp-json\/wp\/v2\/product_brand?post=2382"},{"taxonomy":"product_cat","embeddable":true,"href":"https:\/\/hds-cabletie.com\/pt\/wp-json\/wp\/v2\/product_cat?post=2382"},{"taxonomy":"product_tag","embeddable":true,"href":"https:\/\/hds-cabletie.com\/pt\/wp-json\/wp\/v2\/product_tag?post=2382"}],"curies":[{"name":"wp","href":"https:\/\/api.w.org\/{rel}","templated":true}]}}