{"id":2366,"date":"2025-09-11T03:57:54","date_gmt":"2025-09-11T03:57:54","guid":{"rendered":"https:\/\/hds-cabletie.com\/?post_type=product&#038;p=2366"},"modified":"2025-10-10T06:46:40","modified_gmt":"2025-10-10T06:46:40","slug":"push-mount-tie","status":"publish","type":"product","link":"https:\/\/hds-cabletie.com\/pt\/produto\/push-mount-tie\/","title":{"rendered":"Gravata de montagem por press\u00e3o"},"content":{"rendered":"<p><strong><b>C<\/b><\/strong><strong><b>certificado<\/b><\/strong><strong><b>i\u00e3o: <\/b><\/strong>CE, ROHS, SGS Relat\u00f3rio de teste.<\/p>\n<p><strong><b>Temperatura de funcionamento<\/b><\/strong><strong><b>: <\/b><\/strong>-40\u2103 a 85\u2103.<\/p>\n<p><strong><b>Carater\u00edstica<\/b><\/strong><strong><b>: <\/b><\/strong>\u00c1cido, resistente \u00e0 eros\u00e3o, bom isolamento e pouco suscet\u00edvel de envelhecer.<\/p>\n<p><strong>Detalhe da embalagem: \u00a0\u00a0<\/strong>A.Embalagem comum: 100Pcs + Polybag + Etiqueta + Caixa de exporta\u00e7\u00e3o. B.Embalagem personalizada: Embalagem de cart\u00e3o de cabe\u00e7alho, Blister com embalagem de cart\u00e3o, ou como personalizado.<\/p>\n<p><strong>Prazo de entrega:<\/strong>\u00a0Em 7-30 dias ap\u00f3s a rece\u00e7\u00e3o do dep\u00f3sito, de acordo com a quantidade da encomenda.<\/p>\n<p><strong><b>Condi\u00e7\u00f5es de pagamento:<\/b><\/strong><strong><b>\u00a0<\/b><\/strong>T\/T, L\/C, Western Union, PayPal.<\/p>\n<p><strong><b>Porta de carregamento: <\/b><\/strong>Porto de NINGBO ou de SHANGHAI<\/p>\n<p><strong><b>Resist\u00eancia \u00e0 tra\u00e7\u00e3o:<\/b><\/strong><strong><b>\u00a01<\/b><\/strong>8-40LBS<\/p>\n<p><strong><b>Marca:<\/b><\/strong>\u00a0Pacote HDS ou OEM<\/p>\n<h2><strong><b>As amostras est\u00e3o dispon\u00edveis para enviar para verificar a nossa qualidade!<\/b><\/strong><\/h2>\n<table>\n<tbody>\n<tr>\n<td rowspan=\"2\">Tipo<\/td>\n<td colspan=\"2\">L<\/td>\n<td rowspan=\"2\">L(mm)<\/td>\n<td rowspan=\"2\">Di\u00e2metro m\u00e1ximo do feixe (mm)<\/td>\n<td colspan=\"2\">Resist\u00eancia m\u00ednima \u00e0 tra\u00e7\u00e3o<\/td>\n<td rowspan=\"2\">Embalagem<\/td>\n<\/tr>\n<tr>\n<td>Polegadas<\/td>\n<td>mm<\/td>\n<td>Ibs<\/td>\n<td>kgs<\/td>\n<\/tr>\n<tr>\n<td>HDS-100<\/td>\n<td>4&#8243;<\/td>\n<td>110<\/td>\n<td>2.5<\/td>\n<td>22<\/td>\n<td>18<\/td>\n<td>8<\/td>\n<td rowspan=\"4\">100 UNIDADES<\/td>\n<\/tr>\n<tr>\n<td>HDS-150<\/td>\n<td>6&#8243;<\/td>\n<td>155<\/td>\n<td>3.6<\/td>\n<td>35<\/td>\n<td>40<\/td>\n<td>18<\/td>\n<\/tr>\n<tr>\n<td>HDS-170<\/td>\n<td>6 6\/9&#8243;<\/td>\n<td>170<\/td>\n<td>8<\/td>\n<td>37<\/td>\n<td>40<\/td>\n<td>18<\/td>\n<\/tr>\n<tr>\n<td>HDS-150<\/td>\n<td>6&#8243;<\/td>\n<td>150<\/td>\n<td>8<\/td>\n<td>35<\/td>\n<td>40<\/td>\n<td>18<\/td>\n<\/tr>\n<\/tbody>\n<\/table>","protected":false},"excerpt":{"rendered":"<p><strong><b>Material:<\/b><\/strong>\u00a0Nylon 66, 94V-2 certificado pela UL.<\/p>\n<p><strong><b>Cor:<\/b><\/strong><strong><b>\u00a0<\/b><\/strong>Natural (branco), preto e colorido.<\/p>\n<p>Tamanho dispon\u00edvel:<\/p>\n<p>Largura 2,5 mm e comprimento 110 mm<\/p>\n<p>Largura 3,6 mm e comprimento 155 mm<\/p>\n<p>Largura 8mm com comprimento 150mm e 170mm<\/p>\n<p>Tipo: Gravata de montagem por press\u00e3o<\/p>","protected":false},"featured_media":2377,"comment_status":"open","ping_status":"closed","template":"","meta":{"_acf_changed":false},"product_brand":[],"product_cat":[16,79],"product_tag":[],"class_list":{"0":"post-2366","1":"product","2":"type-product","3":"status-publish","4":"has-post-thumbnail","6":"product_cat-nylon-cable-tie","7":"product_cat-other-type-nylon-cable-ties","9":"first","10":"instock","11":"shipping-taxable","12":"product-type-simple"},"acf":[],"yoast_head":"<!-- This site is optimized with the Yoast SEO plugin v25.1 - https:\/\/yoast.com\/wordpress\/plugins\/seo\/ -->\n<title>Push Mount Tie - HDS Tie<\/title>\n<meta name=\"robots\" content=\"index, follow, max-snippet:-1, max-image-preview:large, max-video-preview:-1\" \/>\n<link rel=\"canonical\" href=\"https:\/\/aliceblue-chamois-108160.hostingersite.com\/de\/produkt\/push-mount-tie\/\" \/>\n<meta property=\"og:locale\" content=\"pt_PT\" \/>\n<meta property=\"og:type\" content=\"article\" \/>\n<meta property=\"og:title\" content=\"Push Mount Tie - HDS Tie\" \/>\n<meta property=\"og:description\" content=\"Material:\u00a0Nylon 66, 94V-2 certificated by UL.  Color:\u00a0Natural (white), black and colorful.  Available size:  Width 2.5mm with length 110mm  Width 3.6mm with length 155mm  Width 8mm with length 150mm and 170mm  Type: Push mount tie\" \/>\n<meta property=\"og:url\" content=\"https:\/\/aliceblue-chamois-108160.hostingersite.com\/de\/produkt\/push-mount-tie\/\" \/>\n<meta property=\"og:site_name\" content=\"HDS Tie\" \/>\n<meta property=\"article:modified_time\" content=\"2025-10-10T06:46:40+00:00\" \/>\n<meta property=\"og:image\" content=\"https:\/\/hds-cabletie.com\/wp-content\/uploads\/2025\/09\/\u4e3b\u56fe-1-1.webp\" \/>\n\t<meta property=\"og:image:width\" content=\"1356\" \/>\n\t<meta property=\"og:image:height\" content=\"1356\" \/>\n\t<meta property=\"og:image:type\" content=\"image\/webp\" \/>\n<meta name=\"twitter:card\" content=\"summary_large_image\" \/>\n<meta name=\"twitter:label1\" content=\"Tempo estimado de leitura\" \/>\n\t<meta name=\"twitter:data1\" content=\"1 minuto\" \/>\n<script type=\"application\/ld+json\" class=\"yoast-schema-graph\">{\"@context\":\"https:\/\/schema.org\",\"@graph\":[{\"@type\":\"WebPage\",\"@id\":\"https:\/\/aliceblue-chamois-108160.hostingersite.com\/de\/produkt\/push-mount-tie\/\",\"url\":\"https:\/\/aliceblue-chamois-108160.hostingersite.com\/de\/produkt\/push-mount-tie\/\",\"name\":\"Push Mount Tie - HDS Tie\",\"isPartOf\":{\"@id\":\"https:\/\/hds-cabletie.com\/ar\/#website\"},\"primaryImageOfPage\":{\"@id\":\"https:\/\/aliceblue-chamois-108160.hostingersite.com\/de\/produkt\/push-mount-tie\/#primaryimage\"},\"image\":{\"@id\":\"https:\/\/aliceblue-chamois-108160.hostingersite.com\/de\/produkt\/push-mount-tie\/#primaryimage\"},\"thumbnailUrl\":\"https:\/\/hds-cabletie.com\/wp-content\/uploads\/2025\/09\/\u4e3b\u56fe-1-1.webp\",\"datePublished\":\"2025-09-11T03:57:54+00:00\",\"dateModified\":\"2025-10-10T06:46:40+00:00\",\"breadcrumb\":{\"@id\":\"https:\/\/aliceblue-chamois-108160.hostingersite.com\/de\/produkt\/push-mount-tie\/#breadcrumb\"},\"inLanguage\":\"pt-PT\",\"potentialAction\":[{\"@type\":\"ReadAction\",\"target\":[\"https:\/\/aliceblue-chamois-108160.hostingersite.com\/de\/produkt\/push-mount-tie\/\"]}]},{\"@type\":\"ImageObject\",\"inLanguage\":\"pt-PT\",\"@id\":\"https:\/\/aliceblue-chamois-108160.hostingersite.com\/de\/produkt\/push-mount-tie\/#primaryimage\",\"url\":\"https:\/\/hds-cabletie.com\/wp-content\/uploads\/2025\/09\/\u4e3b\u56fe-1-1.webp\",\"contentUrl\":\"https:\/\/hds-cabletie.com\/wp-content\/uploads\/2025\/09\/\u4e3b\u56fe-1-1.webp\",\"width\":1356,\"height\":1356},{\"@type\":\"BreadcrumbList\",\"@id\":\"https:\/\/aliceblue-chamois-108160.hostingersite.com\/de\/produkt\/push-mount-tie\/#breadcrumb\",\"itemListElement\":[{\"@type\":\"ListItem\",\"position\":1,\"name\":\"Home\",\"item\":\"https:\/\/hds-cabletie.com\/\"},{\"@type\":\"ListItem\",\"position\":2,\"name\":\"Products\",\"item\":\"https:\/\/hds-cabletie.com\/de\/products\/\"},{\"@type\":\"ListItem\",\"position\":3,\"name\":\"Push Mount Tie\"}]},{\"@type\":\"WebSite\",\"@id\":\"https:\/\/hds-cabletie.com\/ar\/#website\",\"url\":\"https:\/\/hds-cabletie.com\/ar\/\",\"name\":\"HDS Tie\",\"description\":\"\",\"potentialAction\":[{\"@type\":\"SearchAction\",\"target\":{\"@type\":\"EntryPoint\",\"urlTemplate\":\"https:\/\/hds-cabletie.com\/ar\/?s={search_term_string}\"},\"query-input\":{\"@type\":\"PropertyValueSpecification\",\"valueRequired\":true,\"valueName\":\"search_term_string\"}}],\"inLanguage\":\"pt-PT\"}]}<\/script>\n<!-- \/ Yoast SEO plugin. -->","yoast_head_json":{"title":"Push Mount Tie - HDS Tie","robots":{"index":"index","follow":"follow","max-snippet":"max-snippet:-1","max-image-preview":"max-image-preview:large","max-video-preview":"max-video-preview:-1"},"canonical":"https:\/\/aliceblue-chamois-108160.hostingersite.com\/de\/produkt\/push-mount-tie\/","og_locale":"pt_PT","og_type":"article","og_title":"Push Mount Tie - HDS Tie","og_description":"Material:\u00a0Nylon 66, 94V-2 certificated by UL.  Color:\u00a0Natural (white), black and colorful.  Available size:  Width 2.5mm with length 110mm  Width 3.6mm with length 155mm  Width 8mm with length 150mm and 170mm  Type: Push mount tie","og_url":"https:\/\/aliceblue-chamois-108160.hostingersite.com\/de\/produkt\/push-mount-tie\/","og_site_name":"HDS Tie","article_modified_time":"2025-10-10T06:46:40+00:00","og_image":[{"width":1356,"height":1356,"url":"https:\/\/hds-cabletie.com\/wp-content\/uploads\/2025\/09\/\u4e3b\u56fe-1-1.webp","type":"image\/webp"}],"twitter_card":"summary_large_image","twitter_misc":{"Tempo estimado de leitura":"1 minuto"},"schema":{"@context":"https:\/\/schema.org","@graph":[{"@type":"WebPage","@id":"https:\/\/aliceblue-chamois-108160.hostingersite.com\/de\/produkt\/push-mount-tie\/","url":"https:\/\/aliceblue-chamois-108160.hostingersite.com\/de\/produkt\/push-mount-tie\/","name":"Push Mount Tie - HDS Tie","isPartOf":{"@id":"https:\/\/hds-cabletie.com\/ar\/#website"},"primaryImageOfPage":{"@id":"https:\/\/aliceblue-chamois-108160.hostingersite.com\/de\/produkt\/push-mount-tie\/#primaryimage"},"image":{"@id":"https:\/\/aliceblue-chamois-108160.hostingersite.com\/de\/produkt\/push-mount-tie\/#primaryimage"},"thumbnailUrl":"https:\/\/hds-cabletie.com\/wp-content\/uploads\/2025\/09\/\u4e3b\u56fe-1-1.webp","datePublished":"2025-09-11T03:57:54+00:00","dateModified":"2025-10-10T06:46:40+00:00","breadcrumb":{"@id":"https:\/\/aliceblue-chamois-108160.hostingersite.com\/de\/produkt\/push-mount-tie\/#breadcrumb"},"inLanguage":"pt-PT","potentialAction":[{"@type":"ReadAction","target":["https:\/\/aliceblue-chamois-108160.hostingersite.com\/de\/produkt\/push-mount-tie\/"]}]},{"@type":"ImageObject","inLanguage":"pt-PT","@id":"https:\/\/aliceblue-chamois-108160.hostingersite.com\/de\/produkt\/push-mount-tie\/#primaryimage","url":"https:\/\/hds-cabletie.com\/wp-content\/uploads\/2025\/09\/\u4e3b\u56fe-1-1.webp","contentUrl":"https:\/\/hds-cabletie.com\/wp-content\/uploads\/2025\/09\/\u4e3b\u56fe-1-1.webp","width":1356,"height":1356},{"@type":"BreadcrumbList","@id":"https:\/\/aliceblue-chamois-108160.hostingersite.com\/de\/produkt\/push-mount-tie\/#breadcrumb","itemListElement":[{"@type":"ListItem","position":1,"name":"Home","item":"https:\/\/hds-cabletie.com\/"},{"@type":"ListItem","position":2,"name":"Products","item":"https:\/\/hds-cabletie.com\/de\/products\/"},{"@type":"ListItem","position":3,"name":"Push Mount Tie"}]},{"@type":"WebSite","@id":"https:\/\/hds-cabletie.com\/ar\/#website","url":"https:\/\/hds-cabletie.com\/ar\/","name":"HDS Tie","description":"","potentialAction":[{"@type":"SearchAction","target":{"@type":"EntryPoint","urlTemplate":"https:\/\/hds-cabletie.com\/ar\/?s={search_term_string}"},"query-input":{"@type":"PropertyValueSpecification","valueRequired":true,"valueName":"search_term_string"}}],"inLanguage":"pt-PT"}]}},"_links":{"self":[{"href":"https:\/\/hds-cabletie.com\/pt\/wp-json\/wp\/v2\/product\/2366","targetHints":{"allow":["GET"]}}],"collection":[{"href":"https:\/\/hds-cabletie.com\/pt\/wp-json\/wp\/v2\/product"}],"about":[{"href":"https:\/\/hds-cabletie.com\/pt\/wp-json\/wp\/v2\/types\/product"}],"replies":[{"embeddable":true,"href":"https:\/\/hds-cabletie.com\/pt\/wp-json\/wp\/v2\/comments?post=2366"}],"wp:featuredmedia":[{"embeddable":true,"href":"https:\/\/hds-cabletie.com\/pt\/wp-json\/wp\/v2\/media\/2377"}],"wp:attachment":[{"href":"https:\/\/hds-cabletie.com\/pt\/wp-json\/wp\/v2\/media?parent=2366"}],"wp:term":[{"taxonomy":"product_brand","embeddable":true,"href":"https:\/\/hds-cabletie.com\/pt\/wp-json\/wp\/v2\/product_brand?post=2366"},{"taxonomy":"product_cat","embeddable":true,"href":"https:\/\/hds-cabletie.com\/pt\/wp-json\/wp\/v2\/product_cat?post=2366"},{"taxonomy":"product_tag","embeddable":true,"href":"https:\/\/hds-cabletie.com\/pt\/wp-json\/wp\/v2\/product_tag?post=2366"}],"curies":[{"name":"wp","href":"https:\/\/api.w.org\/{rel}","templated":true}]}}