{"id":2566,"date":"2025-09-16T09:13:01","date_gmt":"2025-09-16T09:13:01","guid":{"rendered":"https:\/\/hds-cabletie.com\/?post_type=product&#038;p=2566"},"modified":"2025-09-16T09:13:01","modified_gmt":"2025-09-16T09:13:01","slug":"cable-gland","status":"publish","type":"product","link":"https:\/\/hds-cabletie.com\/es\/producto\/cable-gland\/","title":{"rendered":"Prensaestopas"},"content":{"rendered":"<p><strong>Matarial\uff1a<\/strong>Las partes A\uff0cC\uff0cE est\u00e1n hechas de nylon PA66 aprobado por UL, las partes B y D est\u00e1n hechas de caucho de nitrilo butadieno (NBR).<\/p>\n<p><strong>Especificaci\u00f3n del hilo\uff1a<\/strong>M\u00e9trico\uff0cPG\uff0cG\uff0cNPT.<\/p>\n<p><strong>Temperatura de trabajo\uff1a<\/strong>-40\u2103 a 100\u2103 en estado est\u00e1tico, resistencia t\u00e9rmica instant\u00e1nea hasta 120\u2103\uff1b-20\u2103 a 80\u2103 en estado dvn\u00e1mico\uff0cresistencia t\u00e9rmica instant\u00e1nea hasta 100\u2103.<\/p>\n<p><strong>Caracter\u00edsticas\uff1a<\/strong>Dise\u00f1o especial de la matriz de sujeci\u00f3n y la pieza de goma, gran variedad de cables de sujeci\u00f3n, resistencia al estiramiento ultra fuerte, a prueba de agua, a prueba de polvo y alta capacidad para resistir la sal, el \u00e1cido, el \u00e1lcali, el alcohol, la grasa y el disolvente general.<\/p>\n<p><strong>Color\uff1a<\/strong>Gris claro (RAL7035)\uff0cnegro (RAL9005)\uff0cplata (RAL7001)as\u00ed como colores especiales que pueden dise\u00f1arse a petici\u00f3n.<\/p>\n<p>&nbsp;<\/p>\n<table>\n<tbody>\n<tr>\n<td width=\"146\">Tipo<\/td>\n<td width=\"146\">Longitud de rosca L1 (mm)<\/td>\n<td width=\"146\">Alcance del cable (mm)<\/td>\n<td width=\"146\">Rosca O .D .L2 (mm)<\/td>\n<td width=\"314\">Tama\u00f1o de la llave A y E (mm)<\/td>\n<td width=\"100\">Ctd.\/bolsa<\/td>\n<\/tr>\n<tr>\n<td>PG-07<\/td>\n<td>8<\/td>\n<td>3.5-6<\/td>\n<td>12<\/td>\n<td width=\"314\">16.5<\/td>\n<td width=\"100\">100<\/td>\n<\/tr>\n<tr>\n<td>PG-09<\/td>\n<td>8<\/td>\n<td>4.5-7<\/td>\n<td>15.2<\/td>\n<td width=\"314\">21.5<\/td>\n<td width=\"100\">100<\/td>\n<\/tr>\n<tr>\n<td>PG-11<\/td>\n<td>8<\/td>\n<td>5.5-10<\/td>\n<td>18.6<\/td>\n<td width=\"314\">25<\/td>\n<td width=\"100\">100<\/td>\n<\/tr>\n<tr>\n<td>PG-13.5<\/td>\n<td>9<\/td>\n<td>6-12<\/td>\n<td>20.4<\/td>\n<td width=\"314\">27<\/td>\n<td width=\"100\">100<\/td>\n<\/tr>\n<tr>\n<td>PG-16<\/td>\n<td>10<\/td>\n<td>10-14<\/td>\n<td>22.5<\/td>\n<td width=\"314\">30<\/td>\n<td width=\"100\">100<\/td>\n<\/tr>\n<tr>\n<td>PG-21<\/td>\n<td>11<\/td>\n<td>14-18<\/td>\n<td>28.3<\/td>\n<td width=\"314\">36<\/td>\n<td width=\"100\">100<\/td>\n<\/tr>\n<tr>\n<td>PG-25<\/td>\n<td>12<\/td>\n<td>16-21<\/td>\n<td>30<\/td>\n<td width=\"314\">37<\/td>\n<td width=\"100\">50<\/td>\n<\/tr>\n<tr>\n<td>PG-29<\/td>\n<td>11<\/td>\n<td>18-25<\/td>\n<td>37<\/td>\n<td width=\"314\">57.5<\/td>\n<td width=\"100\">50<\/td>\n<\/tr>\n<tr>\n<td>PG-36<\/td>\n<td>12<\/td>\n<td>25-33<\/td>\n<td>47<\/td>\n<td width=\"314\">58<\/td>\n<td width=\"100\">20<\/td>\n<\/tr>\n<tr>\n<td>PG-42<\/td>\n<td>13<\/td>\n<td>30-38<\/td>\n<td>54<\/td>\n<td width=\"314\">65<\/td>\n<td width=\"100\">20<\/td>\n<\/tr>\n<tr>\n<td>PG-48<\/td>\n<td>14<\/td>\n<td>34-44<\/td>\n<td>59.3<\/td>\n<td width=\"314\">70<\/td>\n<td width=\"100\">20<\/td>\n<\/tr>\n<tr>\n<td>PG-63<\/td>\n<td>28<\/td>\n<td>42-51<\/td>\n<td>70<\/td>\n<td width=\"314\">82<\/td>\n<td width=\"100\">10<\/td>\n<\/tr>\n<\/tbody>\n<\/table>\n<p><img fetchpriority=\"high\" decoding=\"async\" class=\"aligncenter size-full wp-image-2573\" src=\"https:\/\/hds-cabletie.com\/wp-content\/uploads\/2025\/09\/\u56fe\u7247-1-1.webp\" alt=\"\" width=\"807\" height=\"358\" srcset=\"https:\/\/hds-cabletie.com\/wp-content\/uploads\/2025\/09\/\u56fe\u7247-1-1.webp 807w, https:\/\/hds-cabletie.com\/wp-content\/uploads\/2025\/09\/\u56fe\u7247-1-1-300x133.webp 300w, https:\/\/hds-cabletie.com\/wp-content\/uploads\/2025\/09\/\u56fe\u7247-1-1-768x341.webp 768w, https:\/\/hds-cabletie.com\/wp-content\/uploads\/2025\/09\/\u56fe\u7247-1-1-18x8.webp 18w, https:\/\/hds-cabletie.com\/wp-content\/uploads\/2025\/09\/\u56fe\u7247-1-1-600x266.webp 600w\" sizes=\"(max-width: 807px) 100vw, 807px\" \/><\/p>\n<table>\n<tbody>\n<tr>\n<td width=\"146\">Tipo<\/td>\n<td width=\"146\">Longitud de rosca L1 (mm)<\/td>\n<td width=\"146\">Alcance del cable (mm)<\/td>\n<td width=\"146\">Rosca O .D .L2 (mm)<\/td>\n<td>Tama\u00f1o de la llave A y E (mm)<\/td>\n<td>Ctd.\/bolsa<\/td>\n<\/tr>\n<tr>\n<td>MG-12<\/td>\n<td>8.5<\/td>\n<td>4.6-7.6<\/td>\n<td>12<\/td>\n<td>18<\/td>\n<td>100<\/td>\n<\/tr>\n<tr>\n<td>MG-16<\/td>\n<td>15<\/td>\n<td>6-10<\/td>\n<td>16<\/td>\n<td>22<\/td>\n<td>100<\/td>\n<\/tr>\n<tr>\n<td>MG-20<\/td>\n<td>15<\/td>\n<td>9-14<\/td>\n<td>20<\/td>\n<td>27<\/td>\n<td>100<\/td>\n<\/tr>\n<tr>\n<td>MG-25<\/td>\n<td>15<\/td>\n<td>13-18<\/td>\n<td>25<\/td>\n<td>33<\/td>\n<td>100<\/td>\n<\/tr>\n<tr>\n<td>MG-32<\/td>\n<td>15<\/td>\n<td>18-25<\/td>\n<td>32<\/td>\n<td>41<\/td>\n<td>20<\/td>\n<\/tr>\n<tr>\n<td>MG-40<\/td>\n<td>20<\/td>\n<td>24-30<\/td>\n<td>40<\/td>\n<td>50<\/td>\n<td>20<\/td>\n<\/tr>\n<tr>\n<td>MG-50<\/td>\n<td>22<\/td>\n<td>30-39<\/td>\n<td>50<\/td>\n<td>61<\/td>\n<td>20<\/td>\n<\/tr>\n<tr>\n<td>MG-63<\/td>\n<td>25<\/td>\n<td>40-48<\/td>\n<td>63<\/td>\n<td>75<\/td>\n<td>20<\/td>\n<\/tr>\n<\/tbody>\n<\/table>\n<p><img decoding=\"async\" class=\"aligncenter size-full wp-image-2574\" src=\"https:\/\/hds-cabletie.com\/wp-content\/uploads\/2025\/09\/\u56fe\u7247-2-1.webp\" alt=\"\" width=\"778\" height=\"334\" srcset=\"https:\/\/hds-cabletie.com\/wp-content\/uploads\/2025\/09\/\u56fe\u7247-2-1.webp 778w, https:\/\/hds-cabletie.com\/wp-content\/uploads\/2025\/09\/\u56fe\u7247-2-1-300x129.webp 300w, https:\/\/hds-cabletie.com\/wp-content\/uploads\/2025\/09\/\u56fe\u7247-2-1-768x330.webp 768w, https:\/\/hds-cabletie.com\/wp-content\/uploads\/2025\/09\/\u56fe\u7247-2-1-18x8.webp 18w, https:\/\/hds-cabletie.com\/wp-content\/uploads\/2025\/09\/\u56fe\u7247-2-1-600x258.webp 600w\" sizes=\"(max-width: 778px) 100vw, 778px\" \/><\/p>","protected":false},"excerpt":{"rendered":"<p><strong>Matarial\uff1a<\/strong>Las partes A\uff0cC\uff0cE est\u00e1n hechas de nylon PA66 aprobado por UL, las partes B y D est\u00e1n hechas de caucho de nitrilo butadieno (NBR).<\/p>\n<p><strong>Especificaci\u00f3n del hilo\uff1a<\/strong>M\u00e9trico\uff0cPG\uff0cG\uff0cNPT.<\/p>\n<p><strong>Temperatura de trabajo\uff1a<\/strong>-40\u2103 a 100\u2103 en estado est\u00e1tico, resistencia t\u00e9rmica instant\u00e1nea hasta 120\u2103\uff1b-20\u2103 a 80\u2103 en estado dvn\u00e1mico\uff0cresistencia t\u00e9rmica instant\u00e1nea hasta 100\u2103.<\/p>","protected":false},"featured_media":2568,"comment_status":"open","ping_status":"closed","template":"","meta":{"_acf_changed":false},"product_brand":[],"product_cat":[68],"product_tag":[],"class_list":{"0":"post-2566","1":"product","2":"type-product","3":"status-publish","4":"has-post-thumbnail","6":"product_cat-wiring-accessories","8":"first","9":"instock","10":"shipping-taxable","11":"product-type-simple"},"acf":[],"yoast_head":"<!-- This site is optimized with the Yoast SEO plugin v25.1 - https:\/\/yoast.com\/wordpress\/plugins\/seo\/ -->\n<title>Cable gland - HDS Tie<\/title>\n<meta name=\"robots\" content=\"index, follow, max-snippet:-1, max-image-preview:large, max-video-preview:-1\" \/>\n<link rel=\"canonical\" href=\"https:\/\/aliceblue-chamois-108160.hostingersite.com\/de\/produkt\/cable-gland\/\" \/>\n<meta property=\"og:locale\" content=\"es_ES\" \/>\n<meta property=\"og:type\" content=\"article\" \/>\n<meta property=\"og:title\" content=\"Cable gland - HDS Tie\" \/>\n<meta property=\"og:description\" content=\"Matarial\uff1aParts A\uff0cC\uff0cE are made of UL approved nylon PA66\uff0cparts B and D are made of nitrile butadiene rubber(NBR).  Thread spec\uff1aMetric\uff0cPG\uff0cG\uff0cNPT.  Working temperature\uff1a-40\u2103 to 100\u2103 in static state, instantaneous heat resistance up to 120\u2103\uff1b-20\u2103 to 80\u2103 in dvnamic state\uff0cinstantaneous heat resistance up to 100\u2103.\" \/>\n<meta property=\"og:url\" content=\"https:\/\/aliceblue-chamois-108160.hostingersite.com\/de\/produkt\/cable-gland\/\" \/>\n<meta property=\"og:site_name\" content=\"HDS Tie\" \/>\n<meta property=\"og:image\" content=\"https:\/\/hds-cabletie.com\/wp-content\/uploads\/2025\/09\/\u4e3b\u56fe-21.webp\" \/>\n\t<meta property=\"og:image:width\" content=\"1500\" \/>\n\t<meta property=\"og:image:height\" content=\"1500\" \/>\n\t<meta property=\"og:image:type\" content=\"image\/webp\" \/>\n<meta name=\"twitter:card\" content=\"summary_large_image\" \/>\n<meta name=\"twitter:label1\" content=\"Tiempo de lectura\" \/>\n\t<meta name=\"twitter:data1\" content=\"2 minutos\" \/>\n<script type=\"application\/ld+json\" class=\"yoast-schema-graph\">{\"@context\":\"https:\/\/schema.org\",\"@graph\":[{\"@type\":\"WebPage\",\"@id\":\"https:\/\/aliceblue-chamois-108160.hostingersite.com\/de\/produkt\/cable-gland\/\",\"url\":\"https:\/\/aliceblue-chamois-108160.hostingersite.com\/de\/produkt\/cable-gland\/\",\"name\":\"Cable gland - HDS Tie\",\"isPartOf\":{\"@id\":\"https:\/\/hds-cabletie.com\/ar\/#website\"},\"primaryImageOfPage\":{\"@id\":\"https:\/\/aliceblue-chamois-108160.hostingersite.com\/de\/produkt\/cable-gland\/#primaryimage\"},\"image\":{\"@id\":\"https:\/\/aliceblue-chamois-108160.hostingersite.com\/de\/produkt\/cable-gland\/#primaryimage\"},\"thumbnailUrl\":\"https:\/\/hds-cabletie.com\/wp-content\/uploads\/2025\/09\/\u4e3b\u56fe-21.webp\",\"datePublished\":\"2025-09-16T09:13:01+00:00\",\"breadcrumb\":{\"@id\":\"https:\/\/aliceblue-chamois-108160.hostingersite.com\/de\/produkt\/cable-gland\/#breadcrumb\"},\"inLanguage\":\"es\",\"potentialAction\":[{\"@type\":\"ReadAction\",\"target\":[\"https:\/\/aliceblue-chamois-108160.hostingersite.com\/de\/produkt\/cable-gland\/\"]}]},{\"@type\":\"ImageObject\",\"inLanguage\":\"es\",\"@id\":\"https:\/\/aliceblue-chamois-108160.hostingersite.com\/de\/produkt\/cable-gland\/#primaryimage\",\"url\":\"https:\/\/hds-cabletie.com\/wp-content\/uploads\/2025\/09\/\u4e3b\u56fe-21.webp\",\"contentUrl\":\"https:\/\/hds-cabletie.com\/wp-content\/uploads\/2025\/09\/\u4e3b\u56fe-21.webp\",\"width\":1500,\"height\":1500},{\"@type\":\"BreadcrumbList\",\"@id\":\"https:\/\/aliceblue-chamois-108160.hostingersite.com\/de\/produkt\/cable-gland\/#breadcrumb\",\"itemListElement\":[{\"@type\":\"ListItem\",\"position\":1,\"name\":\"Home\",\"item\":\"https:\/\/hds-cabletie.com\/\"},{\"@type\":\"ListItem\",\"position\":2,\"name\":\"Products\",\"item\":\"https:\/\/hds-cabletie.com\/de\/products\/\"},{\"@type\":\"ListItem\",\"position\":3,\"name\":\"Cable gland\"}]},{\"@type\":\"WebSite\",\"@id\":\"https:\/\/hds-cabletie.com\/ar\/#website\",\"url\":\"https:\/\/hds-cabletie.com\/ar\/\",\"name\":\"HDS Tie\",\"description\":\"\",\"potentialAction\":[{\"@type\":\"SearchAction\",\"target\":{\"@type\":\"EntryPoint\",\"urlTemplate\":\"https:\/\/hds-cabletie.com\/ar\/?s={search_term_string}\"},\"query-input\":{\"@type\":\"PropertyValueSpecification\",\"valueRequired\":true,\"valueName\":\"search_term_string\"}}],\"inLanguage\":\"es\"}]}<\/script>\n<!-- \/ Yoast SEO plugin. -->","yoast_head_json":{"title":"Cable gland - HDS Tie","robots":{"index":"index","follow":"follow","max-snippet":"max-snippet:-1","max-image-preview":"max-image-preview:large","max-video-preview":"max-video-preview:-1"},"canonical":"https:\/\/aliceblue-chamois-108160.hostingersite.com\/de\/produkt\/cable-gland\/","og_locale":"es_ES","og_type":"article","og_title":"Cable gland - HDS Tie","og_description":"Matarial\uff1aParts A\uff0cC\uff0cE are made of UL approved nylon PA66\uff0cparts B and D are made of nitrile butadiene rubber(NBR).  Thread spec\uff1aMetric\uff0cPG\uff0cG\uff0cNPT.  Working temperature\uff1a-40\u2103 to 100\u2103 in static state, instantaneous heat resistance up to 120\u2103\uff1b-20\u2103 to 80\u2103 in dvnamic state\uff0cinstantaneous heat resistance up to 100\u2103.","og_url":"https:\/\/aliceblue-chamois-108160.hostingersite.com\/de\/produkt\/cable-gland\/","og_site_name":"HDS Tie","og_image":[{"width":1500,"height":1500,"url":"https:\/\/hds-cabletie.com\/wp-content\/uploads\/2025\/09\/\u4e3b\u56fe-21.webp","type":"image\/webp"}],"twitter_card":"summary_large_image","twitter_misc":{"Tiempo de lectura":"2 minutos"},"schema":{"@context":"https:\/\/schema.org","@graph":[{"@type":"WebPage","@id":"https:\/\/aliceblue-chamois-108160.hostingersite.com\/de\/produkt\/cable-gland\/","url":"https:\/\/aliceblue-chamois-108160.hostingersite.com\/de\/produkt\/cable-gland\/","name":"Cable gland - HDS Tie","isPartOf":{"@id":"https:\/\/hds-cabletie.com\/ar\/#website"},"primaryImageOfPage":{"@id":"https:\/\/aliceblue-chamois-108160.hostingersite.com\/de\/produkt\/cable-gland\/#primaryimage"},"image":{"@id":"https:\/\/aliceblue-chamois-108160.hostingersite.com\/de\/produkt\/cable-gland\/#primaryimage"},"thumbnailUrl":"https:\/\/hds-cabletie.com\/wp-content\/uploads\/2025\/09\/\u4e3b\u56fe-21.webp","datePublished":"2025-09-16T09:13:01+00:00","breadcrumb":{"@id":"https:\/\/aliceblue-chamois-108160.hostingersite.com\/de\/produkt\/cable-gland\/#breadcrumb"},"inLanguage":"es","potentialAction":[{"@type":"ReadAction","target":["https:\/\/aliceblue-chamois-108160.hostingersite.com\/de\/produkt\/cable-gland\/"]}]},{"@type":"ImageObject","inLanguage":"es","@id":"https:\/\/aliceblue-chamois-108160.hostingersite.com\/de\/produkt\/cable-gland\/#primaryimage","url":"https:\/\/hds-cabletie.com\/wp-content\/uploads\/2025\/09\/\u4e3b\u56fe-21.webp","contentUrl":"https:\/\/hds-cabletie.com\/wp-content\/uploads\/2025\/09\/\u4e3b\u56fe-21.webp","width":1500,"height":1500},{"@type":"BreadcrumbList","@id":"https:\/\/aliceblue-chamois-108160.hostingersite.com\/de\/produkt\/cable-gland\/#breadcrumb","itemListElement":[{"@type":"ListItem","position":1,"name":"Home","item":"https:\/\/hds-cabletie.com\/"},{"@type":"ListItem","position":2,"name":"Products","item":"https:\/\/hds-cabletie.com\/de\/products\/"},{"@type":"ListItem","position":3,"name":"Cable gland"}]},{"@type":"WebSite","@id":"https:\/\/hds-cabletie.com\/ar\/#website","url":"https:\/\/hds-cabletie.com\/ar\/","name":"HDS Tie","description":"","potentialAction":[{"@type":"SearchAction","target":{"@type":"EntryPoint","urlTemplate":"https:\/\/hds-cabletie.com\/ar\/?s={search_term_string}"},"query-input":{"@type":"PropertyValueSpecification","valueRequired":true,"valueName":"search_term_string"}}],"inLanguage":"es"}]}},"_links":{"self":[{"href":"https:\/\/hds-cabletie.com\/es\/wp-json\/wp\/v2\/product\/2566","targetHints":{"allow":["GET"]}}],"collection":[{"href":"https:\/\/hds-cabletie.com\/es\/wp-json\/wp\/v2\/product"}],"about":[{"href":"https:\/\/hds-cabletie.com\/es\/wp-json\/wp\/v2\/types\/product"}],"replies":[{"embeddable":true,"href":"https:\/\/hds-cabletie.com\/es\/wp-json\/wp\/v2\/comments?post=2566"}],"wp:featuredmedia":[{"embeddable":true,"href":"https:\/\/hds-cabletie.com\/es\/wp-json\/wp\/v2\/media\/2568"}],"wp:attachment":[{"href":"https:\/\/hds-cabletie.com\/es\/wp-json\/wp\/v2\/media?parent=2566"}],"wp:term":[{"taxonomy":"product_brand","embeddable":true,"href":"https:\/\/hds-cabletie.com\/es\/wp-json\/wp\/v2\/product_brand?post=2566"},{"taxonomy":"product_cat","embeddable":true,"href":"https:\/\/hds-cabletie.com\/es\/wp-json\/wp\/v2\/product_cat?post=2566"},{"taxonomy":"product_tag","embeddable":true,"href":"https:\/\/hds-cabletie.com\/es\/wp-json\/wp\/v2\/product_tag?post=2566"}],"curies":[{"name":"wp","href":"https:\/\/api.w.org\/{rel}","templated":true}]}}