{"id":2484,"date":"2025-09-16T04:40:15","date_gmt":"2025-09-16T04:40:15","guid":{"rendered":"https:\/\/hds-cabletie.com\/?post_type=product&#038;p=2484"},"modified":"2025-09-16T04:40:15","modified_gmt":"2025-09-16T04:40:15","slug":"stainless-steel-cable-ties-ball-lock-type","status":"publish","type":"product","link":"https:\/\/hds-cabletie.com\/es\/producto\/stainless-steel-cable-ties-ball-lock-type\/","title":{"rendered":"Bridas de acero inoxidable con cierre de bola"},"content":{"rendered":"<p>Material: Acero inoxidable grado 304 o 316<\/p>\n<p>Car\u00e1cter:<\/p>\n<p>Acero inoxidable de grado 304, para<\/p>\n<p>Acero inoxidable de grado 316, para entornos muy corrosivos<\/p>\n<p>La estructura de bloqueo de bola permite acelerar la instalaci\u00f3n y es aplicable a cualquier tipo de instalaci\u00f3n.<\/p>\n<p>requisitos de longitud<\/p>\n<p>Descripci\u00f3n: Cinta y hebilla met\u00e1licas<\/p>\n<p>Utilizaci\u00f3n: Ieal para petroqu\u00edmica, industria alimentaria, industrias, centrales el\u00e9ctricas, miner\u00eda, construcci\u00f3n naval, offshore y cualquier otro ambiente agresivo.<\/p>\n<p>Temperatura de funcionamiento: -80\u2103~500\u2103<\/p>\n<table>\n<tbody>\n<tr>\n<td width=\"105\">Tipo<\/td>\n<td width=\"113\">Longitud aprox.<\/td>\n<td width=\"112\">Anchura aproximada mm (pulgadas)<\/td>\n<td width=\"104\">Di\u00e1metro m\u00e1x. del haz mm (pulgadas )<\/td>\n<td width=\"117\">Resistencia m\u00ednima a la tracci\u00f3n N (Ibs)<\/td>\n<\/tr>\n<tr>\n<td width=\"105\">HDGZ-4,6\u00d7150<\/td>\n<td width=\"113\">150(5.9)<\/td>\n<td rowspan=\"10\" width=\"112\">4.6(0.181)<\/td>\n<td width=\"104\">37(1.46)<\/td>\n<td rowspan=\"10\" width=\"117\">600(135)<\/td>\n<\/tr>\n<tr>\n<td width=\"105\">HDGZ-4,6\u00d7200<\/td>\n<td width=\"113\">200(7.87)<\/td>\n<td width=\"104\">50(1.97)<\/td>\n<\/tr>\n<tr>\n<td width=\"105\">HDGZ-4,6\u00d7250<\/td>\n<td width=\"113\">250(9.84)<\/td>\n<td width=\"104\">63(2.48)<\/td>\n<\/tr>\n<tr>\n<td width=\"105\">HDGZ-4,6\u00d7300<\/td>\n<td width=\"113\">300(11.8)<\/td>\n<td width=\"104\">76(2.99)<\/td>\n<\/tr>\n<tr>\n<td width=\"105\">HDGZ-4,6\u00d7350<\/td>\n<td width=\"113\">350(13.78)<\/td>\n<td width=\"104\">89(3.5)<\/td>\n<\/tr>\n<tr>\n<td width=\"105\">HDGZ-4,6\u00d7400<\/td>\n<td width=\"113\">400(15.75)<\/td>\n<td width=\"104\">102(4.02)<\/td>\n<\/tr>\n<tr>\n<td width=\"105\">HDGZ-4,6\u00d7450<\/td>\n<td width=\"113\">450(17.72)<\/td>\n<td width=\"104\">115(4.53)<\/td>\n<\/tr>\n<tr>\n<td width=\"105\">HDGZ-4,6\u00d7500<\/td>\n<td width=\"113\">500(19.69)<\/td>\n<td width=\"104\">128(5.04)<\/td>\n<\/tr>\n<tr>\n<td width=\"105\">HDGZ-4,6\u00d7550<\/td>\n<td width=\"113\">550(21.65)<\/td>\n<td width=\"104\">141(5.55)<\/td>\n<\/tr>\n<tr>\n<td width=\"105\">HDGZ-4,6\u00d7600<\/td>\n<td width=\"113\">600(23.62)<\/td>\n<td width=\"104\">154(6.06)<\/td>\n<\/tr>\n<tr>\n<td width=\"105\">HDGZ-7,9\u00d7150<\/td>\n<td width=\"113\">150(5.9)<\/td>\n<td rowspan=\"14\" width=\"112\">7.9(0.311)<\/td>\n<td width=\"104\">37(1.46)<\/td>\n<td rowspan=\"14\" width=\"117\">800(180)<\/td>\n<\/tr>\n<tr>\n<td width=\"105\">HDGZ-7,9\u00d7200<\/td>\n<td width=\"113\">200(7.87)<\/td>\n<td width=\"104\">50(1.97)<\/td>\n<\/tr>\n<tr>\n<td width=\"105\">HDGZ-7,9\u00d7250<\/td>\n<td width=\"113\">250(9.84)<\/td>\n<td width=\"104\">63(2.48)<\/td>\n<\/tr>\n<tr>\n<td width=\"105\">HDGZ-7,9\u00d7300<\/td>\n<td width=\"113\">300(11.8)<\/td>\n<td width=\"104\">76(2.99)<\/td>\n<\/tr>\n<tr>\n<td width=\"105\">HDGZ-7,9\u00d7350<\/td>\n<td width=\"113\">350(13.78)<\/td>\n<td width=\"104\">89(3.5)<\/td>\n<\/tr>\n<tr>\n<td width=\"105\">HDGZ-7,9\u00d7400<\/td>\n<td width=\"113\">400(15.75)<\/td>\n<td width=\"104\">102(4.02)<\/td>\n<\/tr>\n<tr>\n<td width=\"105\">HDGZ-7,9\u00d7450<\/td>\n<td width=\"113\">450(17.72)<\/td>\n<td width=\"104\">115(4.53)<\/td>\n<\/tr>\n<tr>\n<td width=\"105\">HDGZ-7,9\u00d7500<\/td>\n<td width=\"113\">500(19.69)<\/td>\n<td width=\"104\">128(5.04)<\/td>\n<\/tr>\n<tr>\n<td width=\"105\">HDGZ-7,9\u00d7550<\/td>\n<td width=\"113\">550(21.65)<\/td>\n<td width=\"104\">141(5.55)<\/td>\n<\/tr>\n<tr>\n<td width=\"105\">HDGZ-7,9\u00d7600<\/td>\n<td width=\"113\">600(23.62)<\/td>\n<td width=\"104\">154(6.06)<\/td>\n<\/tr>\n<tr>\n<td width=\"105\">HDGZ-7,9\u00d7650<\/td>\n<td width=\"113\">650(25.59)<\/td>\n<td width=\"104\">167(6.57)<\/td>\n<\/tr>\n<tr>\n<td width=\"105\">HDGZ-7,9\u00d7700<\/td>\n<td width=\"113\">700(27.56)<\/td>\n<td width=\"104\">180(7.09)<\/td>\n<\/tr>\n<tr>\n<td width=\"105\">HDGZ-7,9\u00d7750<\/td>\n<td width=\"113\">750(29.53)<\/td>\n<td width=\"104\">191(7.52)<\/td>\n<\/tr>\n<tr>\n<td width=\"105\">HDGZ-7,9\u00d7800<\/td>\n<td width=\"113\">800(31.5)<\/td>\n<td width=\"104\">193(7.59)<\/td>\n<\/tr>\n<tr>\n<td width=\"105\">HDGZ-12\u00d7150<\/td>\n<td width=\"113\">150(5.9)<\/td>\n<td rowspan=\"12\" width=\"112\">12(0.472)<\/td>\n<td width=\"104\">37(1.46)<\/td>\n<td rowspan=\"12\" width=\"117\">1200(270)<\/td>\n<\/tr>\n<tr>\n<td width=\"105\">HDGZ-12\u00d7200<\/td>\n<td width=\"113\">200(7.87)<\/td>\n<td width=\"104\">50(1.97)<\/td>\n<\/tr>\n<tr>\n<td width=\"105\">HDGZ-12\u00d7250<\/td>\n<td width=\"113\">250(9.84)<\/td>\n<td width=\"104\">63(2.48)<\/td>\n<\/tr>\n<tr>\n<td width=\"105\">HDGZ-12\u00d7300<\/td>\n<td width=\"113\">300(11.8)<\/td>\n<td width=\"104\">76(2.99)<\/td>\n<\/tr>\n<tr>\n<td width=\"105\">HDGZ-12\u00d7350<\/td>\n<td width=\"113\">350(13.78)<\/td>\n<td width=\"104\">89(3.5)<\/td>\n<\/tr>\n<tr>\n<td width=\"105\">HDGZ-12\u00d7400<\/td>\n<td width=\"113\">400(15.75)<\/td>\n<td width=\"104\">102(4.02)<\/td>\n<\/tr>\n<tr>\n<td width=\"105\">HDGZ-12\u00d7450<\/td>\n<td width=\"113\">450(17.72)<\/td>\n<td width=\"104\">115(4.53)<\/td>\n<\/tr>\n<tr>\n<td width=\"105\">HDGZ-12\u00d7500<\/td>\n<td width=\"113\">500(19.69)<\/td>\n<td width=\"104\">128(5.04)<\/td>\n<\/tr>\n<tr>\n<td width=\"105\">HDGZ-12\u00d7550<\/td>\n<td width=\"113\">550(21.65)<\/td>\n<td width=\"104\">141(5.55)<\/td>\n<\/tr>\n<tr>\n<td width=\"105\">HDGZ-12\u00d7600<\/td>\n<td width=\"113\">600(23.62)<\/td>\n<td width=\"104\">154(6.06)<\/td>\n<\/tr>\n<tr>\n<td width=\"105\">HDGZ-12\u00d7650<\/td>\n<td width=\"113\">650(25.59)<\/td>\n<td width=\"104\">167(6.57)<\/td>\n<\/tr>\n<tr>\n<td width=\"105\">HDGZ-12\u00d7700<\/td>\n<td width=\"113\">700(27.56)<\/td>\n<td width=\"104\">180(7.09)<\/td>\n<\/tr>\n<tr>\n<td width=\"105\">HDGZ-15\u00d7150<\/td>\n<td width=\"113\">150(5.9)<\/td>\n<td rowspan=\"15\" width=\"112\">15(0.59)<\/td>\n<td width=\"104\">37(1.46)<\/td>\n<td rowspan=\"15\" width=\"117\">1500(337)<\/td>\n<\/tr>\n<tr>\n<td width=\"105\">HDGZ-15\u00d7200<\/td>\n<td width=\"113\">200(7.87)<\/td>\n<td width=\"104\">50(1.97)<\/td>\n<\/tr>\n<tr>\n<td width=\"105\">HDGZ-15\u00d7250<\/td>\n<td width=\"113\">250(9.84)<\/td>\n<td width=\"104\">63(2.48)<\/td>\n<\/tr>\n<tr>\n<td width=\"105\">HDGZ-15\u00d7300<\/td>\n<td width=\"113\">300(11.8)<\/td>\n<td width=\"104\">76(2.99)<\/td>\n<\/tr>\n<tr>\n<td width=\"105\">HDGZ-15\u00d7350<\/td>\n<td width=\"113\">350(13.78)<\/td>\n<td width=\"104\">89(3.5)<\/td>\n<\/tr>\n<tr>\n<td width=\"105\">HDGZ-15\u00d7400<\/td>\n<td width=\"113\">400(15.75)<\/td>\n<td width=\"104\">102(4.02)<\/td>\n<\/tr>\n<tr>\n<td width=\"105\">HDGZ-15\u00d7450<\/td>\n<td width=\"113\">450(17.72)<\/td>\n<td width=\"104\">115(4.53)<\/td>\n<\/tr>\n<tr>\n<td width=\"105\">HDGZ-15\u00d7500<\/td>\n<td width=\"113\">500(19.69)<\/td>\n<td width=\"104\">128(5.04)<\/td>\n<\/tr>\n<tr>\n<td width=\"105\">HDGZ-15\u00d7550<\/td>\n<td width=\"113\">550(21.65)<\/td>\n<td width=\"104\">141(5.55)<\/td>\n<\/tr>\n<tr>\n<td width=\"105\">HDGZ-15\u00d7600<\/td>\n<td width=\"113\">600(23.62)<\/td>\n<td width=\"104\">154(6.06)<\/td>\n<\/tr>\n<tr>\n<td width=\"105\">HDGZ-15\u00d7650<\/td>\n<td width=\"113\">650(25.59)<\/td>\n<td width=\"104\">167(6.57)<\/td>\n<\/tr>\n<tr>\n<td width=\"105\">HDGZ-15\u00d7700<\/td>\n<td width=\"113\">700(27.56)<\/td>\n<td width=\"104\">180(7.09)<\/td>\n<\/tr>\n<tr>\n<td width=\"105\">HDGZ-15\u00d7750<\/td>\n<td width=\"113\">750(29.53)<\/td>\n<td width=\"104\">191(7.52)<\/td>\n<\/tr>\n<tr>\n<td width=\"105\">HDGZ-15\u00d7800<\/td>\n<td width=\"113\">800(31.5)<\/td>\n<td width=\"104\">193(7.59)<\/td>\n<\/tr>\n<tr>\n<td width=\"105\">HDGZ-15\u00d71000<\/td>\n<td width=\"113\">1000(39.37)<\/td>\n<td width=\"104\">206(8.11)<\/td>\n<\/tr>\n<\/tbody>\n<\/table>\n<p>&nbsp;<\/p>","protected":false},"excerpt":{"rendered":"<p>Material: Acero inoxidable grado 304 o 316<\/p>\n<p>Car\u00e1cter:<\/p>\n<p>Acero inoxidable de grado 304, para<\/p>\n<p>Acero inoxidable de grado 316, para entornos muy corrosivos<\/p>\n<p>La estructura de bloqueo de bola permite acelerar la instalaci\u00f3n y es aplicable a cualquier tipo de instalaci\u00f3n.<\/p>\n<p>requisitos de longitud<\/p>","protected":false},"featured_media":2486,"comment_status":"open","ping_status":"closed","template":"","meta":{"_acf_changed":false},"product_brand":[],"product_cat":[68],"product_tag":[],"class_list":{"0":"post-2484","1":"product","2":"type-product","3":"status-publish","4":"has-post-thumbnail","6":"product_cat-wiring-accessories","8":"first","9":"instock","10":"shipping-taxable","11":"product-type-simple"},"acf":[],"yoast_head":"<!-- This site is optimized with the Yoast SEO plugin v25.1 - https:\/\/yoast.com\/wordpress\/plugins\/seo\/ -->\n<title>Stainless Steel Cable Ties-Ball Lock Type - HDS Tie<\/title>\n<meta name=\"robots\" content=\"index, follow, max-snippet:-1, max-image-preview:large, max-video-preview:-1\" \/>\n<link rel=\"canonical\" href=\"https:\/\/aliceblue-chamois-108160.hostingersite.com\/uk\/product\/stainless-steel-cable-ties-ball-lock-type\/\" \/>\n<meta property=\"og:locale\" content=\"es_ES\" \/>\n<meta property=\"og:type\" content=\"article\" \/>\n<meta property=\"og:title\" content=\"Stainless Steel Cable Ties-Ball Lock Type - HDS Tie\" \/>\n<meta property=\"og:description\" content=\"Material: Stainless Steel Grade 304 or 316  Character:  304 grade stainless steel, for standard  316 grade stainless steel, for extra corrosive environments  Ball lock type structure is conducive to speed up the installation,and is applicable to any  length requirements\" \/>\n<meta property=\"og:url\" content=\"https:\/\/aliceblue-chamois-108160.hostingersite.com\/uk\/product\/stainless-steel-cable-ties-ball-lock-type\/\" \/>\n<meta property=\"og:site_name\" content=\"HDS Tie\" \/>\n<meta property=\"og:image\" content=\"https:\/\/hds-cabletie.com\/wp-content\/uploads\/2025\/09\/\u4e3b\u56fe-11.webp\" \/>\n\t<meta property=\"og:image:width\" content=\"1500\" \/>\n\t<meta property=\"og:image:height\" content=\"1500\" \/>\n\t<meta property=\"og:image:type\" content=\"image\/webp\" \/>\n<meta name=\"twitter:card\" content=\"summary_large_image\" \/>\n<meta name=\"twitter:label1\" content=\"Tiempo de lectura\" \/>\n\t<meta name=\"twitter:data1\" content=\"2 minutos\" \/>\n<script type=\"application\/ld+json\" class=\"yoast-schema-graph\">{\"@context\":\"https:\/\/schema.org\",\"@graph\":[{\"@type\":\"WebPage\",\"@id\":\"https:\/\/aliceblue-chamois-108160.hostingersite.com\/uk\/product\/stainless-steel-cable-ties-ball-lock-type\/\",\"url\":\"https:\/\/aliceblue-chamois-108160.hostingersite.com\/uk\/product\/stainless-steel-cable-ties-ball-lock-type\/\",\"name\":\"Stainless Steel Cable Ties-Ball Lock Type - HDS Tie\",\"isPartOf\":{\"@id\":\"https:\/\/hds-cabletie.com\/ar\/#website\"},\"primaryImageOfPage\":{\"@id\":\"https:\/\/aliceblue-chamois-108160.hostingersite.com\/uk\/product\/stainless-steel-cable-ties-ball-lock-type\/#primaryimage\"},\"image\":{\"@id\":\"https:\/\/aliceblue-chamois-108160.hostingersite.com\/uk\/product\/stainless-steel-cable-ties-ball-lock-type\/#primaryimage\"},\"thumbnailUrl\":\"https:\/\/hds-cabletie.com\/wp-content\/uploads\/2025\/09\/\u4e3b\u56fe-11.webp\",\"datePublished\":\"2025-09-16T04:40:15+00:00\",\"breadcrumb\":{\"@id\":\"https:\/\/aliceblue-chamois-108160.hostingersite.com\/uk\/product\/stainless-steel-cable-ties-ball-lock-type\/#breadcrumb\"},\"inLanguage\":\"es\",\"potentialAction\":[{\"@type\":\"ReadAction\",\"target\":[\"https:\/\/aliceblue-chamois-108160.hostingersite.com\/uk\/product\/stainless-steel-cable-ties-ball-lock-type\/\"]}]},{\"@type\":\"ImageObject\",\"inLanguage\":\"es\",\"@id\":\"https:\/\/aliceblue-chamois-108160.hostingersite.com\/uk\/product\/stainless-steel-cable-ties-ball-lock-type\/#primaryimage\",\"url\":\"https:\/\/hds-cabletie.com\/wp-content\/uploads\/2025\/09\/\u4e3b\u56fe-11.webp\",\"contentUrl\":\"https:\/\/hds-cabletie.com\/wp-content\/uploads\/2025\/09\/\u4e3b\u56fe-11.webp\",\"width\":1500,\"height\":1500},{\"@type\":\"BreadcrumbList\",\"@id\":\"https:\/\/aliceblue-chamois-108160.hostingersite.com\/uk\/product\/stainless-steel-cable-ties-ball-lock-type\/#breadcrumb\",\"itemListElement\":[{\"@type\":\"ListItem\",\"position\":1,\"name\":\"Home\",\"item\":\"https:\/\/hds-cabletie.com\/\"},{\"@type\":\"ListItem\",\"position\":2,\"name\":\"Products\",\"item\":\"https:\/\/hds-cabletie.com\/de\/products\/\"},{\"@type\":\"ListItem\",\"position\":3,\"name\":\"Stainless Steel Cable Ties-Ball Lock Type\"}]},{\"@type\":\"WebSite\",\"@id\":\"https:\/\/hds-cabletie.com\/ar\/#website\",\"url\":\"https:\/\/hds-cabletie.com\/ar\/\",\"name\":\"HDS Tie\",\"description\":\"\",\"potentialAction\":[{\"@type\":\"SearchAction\",\"target\":{\"@type\":\"EntryPoint\",\"urlTemplate\":\"https:\/\/hds-cabletie.com\/ar\/?s={search_term_string}\"},\"query-input\":{\"@type\":\"PropertyValueSpecification\",\"valueRequired\":true,\"valueName\":\"search_term_string\"}}],\"inLanguage\":\"es\"}]}<\/script>\n<!-- \/ Yoast SEO plugin. -->","yoast_head_json":{"title":"Stainless Steel Cable Ties-Ball Lock Type - HDS Tie","robots":{"index":"index","follow":"follow","max-snippet":"max-snippet:-1","max-image-preview":"max-image-preview:large","max-video-preview":"max-video-preview:-1"},"canonical":"https:\/\/aliceblue-chamois-108160.hostingersite.com\/uk\/product\/stainless-steel-cable-ties-ball-lock-type\/","og_locale":"es_ES","og_type":"article","og_title":"Stainless Steel Cable Ties-Ball Lock Type - HDS Tie","og_description":"Material: Stainless Steel Grade 304 or 316  Character:  304 grade stainless steel, for standard  316 grade stainless steel, for extra corrosive environments  Ball lock type structure is conducive to speed up the installation,and is applicable to any  length requirements","og_url":"https:\/\/aliceblue-chamois-108160.hostingersite.com\/uk\/product\/stainless-steel-cable-ties-ball-lock-type\/","og_site_name":"HDS Tie","og_image":[{"width":1500,"height":1500,"url":"https:\/\/hds-cabletie.com\/wp-content\/uploads\/2025\/09\/\u4e3b\u56fe-11.webp","type":"image\/webp"}],"twitter_card":"summary_large_image","twitter_misc":{"Tiempo de lectura":"2 minutos"},"schema":{"@context":"https:\/\/schema.org","@graph":[{"@type":"WebPage","@id":"https:\/\/aliceblue-chamois-108160.hostingersite.com\/uk\/product\/stainless-steel-cable-ties-ball-lock-type\/","url":"https:\/\/aliceblue-chamois-108160.hostingersite.com\/uk\/product\/stainless-steel-cable-ties-ball-lock-type\/","name":"Stainless Steel Cable Ties-Ball Lock Type - HDS Tie","isPartOf":{"@id":"https:\/\/hds-cabletie.com\/ar\/#website"},"primaryImageOfPage":{"@id":"https:\/\/aliceblue-chamois-108160.hostingersite.com\/uk\/product\/stainless-steel-cable-ties-ball-lock-type\/#primaryimage"},"image":{"@id":"https:\/\/aliceblue-chamois-108160.hostingersite.com\/uk\/product\/stainless-steel-cable-ties-ball-lock-type\/#primaryimage"},"thumbnailUrl":"https:\/\/hds-cabletie.com\/wp-content\/uploads\/2025\/09\/\u4e3b\u56fe-11.webp","datePublished":"2025-09-16T04:40:15+00:00","breadcrumb":{"@id":"https:\/\/aliceblue-chamois-108160.hostingersite.com\/uk\/product\/stainless-steel-cable-ties-ball-lock-type\/#breadcrumb"},"inLanguage":"es","potentialAction":[{"@type":"ReadAction","target":["https:\/\/aliceblue-chamois-108160.hostingersite.com\/uk\/product\/stainless-steel-cable-ties-ball-lock-type\/"]}]},{"@type":"ImageObject","inLanguage":"es","@id":"https:\/\/aliceblue-chamois-108160.hostingersite.com\/uk\/product\/stainless-steel-cable-ties-ball-lock-type\/#primaryimage","url":"https:\/\/hds-cabletie.com\/wp-content\/uploads\/2025\/09\/\u4e3b\u56fe-11.webp","contentUrl":"https:\/\/hds-cabletie.com\/wp-content\/uploads\/2025\/09\/\u4e3b\u56fe-11.webp","width":1500,"height":1500},{"@type":"BreadcrumbList","@id":"https:\/\/aliceblue-chamois-108160.hostingersite.com\/uk\/product\/stainless-steel-cable-ties-ball-lock-type\/#breadcrumb","itemListElement":[{"@type":"ListItem","position":1,"name":"Home","item":"https:\/\/hds-cabletie.com\/"},{"@type":"ListItem","position":2,"name":"Products","item":"https:\/\/hds-cabletie.com\/de\/products\/"},{"@type":"ListItem","position":3,"name":"Stainless Steel Cable Ties-Ball Lock Type"}]},{"@type":"WebSite","@id":"https:\/\/hds-cabletie.com\/ar\/#website","url":"https:\/\/hds-cabletie.com\/ar\/","name":"HDS Tie","description":"","potentialAction":[{"@type":"SearchAction","target":{"@type":"EntryPoint","urlTemplate":"https:\/\/hds-cabletie.com\/ar\/?s={search_term_string}"},"query-input":{"@type":"PropertyValueSpecification","valueRequired":true,"valueName":"search_term_string"}}],"inLanguage":"es"}]}},"_links":{"self":[{"href":"https:\/\/hds-cabletie.com\/es\/wp-json\/wp\/v2\/product\/2484","targetHints":{"allow":["GET"]}}],"collection":[{"href":"https:\/\/hds-cabletie.com\/es\/wp-json\/wp\/v2\/product"}],"about":[{"href":"https:\/\/hds-cabletie.com\/es\/wp-json\/wp\/v2\/types\/product"}],"replies":[{"embeddable":true,"href":"https:\/\/hds-cabletie.com\/es\/wp-json\/wp\/v2\/comments?post=2484"}],"wp:featuredmedia":[{"embeddable":true,"href":"https:\/\/hds-cabletie.com\/es\/wp-json\/wp\/v2\/media\/2486"}],"wp:attachment":[{"href":"https:\/\/hds-cabletie.com\/es\/wp-json\/wp\/v2\/media?parent=2484"}],"wp:term":[{"taxonomy":"product_brand","embeddable":true,"href":"https:\/\/hds-cabletie.com\/es\/wp-json\/wp\/v2\/product_brand?post=2484"},{"taxonomy":"product_cat","embeddable":true,"href":"https:\/\/hds-cabletie.com\/es\/wp-json\/wp\/v2\/product_cat?post=2484"},{"taxonomy":"product_tag","embeddable":true,"href":"https:\/\/hds-cabletie.com\/es\/wp-json\/wp\/v2\/product_tag?post=2484"}],"curies":[{"name":"wp","href":"https:\/\/api.w.org\/{rel}","templated":true}]}}