{"id":2457,"date":"2025-09-15T05:47:52","date_gmt":"2025-09-15T05:47:52","guid":{"rendered":"https:\/\/hds-cabletie.com\/?post_type=product&#038;p=2457"},"modified":"2025-09-15T05:47:52","modified_gmt":"2025-09-15T05:47:52","slug":"yellow-green-heat-shrinkable-tube","status":"publish","type":"product","link":"https:\/\/hds-cabletie.com\/es\/producto\/yellow-green-heat-shrinkable-tube\/","title":{"rendered":"Tubo termorretr\u00e1ctil amarillo verde"},"content":{"rendered":"<h3><strong><b>Podemos enviarle muestras para que compruebe nuestra calidad.<\/b><\/strong><\/h3>\n<h2><strong><b>Chara<\/b><\/strong><strong><b>c<\/b><\/strong><strong><b>ter y aplicaci\u00f3n <\/b><\/strong><\/h2>\n<p>1.El tubo termoretr\u00e1ctil amarillo y verde de la serie HD-5 se procesa y fabrica con un excelente color verde y<\/p>\n<p>materiales de poliolefina amarilla. Cuando se da forma a los productos, se reticulan y se expanden continuamente.<\/p>\n<p>con acelerador electr\u00f3nico. Los productos se caracterizan por su suavidad, retardante de llama y r\u00e1pida contracci\u00f3n,<\/p>\n<p>Color brillante y duradero y rendimiento estable. Son ampliamente utilizados en el marcado de cables el\u00e9ctricos,<\/p>\n<p>puesta a tierra de cables, l\u00edneas especiales y tuber\u00edas.<\/p>\n<p>2.Car\u00e1cter: Aplicaci\u00f3n: Suavidad, retardante de llama, color brillante y duradero, -40\u2103~50\u2103; Encogimiento inicial.<\/p>\n<p>temperatura: 70\u2103; Temperatura de retracci\u00f3n total: 125\u2103.<\/p>\n<p>3.Entrega puntual y gran suministro, uso c\u00f3modo, capaz de encogerse cuando se calienta con horno o pistola de aire caliente.<\/p>\n<p>4.Usage: ampliamente utilizado en la conexi\u00f3n de alambre de soldadura de protecci\u00f3n de alambre de marcado de la protecci\u00f3n del aislamiento de la resistencia y el condensador de la protecci\u00f3n contra la corrosi\u00f3n de la barra de metal o tubos y la antena protection.5.Delivery tiempo: En 7 -25 d\u00edas despu\u00e9s de recibir ,de acuerdo a la cantidad de la orden.<\/p>\n<p>6.Condiciones de pago: T\/T,L\/C,Western Union,PayPal.<\/p>\n<p>7.Color est\u00e1ndar: amarillo-verde.<\/p>\n<table>\n<tbody>\n<tr>\n<td rowspan=\"2\">Especificaci\u00f3n<\/td>\n<td colspan=\"2\">Dimensi\u00f3n antes de la contracci\u00f3n (mm)<\/td>\n<td colspan=\"2\">Dimensi\u00f3n tras la retracci\u00f3n (mm)<\/td>\n<td rowspan=\"2\">&nbsp;<\/p>\n<p>Embalaje est\u00e1ndar<\/p>\n<p>(m\/disco)<\/p>\n<p>&nbsp;<\/td>\n<td rowspan=\"2\">&nbsp;<\/p>\n<p>Aplicaci\u00f3n<\/p>\n<p>(mm)<\/p>\n<p>&nbsp;<\/td>\n<\/tr>\n<tr>\n<td>Di\u00e1metro interior<\/td>\n<td>Grosor de la pared<\/td>\n<td>Di\u00e1metro interior<\/td>\n<td>Grosor de la pared<\/td>\n<\/tr>\n<tr>\n<td>\u03a62.0<\/td>\n<td>2.2\u00b10.3<\/td>\n<td>0.25\u00b10.05<\/td>\n<td>0.98\u00b10.1<\/td>\n<td>0.32\u00b10.05<\/td>\n<td>200<\/td>\n<td>1.1\uff5e1.8<\/td>\n<\/tr>\n<tr>\n<td>\u03a63.0<\/td>\n<td>3.2\u00b10.4<\/td>\n<td>0.25\u00b10.05<\/td>\n<td>1.45\u00b10.2<\/td>\n<td>0.35\u00b10.05<\/td>\n<td>200<\/td>\n<td>1.6\uff5e2.7<\/td>\n<\/tr>\n<tr>\n<td>\u03a64.0<\/td>\n<td>4.2\u00b10.4<\/td>\n<td>0.25\u00b10.05<\/td>\n<td>1.96\u00b10.2<\/td>\n<td>0.35\u00b10.05<\/td>\n<td>200<\/td>\n<td>2.1\uff5e3.6<\/td>\n<\/tr>\n<tr>\n<td>\u03a65.0<\/td>\n<td>5.2\u00b10.4<\/td>\n<td>0.25\u00b10.05<\/td>\n<td>2.48\u00b10.2<\/td>\n<td>0.35\u00b10.05<\/td>\n<td>200<\/td>\n<td>2.6\uff5e4.5<\/td>\n<\/tr>\n<tr>\n<td>\u03a66.0<\/td>\n<td>6.2\u00b10.4<\/td>\n<td>0.28\u00b10.15<\/td>\n<td>2.96\u00b10.3<\/td>\n<td>0.45\u00b10.15<\/td>\n<td>200<\/td>\n<td>3.1\uff5e5.4<\/td>\n<\/tr>\n<tr>\n<td>\u03a67.0<\/td>\n<td>7.2\u00b10.4<\/td>\n<td>0.28\u00b10.15<\/td>\n<td>3.48\u00b10.3<\/td>\n<td>0.45\u00b10.15<\/td>\n<td>100<\/td>\n<td>3.7\uff5e3<\/td>\n<\/tr>\n<tr>\n<td>\u03a68.0<\/td>\n<td>8.2\u00b10.5<\/td>\n<td>0.28\u00b10.15<\/td>\n<td>3.95\u00b10.3<\/td>\n<td>0.45\u00b10.15<\/td>\n<td>100<\/td>\n<td>4.2\uff5e7.2<\/td>\n<\/tr>\n<tr>\n<td>\u03a610<\/td>\n<td>10.2\u00b10.5<\/td>\n<td>0.30\u00b10.15<\/td>\n<td>4.90\u00b10.3<\/td>\n<td>0.50\u00b10.15<\/td>\n<td>100<\/td>\n<td>5.2\uff5e9.0<\/td>\n<\/tr>\n<tr>\n<td>\u03a612<\/td>\n<td>12.2\u00b10.5<\/td>\n<td>0.30\u00b10.15<\/td>\n<td>5.90\u00b10.5<\/td>\n<td>0.50\u00b10.15<\/td>\n<td>100<\/td>\n<td>6.2\uff5e11<\/td>\n<\/tr>\n<tr>\n<td>\u03a614<\/td>\n<td>14.2\u00b10.5<\/td>\n<td>0.35\u00b10.15<\/td>\n<td>6.90\u00b10.5<\/td>\n<td>0.50\u00b10.15<\/td>\n<td>100<\/td>\n<td>7.3\uff5e13<\/td>\n<\/tr>\n<tr>\n<td>\u03a616<\/td>\n<td>16.2\u00b10.6<\/td>\n<td>0.38\u00b10.15<\/td>\n<td>7.90\u00b10.5<\/td>\n<td>0.60\u00b10.15<\/td>\n<td>100<\/td>\n<td>8.3\uff5e15<\/td>\n<\/tr>\n<tr>\n<td>\u03a620<\/td>\n<td>20.2\u00b10.8<\/td>\n<td>0.40\u00b10.20<\/td>\n<td>9.90\u00b10.5<\/td>\n<td>0.70\u00b10.20<\/td>\n<td>100<\/td>\n<td>11.4\uff5e19<\/td>\n<\/tr>\n<tr>\n<td>\u03a625<\/td>\n<td>25.3\u00b10.8<\/td>\n<td>0.45\u00b10.20<\/td>\n<td>12.30\u00b11.0<\/td>\n<td>0.70\u00b10.20<\/td>\n<td>50<\/td>\n<td>12.8\uff5e24<\/td>\n<\/tr>\n<tr>\n<td>\u03a630<\/td>\n<td>30.2\u00b10.8<\/td>\n<td>0.45\u00b10.20<\/td>\n<td>14.70\u00b11.0<\/td>\n<td>0.70\u00b10.20<\/td>\n<td>50<\/td>\n<td>16\uff5e29<\/td>\n<\/tr>\n<tr>\n<td>\u03a635<\/td>\n<td>35.2\u00b10.8<\/td>\n<td>0.50\u00b10.20<\/td>\n<td>17.30\u00b11.0<\/td>\n<td>0.80\u00b10.20<\/td>\n<td>50<\/td>\n<td>18\uff5e34<\/td>\n<\/tr>\n<tr>\n<td>\u03a640<\/td>\n<td>40.0\u00b11.0<\/td>\n<td>0.50\u00b10.20<\/td>\n<td>19.80\u00b11.0<\/td>\n<td>0.80\u00b10.20<\/td>\n<td>50<\/td>\n<td>21\uff5e39<\/td>\n<\/tr>\n<tr>\n<td>\u03a650<\/td>\n<td>50.0\u00b11.0<\/td>\n<td>0.50\u00b10.20<\/td>\n<td>24.80\u00b11.0<\/td>\n<td>0.80\u00b10.20<\/td>\n<td>50<\/td>\n<td>26\uff5e49<\/td>\n<\/tr>\n<tr>\n<td>\u03a660<\/td>\n<td>60.0\u00b11.0<\/td>\n<td>0.60\u00b10.20<\/td>\n<td>29.80\u00b11.0<\/td>\n<td>0.80\u00b10.20<\/td>\n<td>25<\/td>\n<td>35\uff5e55<\/td>\n<\/tr>\n<tr>\n<td>\u03a670<\/td>\n<td>70.0\u00b11.0<\/td>\n<td>0.65\u00b10.20<\/td>\n<td>34.00\u00b12.0<\/td>\n<td>1.00\u00b10.20<\/td>\n<td>25<\/td>\n<td>40\uff5e65<\/td>\n<\/tr>\n<tr>\n<td>\u03a680<\/td>\n<td>80.0\u00b11.0<\/td>\n<td>0.65\u00b10.20<\/td>\n<td>39.00\u00b12.0<\/td>\n<td>1.00\u00b10.20<\/td>\n<td>25<\/td>\n<td>45\uff5e75<\/td>\n<\/tr>\n<tr>\n<td>\u03a690<\/td>\n<td>90.0\u00b11.0<\/td>\n<td>0.65\u00b10.20<\/td>\n<td>44.00\u00b12.0<\/td>\n<td>1.00\u00b10.20<\/td>\n<td>25<\/td>\n<td>50\uff5e88<\/td>\n<\/tr>\n<tr>\n<td>\u03a6100<\/td>\n<td>100.0\u00b12.0<\/td>\n<td>0.65\u00b10.20<\/td>\n<td>49.00\u00b12.0<\/td>\n<td>1.00\u00b10.20<\/td>\n<td>25<\/td>\n<td>55\uff5e95<\/td>\n<\/tr>\n<tr>\n<td>\u03a6120<\/td>\n<td>120.0\u00b12.0<\/td>\n<td>0.70\u00b10.20<\/td>\n<td>59.00\u00b12.0<\/td>\n<td>1.20\u00b10.20<\/td>\n<td>25<\/td>\n<td>65\uff5e115<\/td>\n<\/tr>\n<tr>\n<td>\u03a6150<\/td>\n<td>150.0\u00b12.0<\/td>\n<td>0.70\u00b10.20<\/td>\n<td>74.00\u00b12.0<\/td>\n<td>1.20\u00b10.20<\/td>\n<td>25<\/td>\n<td>80\uff5e145<\/td>\n<\/tr>\n<tr>\n<td>\u03a6180<\/td>\n<td>180.0\u00b12.0<\/td>\n<td>0.70\u00b10.20<\/td>\n<td>88.00\u00b12.0<\/td>\n<td>1.20\u00b10.20<\/td>\n<td>25<\/td>\n<td>95\uff5e175<\/td>\n<\/tr>\n<\/tbody>\n<\/table>\n<p>&nbsp;<\/p>","protected":false},"excerpt":{"rendered":"<p>El tubo termoretr\u00e1ctil amarillo y verde de la serie HD-5 se procesa y fabrica con excelentes<\/p>\n<p>materiales de poliolefina amarilla. Cuando se da forma a los productos, se reticulan y se expanden continuamente.<\/p>\n<p>con acelerador electr\u00f3nico. Los productos se caracterizan por su suavidad, retardante de llama y r\u00e1pida contracci\u00f3n,<\/p>\n<p>Color brillante y duradero y rendimiento estable. Son ampliamente utilizados en el marcado de cables el\u00e9ctricos,<\/p>\n<p>puesta a tierra de cables, l\u00edneas especiales y tuber\u00edas.<\/p>","protected":false},"featured_media":2459,"comment_status":"open","ping_status":"closed","template":"","meta":{"_acf_changed":false},"product_brand":[],"product_cat":[67],"product_tag":[],"class_list":{"0":"post-2457","1":"product","2":"type-product","3":"status-publish","4":"has-post-thumbnail","6":"product_cat-heat-shrinkable-tube","8":"first","9":"instock","10":"shipping-taxable","11":"product-type-simple"},"acf":[],"yoast_head":"<!-- This site is optimized with the Yoast SEO plugin v25.1 - https:\/\/yoast.com\/wordpress\/plugins\/seo\/ -->\n<title>Yellow Green Heat Shrinkable Tube - HDS Tie<\/title>\n<meta name=\"robots\" content=\"index, follow, max-snippet:-1, max-image-preview:large, max-video-preview:-1\" \/>\n<link rel=\"canonical\" href=\"https:\/\/aliceblue-chamois-108160.hostingersite.com\/id\/produk\/yellow-green-heat-shrinkable-tube\/\" \/>\n<meta property=\"og:locale\" content=\"es_ES\" \/>\n<meta property=\"og:type\" content=\"article\" \/>\n<meta property=\"og:title\" content=\"Yellow Green Heat Shrinkable Tube - HDS Tie\" \/>\n<meta property=\"og:description\" content=\"HD-5 series yellow &amp; green heat shrinkable tube is processed and manufactured with excellent green and  yellow polyolefin materials. When the products are shaped, they are cross linked and expanded continuously  with electronic accelerator. The products are characterized by softness, flame retardation, fast shrinkage,  bright and durable color and stable performance. They are widely used in the marking of electric wires,  earthing of cables, special lines and pipelines.\" \/>\n<meta property=\"og:url\" content=\"https:\/\/aliceblue-chamois-108160.hostingersite.com\/id\/produk\/yellow-green-heat-shrinkable-tube\/\" \/>\n<meta property=\"og:site_name\" content=\"HDS Tie\" \/>\n<meta property=\"og:image\" content=\"https:\/\/aliceblue-chamois-108160.hostingersite.com\/wp-content\/uploads\/2025\/09\/HD-5-series-yellow-green-thermal-shrinkable-bushing.webp\" \/>\n\t<meta property=\"og:image:width\" content=\"630\" \/>\n\t<meta property=\"og:image:height\" content=\"657\" \/>\n\t<meta property=\"og:image:type\" content=\"image\/webp\" \/>\n<meta name=\"twitter:card\" content=\"summary_large_image\" \/>\n<meta name=\"twitter:label1\" content=\"Tiempo de lectura\" \/>\n\t<meta name=\"twitter:data1\" content=\"2 minutos\" \/>\n<script type=\"application\/ld+json\" class=\"yoast-schema-graph\">{\"@context\":\"https:\/\/schema.org\",\"@graph\":[{\"@type\":\"WebPage\",\"@id\":\"https:\/\/aliceblue-chamois-108160.hostingersite.com\/id\/produk\/yellow-green-heat-shrinkable-tube\/\",\"url\":\"https:\/\/aliceblue-chamois-108160.hostingersite.com\/id\/produk\/yellow-green-heat-shrinkable-tube\/\",\"name\":\"Yellow Green Heat Shrinkable Tube - HDS Tie\",\"isPartOf\":{\"@id\":\"https:\/\/hds-cabletie.com\/ar\/#website\"},\"primaryImageOfPage\":{\"@id\":\"https:\/\/aliceblue-chamois-108160.hostingersite.com\/id\/produk\/yellow-green-heat-shrinkable-tube\/#primaryimage\"},\"image\":{\"@id\":\"https:\/\/aliceblue-chamois-108160.hostingersite.com\/id\/produk\/yellow-green-heat-shrinkable-tube\/#primaryimage\"},\"thumbnailUrl\":\"https:\/\/hds-cabletie.com\/wp-content\/uploads\/2025\/09\/HD-5-series-yellow-green-thermal-shrinkable-bushing.webp\",\"datePublished\":\"2025-09-15T05:47:52+00:00\",\"breadcrumb\":{\"@id\":\"https:\/\/aliceblue-chamois-108160.hostingersite.com\/id\/produk\/yellow-green-heat-shrinkable-tube\/#breadcrumb\"},\"inLanguage\":\"es\",\"potentialAction\":[{\"@type\":\"ReadAction\",\"target\":[\"https:\/\/aliceblue-chamois-108160.hostingersite.com\/id\/produk\/yellow-green-heat-shrinkable-tube\/\"]}]},{\"@type\":\"ImageObject\",\"inLanguage\":\"es\",\"@id\":\"https:\/\/aliceblue-chamois-108160.hostingersite.com\/id\/produk\/yellow-green-heat-shrinkable-tube\/#primaryimage\",\"url\":\"https:\/\/hds-cabletie.com\/wp-content\/uploads\/2025\/09\/HD-5-series-yellow-green-thermal-shrinkable-bushing.webp\",\"contentUrl\":\"https:\/\/hds-cabletie.com\/wp-content\/uploads\/2025\/09\/HD-5-series-yellow-green-thermal-shrinkable-bushing.webp\",\"width\":630,\"height\":657},{\"@type\":\"BreadcrumbList\",\"@id\":\"https:\/\/aliceblue-chamois-108160.hostingersite.com\/id\/produk\/yellow-green-heat-shrinkable-tube\/#breadcrumb\",\"itemListElement\":[{\"@type\":\"ListItem\",\"position\":1,\"name\":\"Home\",\"item\":\"https:\/\/hds-cabletie.com\/\"},{\"@type\":\"ListItem\",\"position\":2,\"name\":\"Products\",\"item\":\"https:\/\/hds-cabletie.com\/de\/products\/\"},{\"@type\":\"ListItem\",\"position\":3,\"name\":\"Yellow Green Heat Shrinkable Tube\"}]},{\"@type\":\"WebSite\",\"@id\":\"https:\/\/hds-cabletie.com\/ar\/#website\",\"url\":\"https:\/\/hds-cabletie.com\/ar\/\",\"name\":\"HDS Tie\",\"description\":\"\",\"potentialAction\":[{\"@type\":\"SearchAction\",\"target\":{\"@type\":\"EntryPoint\",\"urlTemplate\":\"https:\/\/hds-cabletie.com\/ar\/?s={search_term_string}\"},\"query-input\":{\"@type\":\"PropertyValueSpecification\",\"valueRequired\":true,\"valueName\":\"search_term_string\"}}],\"inLanguage\":\"es\"}]}<\/script>\n<!-- \/ Yoast SEO plugin. -->","yoast_head_json":{"title":"Yellow Green Heat Shrinkable Tube - HDS Tie","robots":{"index":"index","follow":"follow","max-snippet":"max-snippet:-1","max-image-preview":"max-image-preview:large","max-video-preview":"max-video-preview:-1"},"canonical":"https:\/\/aliceblue-chamois-108160.hostingersite.com\/id\/produk\/yellow-green-heat-shrinkable-tube\/","og_locale":"es_ES","og_type":"article","og_title":"Yellow Green Heat Shrinkable Tube - HDS Tie","og_description":"HD-5 series yellow &amp; green heat shrinkable tube is processed and manufactured with excellent green and  yellow polyolefin materials. When the products are shaped, they are cross linked and expanded continuously  with electronic accelerator. The products are characterized by softness, flame retardation, fast shrinkage,  bright and durable color and stable performance. They are widely used in the marking of electric wires,  earthing of cables, special lines and pipelines.","og_url":"https:\/\/aliceblue-chamois-108160.hostingersite.com\/id\/produk\/yellow-green-heat-shrinkable-tube\/","og_site_name":"HDS Tie","og_image":[{"width":630,"height":657,"url":"https:\/\/aliceblue-chamois-108160.hostingersite.com\/wp-content\/uploads\/2025\/09\/HD-5-series-yellow-green-thermal-shrinkable-bushing.webp","type":"image\/webp"}],"twitter_card":"summary_large_image","twitter_misc":{"Tiempo de lectura":"2 minutos"},"schema":{"@context":"https:\/\/schema.org","@graph":[{"@type":"WebPage","@id":"https:\/\/aliceblue-chamois-108160.hostingersite.com\/id\/produk\/yellow-green-heat-shrinkable-tube\/","url":"https:\/\/aliceblue-chamois-108160.hostingersite.com\/id\/produk\/yellow-green-heat-shrinkable-tube\/","name":"Yellow Green Heat Shrinkable Tube - HDS Tie","isPartOf":{"@id":"https:\/\/hds-cabletie.com\/ar\/#website"},"primaryImageOfPage":{"@id":"https:\/\/aliceblue-chamois-108160.hostingersite.com\/id\/produk\/yellow-green-heat-shrinkable-tube\/#primaryimage"},"image":{"@id":"https:\/\/aliceblue-chamois-108160.hostingersite.com\/id\/produk\/yellow-green-heat-shrinkable-tube\/#primaryimage"},"thumbnailUrl":"https:\/\/hds-cabletie.com\/wp-content\/uploads\/2025\/09\/HD-5-series-yellow-green-thermal-shrinkable-bushing.webp","datePublished":"2025-09-15T05:47:52+00:00","breadcrumb":{"@id":"https:\/\/aliceblue-chamois-108160.hostingersite.com\/id\/produk\/yellow-green-heat-shrinkable-tube\/#breadcrumb"},"inLanguage":"es","potentialAction":[{"@type":"ReadAction","target":["https:\/\/aliceblue-chamois-108160.hostingersite.com\/id\/produk\/yellow-green-heat-shrinkable-tube\/"]}]},{"@type":"ImageObject","inLanguage":"es","@id":"https:\/\/aliceblue-chamois-108160.hostingersite.com\/id\/produk\/yellow-green-heat-shrinkable-tube\/#primaryimage","url":"https:\/\/hds-cabletie.com\/wp-content\/uploads\/2025\/09\/HD-5-series-yellow-green-thermal-shrinkable-bushing.webp","contentUrl":"https:\/\/hds-cabletie.com\/wp-content\/uploads\/2025\/09\/HD-5-series-yellow-green-thermal-shrinkable-bushing.webp","width":630,"height":657},{"@type":"BreadcrumbList","@id":"https:\/\/aliceblue-chamois-108160.hostingersite.com\/id\/produk\/yellow-green-heat-shrinkable-tube\/#breadcrumb","itemListElement":[{"@type":"ListItem","position":1,"name":"Home","item":"https:\/\/hds-cabletie.com\/"},{"@type":"ListItem","position":2,"name":"Products","item":"https:\/\/hds-cabletie.com\/de\/products\/"},{"@type":"ListItem","position":3,"name":"Yellow Green Heat Shrinkable Tube"}]},{"@type":"WebSite","@id":"https:\/\/hds-cabletie.com\/ar\/#website","url":"https:\/\/hds-cabletie.com\/ar\/","name":"HDS Tie","description":"","potentialAction":[{"@type":"SearchAction","target":{"@type":"EntryPoint","urlTemplate":"https:\/\/hds-cabletie.com\/ar\/?s={search_term_string}"},"query-input":{"@type":"PropertyValueSpecification","valueRequired":true,"valueName":"search_term_string"}}],"inLanguage":"es"}]}},"_links":{"self":[{"href":"https:\/\/hds-cabletie.com\/es\/wp-json\/wp\/v2\/product\/2457","targetHints":{"allow":["GET"]}}],"collection":[{"href":"https:\/\/hds-cabletie.com\/es\/wp-json\/wp\/v2\/product"}],"about":[{"href":"https:\/\/hds-cabletie.com\/es\/wp-json\/wp\/v2\/types\/product"}],"replies":[{"embeddable":true,"href":"https:\/\/hds-cabletie.com\/es\/wp-json\/wp\/v2\/comments?post=2457"}],"wp:featuredmedia":[{"embeddable":true,"href":"https:\/\/hds-cabletie.com\/es\/wp-json\/wp\/v2\/media\/2459"}],"wp:attachment":[{"href":"https:\/\/hds-cabletie.com\/es\/wp-json\/wp\/v2\/media?parent=2457"}],"wp:term":[{"taxonomy":"product_brand","embeddable":true,"href":"https:\/\/hds-cabletie.com\/es\/wp-json\/wp\/v2\/product_brand?post=2457"},{"taxonomy":"product_cat","embeddable":true,"href":"https:\/\/hds-cabletie.com\/es\/wp-json\/wp\/v2\/product_cat?post=2457"},{"taxonomy":"product_tag","embeddable":true,"href":"https:\/\/hds-cabletie.com\/es\/wp-json\/wp\/v2\/product_tag?post=2457"}],"curies":[{"name":"wp","href":"https:\/\/api.w.org\/{rel}","templated":true}]}}