{"id":2454,"date":"2025-09-15T05:46:16","date_gmt":"2025-09-15T05:46:16","guid":{"rendered":"https:\/\/hds-cabletie.com\/?post_type=product&#038;p=2454"},"modified":"2025-09-15T05:46:17","modified_gmt":"2025-09-15T05:46:17","slug":"double-wall-heat-shrinkable-tube","status":"publish","type":"product","link":"https:\/\/hds-cabletie.com\/es\/producto\/double-wall-heat-shrinkable-tube\/","title":{"rendered":"Tubo termorretr\u00e1ctil de doble pared"},"content":{"rendered":"<h2><strong>Caracter\u00edsticas y aplicaci\u00f3n\u00a0<\/strong><\/h2>\n<p>La serie HD-4 es un casquillo termoretr\u00e1ctil semiconductor con una capa interior de termosol, cuya capa externa est\u00e1 formada por polietileno reticulado por radiaci\u00f3n y su capa interna es una pared interna adhesiva especialmente dise\u00f1ada. Cuando se calienta, el termosol interno se contrae hacia la pared externa y rellena el espacio libre. cuando se enfr\u00eda, el grosor de las paredes dobles es muy uniforme y s\u00f3lido. se utiliza ampliamente para la estanqueidad al agua y al aire del cableado de los equipos electr\u00f3nicos, el sellado de la rama de cableado, la protecci\u00f3n contra el \u00f3xido de los alambres met\u00e1licos y la reparaci\u00f3n de alambres y cables. puede evitar que las cadenas de pol\u00edmero se aflojen y se desprendan, como en el caso de las tuber\u00edas de piscinas, autom\u00f3viles y l\u00edneas avanzadas.<\/p>\n<p>Caracter\u00edsticas:<\/p>\n<p>Aplicaci\u00f3n:-40\u2103\uff5e50\u2103;<\/p>\n<p>Temperatura inicial de retracci\u00f3n:70\u2103;<\/p>\n<p>Temperatura de retracci\u00f3n total:125\u2103;<\/p>\n<p>Temperatura de fusi\u00f3n de la capa adhesiva interna:70\u2103\uff5e80\u2103;<\/p>\n<p>Proporci\u00f3n de encogimiento:3:1(El encogimiento de mayor aumento puede ser proporcionado de acuerdo a las demandas de los clientes). Sello, a prueba de agua, fuerte flexibilidad. conveniente capaz de encogerse cuando se calienta con horno o pistola de aire caliente; suministro y entrega oportunos; y gran producci\u00f3n.<\/p>\n<p><strong>Color est\u00e1ndar: Negro (otros colores a petici\u00f3n del cliente)<\/strong><strong>'<\/strong><strong>\u00a0<\/strong><strong>necesidades).<\/strong><\/p>\n<table>\n<tbody>\n<tr>\n<td colspan=\"2\">Especificaci\u00f3n<\/td>\n<td colspan=\"2\">Dimensi\u00f3n antes de la contracci\u00f3n (mm)<\/td>\n<td colspan=\"2\">Dimensi\u00f3n tras la retracci\u00f3n (mm)<\/td>\n<td rowspan=\"2\">Embalaje est\u00e1ndar<\/td>\n<td rowspan=\"2\">&nbsp;<\/p>\n<p>Aplicaci\u00f3n<\/p>\n<p>(mm)<\/p>\n<p>&nbsp;<\/td>\n<\/tr>\n<tr>\n<td>mm<\/td>\n<td>En pulgadas<\/td>\n<td>Di\u00e1metro interior<\/td>\n<td>Grosor de la pared<\/td>\n<td>Grosor de la pared<\/td>\n<td>Di\u00e1metro interior<\/td>\n<\/tr>\n<tr>\n<td>\u03a62.4<\/td>\n<td>3\/32<\/td>\n<td>2.7\u00b10.5<\/td>\n<td>0.7\u00b10.15<\/td>\n<td>0.30\u00b10.10<\/td>\n<td>0.8<\/td>\n<td>100(m\/disco)<\/td>\n<td>0.9\uff5e2.2<\/td>\n<\/tr>\n<tr>\n<td>\u03a63.2<\/td>\n<td>1\/8<\/td>\n<td>3.2\u00b10.5<\/td>\n<td>0.9\u00b10.15<\/td>\n<td>0.35\u00b10.10<\/td>\n<td>1.0<\/td>\n<td>100(m\/disco)<\/td>\n<td>1.2\uff5e3.1<\/td>\n<\/tr>\n<tr>\n<td>\u03a64.8<\/td>\n<td>3\/16<\/td>\n<td>4.8\u00b10.5<\/td>\n<td>1.0\u00b10.15<\/td>\n<td>0.40\u00b10.10<\/td>\n<td>1.6<\/td>\n<td>100(m\/disco)<\/td>\n<td>1.8\uff5e4.6<\/td>\n<\/tr>\n<tr>\n<td>\u03a66.4<\/td>\n<td>1\/4<\/td>\n<td>6.4\u00b10.5<\/td>\n<td>1.2\u00b10.15<\/td>\n<td>0.45\u00b10.12<\/td>\n<td>2.2<\/td>\n<td>100(m\/disco)<\/td>\n<td>2.4\uff5e6.4<\/td>\n<\/tr>\n<tr>\n<td>\u03a67.9<\/td>\n<td>5\/16<\/td>\n<td>8.0\u00b10.5<\/td>\n<td>1.3\u00b10.15<\/td>\n<td>0.50\u00b10.12<\/td>\n<td>2.7<\/td>\n<td>100(m\/disco)<\/td>\n<td>2.9\uff5e7.7<\/td>\n<\/tr>\n<tr>\n<td>\u03a69.5<\/td>\n<td>3\/8<\/td>\n<td>9.6\u00b10.5<\/td>\n<td>1.4\u00b10.15<\/td>\n<td>0.50\u00b10.12<\/td>\n<td>3.2<\/td>\n<td>1,22(m\/seg)<\/td>\n<td>3.4\uff5e9.4<\/td>\n<\/tr>\n<tr>\n<td>\u03a612.7<\/td>\n<td>1\/2<\/td>\n<td>12.8\u00b10.8<\/td>\n<td>1.6\u00b10.20<\/td>\n<td>0.50\u00b10.12<\/td>\n<td>4.2<\/td>\n<td>1,22(m\/seg)<\/td>\n<td>4.4\uff5e12.5<\/td>\n<\/tr>\n<tr>\n<td>\u03a615<\/td>\n<td>5\/8<\/td>\n<td>15.0\u00b10.8<\/td>\n<td>0.8\u00b10.20<\/td>\n<td>0.50\u00b10.12<\/td>\n<td>5.2<\/td>\n<td>1,22(m\/seg)<\/td>\n<td>5.4\uff5e14.8<\/td>\n<\/tr>\n<tr>\n<td>\u03a619.1<\/td>\n<td>3\/4<\/td>\n<td>19.6\u00b10.8<\/td>\n<td>2.0\u00b10.20<\/td>\n<td>0.50\u00b10.12<\/td>\n<td>6.3<\/td>\n<td>1,22(m\/seg)<\/td>\n<td>6.5\uff5e18.8<\/td>\n<\/tr>\n<tr>\n<td>\u03a625.4<\/td>\n<td>1<\/td>\n<td>25.4\u00b10.8<\/td>\n<td>2.1\u00b10.20<\/td>\n<td>0.50\u00b10.12<\/td>\n<td>8.5<\/td>\n<td>1,22(m\/seg)<\/td>\n<td>8.8\uff5e25<\/td>\n<\/tr>\n<tr>\n<td>\u03a630<\/td>\n<td>5\/4<\/td>\n<td>30.5\u00b10.8<\/td>\n<td>2.2\u00b10.20<\/td>\n<td>0.60\u00b10.15<\/td>\n<td>10.2<\/td>\n<td>1,22(m\/seg)<\/td>\n<td>10.5\uff5e30<\/td>\n<\/tr>\n<tr>\n<td>\u03a639<\/td>\n<td>3\/2<\/td>\n<td>39.8\u00b10.8<\/td>\n<td>2.4\u00b10.20<\/td>\n<td>0.60\u00b10.15<\/td>\n<td>13.5<\/td>\n<td>1,22(m\/seg)<\/td>\n<td>14\uff5e9<\/td>\n<\/tr>\n<tr>\n<td>\u03a650<\/td>\n<td>2<\/td>\n<td>50\u00b10.8<\/td>\n<td>2.7\u00b10.25<\/td>\n<td>0.70\u00b10.15<\/td>\n<td>17.0<\/td>\n<td>1,22(m\/seg)<\/td>\n<td>17.5\uff5e49<\/td>\n<\/tr>\n<tr>\n<td>\u03a664<\/td>\n<td>5\/2<\/td>\n<td>\u226564<\/td>\n<td>3.0\u00b10.25<\/td>\n<td>0.70\u00b10.15<\/td>\n<td>21.0<\/td>\n<td>1,22(m\/seg)<\/td>\n<td>22\uff5e62<\/td>\n<\/tr>\n<tr>\n<td>\u03a675<\/td>\n<td>3<\/td>\n<td>\u226575<\/td>\n<td>3.0\u00b10.30<\/td>\n<td>1.00\u00b10.20<\/td>\n<td>25.0<\/td>\n<td>1,22(m\/seg)<\/td>\n<td>26\uff5e72<\/td>\n<\/tr>\n<tr>\n<td>\u03a690<\/td>\n<td>7\/2<\/td>\n<td>\u226590<\/td>\n<td>3.0\u00b10.30<\/td>\n<td>1.00\u00b10.20<\/td>\n<td>30.0<\/td>\n<td>1,22(m\/seg)<\/td>\n<td>32\uff5e88<\/td>\n<\/tr>\n<tr>\n<td>\u03a6100<\/td>\n<td>4<\/td>\n<td>\u2265100<\/td>\n<td>3.0\u00b10.30<\/td>\n<td>1.00\u00b10.20<\/td>\n<td>34.0<\/td>\n<td>1,22(m\/seg)<\/td>\n<td>36\uff5e90<\/td>\n<\/tr>\n<tr>\n<td>\u03a6125<\/td>\n<td>5<\/td>\n<td>\u2265125<\/td>\n<td>3.0\u00b10.30<\/td>\n<td>1.00\u00b10.20<\/td>\n<td>42.0<\/td>\n<td>1,22(m\/seg)<\/td>\n<td>44\uff5e125<\/td>\n<\/tr>\n<\/tbody>\n<\/table>\n<p>&nbsp;<\/p>","protected":false},"excerpt":{"rendered":"<p>Aplicaci\u00f3n:-40\u2103\uff5e50\u2103;<\/p>\n<p>Temperatura inicial de retracci\u00f3n:70\u2103;<\/p>\n<p>Temperatura de retracci\u00f3n total:125\u2103;<\/p>\n<p>Temperatura de fusi\u00f3n de la capa adhesiva interna:70\u2103\uff5e80\u2103;<\/p>","protected":false},"featured_media":2456,"comment_status":"open","ping_status":"closed","template":"","meta":{"_acf_changed":false},"product_brand":[],"product_cat":[67],"product_tag":[],"class_list":{"0":"post-2454","1":"product","2":"type-product","3":"status-publish","4":"has-post-thumbnail","6":"product_cat-heat-shrinkable-tube","8":"first","9":"instock","10":"shipping-taxable","11":"product-type-simple"},"acf":[],"yoast_head":"<!-- This site is optimized with the Yoast SEO plugin v25.1 - https:\/\/yoast.com\/wordpress\/plugins\/seo\/ -->\n<title>Double Wall Heat Shrinkable Tube - HDS Tie<\/title>\n<meta name=\"robots\" content=\"index, follow, max-snippet:-1, max-image-preview:large, max-video-preview:-1\" \/>\n<link rel=\"canonical\" href=\"https:\/\/aliceblue-chamois-108160.hostingersite.com\/id\/produk\/double-wall-heat-shrinkable-tube\/\" \/>\n<meta property=\"og:locale\" content=\"es_ES\" \/>\n<meta property=\"og:type\" content=\"article\" \/>\n<meta property=\"og:title\" content=\"Double Wall Heat Shrinkable Tube - HDS Tie\" \/>\n<meta property=\"og:description\" content=\"Application:-40\u2103\uff5e50\u2103;  Initial shrinking temperature:70\u2103;  Full shrinking temperature:125\u2103;  Melting temperature of internal adhesive layer:70\u2103\uff5e80\u2103;\" \/>\n<meta property=\"og:url\" content=\"https:\/\/aliceblue-chamois-108160.hostingersite.com\/id\/produk\/double-wall-heat-shrinkable-tube\/\" \/>\n<meta property=\"og:site_name\" content=\"HDS Tie\" \/>\n<meta property=\"article:modified_time\" content=\"2025-09-15T05:46:17+00:00\" \/>\n<meta property=\"og:image\" content=\"https:\/\/aliceblue-chamois-108160.hostingersite.com\/wp-content\/uploads\/2025\/09\/HD-4-Series-double-wall-thermal-shrinkable-bushing.webp\" \/>\n\t<meta property=\"og:image:width\" content=\"610\" \/>\n\t<meta property=\"og:image:height\" content=\"639\" \/>\n\t<meta property=\"og:image:type\" content=\"image\/webp\" \/>\n<meta name=\"twitter:card\" content=\"summary_large_image\" \/>\n<meta name=\"twitter:label1\" content=\"Tiempo de lectura\" \/>\n\t<meta name=\"twitter:data1\" content=\"2 minutos\" \/>\n<script type=\"application\/ld+json\" class=\"yoast-schema-graph\">{\"@context\":\"https:\/\/schema.org\",\"@graph\":[{\"@type\":\"WebPage\",\"@id\":\"https:\/\/aliceblue-chamois-108160.hostingersite.com\/id\/produk\/double-wall-heat-shrinkable-tube\/\",\"url\":\"https:\/\/aliceblue-chamois-108160.hostingersite.com\/id\/produk\/double-wall-heat-shrinkable-tube\/\",\"name\":\"Double Wall Heat Shrinkable Tube - HDS Tie\",\"isPartOf\":{\"@id\":\"https:\/\/hds-cabletie.com\/ar\/#website\"},\"primaryImageOfPage\":{\"@id\":\"https:\/\/aliceblue-chamois-108160.hostingersite.com\/id\/produk\/double-wall-heat-shrinkable-tube\/#primaryimage\"},\"image\":{\"@id\":\"https:\/\/aliceblue-chamois-108160.hostingersite.com\/id\/produk\/double-wall-heat-shrinkable-tube\/#primaryimage\"},\"thumbnailUrl\":\"https:\/\/hds-cabletie.com\/wp-content\/uploads\/2025\/09\/HD-4-Series-double-wall-thermal-shrinkable-bushing.webp\",\"datePublished\":\"2025-09-15T05:46:16+00:00\",\"dateModified\":\"2025-09-15T05:46:17+00:00\",\"breadcrumb\":{\"@id\":\"https:\/\/aliceblue-chamois-108160.hostingersite.com\/id\/produk\/double-wall-heat-shrinkable-tube\/#breadcrumb\"},\"inLanguage\":\"es\",\"potentialAction\":[{\"@type\":\"ReadAction\",\"target\":[\"https:\/\/aliceblue-chamois-108160.hostingersite.com\/id\/produk\/double-wall-heat-shrinkable-tube\/\"]}]},{\"@type\":\"ImageObject\",\"inLanguage\":\"es\",\"@id\":\"https:\/\/aliceblue-chamois-108160.hostingersite.com\/id\/produk\/double-wall-heat-shrinkable-tube\/#primaryimage\",\"url\":\"https:\/\/hds-cabletie.com\/wp-content\/uploads\/2025\/09\/HD-4-Series-double-wall-thermal-shrinkable-bushing.webp\",\"contentUrl\":\"https:\/\/hds-cabletie.com\/wp-content\/uploads\/2025\/09\/HD-4-Series-double-wall-thermal-shrinkable-bushing.webp\",\"width\":610,\"height\":639},{\"@type\":\"BreadcrumbList\",\"@id\":\"https:\/\/aliceblue-chamois-108160.hostingersite.com\/id\/produk\/double-wall-heat-shrinkable-tube\/#breadcrumb\",\"itemListElement\":[{\"@type\":\"ListItem\",\"position\":1,\"name\":\"Home\",\"item\":\"https:\/\/hds-cabletie.com\/\"},{\"@type\":\"ListItem\",\"position\":2,\"name\":\"Products\",\"item\":\"https:\/\/hds-cabletie.com\/de\/products\/\"},{\"@type\":\"ListItem\",\"position\":3,\"name\":\"Double Wall Heat Shrinkable Tube\"}]},{\"@type\":\"WebSite\",\"@id\":\"https:\/\/hds-cabletie.com\/ar\/#website\",\"url\":\"https:\/\/hds-cabletie.com\/ar\/\",\"name\":\"HDS Tie\",\"description\":\"\",\"potentialAction\":[{\"@type\":\"SearchAction\",\"target\":{\"@type\":\"EntryPoint\",\"urlTemplate\":\"https:\/\/hds-cabletie.com\/ar\/?s={search_term_string}\"},\"query-input\":{\"@type\":\"PropertyValueSpecification\",\"valueRequired\":true,\"valueName\":\"search_term_string\"}}],\"inLanguage\":\"es\"}]}<\/script>\n<!-- \/ Yoast SEO plugin. -->","yoast_head_json":{"title":"Double Wall Heat Shrinkable Tube - HDS Tie","robots":{"index":"index","follow":"follow","max-snippet":"max-snippet:-1","max-image-preview":"max-image-preview:large","max-video-preview":"max-video-preview:-1"},"canonical":"https:\/\/aliceblue-chamois-108160.hostingersite.com\/id\/produk\/double-wall-heat-shrinkable-tube\/","og_locale":"es_ES","og_type":"article","og_title":"Double Wall Heat Shrinkable Tube - HDS Tie","og_description":"Application:-40\u2103\uff5e50\u2103;  Initial shrinking temperature:70\u2103;  Full shrinking temperature:125\u2103;  Melting temperature of internal adhesive layer:70\u2103\uff5e80\u2103;","og_url":"https:\/\/aliceblue-chamois-108160.hostingersite.com\/id\/produk\/double-wall-heat-shrinkable-tube\/","og_site_name":"HDS Tie","article_modified_time":"2025-09-15T05:46:17+00:00","og_image":[{"width":610,"height":639,"url":"https:\/\/aliceblue-chamois-108160.hostingersite.com\/wp-content\/uploads\/2025\/09\/HD-4-Series-double-wall-thermal-shrinkable-bushing.webp","type":"image\/webp"}],"twitter_card":"summary_large_image","twitter_misc":{"Tiempo de lectura":"2 minutos"},"schema":{"@context":"https:\/\/schema.org","@graph":[{"@type":"WebPage","@id":"https:\/\/aliceblue-chamois-108160.hostingersite.com\/id\/produk\/double-wall-heat-shrinkable-tube\/","url":"https:\/\/aliceblue-chamois-108160.hostingersite.com\/id\/produk\/double-wall-heat-shrinkable-tube\/","name":"Double Wall Heat Shrinkable Tube - HDS Tie","isPartOf":{"@id":"https:\/\/hds-cabletie.com\/ar\/#website"},"primaryImageOfPage":{"@id":"https:\/\/aliceblue-chamois-108160.hostingersite.com\/id\/produk\/double-wall-heat-shrinkable-tube\/#primaryimage"},"image":{"@id":"https:\/\/aliceblue-chamois-108160.hostingersite.com\/id\/produk\/double-wall-heat-shrinkable-tube\/#primaryimage"},"thumbnailUrl":"https:\/\/hds-cabletie.com\/wp-content\/uploads\/2025\/09\/HD-4-Series-double-wall-thermal-shrinkable-bushing.webp","datePublished":"2025-09-15T05:46:16+00:00","dateModified":"2025-09-15T05:46:17+00:00","breadcrumb":{"@id":"https:\/\/aliceblue-chamois-108160.hostingersite.com\/id\/produk\/double-wall-heat-shrinkable-tube\/#breadcrumb"},"inLanguage":"es","potentialAction":[{"@type":"ReadAction","target":["https:\/\/aliceblue-chamois-108160.hostingersite.com\/id\/produk\/double-wall-heat-shrinkable-tube\/"]}]},{"@type":"ImageObject","inLanguage":"es","@id":"https:\/\/aliceblue-chamois-108160.hostingersite.com\/id\/produk\/double-wall-heat-shrinkable-tube\/#primaryimage","url":"https:\/\/hds-cabletie.com\/wp-content\/uploads\/2025\/09\/HD-4-Series-double-wall-thermal-shrinkable-bushing.webp","contentUrl":"https:\/\/hds-cabletie.com\/wp-content\/uploads\/2025\/09\/HD-4-Series-double-wall-thermal-shrinkable-bushing.webp","width":610,"height":639},{"@type":"BreadcrumbList","@id":"https:\/\/aliceblue-chamois-108160.hostingersite.com\/id\/produk\/double-wall-heat-shrinkable-tube\/#breadcrumb","itemListElement":[{"@type":"ListItem","position":1,"name":"Home","item":"https:\/\/hds-cabletie.com\/"},{"@type":"ListItem","position":2,"name":"Products","item":"https:\/\/hds-cabletie.com\/de\/products\/"},{"@type":"ListItem","position":3,"name":"Double Wall Heat Shrinkable Tube"}]},{"@type":"WebSite","@id":"https:\/\/hds-cabletie.com\/ar\/#website","url":"https:\/\/hds-cabletie.com\/ar\/","name":"HDS Tie","description":"","potentialAction":[{"@type":"SearchAction","target":{"@type":"EntryPoint","urlTemplate":"https:\/\/hds-cabletie.com\/ar\/?s={search_term_string}"},"query-input":{"@type":"PropertyValueSpecification","valueRequired":true,"valueName":"search_term_string"}}],"inLanguage":"es"}]}},"_links":{"self":[{"href":"https:\/\/hds-cabletie.com\/es\/wp-json\/wp\/v2\/product\/2454","targetHints":{"allow":["GET"]}}],"collection":[{"href":"https:\/\/hds-cabletie.com\/es\/wp-json\/wp\/v2\/product"}],"about":[{"href":"https:\/\/hds-cabletie.com\/es\/wp-json\/wp\/v2\/types\/product"}],"replies":[{"embeddable":true,"href":"https:\/\/hds-cabletie.com\/es\/wp-json\/wp\/v2\/comments?post=2454"}],"wp:featuredmedia":[{"embeddable":true,"href":"https:\/\/hds-cabletie.com\/es\/wp-json\/wp\/v2\/media\/2456"}],"wp:attachment":[{"href":"https:\/\/hds-cabletie.com\/es\/wp-json\/wp\/v2\/media?parent=2454"}],"wp:term":[{"taxonomy":"product_brand","embeddable":true,"href":"https:\/\/hds-cabletie.com\/es\/wp-json\/wp\/v2\/product_brand?post=2454"},{"taxonomy":"product_cat","embeddable":true,"href":"https:\/\/hds-cabletie.com\/es\/wp-json\/wp\/v2\/product_cat?post=2454"},{"taxonomy":"product_tag","embeddable":true,"href":"https:\/\/hds-cabletie.com\/es\/wp-json\/wp\/v2\/product_tag?post=2454"}],"curies":[{"name":"wp","href":"https:\/\/api.w.org\/{rel}","templated":true}]}}