{"id":2410,"date":"2025-09-11T06:15:48","date_gmt":"2025-09-11T06:15:48","guid":{"rendered":"https:\/\/hds-cabletie.com\/?post_type=product&#038;p=2410"},"modified":"2025-09-11T06:15:48","modified_gmt":"2025-09-11T06:15:48","slug":"stainless-steel-metal-teeth-insert-nylon-cable-tie","status":"publish","type":"product","link":"https:\/\/hds-cabletie.com\/es\/producto\/stainless-steel-metal-teeth-insert-nylon-cable-tie\/","title":{"rendered":"Brida de nylon con dientes met\u00e1licos de acero inoxidable"},"content":{"rendered":"<p><strong><b>Material:<\/b><\/strong>\u00a0Nylon 66, 94V-2 certificado por UL.<\/p>\n<p><strong><b>Color:<\/b><\/strong><strong><b>\u00a0<\/b><\/strong>Natural (blanco), negro y de colores.<\/p>\n<p>Tipo: Brida de nylon con dientes met\u00e1licos de acero inoxidable<\/p>\n<p><strong><b>C<\/b><\/strong><strong><b>ertificat<\/b><\/strong><strong><b>ion: <\/b><\/strong>CE,ROHS,SGS Informe de pruebas.<\/p>\n<p><strong><b>Temperatura de funcionamiento<\/b><\/strong><strong><b>: <\/b><\/strong>-40\u2103 a 85\u2103.<\/p>\n<p><strong><b>Caracter\u00edstica<\/b><\/strong><strong><b>: <\/b><\/strong>Resistente a los \u00e1cidos y a la erosi\u00f3n, buen aislante y poco propenso a envejecer.<\/p>\n<p><strong>Detalle del embalaje: \u00a0\u00a0<\/strong>A.Common Embalaje: 100Pcs + Polybag + Etiqueta + Cart\u00f3n de exportaci\u00f3n.<\/p>\n<p>B.Embalaje personalizado: Embalaje de tarjeta de cabecera, Blister con embalaje de tarjeta, o como personalizado.<strong>Plazo de entrega:<\/strong>\u00a0En 7-30 d\u00edas despu\u00e9s de recibir el dep\u00f3sito, seg\u00fan la cantidad de la orden.<\/p>\n<p><strong><b>Condiciones de pago:<\/b><\/strong><strong><b>\u00a0<\/b><\/strong>T\/T,L\/C,Western Union,PayPal.<\/p>\n<p><strong><b>Puerto de carga: <\/b><\/strong>Puerto de NINGBO o SHANGHAI<\/p>\n<p><strong><b>Resistencia a la tracci\u00f3n:<\/b><\/strong><strong><b>\u00a077<\/b><\/strong>-110LBS<\/p>\n<p><strong><b>Marca:<\/b><\/strong>\u00a0HDS o paquete OEM<\/p>\n<h2><strong><b>Podemos enviarle muestras para que compruebe nuestra calidad.<\/b><\/strong><\/h2>\n<p>&nbsp;<\/p>\n<p>&nbsp;<\/p>","protected":false},"excerpt":{"rendered":"<p><strong><b>Material:<\/b><\/strong>\u00a0Nylon 66, 94V-2 certificado por UL.<\/p>\n<p><strong><b>Color:<\/b><\/strong><strong><b>\u00a0<\/b><\/strong>Natural (blanco), negro y de colores.<\/p>\n<p>Tipo: Brida de nylon con dientes met\u00e1licos de acero inoxidable<\/p>\n<p><strong><b>C<\/b><\/strong><strong><b>ertificat<\/b><\/strong><strong><b>ion: <\/b><\/strong>CE,ROHS,SGS Informe de pruebas.<\/p>\n<p><strong><b>Temperatura de funcionamiento<\/b><\/strong><strong><b>: <\/b><\/strong>-40\u2103 a 85\u2103.<\/p>","protected":false},"featured_media":2427,"comment_status":"open","ping_status":"closed","template":"","meta":{"_acf_changed":false},"product_brand":[],"product_cat":[16,79],"product_tag":[],"class_list":{"0":"post-2410","1":"product","2":"type-product","3":"status-publish","4":"has-post-thumbnail","6":"product_cat-nylon-cable-tie","7":"product_cat-other-type-nylon-cable-ties","9":"first","10":"instock","11":"shipping-taxable","12":"product-type-simple"},"acf":[],"yoast_head":"<!-- This site is optimized with the Yoast SEO plugin v25.1 - https:\/\/yoast.com\/wordpress\/plugins\/seo\/ -->\n<title>Stainless Steel Metal Teeth Insert Nylon Cable Tie - HDS Tie<\/title>\n<meta name=\"robots\" content=\"index, follow, max-snippet:-1, max-image-preview:large, max-video-preview:-1\" \/>\n<link rel=\"canonical\" href=\"https:\/\/hds-cabletie.com\/es\/urun\/stainless-steel-metal-teeth-insert-nylon-cable-tie\/\" \/>\n<meta property=\"og:locale\" content=\"es_ES\" \/>\n<meta property=\"og:type\" content=\"article\" \/>\n<meta property=\"og:title\" content=\"Stainless Steel Metal Teeth Insert Nylon Cable Tie - HDS Tie\" \/>\n<meta property=\"og:description\" content=\"Material:\u00a0Nylon 66, 94V-2 certificated by UL.  Color:\u00a0Natural (white), black and colorful.  Type: Stainless Steel Metal Teeth Insert Nylon Cable Tie  Certification: CE,ROHS,SGS Test Report.  Operating\u00a0Temperature: -40\u2103\u00a0to\u00a085\u2103.\" \/>\n<meta property=\"og:url\" content=\"https:\/\/hds-cabletie.com\/es\/urun\/stainless-steel-metal-teeth-insert-nylon-cable-tie\/\" \/>\n<meta property=\"og:site_name\" content=\"HDS Tie\" \/>\n<meta property=\"og:image\" content=\"https:\/\/hds-cabletie.com\/wp-content\/uploads\/2025\/09\/\u4e3b\u56fe-7.webp\" \/>\n\t<meta property=\"og:image:width\" content=\"1500\" \/>\n\t<meta property=\"og:image:height\" content=\"1500\" \/>\n\t<meta property=\"og:image:type\" content=\"image\/webp\" \/>\n<meta name=\"twitter:card\" content=\"summary_large_image\" \/>\n<meta name=\"twitter:label1\" content=\"Tiempo de lectura\" \/>\n\t<meta name=\"twitter:data1\" content=\"1 minuto\" \/>\n<script type=\"application\/ld+json\" class=\"yoast-schema-graph\">{\"@context\":\"https:\/\/schema.org\",\"@graph\":[{\"@type\":\"WebPage\",\"@id\":\"https:\/\/hds-cabletie.com\/tr\/urun\/stainless-steel-metal-teeth-insert-nylon-cable-tie\/\",\"url\":\"https:\/\/hds-cabletie.com\/tr\/urun\/stainless-steel-metal-teeth-insert-nylon-cable-tie\/\",\"name\":\"Stainless Steel Metal Teeth Insert Nylon Cable Tie - HDS Tie\",\"isPartOf\":{\"@id\":\"https:\/\/hds-cabletie.com\/ar\/#website\"},\"primaryImageOfPage\":{\"@id\":\"https:\/\/hds-cabletie.com\/tr\/urun\/stainless-steel-metal-teeth-insert-nylon-cable-tie\/#primaryimage\"},\"image\":{\"@id\":\"https:\/\/hds-cabletie.com\/tr\/urun\/stainless-steel-metal-teeth-insert-nylon-cable-tie\/#primaryimage\"},\"thumbnailUrl\":\"https:\/\/hds-cabletie.com\/wp-content\/uploads\/2025\/09\/\u4e3b\u56fe-7.webp\",\"datePublished\":\"2025-09-11T06:15:48+00:00\",\"breadcrumb\":{\"@id\":\"https:\/\/hds-cabletie.com\/tr\/urun\/stainless-steel-metal-teeth-insert-nylon-cable-tie\/#breadcrumb\"},\"inLanguage\":\"es\",\"potentialAction\":[{\"@type\":\"ReadAction\",\"target\":[\"https:\/\/hds-cabletie.com\/tr\/urun\/stainless-steel-metal-teeth-insert-nylon-cable-tie\/\"]}]},{\"@type\":\"ImageObject\",\"inLanguage\":\"es\",\"@id\":\"https:\/\/hds-cabletie.com\/tr\/urun\/stainless-steel-metal-teeth-insert-nylon-cable-tie\/#primaryimage\",\"url\":\"https:\/\/hds-cabletie.com\/wp-content\/uploads\/2025\/09\/\u4e3b\u56fe-7.webp\",\"contentUrl\":\"https:\/\/hds-cabletie.com\/wp-content\/uploads\/2025\/09\/\u4e3b\u56fe-7.webp\",\"width\":1500,\"height\":1500},{\"@type\":\"BreadcrumbList\",\"@id\":\"https:\/\/hds-cabletie.com\/tr\/urun\/stainless-steel-metal-teeth-insert-nylon-cable-tie\/#breadcrumb\",\"itemListElement\":[{\"@type\":\"ListItem\",\"position\":1,\"name\":\"Home\",\"item\":\"https:\/\/hds-cabletie.com\/\"},{\"@type\":\"ListItem\",\"position\":2,\"name\":\"Products\",\"item\":\"https:\/\/hds-cabletie.com\/de\/products\/\"},{\"@type\":\"ListItem\",\"position\":3,\"name\":\"Stainless Steel Metal Teeth Insert Nylon Cable Tie\"}]},{\"@type\":\"WebSite\",\"@id\":\"https:\/\/hds-cabletie.com\/ar\/#website\",\"url\":\"https:\/\/hds-cabletie.com\/ar\/\",\"name\":\"HDS Tie\",\"description\":\"\",\"potentialAction\":[{\"@type\":\"SearchAction\",\"target\":{\"@type\":\"EntryPoint\",\"urlTemplate\":\"https:\/\/hds-cabletie.com\/ar\/?s={search_term_string}\"},\"query-input\":{\"@type\":\"PropertyValueSpecification\",\"valueRequired\":true,\"valueName\":\"search_term_string\"}}],\"inLanguage\":\"es\"}]}<\/script>\n<!-- \/ Yoast SEO plugin. -->","yoast_head_json":{"title":"Stainless Steel Metal Teeth Insert Nylon Cable Tie - HDS Tie","robots":{"index":"index","follow":"follow","max-snippet":"max-snippet:-1","max-image-preview":"max-image-preview:large","max-video-preview":"max-video-preview:-1"},"canonical":"https:\/\/hds-cabletie.com\/es\/urun\/stainless-steel-metal-teeth-insert-nylon-cable-tie\/","og_locale":"es_ES","og_type":"article","og_title":"Stainless Steel Metal Teeth Insert Nylon Cable Tie - HDS Tie","og_description":"Material:\u00a0Nylon 66, 94V-2 certificated by UL.  Color:\u00a0Natural (white), black and colorful.  Type: Stainless Steel Metal Teeth Insert Nylon Cable Tie  Certification: CE,ROHS,SGS Test Report.  Operating\u00a0Temperature: -40\u2103\u00a0to\u00a085\u2103.","og_url":"https:\/\/hds-cabletie.com\/es\/urun\/stainless-steel-metal-teeth-insert-nylon-cable-tie\/","og_site_name":"HDS Tie","og_image":[{"width":1500,"height":1500,"url":"https:\/\/hds-cabletie.com\/wp-content\/uploads\/2025\/09\/\u4e3b\u56fe-7.webp","type":"image\/webp"}],"twitter_card":"summary_large_image","twitter_misc":{"Tiempo de lectura":"1 minuto"},"schema":{"@context":"https:\/\/schema.org","@graph":[{"@type":"WebPage","@id":"https:\/\/hds-cabletie.com\/tr\/urun\/stainless-steel-metal-teeth-insert-nylon-cable-tie\/","url":"https:\/\/hds-cabletie.com\/tr\/urun\/stainless-steel-metal-teeth-insert-nylon-cable-tie\/","name":"Stainless Steel Metal Teeth Insert Nylon Cable Tie - HDS Tie","isPartOf":{"@id":"https:\/\/hds-cabletie.com\/ar\/#website"},"primaryImageOfPage":{"@id":"https:\/\/hds-cabletie.com\/tr\/urun\/stainless-steel-metal-teeth-insert-nylon-cable-tie\/#primaryimage"},"image":{"@id":"https:\/\/hds-cabletie.com\/tr\/urun\/stainless-steel-metal-teeth-insert-nylon-cable-tie\/#primaryimage"},"thumbnailUrl":"https:\/\/hds-cabletie.com\/wp-content\/uploads\/2025\/09\/\u4e3b\u56fe-7.webp","datePublished":"2025-09-11T06:15:48+00:00","breadcrumb":{"@id":"https:\/\/hds-cabletie.com\/tr\/urun\/stainless-steel-metal-teeth-insert-nylon-cable-tie\/#breadcrumb"},"inLanguage":"es","potentialAction":[{"@type":"ReadAction","target":["https:\/\/hds-cabletie.com\/tr\/urun\/stainless-steel-metal-teeth-insert-nylon-cable-tie\/"]}]},{"@type":"ImageObject","inLanguage":"es","@id":"https:\/\/hds-cabletie.com\/tr\/urun\/stainless-steel-metal-teeth-insert-nylon-cable-tie\/#primaryimage","url":"https:\/\/hds-cabletie.com\/wp-content\/uploads\/2025\/09\/\u4e3b\u56fe-7.webp","contentUrl":"https:\/\/hds-cabletie.com\/wp-content\/uploads\/2025\/09\/\u4e3b\u56fe-7.webp","width":1500,"height":1500},{"@type":"BreadcrumbList","@id":"https:\/\/hds-cabletie.com\/tr\/urun\/stainless-steel-metal-teeth-insert-nylon-cable-tie\/#breadcrumb","itemListElement":[{"@type":"ListItem","position":1,"name":"Home","item":"https:\/\/hds-cabletie.com\/"},{"@type":"ListItem","position":2,"name":"Products","item":"https:\/\/hds-cabletie.com\/de\/products\/"},{"@type":"ListItem","position":3,"name":"Stainless Steel Metal Teeth Insert Nylon Cable Tie"}]},{"@type":"WebSite","@id":"https:\/\/hds-cabletie.com\/ar\/#website","url":"https:\/\/hds-cabletie.com\/ar\/","name":"HDS Tie","description":"","potentialAction":[{"@type":"SearchAction","target":{"@type":"EntryPoint","urlTemplate":"https:\/\/hds-cabletie.com\/ar\/?s={search_term_string}"},"query-input":{"@type":"PropertyValueSpecification","valueRequired":true,"valueName":"search_term_string"}}],"inLanguage":"es"}]}},"_links":{"self":[{"href":"https:\/\/hds-cabletie.com\/es\/wp-json\/wp\/v2\/product\/2410","targetHints":{"allow":["GET"]}}],"collection":[{"href":"https:\/\/hds-cabletie.com\/es\/wp-json\/wp\/v2\/product"}],"about":[{"href":"https:\/\/hds-cabletie.com\/es\/wp-json\/wp\/v2\/types\/product"}],"replies":[{"embeddable":true,"href":"https:\/\/hds-cabletie.com\/es\/wp-json\/wp\/v2\/comments?post=2410"}],"wp:featuredmedia":[{"embeddable":true,"href":"https:\/\/hds-cabletie.com\/es\/wp-json\/wp\/v2\/media\/2427"}],"wp:attachment":[{"href":"https:\/\/hds-cabletie.com\/es\/wp-json\/wp\/v2\/media?parent=2410"}],"wp:term":[{"taxonomy":"product_brand","embeddable":true,"href":"https:\/\/hds-cabletie.com\/es\/wp-json\/wp\/v2\/product_brand?post=2410"},{"taxonomy":"product_cat","embeddable":true,"href":"https:\/\/hds-cabletie.com\/es\/wp-json\/wp\/v2\/product_cat?post=2410"},{"taxonomy":"product_tag","embeddable":true,"href":"https:\/\/hds-cabletie.com\/es\/wp-json\/wp\/v2\/product_tag?post=2410"}],"curies":[{"name":"wp","href":"https:\/\/api.w.org\/{rel}","templated":true}]}}