{"id":2271,"date":"2025-10-18T06:16:07","date_gmt":"2025-10-18T06:16:07","guid":{"rendered":"https:\/\/hds-cabletie.com\/?post_type=product&#038;p=2271"},"modified":"2025-10-20T01:28:48","modified_gmt":"2025-10-20T01:28:48","slug":"hds-multi-color-cable-zip-tie-nylon-66-cable-tie","status":"publish","type":"product","link":"https:\/\/hds-cabletie.com\/es\/producto\/hds-multi-color-cable-zip-tie-nylon-66-cable-tie\/","title":{"rendered":"HDS Multi-color Cable Zip Tie Nylon 66 Cable Tie"},"content":{"rendered":"<p><strong><b>1.<\/b><\/strong><strong><b>Uso:<\/b><\/strong>\u00a0Ampliamente utilizado para el hogar, electricidad, piezas de autom\u00f3vil, hardware, etc.<\/p>\n<p><strong><b>2.<\/b><\/strong><strong><b>C<\/b><\/strong><strong><b>ertificat<\/b><\/strong><strong><b>ion: <\/b><\/strong>Certificaci\u00f3n UL, CE, ROHS, SGS Informe de pruebas.<\/p>\n<p><strong><b>3.<\/b><\/strong><strong><b>Temperatura de funcionamiento<\/b><\/strong><strong><b>: <\/b><\/strong>-40\u2103 a 85\u2103.<\/p>\n<p><strong><b>4.<\/b><\/strong><strong><b>Caracter\u00edstica<\/b><\/strong><strong><b>: <\/b><\/strong>Resistente a los \u00e1cidos y a la erosi\u00f3n, buen aislante y poco propenso a envejecer.<\/p>\n<p><strong>5.<\/strong><strong>Detalle del embalaje: \u00a0\u00a0<\/strong>A.Common Embalaje: 100Pcs + Polybag + Etiqueta + Cart\u00f3n de exportaci\u00f3n.<\/p>\n<p>B.Embalaje personalizado: Embalaje de tarjeta de cabecera, Blister con embalaje de tarjeta, o como personalizado.<\/p>\n<p><strong><b>6.<\/b><\/strong><strong><b>Plazo de entrega:<\/b><\/strong>\u00a0En 7-30 d\u00edas despu\u00e9s de recibir el dep\u00f3sito, seg\u00fan la cantidad de la orden.<\/p>\n<p><strong><b>7.<\/b><\/strong><strong><b>Condiciones de pago:<\/b><\/strong><strong><b>\u00a0<\/b><\/strong>T\/T,L\/C,Western Union,PayPal.<\/p>\n<p><strong><b>8.<\/b><\/strong><strong><b>Puerto de carga: <\/b><\/strong>Puerto de NINGBO o SHANGHAI<\/p>\n<p><strong><b>9.<\/b><\/strong><strong><b>Resistencia a la tracci\u00f3n:<\/b><\/strong>18-250LBS<\/p>\n<p><strong><b>10.<\/b><\/strong><strong><b>Marca:<\/b><\/strong>\u00a0HDS o paquete OEM<\/p>\n<p><strong><b>11.<\/b><\/strong><strong><b>Moldes de inyecci\u00f3n:<\/b><\/strong>\u00a0Moldes de canal caliente+Sistema central de suministro de material<\/p>\n<p><strong><b>12.<\/b><\/strong><strong><b>M\u00e1quinas de inyecci\u00f3n: <\/b><\/strong>12 juegos de m\u00e1quinas de inyecci\u00f3n, gran capacidad de producci\u00f3n<\/p>\n<p><strong><b>13.<\/b><\/strong><strong><b>Pa\u00edses exportadores a: <\/b><\/strong>50 pa\u00edses diferentes. Tales como Rusia, Jap\u00f3n, Vietnam, Argentina, Brasil, Ucrania, Singapur,<\/p>\n<p>Tailandia,Australia,Turquia,Corea,Malasia,Corea,Malasia,Polonia,etc. Algunos de nuestros clientes cooperaron con nuestra compa\u00f1\u00eda por m\u00e1s de 10 a\u00f1os, como nuestras aduanas de Jap\u00f3n, de Rusia y de Turqu\u00eda.<\/p>\n<table>\n<tbody>\n<tr>\n<td rowspan=\"2\">Tipo<\/td>\n<td colspan=\"2\">L<\/td>\n<td rowspan=\"2\">Ancho (mm)<\/td>\n<td rowspan=\"2\">Di\u00e1metro m\u00e1x. del bulto<\/p>\n<p>(mm)<\/td>\n<td colspan=\"2\">Resistencia m\u00ednima a la tracci\u00f3n<\/td>\n<\/tr>\n<tr>\n<td>En pulgadas<\/td>\n<td>mm<\/td>\n<td>Ibs<\/td>\n<td>kgs<\/td>\n<\/tr>\n<tr>\n<td>HDS-3\u00d760<\/td>\n<td>2 3\/8&#8243;<\/td>\n<td>60<\/td>\n<td>2.5<\/td>\n<td>11<\/td>\n<td>18<\/td>\n<td>8<\/td>\n<\/tr>\n<tr>\n<td>HDS-3\u00d780<\/td>\n<td>3 3\/16&#8243;<\/td>\n<td>80<\/td>\n<td>2.5<\/td>\n<td>16<\/td>\n<td>18<\/td>\n<td>8<\/td>\n<\/tr>\n<tr>\n<td>HDS-3\u00d7100<\/td>\n<td>4&#8243;<\/td>\n<td>100<\/td>\n<td>2.5<\/td>\n<td>22<\/td>\n<td>18<\/td>\n<td>8<\/td>\n<\/tr>\n<tr>\n<td>HDS-3\u00d7120<\/td>\n<td>4 3\/4&#8243;<\/td>\n<td>120<\/td>\n<td>2.5<\/td>\n<td>30<\/td>\n<td>18<\/td>\n<td>8<\/td>\n<\/tr>\n<tr>\n<td>HDS-3\u00d7150<\/td>\n<td>6&#8243;<\/td>\n<td>150<\/td>\n<td>2.5<\/td>\n<td>35<\/td>\n<td>18<\/td>\n<td>8<\/td>\n<\/tr>\n<tr>\n<td>HDS-3\u00d7160<\/td>\n<td>6 1\/4&#8243;<\/td>\n<td>160<\/td>\n<td>2.5<\/td>\n<td>40<\/td>\n<td>18<\/td>\n<td>8<\/td>\n<\/tr>\n<tr>\n<td>HDS-3\u00d7200<\/td>\n<td>8&#8243;<\/td>\n<td>200<\/td>\n<td>2.5<\/td>\n<td>50<\/td>\n<td>18<\/td>\n<td>8<\/td>\n<\/tr>\n<tr>\n<td>HDS-4\u00d7100<\/td>\n<td>4&#8243;<\/td>\n<td>100<\/td>\n<td>3.5<\/td>\n<td>22<\/td>\n<td>40<\/td>\n<td>18<\/td>\n<\/tr>\n<tr>\n<td>HDS-4\u00d7120<\/td>\n<td>4 3\/4&#8243;<\/td>\n<td>120<\/td>\n<td>3.5<\/td>\n<td>30<\/td>\n<td>40<\/td>\n<td>18<\/td>\n<\/tr>\n<tr>\n<td>HDS-4\u00d7150<\/td>\n<td>6&#8243;<\/td>\n<td>150<\/td>\n<td>3.5<\/td>\n<td>35<\/td>\n<td>40<\/td>\n<td>18<\/td>\n<\/tr>\n<tr>\n<td>HDS-4\u00d7180<\/td>\n<td>7&#8243;<\/td>\n<td>180<\/td>\n<td>3.5<\/td>\n<td>42<\/td>\n<td>40<\/td>\n<td>18<\/td>\n<\/tr>\n<tr>\n<td>HDS-4\u00d7200<\/td>\n<td>8&#8243;<\/td>\n<td>200<\/td>\n<td>3.5<\/td>\n<td>50<\/td>\n<td>40<\/td>\n<td>18<\/td>\n<\/tr>\n<tr>\n<td>HDS-4\u00d7250<\/td>\n<td>10&#8243;<\/td>\n<td>250<\/td>\n<td>3.5<\/td>\n<td>65<\/td>\n<td>40<\/td>\n<td>18<\/td>\n<\/tr>\n<tr>\n<td>HDS-4\u00d7300<\/td>\n<td>11 5\/8&#8243;<\/td>\n<td>300<\/td>\n<td>3.5<\/td>\n<td>80<\/td>\n<td>40<\/td>\n<td>18<\/td>\n<\/tr>\n<tr>\n<td>HDS-4\u00d7370<\/td>\n<td>14 1\/2&#8243;<\/td>\n<td>370<\/td>\n<td>3.5<\/td>\n<td>102<\/td>\n<td>40<\/td>\n<td>18<\/td>\n<\/tr>\n<tr>\n<td>HDS-5\u00d7100<\/td>\n<td>4<\/td>\n<td>100<\/td>\n<td>4.8<\/td>\n<td>22<\/td>\n<td>50<\/td>\n<td>22<\/td>\n<\/tr>\n<tr>\n<td>HDS-5\u00d7120<\/td>\n<td>4 3\/4&#8243;<\/td>\n<td>120<\/td>\n<td>4.8<\/td>\n<td>30<\/td>\n<td>50<\/td>\n<td>22<\/td>\n<\/tr>\n<tr>\n<td>HDS-5\u00d7150<\/td>\n<td>6&#8243;<\/td>\n<td>150<\/td>\n<td>4.8<\/td>\n<td>35<\/td>\n<td>50<\/td>\n<td>22<\/td>\n<\/tr>\n<tr>\n<td>HDS-5\u00d7180<\/td>\n<td>7&#8243;<\/td>\n<td>180<\/td>\n<td>4.8<\/td>\n<td>42<\/td>\n<td>50<\/td>\n<td>22<\/td>\n<\/tr>\n<tr>\n<td>HDS-5\u00d7200<\/td>\n<td>8&#8243;<\/td>\n<td>200<\/td>\n<td>4.8<\/td>\n<td>50<\/td>\n<td>50<\/td>\n<td>22<\/td>\n<\/tr>\n<tr>\n<td>HDS-5\u00d7250<\/td>\n<td>10&#8243;<\/td>\n<td>250<\/td>\n<td>4.8<\/td>\n<td>65<\/td>\n<td>50<\/td>\n<td>22<\/td>\n<\/tr>\n<tr>\n<td>HDS-5\u00d7300<\/td>\n<td>11 5\/8&#8243;<\/td>\n<td>300<\/td>\n<td>4.8<\/td>\n<td>82<\/td>\n<td>50<\/td>\n<td>22<\/td>\n<\/tr>\n<tr>\n<td>HDS-5\u00d7350<\/td>\n<td>13 3\/4&#8243;<\/td>\n<td>350<\/td>\n<td>4.8<\/td>\n<td>90<\/td>\n<td>50<\/td>\n<td>22<\/td>\n<\/tr>\n<tr>\n<td>HDS-5\u00d7380<\/td>\n<td>15&#8243;<\/td>\n<td>380<\/td>\n<td>4.8<\/td>\n<td>102<\/td>\n<td>50<\/td>\n<td>22<\/td>\n<\/tr>\n<tr>\n<td>HDS-5\u00d7400<\/td>\n<td>15 3\/4&#8243;<\/td>\n<td>400<\/td>\n<td>4.8<\/td>\n<td>105<\/td>\n<td>50<\/td>\n<td>22<\/td>\n<\/tr>\n<tr>\n<td>HDS-5\u00d7430<\/td>\n<td>17 3\/4&#8243;<\/td>\n<td>430<\/td>\n<td>4.8<\/td>\n<td>120<\/td>\n<td>50<\/td>\n<td>22<\/td>\n<\/tr>\n<tr>\n<td>HDS-5\u00d7450<\/td>\n<td>17.7&#8243;<\/td>\n<td>450<\/td>\n<td>4.8<\/td>\n<td>125<\/td>\n<td>50<\/td>\n<td>22<\/td>\n<\/tr>\n<tr>\n<td>HDS-5\u00d7500<\/td>\n<td>19 11\/16&#8243;<\/td>\n<td>500<\/td>\n<td>4.8<\/td>\n<td>150<\/td>\n<td>50<\/td>\n<td>22<\/td>\n<\/tr>\n<tr>\n<td>HDS-5\u00d7530<\/td>\n<td>20&#8243;<\/td>\n<td>530<\/td>\n<td>4.8<\/td>\n<td>155<\/td>\n<td>50<\/td>\n<td>22<\/td>\n<\/tr>\n<tr>\n<td>HDS-8\u00d7150<\/td>\n<td>6&#8243;<\/td>\n<td>150<\/td>\n<td>7.6<\/td>\n<td>35<\/td>\n<td>120<\/td>\n<td>55<\/td>\n<\/tr>\n<tr>\n<td>HDS-8\u00d7180<\/td>\n<td>7&#8243;<\/td>\n<td>180<\/td>\n<td>7.6<\/td>\n<td>42<\/td>\n<td>120<\/td>\n<td>55<\/td>\n<\/tr>\n<tr>\n<td>HDS-8\u00d7200<\/td>\n<td>8&#8243;<\/td>\n<td>200<\/td>\n<td>7.6<\/td>\n<td>50<\/td>\n<td>120<\/td>\n<td>55<\/td>\n<\/tr>\n<tr>\n<td>HDS-8\u00d7250<\/td>\n<td>10&#8243;<\/td>\n<td>250<\/td>\n<td>7.6<\/td>\n<td>65<\/td>\n<td>120<\/td>\n<td>55<\/td>\n<\/tr>\n<tr>\n<td>HDS-8\u00d7300<\/td>\n<td>11 5\/8&#8243;<\/td>\n<td>300<\/td>\n<td>7.6<\/td>\n<td>82<\/td>\n<td>120<\/td>\n<td>55<\/td>\n<\/tr>\n<tr>\n<td>HDS-8\u00d7350<\/td>\n<td>13 3\/4&#8243;<\/td>\n<td>350<\/td>\n<td>7.6<\/td>\n<td>90<\/td>\n<td>120<\/td>\n<td>55<\/td>\n<\/tr>\n<tr>\n<td>HDS-8\u00d7370<\/td>\n<td>14 1\/2 &#8220;<\/td>\n<td>370<\/td>\n<td>7.6<\/td>\n<td>102<\/td>\n<td>120<\/td>\n<td>55<\/td>\n<\/tr>\n<tr>\n<td>HDS-8\u00d7400<\/td>\n<td>15 3\/4&#8243;<\/td>\n<td>400<\/td>\n<td>7.6<\/td>\n<td>105<\/td>\n<td>120<\/td>\n<td>55<\/td>\n<\/tr>\n<tr>\n<td>HDS-8\u00d7450<\/td>\n<td>17 3\/4&#8243;<\/td>\n<td>450<\/td>\n<td>7.6<\/td>\n<td>118<\/td>\n<td>120<\/td>\n<td>55<\/td>\n<\/tr>\n<tr>\n<td>HDS-8\u00d7500<\/td>\n<td>19 11\/16 &#8220;<\/td>\n<td>500<\/td>\n<td>7.6<\/td>\n<td>150<\/td>\n<td>120<\/td>\n<td>55<\/td>\n<\/tr>\n<tr>\n<td>HDS-8\u00d7550<\/td>\n<td>21 4\/5 &#8220;<\/td>\n<td>550<\/td>\n<td>7.6<\/td>\n<td>165<\/td>\n<td>120<\/td>\n<td>55<\/td>\n<\/tr>\n<tr>\n<td>HDS-10\u00d7400<\/td>\n<td>15 3\/4&#8243;<\/td>\n<td>400<\/td>\n<td>8.8<\/td>\n<td>105<\/td>\n<td>175<\/td>\n<td>80<\/td>\n<\/tr>\n<tr>\n<td>HDS-10\u00d7450<\/td>\n<td>17 3\/4&#8243;<\/td>\n<td>450<\/td>\n<td>8.8<\/td>\n<td>118<\/td>\n<td>175<\/td>\n<td>80<\/td>\n<\/tr>\n<tr>\n<td>HDS-10\u00d7500<\/td>\n<td>19 11\/16 &#8220;<\/td>\n<td>500<\/td>\n<td>8.8<\/td>\n<td>150<\/td>\n<td>175<\/td>\n<td>80<\/td>\n<\/tr>\n<tr>\n<td>HDS-10\u00d7550<\/td>\n<td>21 11\/16 &#8220;<\/td>\n<td>550<\/td>\n<td>8.8<\/td>\n<td>165<\/td>\n<td>175<\/td>\n<td>80<\/td>\n<\/tr>\n<tr>\n<td>HDS-10\u00d7650<\/td>\n<td>25 9\/16 &#8220;<\/td>\n<td>650<\/td>\n<td>8.8<\/td>\n<td>190<\/td>\n<td>175<\/td>\n<td>80<\/td>\n<\/tr>\n<tr>\n<td>HDS-10\u00d7760<\/td>\n<td>29 1\/2 &#8220;<\/td>\n<td>760<\/td>\n<td>8.8<\/td>\n<td>220<\/td>\n<td>175<\/td>\n<td>80<\/td>\n<\/tr>\n<tr>\n<td>HDS-10\u00d7800<\/td>\n<td>31 1\/2 &#8220;<\/td>\n<td>800<\/td>\n<td>8.8<\/td>\n<td>230<\/td>\n<td>175<\/td>\n<td>80<\/td>\n<\/tr>\n<tr>\n<td>HDS-10\u00d7900<\/td>\n<td>36 1\/4 &#8220;<\/td>\n<td>900<\/td>\n<td>8.8<\/td>\n<td>265<\/td>\n<td>200<\/td>\n<td>90<\/td>\n<\/tr>\n<tr>\n<td>HDS-10\u00d71020<\/td>\n<td>40 1\/6 &#8220;<\/td>\n<td>1020<\/td>\n<td>8.8<\/td>\n<td>292<\/td>\n<td>200<\/td>\n<td>90<\/td>\n<\/tr>\n<tr>\n<td>HDS-10\u00d71200<\/td>\n<td>48&#8243;<\/td>\n<td>1200<\/td>\n<td>8.8<\/td>\n<td>345<\/td>\n<td>200<\/td>\n<td>90<\/td>\n<\/tr>\n<tr>\n<td>HDS-12\u00d7650<\/td>\n<td>25 3\/5 &#8220;<\/td>\n<td>650<\/td>\n<td>11<\/td>\n<td>165<\/td>\n<td>250<\/td>\n<td>114<\/td>\n<\/tr>\n<tr>\n<td>HDS-12\u00d7760<\/td>\n<td>35 1\/2 &#8220;<\/td>\n<td>760<\/td>\n<td>11<\/td>\n<td>225<\/td>\n<td>250<\/td>\n<td>114<\/td>\n<\/tr>\n<\/tbody>\n<\/table>","protected":false},"excerpt":{"rendered":"<p><strong><b>1.<\/b><\/strong><strong><b>Material:<\/b><\/strong>\u00a0Nylon 66, 94V-2 certificado por UL,marca ASCEND e INVISTA<\/p>\n<p><strong><b>2.<\/b><\/strong><strong><b>Color:<\/b><\/strong><strong><b>\u00a0<\/b><\/strong>Natural (blanco), negro y de colores.<\/p>\n<p><strong><b>3.<\/b><\/strong><strong><b>Tama\u00f1o disponible:<\/b><\/strong><strong><b>\u00a0<\/b><\/strong><\/p>\n<p>Anchura 2,5 mm con longitud 80 mm-200 mm<\/p>\n<p>Anchura 3.6mm con longitud 100mm-370mm<\/p>\n<p>Anchura 4,8 mm con longitud 100 mm-650 mm<\/p>\n<p>Anchura 7,6 mm con longitud 150 mm-550 mm<\/p>\n<p>Anchura 8.8mm con longitud 400mm-1020mm<\/p>","protected":false},"featured_media":2273,"comment_status":"open","ping_status":"closed","template":"","meta":{"_acf_changed":false},"product_brand":[],"product_cat":[16,72],"product_tag":[],"class_list":{"0":"post-2271","1":"product","2":"type-product","3":"status-publish","4":"has-post-thumbnail","6":"product_cat-nylon-cable-tie","7":"product_cat-self-locking-nylon-cable-tie","9":"first","10":"instock","11":"shipping-taxable","12":"product-type-simple"},"acf":[],"yoast_head":"<!-- This site is optimized with the Yoast SEO plugin v25.1 - https:\/\/yoast.com\/wordpress\/plugins\/seo\/ -->\n<title>HDS Multi-color Cable Zip Tie Nylon 66 Cable Tie - HDS Tie<\/title>\n<meta name=\"robots\" content=\"index, follow, max-snippet:-1, max-image-preview:large, max-video-preview:-1\" \/>\n<link rel=\"canonical\" href=\"https:\/\/hds-cabletie.com\/es\/producto\/hds-multi-color-cable-zip-tie-nylon-66-cable-tie\/\" \/>\n<meta property=\"og:locale\" content=\"es_ES\" \/>\n<meta property=\"og:type\" content=\"article\" \/>\n<meta property=\"og:title\" content=\"HDS Multi-color Cable Zip Tie Nylon 66 Cable Tie - HDS Tie\" \/>\n<meta property=\"og:description\" content=\"1.Material:\u00a0Nylon 66, 94V-2 certificated by UL,brand ASCEND and INVISTA  2.Color:\u00a0Natural (white), black and colorful.  3.Available size:\u00a0  Width 2.5mm\u00a0with length 80mm-200mm  Width\u00a03.6mm\u00a0with length 100mm-370mm  Width\u00a04.8mm\u00a0with length 100mm-650mm  Width\u00a07.6mm\u00a0with length 150mm-550mm  Width\u00a08.8mm with length\u00a0400mm-1020mm\" \/>\n<meta property=\"og:url\" content=\"https:\/\/hds-cabletie.com\/es\/producto\/hds-multi-color-cable-zip-tie-nylon-66-cable-tie\/\" \/>\n<meta property=\"og:site_name\" content=\"HDS Tie\" \/>\n<meta property=\"article:modified_time\" content=\"2025-10-20T01:28:48+00:00\" \/>\n<meta property=\"og:image\" content=\"https:\/\/hds-cabletie.com\/wp-content\/uploads\/2025\/08\/\uff11.webp\" \/>\n\t<meta property=\"og:image:width\" content=\"800\" \/>\n\t<meta property=\"og:image:height\" content=\"800\" \/>\n\t<meta property=\"og:image:type\" content=\"image\/webp\" \/>\n<meta name=\"twitter:card\" content=\"summary_large_image\" \/>\n<meta name=\"twitter:label1\" content=\"Tiempo de lectura\" \/>\n\t<meta name=\"twitter:data1\" content=\"3 minutos\" \/>\n<script type=\"application\/ld+json\" class=\"yoast-schema-graph\">{\"@context\":\"https:\/\/schema.org\",\"@graph\":[{\"@type\":\"WebPage\",\"@id\":\"https:\/\/hds-cabletie.com\/uk\/product\/hds-multi-color-cable-zip-tie-nylon-66-cable-tie\/\",\"url\":\"https:\/\/hds-cabletie.com\/uk\/product\/hds-multi-color-cable-zip-tie-nylon-66-cable-tie\/\",\"name\":\"HDS Multi-color Cable Zip Tie Nylon 66 Cable Tie - HDS Tie\",\"isPartOf\":{\"@id\":\"https:\/\/hds-cabletie.com\/ar\/#website\"},\"primaryImageOfPage\":{\"@id\":\"https:\/\/hds-cabletie.com\/uk\/product\/hds-multi-color-cable-zip-tie-nylon-66-cable-tie\/#primaryimage\"},\"image\":{\"@id\":\"https:\/\/hds-cabletie.com\/uk\/product\/hds-multi-color-cable-zip-tie-nylon-66-cable-tie\/#primaryimage\"},\"thumbnailUrl\":\"https:\/\/hds-cabletie.com\/wp-content\/uploads\/2025\/08\/\uff11.webp\",\"datePublished\":\"2025-10-18T06:16:07+00:00\",\"dateModified\":\"2025-10-20T01:28:48+00:00\",\"breadcrumb\":{\"@id\":\"https:\/\/hds-cabletie.com\/uk\/product\/hds-multi-color-cable-zip-tie-nylon-66-cable-tie\/#breadcrumb\"},\"inLanguage\":\"es\",\"potentialAction\":[{\"@type\":\"ReadAction\",\"target\":[\"https:\/\/hds-cabletie.com\/uk\/product\/hds-multi-color-cable-zip-tie-nylon-66-cable-tie\/\"]}]},{\"@type\":\"ImageObject\",\"inLanguage\":\"es\",\"@id\":\"https:\/\/hds-cabletie.com\/uk\/product\/hds-multi-color-cable-zip-tie-nylon-66-cable-tie\/#primaryimage\",\"url\":\"https:\/\/hds-cabletie.com\/wp-content\/uploads\/2025\/08\/\uff11.webp\",\"contentUrl\":\"https:\/\/hds-cabletie.com\/wp-content\/uploads\/2025\/08\/\uff11.webp\",\"width\":800,\"height\":800},{\"@type\":\"BreadcrumbList\",\"@id\":\"https:\/\/hds-cabletie.com\/uk\/product\/hds-multi-color-cable-zip-tie-nylon-66-cable-tie\/#breadcrumb\",\"itemListElement\":[{\"@type\":\"ListItem\",\"position\":1,\"name\":\"Home\",\"item\":\"https:\/\/hds-cabletie.com\/\"},{\"@type\":\"ListItem\",\"position\":2,\"name\":\"Products\",\"item\":\"https:\/\/hds-cabletie.com\/de\/products\/\"},{\"@type\":\"ListItem\",\"position\":3,\"name\":\"HDS Multi-color Cable Zip Tie Nylon 66 Cable Tie\"}]},{\"@type\":\"WebSite\",\"@id\":\"https:\/\/hds-cabletie.com\/ar\/#website\",\"url\":\"https:\/\/hds-cabletie.com\/ar\/\",\"name\":\"HDS Tie\",\"description\":\"\",\"potentialAction\":[{\"@type\":\"SearchAction\",\"target\":{\"@type\":\"EntryPoint\",\"urlTemplate\":\"https:\/\/hds-cabletie.com\/ar\/?s={search_term_string}\"},\"query-input\":{\"@type\":\"PropertyValueSpecification\",\"valueRequired\":true,\"valueName\":\"search_term_string\"}}],\"inLanguage\":\"es\"}]}<\/script>\n<!-- \/ Yoast SEO plugin. -->","yoast_head_json":{"title":"HDS Multi-color Cable Zip Tie Nylon 66 Cable Tie - HDS Tie","robots":{"index":"index","follow":"follow","max-snippet":"max-snippet:-1","max-image-preview":"max-image-preview:large","max-video-preview":"max-video-preview:-1"},"canonical":"https:\/\/hds-cabletie.com\/es\/producto\/hds-multi-color-cable-zip-tie-nylon-66-cable-tie\/","og_locale":"es_ES","og_type":"article","og_title":"HDS Multi-color Cable Zip Tie Nylon 66 Cable Tie - HDS Tie","og_description":"1.Material:\u00a0Nylon 66, 94V-2 certificated by UL,brand ASCEND and INVISTA  2.Color:\u00a0Natural (white), black and colorful.  3.Available size:\u00a0  Width 2.5mm\u00a0with length 80mm-200mm  Width\u00a03.6mm\u00a0with length 100mm-370mm  Width\u00a04.8mm\u00a0with length 100mm-650mm  Width\u00a07.6mm\u00a0with length 150mm-550mm  Width\u00a08.8mm with length\u00a0400mm-1020mm","og_url":"https:\/\/hds-cabletie.com\/es\/producto\/hds-multi-color-cable-zip-tie-nylon-66-cable-tie\/","og_site_name":"HDS Tie","article_modified_time":"2025-10-20T01:28:48+00:00","og_image":[{"width":800,"height":800,"url":"https:\/\/hds-cabletie.com\/wp-content\/uploads\/2025\/08\/\uff11.webp","type":"image\/webp"}],"twitter_card":"summary_large_image","twitter_misc":{"Tiempo de lectura":"3 minutos"},"schema":{"@context":"https:\/\/schema.org","@graph":[{"@type":"WebPage","@id":"https:\/\/hds-cabletie.com\/uk\/product\/hds-multi-color-cable-zip-tie-nylon-66-cable-tie\/","url":"https:\/\/hds-cabletie.com\/uk\/product\/hds-multi-color-cable-zip-tie-nylon-66-cable-tie\/","name":"HDS Multi-color Cable Zip Tie Nylon 66 Cable Tie - HDS Tie","isPartOf":{"@id":"https:\/\/hds-cabletie.com\/ar\/#website"},"primaryImageOfPage":{"@id":"https:\/\/hds-cabletie.com\/uk\/product\/hds-multi-color-cable-zip-tie-nylon-66-cable-tie\/#primaryimage"},"image":{"@id":"https:\/\/hds-cabletie.com\/uk\/product\/hds-multi-color-cable-zip-tie-nylon-66-cable-tie\/#primaryimage"},"thumbnailUrl":"https:\/\/hds-cabletie.com\/wp-content\/uploads\/2025\/08\/\uff11.webp","datePublished":"2025-10-18T06:16:07+00:00","dateModified":"2025-10-20T01:28:48+00:00","breadcrumb":{"@id":"https:\/\/hds-cabletie.com\/uk\/product\/hds-multi-color-cable-zip-tie-nylon-66-cable-tie\/#breadcrumb"},"inLanguage":"es","potentialAction":[{"@type":"ReadAction","target":["https:\/\/hds-cabletie.com\/uk\/product\/hds-multi-color-cable-zip-tie-nylon-66-cable-tie\/"]}]},{"@type":"ImageObject","inLanguage":"es","@id":"https:\/\/hds-cabletie.com\/uk\/product\/hds-multi-color-cable-zip-tie-nylon-66-cable-tie\/#primaryimage","url":"https:\/\/hds-cabletie.com\/wp-content\/uploads\/2025\/08\/\uff11.webp","contentUrl":"https:\/\/hds-cabletie.com\/wp-content\/uploads\/2025\/08\/\uff11.webp","width":800,"height":800},{"@type":"BreadcrumbList","@id":"https:\/\/hds-cabletie.com\/uk\/product\/hds-multi-color-cable-zip-tie-nylon-66-cable-tie\/#breadcrumb","itemListElement":[{"@type":"ListItem","position":1,"name":"Home","item":"https:\/\/hds-cabletie.com\/"},{"@type":"ListItem","position":2,"name":"Products","item":"https:\/\/hds-cabletie.com\/de\/products\/"},{"@type":"ListItem","position":3,"name":"HDS Multi-color Cable Zip Tie Nylon 66 Cable Tie"}]},{"@type":"WebSite","@id":"https:\/\/hds-cabletie.com\/ar\/#website","url":"https:\/\/hds-cabletie.com\/ar\/","name":"HDS Tie","description":"","potentialAction":[{"@type":"SearchAction","target":{"@type":"EntryPoint","urlTemplate":"https:\/\/hds-cabletie.com\/ar\/?s={search_term_string}"},"query-input":{"@type":"PropertyValueSpecification","valueRequired":true,"valueName":"search_term_string"}}],"inLanguage":"es"}]}},"_links":{"self":[{"href":"https:\/\/hds-cabletie.com\/es\/wp-json\/wp\/v2\/product\/2271","targetHints":{"allow":["GET"]}}],"collection":[{"href":"https:\/\/hds-cabletie.com\/es\/wp-json\/wp\/v2\/product"}],"about":[{"href":"https:\/\/hds-cabletie.com\/es\/wp-json\/wp\/v2\/types\/product"}],"replies":[{"embeddable":true,"href":"https:\/\/hds-cabletie.com\/es\/wp-json\/wp\/v2\/comments?post=2271"}],"wp:featuredmedia":[{"embeddable":true,"href":"https:\/\/hds-cabletie.com\/es\/wp-json\/wp\/v2\/media\/2273"}],"wp:attachment":[{"href":"https:\/\/hds-cabletie.com\/es\/wp-json\/wp\/v2\/media?parent=2271"}],"wp:term":[{"taxonomy":"product_brand","embeddable":true,"href":"https:\/\/hds-cabletie.com\/es\/wp-json\/wp\/v2\/product_brand?post=2271"},{"taxonomy":"product_cat","embeddable":true,"href":"https:\/\/hds-cabletie.com\/es\/wp-json\/wp\/v2\/product_cat?post=2271"},{"taxonomy":"product_tag","embeddable":true,"href":"https:\/\/hds-cabletie.com\/es\/wp-json\/wp\/v2\/product_tag?post=2271"}],"curies":[{"name":"wp","href":"https:\/\/api.w.org\/{rel}","templated":true}]}}