{"id":2935,"date":"2025-10-17T07:19:55","date_gmt":"2025-10-17T07:19:55","guid":{"rendered":"https:\/\/hds-cabletie.com\/?post_type=product&#038;p=2935"},"modified":"2025-10-17T07:24:55","modified_gmt":"2025-10-17T07:24:55","slug":"min-operating-applicable-temp-40%e2%84%83-nylon-cable-tie","status":"publish","type":"product","link":"https:\/\/hds-cabletie.com\/de\/produkt\/min-operating-applicable-temp-40%e2%84%83-nylon-cable-tie\/","title":{"rendered":"Min. Anwendbare Betriebstemperatur. -40\u2103 Nylon Kabelbinder"},"content":{"rendered":"<p><strong><b>1.<\/b><\/strong><strong><b>Material:<\/b><\/strong>\u00a0Nylon 66, 94V-2 zertifiziert durch UL, Marke ASCEND und INVISTA<\/p>\n<p><strong><b>2.<\/b><\/strong><strong><b>Farbe: <\/b><\/strong>Natur (wei\u00df), schwarz<\/p>\n<p><strong><b>3.<\/b><\/strong><strong><b>Verf\u00fcgbare Gr\u00f6\u00dfe:<\/b><\/strong><strong><b>\u00a0<\/b><\/strong><\/p>\n<p>Breite 2,5 mm mit einer L\u00e4nge von 80 mm bis 200 mm<\/p>\n<p>Breite 3,6mm mit L\u00e4nge 100mm-370mm<\/p>\n<p>Breite 4,8mm mit L\u00e4nge 100mm-650mm<\/p>\n<p>Breite 7,6mm mit L\u00e4nge 150mm-550mm<\/p>\n<p>Breite 8.8mm mit L\u00e4nge 400mm-1020mm<\/p>\n<p><strong><b>4.<\/b><\/strong><strong><b>Verwendung:<\/b><\/strong>\u00a0Weit verbreitet f\u00fcr Haushalt, Elektrizit\u00e4t, Autoteile, Hardware usw.<\/p>\n<p><strong><b>5.<\/b><\/strong><strong><b>Zertifizierung: <\/b><\/strong>UL-Zertifizierung, CE, ROHS, SGS Pr\u00fcfbericht.<\/p>\n<p><strong><b>6.<\/b><\/strong><strong><b>Min. Betriebs-\/Anwendungstemperatur: <\/b><\/strong>-40\u2103<\/p>\n<p><strong><b>7.<\/b><\/strong><strong><b>Merkmal: <\/b><\/strong>S\u00e4ure- und erosionsbest\u00e4ndig, gut isolierend und nicht alterungsanf\u00e4llig.<\/p>\n<p><strong>8.<\/strong><strong>Packung Detail: \u00a0\u00a0<\/strong>A.Common Packing: 100Pcs + Polybag + Etikett + Exportkarton.<\/p>\n<p>B.Customized Verpackung: Header-Karte Verpackung, Blister mit Karte Verpackung, oder als kundenspezifische.<\/p>\n<p><strong><b>9.<\/b><\/strong><strong><b>Lieferfrist:<\/b><\/strong>\u00a0In 7-30 Tagen nach Erhalt der Anzahlung, je nach Bestellmenge.<\/p>\n<p><strong><b>10.<\/b><\/strong><strong><b>Zahlungsbedingungen: <\/b><\/strong>T\/T, L\/C, Western Union, PayPal.<\/p>\n<p><strong><b>11.<\/b><\/strong><strong><b>Hafen laden: <\/b><\/strong>Hafen NINGBO oder SHANGHAI<\/p>\n<p><strong><b>12.<\/b><\/strong><strong><b>Zugfestigkeit:<\/b><\/strong>18-250LBS<\/p>\n<p><strong><b>13.<\/b><\/strong><strong><b>Marke:<\/b><\/strong>\u00a0HDS- oder OEM-Paket<\/p>\n<p><strong><b>Zur \u00dcberpr\u00fcfung unserer Qualit\u00e4t k\u00f6nnen wir Ihnen Muster zusenden!<\/b><\/strong><\/p>\n<table>\n<tbody>\n<tr>\n<td rowspan=\"2\" width=\"136\">Typ<\/td>\n<td colspan=\"2\" width=\"159\">L<\/td>\n<td rowspan=\"2\" width=\"67\">B(mm)<\/td>\n<td rowspan=\"2\" width=\"90\">Max.Bundle<\/p>\n<p>Durchmesser (mm)<\/td>\n<td colspan=\"2\" width=\"122\">Mindest-Zugfestigkeit<\/td>\n<\/tr>\n<tr>\n<td width=\"107\">Zoll<\/td>\n<td width=\"51\">mm<\/td>\n<td width=\"66\">Ibs<\/td>\n<td width=\"56\">kgs<\/td>\n<\/tr>\n<tr>\n<td width=\"136\">HDS-3\u00d780<\/td>\n<td width=\"107\">3 3\/16&#8243;<\/td>\n<td width=\"51\">80<\/td>\n<td width=\"67\">2.5<\/td>\n<td width=\"90\">16<\/td>\n<td width=\"66\">18<\/td>\n<td width=\"56\">8<\/td>\n<\/tr>\n<tr>\n<td width=\"136\">HDS-3\u00d7100<\/td>\n<td width=\"107\">4&#8243;<\/td>\n<td width=\"51\">100<\/td>\n<td width=\"67\">2.5<\/td>\n<td width=\"90\">22<\/td>\n<td width=\"66\">18<\/td>\n<td width=\"56\">8<\/td>\n<\/tr>\n<tr>\n<td width=\"136\">HDS-3\u00d7120<\/td>\n<td width=\"107\">4 3\/4&#8243;<\/td>\n<td width=\"51\">120<\/td>\n<td width=\"67\">2.5<\/td>\n<td width=\"90\">30<\/td>\n<td width=\"66\">18<\/td>\n<td width=\"56\">8<\/td>\n<\/tr>\n<tr>\n<td width=\"136\">HDS-3\u00d7150<\/td>\n<td width=\"107\">6&#8243;<\/td>\n<td width=\"51\">150<\/td>\n<td width=\"67\">2.5<\/td>\n<td width=\"90\">35<\/td>\n<td width=\"66\">18<\/td>\n<td width=\"56\">8<\/td>\n<\/tr>\n<tr>\n<td width=\"136\">HDS-3\u00d7160<\/td>\n<td width=\"107\">6 1\/4&#8243;<\/td>\n<td width=\"51\">160<\/td>\n<td width=\"67\">2.5<\/td>\n<td width=\"90\">40<\/td>\n<td width=\"66\">18<\/td>\n<td width=\"56\">8<\/td>\n<\/tr>\n<tr>\n<td width=\"136\">HDS-3\u00d7200<\/td>\n<td width=\"107\">8&#8243;<\/td>\n<td width=\"51\">200<\/td>\n<td width=\"67\">2.5<\/td>\n<td width=\"90\">50<\/td>\n<td width=\"66\">18<\/td>\n<td width=\"56\">8<\/td>\n<\/tr>\n<tr>\n<td width=\"136\">HDS-4\u00d7100<\/td>\n<td width=\"107\">4&#8243;<\/td>\n<td width=\"51\">100<\/td>\n<td width=\"67\">3.5<\/td>\n<td width=\"90\">22<\/td>\n<td width=\"66\">40<\/td>\n<td width=\"56\">18<\/td>\n<\/tr>\n<tr>\n<td width=\"136\">HDS-4\u00d7120<\/td>\n<td width=\"107\">4 3\/4&#8243;<\/td>\n<td width=\"51\">120<\/td>\n<td width=\"67\">3.5<\/td>\n<td width=\"90\">30<\/td>\n<td width=\"66\">40<\/td>\n<td width=\"56\">18<\/td>\n<\/tr>\n<tr>\n<td width=\"136\">HDS-4\u00d7150<\/td>\n<td width=\"107\">6&#8243;<\/td>\n<td width=\"51\">150<\/td>\n<td width=\"67\">3.5<\/td>\n<td width=\"90\">35<\/td>\n<td width=\"66\">40<\/td>\n<td width=\"56\">18<\/td>\n<\/tr>\n<tr>\n<td width=\"136\">HDS-4\u00d7180<\/td>\n<td width=\"107\">7&#8243;<\/td>\n<td width=\"51\">180<\/td>\n<td width=\"67\">3.5<\/td>\n<td width=\"90\">42<\/td>\n<td width=\"66\">40<\/td>\n<td width=\"56\">18<\/td>\n<\/tr>\n<tr>\n<td width=\"136\">HDS-4\u00d7200<\/td>\n<td width=\"107\">8&#8243;<\/td>\n<td width=\"51\">200<\/td>\n<td width=\"67\">3.5<\/td>\n<td width=\"90\">50<\/td>\n<td width=\"66\">40<\/td>\n<td width=\"56\">18<\/td>\n<\/tr>\n<tr>\n<td width=\"136\">HDS-4\u00d7250<\/td>\n<td width=\"107\">10&#8243;<\/td>\n<td width=\"51\">250<\/td>\n<td width=\"67\">3.5<\/td>\n<td width=\"90\">65<\/td>\n<td width=\"66\">40<\/td>\n<td width=\"56\">18<\/td>\n<\/tr>\n<tr>\n<td width=\"136\">HDS-4\u00d7300<\/td>\n<td width=\"107\">11 5\/8&#8243;<\/td>\n<td width=\"51\">300<\/td>\n<td width=\"67\">3.5<\/td>\n<td width=\"90\">80<\/td>\n<td width=\"66\">40<\/td>\n<td width=\"56\">18<\/td>\n<\/tr>\n<tr>\n<td width=\"136\">HDS-4\u00d7370<\/td>\n<td width=\"107\">14 1\/2&#8243;<\/td>\n<td width=\"51\">370<\/td>\n<td width=\"67\">3.5<\/td>\n<td width=\"90\">102<\/td>\n<td width=\"66\">40<\/td>\n<td width=\"56\">18<\/td>\n<\/tr>\n<tr>\n<td width=\"136\">HDS-5\u00d7100<\/td>\n<td width=\"107\">4<\/td>\n<td width=\"51\">100<\/td>\n<td width=\"67\">4.8<\/td>\n<td width=\"90\">22<\/td>\n<td width=\"66\">50<\/td>\n<td width=\"56\">22<\/td>\n<\/tr>\n<tr>\n<td width=\"136\">HDS-5\u00d7120<\/td>\n<td width=\"107\">4 3\/4&#8243;<\/td>\n<td width=\"51\">120<\/td>\n<td width=\"67\">4.8<\/td>\n<td width=\"90\">30<\/td>\n<td width=\"66\">50<\/td>\n<td width=\"56\">22<\/td>\n<\/tr>\n<tr>\n<td width=\"136\">HDS-5\u00d7150<\/td>\n<td width=\"107\">6&#8243;<\/td>\n<td width=\"51\">150<\/td>\n<td width=\"67\">4.8<\/td>\n<td width=\"90\">35<\/td>\n<td width=\"66\">50<\/td>\n<td width=\"56\">22<\/td>\n<\/tr>\n<tr>\n<td width=\"136\">HDS-5\u00d7180<\/td>\n<td width=\"107\">7&#8243;<\/td>\n<td width=\"51\">180<\/td>\n<td width=\"67\">4.8<\/td>\n<td width=\"90\">42<\/td>\n<td width=\"66\">50<\/td>\n<td width=\"56\">22<\/td>\n<\/tr>\n<tr>\n<td width=\"136\">HDS-5\u00d7200<\/td>\n<td width=\"107\">8&#8243;<\/td>\n<td width=\"51\">200<\/td>\n<td width=\"67\">4.8<\/td>\n<td width=\"90\">50<\/td>\n<td width=\"66\">50<\/td>\n<td width=\"56\">22<\/td>\n<\/tr>\n<tr>\n<td width=\"136\">HDS-5\u00d7250<\/td>\n<td width=\"107\">10&#8243;<\/td>\n<td width=\"51\">250<\/td>\n<td width=\"67\">4.8<\/td>\n<td width=\"90\">65<\/td>\n<td width=\"66\">50<\/td>\n<td width=\"56\">22<\/td>\n<\/tr>\n<tr>\n<td width=\"136\">HDS-5\u00d7300<\/td>\n<td width=\"107\">11 5\/8&#8243;<\/td>\n<td width=\"51\">300<\/td>\n<td width=\"67\">4.8<\/td>\n<td width=\"90\">82<\/td>\n<td width=\"66\">50<\/td>\n<td width=\"56\">22<\/td>\n<\/tr>\n<tr>\n<td width=\"136\">HDS-5\u00d7350<\/td>\n<td width=\"107\">13 3\/4&#8243;<\/td>\n<td width=\"51\">350<\/td>\n<td width=\"67\">4.8<\/td>\n<td width=\"90\">90<\/td>\n<td width=\"66\">50<\/td>\n<td width=\"56\">22<\/td>\n<\/tr>\n<tr>\n<td width=\"136\">HDS-5\u00d7380<\/td>\n<td width=\"107\">15&#8243;<\/td>\n<td width=\"51\">380<\/td>\n<td width=\"67\">4.8<\/td>\n<td width=\"90\">102<\/td>\n<td width=\"66\">50<\/td>\n<td width=\"56\">22<\/td>\n<\/tr>\n<tr>\n<td width=\"136\">HDS-5\u00d7400<\/td>\n<td width=\"107\">15 3\/4&#8243;<\/td>\n<td width=\"51\">400<\/td>\n<td width=\"67\">4.8<\/td>\n<td width=\"90\">105<\/td>\n<td width=\"66\">50<\/td>\n<td width=\"56\">22<\/td>\n<\/tr>\n<tr>\n<td width=\"136\">HDS-5\u00d7430<\/td>\n<td width=\"107\">17 3\/4&#8243;<\/td>\n<td width=\"51\">430<\/td>\n<td width=\"67\">4.8<\/td>\n<td width=\"90\">120<\/td>\n<td width=\"66\">50<\/td>\n<td width=\"56\">22<\/td>\n<\/tr>\n<tr>\n<td width=\"136\">HDS-5\u00d7450<\/td>\n<td width=\"107\">17.7&#8243;<\/td>\n<td width=\"51\">450<\/td>\n<td width=\"67\">4.8<\/td>\n<td width=\"90\">125<\/td>\n<td width=\"66\">50<\/td>\n<td width=\"56\">22<\/td>\n<\/tr>\n<tr>\n<td width=\"136\">HDS-5\u00d7500<\/td>\n<td width=\"107\">19 11\/16&#8243;<\/td>\n<td width=\"51\">500<\/td>\n<td width=\"67\">4.8<\/td>\n<td width=\"90\">150<\/td>\n<td width=\"66\">50<\/td>\n<td width=\"56\">22<\/td>\n<\/tr>\n<tr>\n<td width=\"136\">HDS-5\u00d7530<\/td>\n<td width=\"107\">20&#8243;<\/td>\n<td width=\"51\">530<\/td>\n<td width=\"67\">4.8<\/td>\n<td width=\"90\">155<\/td>\n<td width=\"66\">50<\/td>\n<td width=\"56\">22<\/td>\n<\/tr>\n<tr>\n<td width=\"136\">HDS-8\u00d7150<\/td>\n<td width=\"107\">6&#8243;<\/td>\n<td width=\"51\">150<\/td>\n<td width=\"67\">7<\/td>\n<td width=\"90\">35<\/td>\n<td width=\"66\">120<\/td>\n<td width=\"56\">55<\/td>\n<\/tr>\n<tr>\n<td width=\"136\">HDS-8\u00d7180<\/td>\n<td width=\"107\">7&#8243;<\/td>\n<td width=\"51\">180<\/td>\n<td width=\"67\">7<\/td>\n<td width=\"90\">42<\/td>\n<td width=\"66\">120<\/td>\n<td width=\"56\">55<\/td>\n<\/tr>\n<tr>\n<td width=\"136\">HDS-8\u00d7200<\/td>\n<td width=\"107\">8&#8243;<\/td>\n<td width=\"51\">200<\/td>\n<td width=\"67\">7<\/td>\n<td width=\"90\">50<\/td>\n<td width=\"66\">120<\/td>\n<td width=\"56\">55<\/td>\n<\/tr>\n<tr>\n<td width=\"136\">HDS-8\u00d7250<\/td>\n<td width=\"107\">10&#8243;<\/td>\n<td width=\"51\">250<\/td>\n<td width=\"67\">7<\/td>\n<td width=\"90\">65<\/td>\n<td width=\"66\">120<\/td>\n<td width=\"56\">55<\/td>\n<\/tr>\n<tr>\n<td width=\"136\">HDS-8\u00d7300<\/td>\n<td width=\"107\">11 5\/8&#8243;<\/td>\n<td width=\"51\">300<\/td>\n<td width=\"67\">7<\/td>\n<td width=\"90\">82<\/td>\n<td width=\"66\">120<\/td>\n<td width=\"56\">55<\/td>\n<\/tr>\n<tr>\n<td width=\"136\">HDS-8\u00d7350<\/td>\n<td width=\"107\">13 3\/4&#8243;<\/td>\n<td width=\"51\">350<\/td>\n<td width=\"67\">7<\/td>\n<td width=\"90\">90<\/td>\n<td width=\"66\">120<\/td>\n<td width=\"56\">55<\/td>\n<\/tr>\n<tr>\n<td width=\"136\">HDS-8\u00d7370<\/td>\n<td width=\"107\">14 1\/2 &#8220;<\/td>\n<td width=\"51\">370<\/td>\n<td width=\"67\">7<\/td>\n<td width=\"90\">102<\/td>\n<td width=\"66\">120<\/td>\n<td width=\"56\">55<\/td>\n<\/tr>\n<tr>\n<td width=\"136\">HDS-8\u00d7400<\/td>\n<td width=\"107\">15 3\/4&#8243;<\/td>\n<td width=\"51\">400<\/td>\n<td width=\"67\">7<\/td>\n<td width=\"90\">105<\/td>\n<td width=\"66\">120<\/td>\n<td width=\"56\">55<\/td>\n<\/tr>\n<tr>\n<td width=\"136\">HDS-8\u00d7450<\/td>\n<td width=\"107\">17 3\/4&#8243;<\/td>\n<td width=\"51\">450<\/td>\n<td width=\"67\">7<\/td>\n<td width=\"90\">118<\/td>\n<td width=\"66\">120<\/td>\n<td width=\"56\">55<\/td>\n<\/tr>\n<tr>\n<td width=\"136\">HDS-8\u00d7500<\/td>\n<td width=\"107\">19 11\/16 &#8220;<\/td>\n<td width=\"51\">500<\/td>\n<td width=\"67\">7<\/td>\n<td width=\"90\">150<\/td>\n<td width=\"66\">120<\/td>\n<td width=\"56\">55<\/td>\n<\/tr>\n<tr>\n<td width=\"136\">HDS-8\u00d7550<\/td>\n<td width=\"107\">21 4\/5 &#8220;<\/td>\n<td width=\"51\">550<\/td>\n<td width=\"67\">7<\/td>\n<td width=\"90\">165<\/td>\n<td width=\"66\">120<\/td>\n<td width=\"56\">55<\/td>\n<\/tr>\n<tr>\n<td width=\"136\">HDS-10\u00d7400<\/td>\n<td width=\"107\">15 3\/4&#8243;<\/td>\n<td width=\"51\">400<\/td>\n<td width=\"67\">8.8<\/td>\n<td width=\"90\">105<\/td>\n<td width=\"66\">175<\/td>\n<td width=\"56\">80<\/td>\n<\/tr>\n<tr>\n<td width=\"136\">HDS-10\u00d7450<\/td>\n<td width=\"107\">17 3\/4&#8243;<\/td>\n<td width=\"51\">450<\/td>\n<td width=\"67\">8.8<\/td>\n<td width=\"90\">118<\/td>\n<td width=\"66\">175<\/td>\n<td width=\"56\">80<\/td>\n<\/tr>\n<tr>\n<td width=\"136\">HDS-10\u00d7500<\/td>\n<td width=\"107\">19 11\/16 &#8220;<\/td>\n<td width=\"51\">500<\/td>\n<td width=\"67\">8.8<\/td>\n<td width=\"90\">150<\/td>\n<td width=\"66\">175<\/td>\n<td width=\"56\">80<\/td>\n<\/tr>\n<tr>\n<td width=\"136\">HDS-10\u00d7550<\/td>\n<td width=\"107\">21 11\/16 &#8220;<\/td>\n<td width=\"51\">550<\/td>\n<td width=\"67\">8.8<\/td>\n<td width=\"90\">165<\/td>\n<td width=\"66\">175<\/td>\n<td width=\"56\">80<\/td>\n<\/tr>\n<tr>\n<td width=\"136\">HDS-10\u00d7650<\/td>\n<td width=\"107\">25 9\/16 &#8220;<\/td>\n<td width=\"51\">650<\/td>\n<td width=\"67\">8.8<\/td>\n<td width=\"90\">190<\/td>\n<td width=\"66\">175<\/td>\n<td width=\"56\">80<\/td>\n<\/tr>\n<tr>\n<td width=\"136\">HDS-10\u00d7760<\/td>\n<td width=\"107\">29 1\/2 &#8220;<\/td>\n<td width=\"51\">760<\/td>\n<td width=\"67\">8.8<\/td>\n<td width=\"90\">220<\/td>\n<td width=\"66\">175<\/td>\n<td width=\"56\">80<\/td>\n<\/tr>\n<tr>\n<td width=\"136\">HDS-10\u00d7800<\/td>\n<td width=\"107\">31 1\/2 &#8220;<\/td>\n<td width=\"51\">800<\/td>\n<td width=\"67\">8.8<\/td>\n<td width=\"90\">230<\/td>\n<td width=\"66\">175<\/td>\n<td width=\"56\">80<\/td>\n<\/tr>\n<tr>\n<td width=\"136\">HDS-10\u00d7900<\/td>\n<td width=\"107\">36 1\/4 &#8220;<\/td>\n<td width=\"51\">900<\/td>\n<td width=\"67\">8.8<\/td>\n<td width=\"90\">265<\/td>\n<td width=\"66\">200<\/td>\n<td width=\"56\">90<\/td>\n<\/tr>\n<tr>\n<td width=\"136\">HDS-10\u00d71020<\/td>\n<td width=\"107\">40 1\/6 &#8220;<\/td>\n<td width=\"51\">1020<\/td>\n<td width=\"67\">8.8<\/td>\n<td width=\"90\">292<\/td>\n<td width=\"66\">200<\/td>\n<td width=\"56\">90<\/td>\n<\/tr>\n<tr>\n<td width=\"136\">HDS-10\u00d71200<\/td>\n<td width=\"107\">48&#8243;<\/td>\n<td width=\"51\">1200<\/td>\n<td width=\"67\">8.8<\/td>\n<td width=\"90\">345<\/td>\n<td width=\"66\">200<\/td>\n<td width=\"56\">90<\/td>\n<\/tr>\n<tr>\n<td width=\"136\">HDS-12\u00d7650<\/td>\n<td width=\"107\">25 3\/5 &#8220;<\/td>\n<td width=\"51\">650<\/td>\n<td width=\"67\">11<\/td>\n<td width=\"90\">165<\/td>\n<td width=\"66\">250<\/td>\n<td width=\"56\">114<\/td>\n<\/tr>\n<tr>\n<td width=\"136\">HDS-12\u00d7760<\/td>\n<td width=\"107\">35 1\/2 &#8220;<\/td>\n<td width=\"51\">760<\/td>\n<td width=\"67\">11<\/td>\n<td width=\"90\">225<\/td>\n<td width=\"66\">250<\/td>\n<td width=\"56\">114<\/td>\n<\/tr>\n<\/tbody>\n<\/table>\n<p>&nbsp;<\/p>","protected":false},"excerpt":{"rendered":"<p><strong><b>1.<\/b><\/strong><strong><b>Material:<\/b><\/strong>\u00a0Nylon 66, 94V-2 zertifiziert durch UL, Marke ASCEND und INVISTA<\/p>\n<p><strong><b>2.<\/b><\/strong><strong><b>Farbe: <\/b><\/strong>Natur (wei\u00df), schwarz<\/p>\n<p><strong><b>3.<\/b><\/strong><strong><b>Verf\u00fcgbare Gr\u00f6\u00dfe:<\/b><\/strong><strong><b>\u00a0<\/b><\/strong><\/p>\n<p>Breite 2,5 mm mit einer L\u00e4nge von 80 mm bis 200 mm<\/p>\n<p>Breite 3,6mm mit L\u00e4nge 100mm-370mm<\/p>\n<p>Breite 4,8mm mit L\u00e4nge 100mm-650mm<\/p>\n<p>Breite 7,6mm mit L\u00e4nge 150mm-550mm<\/p>\n<p>Breite 8.8mm mit L\u00e4nge 400mm-1020mm<\/p>","protected":false},"featured_media":2937,"comment_status":"open","ping_status":"closed","template":"","meta":{"_acf_changed":false},"product_brand":[],"product_cat":[16,73],"product_tag":[],"class_list":{"0":"post-2935","1":"product","2":"type-product","3":"status-publish","4":"has-post-thumbnail","6":"product_cat-nylon-cable-tie","7":"product_cat-min-operating-applicable-temp-40-nylon-cable-tie","9":"first","10":"instock","11":"shipping-taxable","12":"product-type-simple"},"acf":[],"yoast_head":"<!-- This site is optimized with the Yoast SEO plugin v25.1 - https:\/\/yoast.com\/wordpress\/plugins\/seo\/ -->\n<title>Min. Operating Applicable Temp. -40\u2103 Nylon Cable Tie - HDS Tie<\/title>\n<meta name=\"robots\" content=\"index, follow, max-snippet:-1, max-image-preview:large, max-video-preview:-1\" \/>\n<link rel=\"canonical\" href=\"https:\/\/hds-cabletie.com\/de\/producto\/min-operating-applicable-temp-40\u2103-nylon-cable-tie\/\" \/>\n<meta property=\"og:locale\" content=\"de_DE\" \/>\n<meta property=\"og:type\" content=\"article\" \/>\n<meta property=\"og:title\" content=\"Min. Operating Applicable Temp. -40\u2103 Nylon Cable Tie - HDS Tie\" \/>\n<meta property=\"og:description\" content=\"1.Material:\u00a0Nylon 66, 94V-2 certificated by UL,brand ASCEND and INVISTA  2.Color: Natural (white), black  3.Available size:\u00a0  Width 2.5mm\u00a0with length 80mm-200mm  Width\u00a03.6mm\u00a0with length 100mm-370mm  Width\u00a04.8mm\u00a0with length 100mm-650mm  Width\u00a07.6mm\u00a0with length 150mm-550mm  Width\u00a08.8mm with length\u00a0400mm-1020mm\" \/>\n<meta property=\"og:url\" content=\"https:\/\/hds-cabletie.com\/de\/producto\/min-operating-applicable-temp-40\u2103-nylon-cable-tie\/\" \/>\n<meta property=\"og:site_name\" content=\"HDS Tie\" \/>\n<meta property=\"article:modified_time\" content=\"2025-10-17T07:24:55+00:00\" \/>\n<meta property=\"og:image\" content=\"https:\/\/hds-cabletie.com\/wp-content\/uploads\/2025\/10\/\u4e3b\u56fe-1.webp\" \/>\n\t<meta property=\"og:image:width\" content=\"800\" \/>\n\t<meta property=\"og:image:height\" content=\"800\" \/>\n\t<meta property=\"og:image:type\" content=\"image\/webp\" \/>\n<meta name=\"twitter:card\" content=\"summary_large_image\" \/>\n<meta name=\"twitter:label1\" content=\"Gesch\u00e4tzte Lesezeit\" \/>\n\t<meta name=\"twitter:data1\" content=\"3\u00a0Minuten\" \/>\n<script type=\"application\/ld+json\" class=\"yoast-schema-graph\">{\"@context\":\"https:\/\/schema.org\",\"@graph\":[{\"@type\":\"WebPage\",\"@id\":\"https:\/\/hds-cabletie.com\/es\/producto\/min-operating-applicable-temp-40%e2%84%83-nylon-cable-tie\/\",\"url\":\"https:\/\/hds-cabletie.com\/es\/producto\/min-operating-applicable-temp-40%e2%84%83-nylon-cable-tie\/\",\"name\":\"Min. Operating Applicable Temp. -40\u2103 Nylon Cable Tie - HDS Tie\",\"isPartOf\":{\"@id\":\"https:\/\/hds-cabletie.com\/ar\/#website\"},\"primaryImageOfPage\":{\"@id\":\"https:\/\/hds-cabletie.com\/es\/producto\/min-operating-applicable-temp-40%e2%84%83-nylon-cable-tie\/#primaryimage\"},\"image\":{\"@id\":\"https:\/\/hds-cabletie.com\/es\/producto\/min-operating-applicable-temp-40%e2%84%83-nylon-cable-tie\/#primaryimage\"},\"thumbnailUrl\":\"https:\/\/hds-cabletie.com\/wp-content\/uploads\/2025\/10\/\u4e3b\u56fe-1.webp\",\"datePublished\":\"2025-10-17T07:19:55+00:00\",\"dateModified\":\"2025-10-17T07:24:55+00:00\",\"breadcrumb\":{\"@id\":\"https:\/\/hds-cabletie.com\/es\/producto\/min-operating-applicable-temp-40%e2%84%83-nylon-cable-tie\/#breadcrumb\"},\"inLanguage\":\"de\",\"potentialAction\":[{\"@type\":\"ReadAction\",\"target\":[\"https:\/\/hds-cabletie.com\/es\/producto\/min-operating-applicable-temp-40%e2%84%83-nylon-cable-tie\/\"]}]},{\"@type\":\"ImageObject\",\"inLanguage\":\"de\",\"@id\":\"https:\/\/hds-cabletie.com\/es\/producto\/min-operating-applicable-temp-40%e2%84%83-nylon-cable-tie\/#primaryimage\",\"url\":\"https:\/\/hds-cabletie.com\/wp-content\/uploads\/2025\/10\/\u4e3b\u56fe-1.webp\",\"contentUrl\":\"https:\/\/hds-cabletie.com\/wp-content\/uploads\/2025\/10\/\u4e3b\u56fe-1.webp\",\"width\":800,\"height\":800},{\"@type\":\"BreadcrumbList\",\"@id\":\"https:\/\/hds-cabletie.com\/es\/producto\/min-operating-applicable-temp-40%e2%84%83-nylon-cable-tie\/#breadcrumb\",\"itemListElement\":[{\"@type\":\"ListItem\",\"position\":1,\"name\":\"Home\",\"item\":\"https:\/\/hds-cabletie.com\/\"},{\"@type\":\"ListItem\",\"position\":2,\"name\":\"Products\",\"item\":\"https:\/\/hds-cabletie.com\/de\/products\/\"},{\"@type\":\"ListItem\",\"position\":3,\"name\":\"Min. Operating Applicable Temp. -40\u2103 Nylon Cable Tie\"}]},{\"@type\":\"WebSite\",\"@id\":\"https:\/\/hds-cabletie.com\/ar\/#website\",\"url\":\"https:\/\/hds-cabletie.com\/ar\/\",\"name\":\"HDS Tie\",\"description\":\"\",\"potentialAction\":[{\"@type\":\"SearchAction\",\"target\":{\"@type\":\"EntryPoint\",\"urlTemplate\":\"https:\/\/hds-cabletie.com\/ar\/?s={search_term_string}\"},\"query-input\":{\"@type\":\"PropertyValueSpecification\",\"valueRequired\":true,\"valueName\":\"search_term_string\"}}],\"inLanguage\":\"de\"}]}<\/script>\n<!-- \/ Yoast SEO plugin. -->","yoast_head_json":{"title":"Min. Operating Applicable Temp. -40\u2103 Nylon Cable Tie - HDS Tie","robots":{"index":"index","follow":"follow","max-snippet":"max-snippet:-1","max-image-preview":"max-image-preview:large","max-video-preview":"max-video-preview:-1"},"canonical":"https:\/\/hds-cabletie.com\/de\/producto\/min-operating-applicable-temp-40\u2103-nylon-cable-tie\/","og_locale":"de_DE","og_type":"article","og_title":"Min. Operating Applicable Temp. -40\u2103 Nylon Cable Tie - HDS Tie","og_description":"1.Material:\u00a0Nylon 66, 94V-2 certificated by UL,brand ASCEND and INVISTA  2.Color: Natural (white), black  3.Available size:\u00a0  Width 2.5mm\u00a0with length 80mm-200mm  Width\u00a03.6mm\u00a0with length 100mm-370mm  Width\u00a04.8mm\u00a0with length 100mm-650mm  Width\u00a07.6mm\u00a0with length 150mm-550mm  Width\u00a08.8mm with length\u00a0400mm-1020mm","og_url":"https:\/\/hds-cabletie.com\/de\/producto\/min-operating-applicable-temp-40\u2103-nylon-cable-tie\/","og_site_name":"HDS Tie","article_modified_time":"2025-10-17T07:24:55+00:00","og_image":[{"width":800,"height":800,"url":"https:\/\/hds-cabletie.com\/wp-content\/uploads\/2025\/10\/\u4e3b\u56fe-1.webp","type":"image\/webp"}],"twitter_card":"summary_large_image","twitter_misc":{"Gesch\u00e4tzte Lesezeit":"3\u00a0Minuten"},"schema":{"@context":"https:\/\/schema.org","@graph":[{"@type":"WebPage","@id":"https:\/\/hds-cabletie.com\/es\/producto\/min-operating-applicable-temp-40%e2%84%83-nylon-cable-tie\/","url":"https:\/\/hds-cabletie.com\/es\/producto\/min-operating-applicable-temp-40%e2%84%83-nylon-cable-tie\/","name":"Min. Operating Applicable Temp. -40\u2103 Nylon Cable Tie - HDS Tie","isPartOf":{"@id":"https:\/\/hds-cabletie.com\/ar\/#website"},"primaryImageOfPage":{"@id":"https:\/\/hds-cabletie.com\/es\/producto\/min-operating-applicable-temp-40%e2%84%83-nylon-cable-tie\/#primaryimage"},"image":{"@id":"https:\/\/hds-cabletie.com\/es\/producto\/min-operating-applicable-temp-40%e2%84%83-nylon-cable-tie\/#primaryimage"},"thumbnailUrl":"https:\/\/hds-cabletie.com\/wp-content\/uploads\/2025\/10\/\u4e3b\u56fe-1.webp","datePublished":"2025-10-17T07:19:55+00:00","dateModified":"2025-10-17T07:24:55+00:00","breadcrumb":{"@id":"https:\/\/hds-cabletie.com\/es\/producto\/min-operating-applicable-temp-40%e2%84%83-nylon-cable-tie\/#breadcrumb"},"inLanguage":"de","potentialAction":[{"@type":"ReadAction","target":["https:\/\/hds-cabletie.com\/es\/producto\/min-operating-applicable-temp-40%e2%84%83-nylon-cable-tie\/"]}]},{"@type":"ImageObject","inLanguage":"de","@id":"https:\/\/hds-cabletie.com\/es\/producto\/min-operating-applicable-temp-40%e2%84%83-nylon-cable-tie\/#primaryimage","url":"https:\/\/hds-cabletie.com\/wp-content\/uploads\/2025\/10\/\u4e3b\u56fe-1.webp","contentUrl":"https:\/\/hds-cabletie.com\/wp-content\/uploads\/2025\/10\/\u4e3b\u56fe-1.webp","width":800,"height":800},{"@type":"BreadcrumbList","@id":"https:\/\/hds-cabletie.com\/es\/producto\/min-operating-applicable-temp-40%e2%84%83-nylon-cable-tie\/#breadcrumb","itemListElement":[{"@type":"ListItem","position":1,"name":"Home","item":"https:\/\/hds-cabletie.com\/"},{"@type":"ListItem","position":2,"name":"Products","item":"https:\/\/hds-cabletie.com\/de\/products\/"},{"@type":"ListItem","position":3,"name":"Min. Operating Applicable Temp. -40\u2103 Nylon Cable Tie"}]},{"@type":"WebSite","@id":"https:\/\/hds-cabletie.com\/ar\/#website","url":"https:\/\/hds-cabletie.com\/ar\/","name":"HDS Tie","description":"","potentialAction":[{"@type":"SearchAction","target":{"@type":"EntryPoint","urlTemplate":"https:\/\/hds-cabletie.com\/ar\/?s={search_term_string}"},"query-input":{"@type":"PropertyValueSpecification","valueRequired":true,"valueName":"search_term_string"}}],"inLanguage":"de"}]}},"_links":{"self":[{"href":"https:\/\/hds-cabletie.com\/de\/wp-json\/wp\/v2\/product\/2935","targetHints":{"allow":["GET"]}}],"collection":[{"href":"https:\/\/hds-cabletie.com\/de\/wp-json\/wp\/v2\/product"}],"about":[{"href":"https:\/\/hds-cabletie.com\/de\/wp-json\/wp\/v2\/types\/product"}],"replies":[{"embeddable":true,"href":"https:\/\/hds-cabletie.com\/de\/wp-json\/wp\/v2\/comments?post=2935"}],"wp:featuredmedia":[{"embeddable":true,"href":"https:\/\/hds-cabletie.com\/de\/wp-json\/wp\/v2\/media\/2937"}],"wp:attachment":[{"href":"https:\/\/hds-cabletie.com\/de\/wp-json\/wp\/v2\/media?parent=2935"}],"wp:term":[{"taxonomy":"product_brand","embeddable":true,"href":"https:\/\/hds-cabletie.com\/de\/wp-json\/wp\/v2\/product_brand?post=2935"},{"taxonomy":"product_cat","embeddable":true,"href":"https:\/\/hds-cabletie.com\/de\/wp-json\/wp\/v2\/product_cat?post=2935"},{"taxonomy":"product_tag","embeddable":true,"href":"https:\/\/hds-cabletie.com\/de\/wp-json\/wp\/v2\/product_tag?post=2935"}],"curies":[{"name":"wp","href":"https:\/\/api.w.org\/{rel}","templated":true}]}}