{"id":2464,"date":"2025-09-15T06:06:51","date_gmt":"2025-09-15T06:06:51","guid":{"rendered":"https:\/\/hds-cabletie.com\/?post_type=product&#038;p=2464"},"modified":"2025-09-15T06:06:51","modified_gmt":"2025-09-15T06:06:51","slug":"heat-shrinkable-cable-accessories","status":"publish","type":"product","link":"https:\/\/hds-cabletie.com\/de\/produkt\/heat-shrinkable-cable-accessories\/","title":{"rendered":"W\u00e4rmeschrumpfendes Kabelzubeh\u00f6r"},"content":{"rendered":"<h2><strong><b>Produktmerkmale\uff1a<\/b><\/strong><\/h2>\n<p>Das vernetzte, thermisch schrumpfbare Kabel verwendet die Doppelerdungstechnologie, bei der die Erdung des Stahlpanzers von der Erdung des Kupferschirms getrennt ist, so dass der Kabelversuch g\u00fcnstiger ist.<\/p>\n<p>Testen Sie die Erdung und den Erdungswiderstand des Stahlpanzers, wenn er leitend ist, bedeutet dies, dass die Kabelschutzfl\u00e4che besch\u00e4digt ist.<\/p>\n<p>Pr\u00fcfen Sie den Widerstand zwischen zwei Erdungen, wenn er leitend ist, bedeutet dies, dass die \u00e4u\u00dfere Umh\u00fcllung besch\u00e4digt ist; pr\u00fcfen Sie den Erdungswiderstand der Kupferschirmerdung, wenn er leitend ist, bedeutet dies, dass sowohl die inneren als auch die \u00e4u\u00dferen Schutzfl\u00e4chen besch\u00e4digt sind.<\/p>\n<ol>\n<li>Diese Phase wird nie vergehen.<\/li>\n<li>Der dreieckige Einstich wurde zum Zweck der bequemen Bedienung entwickelt.<\/li>\n<li>Die spitz zulaufende Fingerspitze wird niemals geknackt werden.<\/li>\n<li>Die vernetzte, w\u00e4rmeschrumpfende Kabelmuffe verwendet die neue Technologie (Dreidichtungstechnologie).<\/li>\n<li>Das Versagen der Kabelzwischenverbindung wird durch eine schlechte Dichtung verursacht, daher setzt unser Unternehmen die neue Technologie ein, um den Betrieb des Kabels sicherer und bequemer zu machen. Die drei Dichtungen beziehen sich auf die \u00e4u\u00dfere Schutzdichtung, die innere Schutzdichtung und die Dichtung zwischen den beiden Enden des Isolierrohrs.<\/li>\n<\/ol>\n<ol>\n<li>Das Isolierrohr wird verl\u00e4ngert, um das Problem des Stromfressens zu l\u00f6sen.<\/li>\n<li>Der Schutzschlauch ist sehr weich und schrumpft schnell.<\/li>\n<\/ol>\n<p><img fetchpriority=\"high\" decoding=\"async\" class=\"aligncenter size-full wp-image-2466\" src=\"https:\/\/hds-cabletie.com\/wp-content\/uploads\/2025\/09\/\u56fe\u7247-1.webp\" alt=\"\" width=\"1107\" height=\"678\" srcset=\"https:\/\/hds-cabletie.com\/wp-content\/uploads\/2025\/09\/\u56fe\u7247-1.webp 1107w, https:\/\/hds-cabletie.com\/wp-content\/uploads\/2025\/09\/\u56fe\u7247-1-300x184.webp 300w, https:\/\/hds-cabletie.com\/wp-content\/uploads\/2025\/09\/\u56fe\u7247-1-1024x627.webp 1024w, https:\/\/hds-cabletie.com\/wp-content\/uploads\/2025\/09\/\u56fe\u7247-1-768x470.webp 768w, https:\/\/hds-cabletie.com\/wp-content\/uploads\/2025\/09\/\u56fe\u7247-1-18x12.webp 18w, https:\/\/hds-cabletie.com\/wp-content\/uploads\/2025\/09\/\u56fe\u7247-1-600x367.webp 600w\" sizes=\"(max-width: 1107px) 100vw, 1107px\" \/> <img decoding=\"async\" class=\"alignnone wp-image-2467 size-full\" src=\"https:\/\/hds-cabletie.com\/wp-content\/uploads\/2025\/09\/\u56fe\u7247-2.webp\" alt=\"\" width=\"1278\" height=\"428\" srcset=\"https:\/\/hds-cabletie.com\/wp-content\/uploads\/2025\/09\/\u56fe\u7247-2.webp 1278w, https:\/\/hds-cabletie.com\/wp-content\/uploads\/2025\/09\/\u56fe\u7247-2-300x100.webp 300w, https:\/\/hds-cabletie.com\/wp-content\/uploads\/2025\/09\/\u56fe\u7247-2-1024x343.webp 1024w, https:\/\/hds-cabletie.com\/wp-content\/uploads\/2025\/09\/\u56fe\u7247-2-768x257.webp 768w, https:\/\/hds-cabletie.com\/wp-content\/uploads\/2025\/09\/\u56fe\u7247-2-18x6.webp 18w, https:\/\/hds-cabletie.com\/wp-content\/uploads\/2025\/09\/\u56fe\u7247-2-600x201.webp 600w\" sizes=\"(max-width: 1278px) 100vw, 1278px\" \/> <img decoding=\"async\" class=\"alignnone wp-image-2468 size-full\" src=\"https:\/\/hds-cabletie.com\/wp-content\/uploads\/2025\/09\/\u56fe\u7247-3.webp\" alt=\"\" width=\"1404\" height=\"444\" srcset=\"https:\/\/hds-cabletie.com\/wp-content\/uploads\/2025\/09\/\u56fe\u7247-3.webp 1404w, https:\/\/hds-cabletie.com\/wp-content\/uploads\/2025\/09\/\u56fe\u7247-3-300x95.webp 300w, https:\/\/hds-cabletie.com\/wp-content\/uploads\/2025\/09\/\u56fe\u7247-3-1024x324.webp 1024w, https:\/\/hds-cabletie.com\/wp-content\/uploads\/2025\/09\/\u56fe\u7247-3-768x243.webp 768w, https:\/\/hds-cabletie.com\/wp-content\/uploads\/2025\/09\/\u56fe\u7247-3-18x6.webp 18w, https:\/\/hds-cabletie.com\/wp-content\/uploads\/2025\/09\/\u56fe\u7247-3-600x190.webp 600w\" sizes=\"(max-width: 1404px) 100vw, 1404px\" \/><\/p>\n<table>\n<tbody>\n<tr>\n<td width=\"126\">Modell<\/td>\n<td width=\"176\">Name<\/td>\n<td width=\"210\">Anwendbarer Kabelquerschnitt mm<sup>2<\/sup><\/td>\n<\/tr>\n<tr>\n<td width=\"126\">10kv HRYN-1\/1<\/td>\n<td rowspan=\"4\" width=\"176\">10kV vernetztes Kabel w\u00e4rmeschrumpfend f\u00fcr den Innenbereich<br \/>\n(einseitig leitend)<\/td>\n<td width=\"210\">25-50<\/td>\n<\/tr>\n<tr>\n<td width=\"126\">10kv HRYN-1\/2<\/td>\n<td width=\"210\">70-120<\/td>\n<\/tr>\n<tr>\n<td width=\"126\">10kv HRYN-1\/3<\/td>\n<td width=\"210\">150-240<\/td>\n<\/tr>\n<tr>\n<td width=\"126\">10kv HRYN-1\/4<\/td>\n<td width=\"210\">300-400<\/td>\n<\/tr>\n<tr>\n<td width=\"126\">10kv HRYW-1\/1<\/td>\n<td rowspan=\"4\" width=\"176\">10kV vernetztes Kabel mit w\u00e4rmeschrumpfenden Au\u00dfenanschl\u00fcssen<br \/>\n(einseitig leitend)<\/td>\n<td width=\"210\">25-50<\/td>\n<\/tr>\n<tr>\n<td width=\"126\">10kv HRYW-1\/2<\/td>\n<td width=\"210\">70-120<\/td>\n<\/tr>\n<tr>\n<td width=\"126\">10kv HRYW-1\/3<\/td>\n<td width=\"210\">150-240<\/td>\n<\/tr>\n<tr>\n<td width=\"126\">10kv HRYW-1\/4<\/td>\n<td width=\"210\">300-400<\/td>\n<\/tr>\n<tr>\n<td width=\"126\">10kv HRYJ-1\/1<\/td>\n<td rowspan=\"4\" width=\"176\">10kV vernetztes Kabel w\u00e4rmeschrumpfende Kabelverbindung<br \/>\n(einseitig leitend)<\/td>\n<td width=\"210\">25-50<\/td>\n<\/tr>\n<tr>\n<td width=\"126\">10kv HRYJ-1\/2<\/td>\n<td width=\"210\">70-120<\/td>\n<\/tr>\n<tr>\n<td width=\"126\">10kv HRYJ-1\/3<\/td>\n<td width=\"210\">150-240<\/td>\n<\/tr>\n<tr>\n<td width=\"126\">10kv HRYJ-1\/4<\/td>\n<td width=\"210\">300-400<\/td>\n<\/tr>\n<tr>\n<td width=\"126\">10kv HRYN-3\/1<\/td>\n<td rowspan=\"4\" width=\"176\">10kV vernetztes Kabel w\u00e4rmeschrumpfend f\u00fcr den Innenbereich<br \/>\n(Drei-Leiter)<\/td>\n<td width=\"210\">25-50<\/td>\n<\/tr>\n<tr>\n<td width=\"126\">10kv HRYN-3\/2<\/td>\n<td width=\"210\">70-120<\/td>\n<\/tr>\n<tr>\n<td width=\"126\">10kv HRYN-3\/3<\/td>\n<td width=\"210\">150-240<\/td>\n<\/tr>\n<tr>\n<td width=\"126\">10kv HRYN-3\/4<\/td>\n<td width=\"210\">300-400<\/td>\n<\/tr>\n<tr>\n<td width=\"126\">10kv HRYW-3\/1<\/td>\n<td rowspan=\"4\" width=\"176\">10kV vernetztes Kabel mit w\u00e4rmeschrumpfenden Au\u00dfenanschl\u00fcssen<br \/>\n(Drei-Leiter)<\/td>\n<td width=\"210\">25-50<\/td>\n<\/tr>\n<tr>\n<td width=\"126\">10kv HRYW-3\/2<\/td>\n<td width=\"210\">70-120<\/td>\n<\/tr>\n<tr>\n<td width=\"126\">10kv HRYW-3\/3<\/td>\n<td width=\"210\">150-240<\/td>\n<\/tr>\n<tr>\n<td width=\"126\">10kv HRYW-3\/4<\/td>\n<td width=\"210\">300-400<\/td>\n<\/tr>\n<tr>\n<td width=\"126\">10kv HRYJ-3\/1<\/td>\n<td rowspan=\"4\" width=\"176\">10kV vernetztes Kabel w\u00e4rmeschrumpfende Kabelverbindung<br \/>\n(Drei-Leiter)<\/td>\n<td width=\"210\">25-50<\/td>\n<\/tr>\n<tr>\n<td width=\"126\">10kv HRYJ-3\/2<\/td>\n<td width=\"210\">70-120<\/td>\n<\/tr>\n<tr>\n<td width=\"126\">10kv HRYJ-3\/3<\/td>\n<td width=\"210\">150-240<\/td>\n<\/tr>\n<tr>\n<td width=\"126\">10kv HRYJ-3\/4<\/td>\n<td width=\"210\">300-400<\/td>\n<\/tr>\n<tr>\n<td width=\"126\">35kv HRYN-1\/1<\/td>\n<td rowspan=\"3\" width=\"176\">35kV vernetztes Kabel w\u00e4rmeschrumpfend f\u00fcr den Innenbereich<br \/>\n(einseitig leitend)<\/td>\n<td width=\"210\">50-95<\/td>\n<\/tr>\n<tr>\n<td width=\"126\">35kv HRYN-1\/2<\/td>\n<td width=\"210\">120-185<\/td>\n<\/tr>\n<tr>\n<td width=\"126\">35kv HRYN-1\/3<\/td>\n<td width=\"210\">240-400<\/td>\n<\/tr>\n<tr>\n<td width=\"126\">35kv HRYW-1\/1<\/td>\n<td rowspan=\"3\" width=\"176\">35kV vernetztes Kabel mit w\u00e4rmeschrumpfenden Au\u00dfenanschl\u00fcssen<br \/>\n(einseitig leitend)<\/td>\n<td width=\"210\">50-95<\/td>\n<\/tr>\n<tr>\n<td width=\"126\">35kv HRYW-1\/2<\/td>\n<td width=\"210\">120-185<\/td>\n<\/tr>\n<tr>\n<td width=\"126\">35kv HRYW-1\/3<\/td>\n<td width=\"210\">240-400<\/td>\n<\/tr>\n<tr>\n<td width=\"126\">35kv HRYJ-1\/1<\/td>\n<td rowspan=\"3\" width=\"176\">35kV vernetztes Kabel w\u00e4rmeschrumpfende Kabelverbindung<br \/>\n(einseitig leitend)<\/td>\n<td width=\"210\">50-95<\/td>\n<\/tr>\n<tr>\n<td width=\"126\">35kv HRYJ-1\/2<\/td>\n<td width=\"210\">120-185<\/td>\n<\/tr>\n<tr>\n<td width=\"126\">35kv HRYJ-1\/3<\/td>\n<td width=\"210\">240-400<\/td>\n<\/tr>\n<tr>\n<td width=\"126\">35kv HRYN-3\/1<\/td>\n<td rowspan=\"3\" width=\"176\">35kV vernetztes Kabel w\u00e4rmeschrumpfend f\u00fcr den Innenbereich<br \/>\n(Drei-Leiter)<\/td>\n<td width=\"210\">50-95<\/td>\n<\/tr>\n<tr>\n<td width=\"126\">35kv HRYN-3\/2<\/td>\n<td width=\"210\">120-185<\/td>\n<\/tr>\n<tr>\n<td width=\"126\">35kv HRYN-3\/3<\/td>\n<td width=\"210\">240-400<\/td>\n<\/tr>\n<tr>\n<td width=\"126\">35kv HRYW-3\/1<\/td>\n<td rowspan=\"3\" width=\"176\">35kV vernetztes Kabel mit w\u00e4rmeschrumpfenden Au\u00dfenanschl\u00fcssen<br \/>\n(Drei-Leiter)<\/td>\n<td width=\"210\">50-95<\/td>\n<\/tr>\n<tr>\n<td width=\"126\">35kv HRYW-3\/2<\/td>\n<td width=\"210\">120-185<\/td>\n<\/tr>\n<tr>\n<td width=\"126\">35kv HRYW-3\/3<\/td>\n<td width=\"210\">240-400<\/td>\n<\/tr>\n<tr>\n<td width=\"126\">35kv HRYJ-3\/1<\/td>\n<td rowspan=\"3\" width=\"176\">35kV vernetztes Kabel w\u00e4rmeschrumpfende Kabelverbindung<br \/>\n(Drei-Leiter)<\/td>\n<td width=\"210\">50-95<\/td>\n<\/tr>\n<tr>\n<td width=\"126\">35kv HRYJ-3\/2<\/td>\n<td width=\"210\">120-185<\/td>\n<\/tr>\n<tr>\n<td width=\"126\">35kv HRYJ-3\/3<\/td>\n<td width=\"210\">240-400<\/td>\n<\/tr>\n<\/tbody>\n<\/table>\n<p>&nbsp;<\/p>","protected":false},"excerpt":{"rendered":"<p>Das vernetzte, thermisch schrumpfbare Kabel verwendet die Doppelerdungstechnologie, bei der die Erdung des Stahlpanzers von der Erdung des Kupferschirms getrennt ist, so dass der Kabelversuch g\u00fcnstiger ist.<\/p>\n<p>Testen Sie die Erdung und den Erdungswiderstand des Stahlpanzers, wenn er leitend ist, bedeutet dies, dass die Kabelschutzfl\u00e4che besch\u00e4digt ist.<\/p>","protected":false},"featured_media":2469,"comment_status":"open","ping_status":"closed","template":"","meta":{"_acf_changed":false},"product_brand":[],"product_cat":[67],"product_tag":[],"class_list":{"0":"post-2464","1":"product","2":"type-product","3":"status-publish","4":"has-post-thumbnail","6":"product_cat-heat-shrinkable-tube","8":"first","9":"instock","10":"shipping-taxable","11":"product-type-simple"},"acf":[],"yoast_head":"<!-- This site is optimized with the Yoast SEO plugin v25.1 - https:\/\/yoast.com\/wordpress\/plugins\/seo\/ -->\n<title>Heat Shrinkable Cable Accessories - HDS Tie<\/title>\n<meta name=\"robots\" content=\"index, follow, max-snippet:-1, max-image-preview:large, max-video-preview:-1\" \/>\n<link rel=\"canonical\" href=\"https:\/\/hds-cabletie.com\/de\/produk\/heat-shrinkable-cable-accessories\/\" \/>\n<meta property=\"og:locale\" content=\"de_DE\" \/>\n<meta property=\"og:type\" content=\"article\" \/>\n<meta property=\"og:title\" content=\"Heat Shrinkable Cable Accessories - HDS Tie\" \/>\n<meta property=\"og:description\" content=\"The cross-linked cable thermal shrinkable termination uses the double-earthing technology, in which the steel armour earthing separates from the copper shield earthing, so that the cable trial is more reasonable.  Test the steel armour earthing and earth resistance, if it is conducted, it means the cable protection surface is damaged.\" \/>\n<meta property=\"og:url\" content=\"https:\/\/hds-cabletie.com\/de\/produk\/heat-shrinkable-cable-accessories\/\" \/>\n<meta property=\"og:site_name\" content=\"HDS Tie\" \/>\n<meta property=\"og:image\" content=\"https:\/\/hds-cabletie.com\/wp-content\/uploads\/2025\/09\/\u4e3b\u56fe-9.webp\" \/>\n\t<meta property=\"og:image:width\" content=\"607\" \/>\n\t<meta property=\"og:image:height\" content=\"642\" \/>\n\t<meta property=\"og:image:type\" content=\"image\/webp\" \/>\n<meta name=\"twitter:card\" content=\"summary_large_image\" \/>\n<meta name=\"twitter:label1\" content=\"Gesch\u00e4tzte Lesezeit\" \/>\n\t<meta name=\"twitter:data1\" content=\"3\u00a0Minuten\" \/>\n<script type=\"application\/ld+json\" class=\"yoast-schema-graph\">{\"@context\":\"https:\/\/schema.org\",\"@graph\":[{\"@type\":\"WebPage\",\"@id\":\"https:\/\/hds-cabletie.com\/id\/produk\/heat-shrinkable-cable-accessories\/\",\"url\":\"https:\/\/hds-cabletie.com\/id\/produk\/heat-shrinkable-cable-accessories\/\",\"name\":\"Heat Shrinkable Cable Accessories - HDS Tie\",\"isPartOf\":{\"@id\":\"https:\/\/hds-cabletie.com\/ar\/#website\"},\"primaryImageOfPage\":{\"@id\":\"https:\/\/hds-cabletie.com\/id\/produk\/heat-shrinkable-cable-accessories\/#primaryimage\"},\"image\":{\"@id\":\"https:\/\/hds-cabletie.com\/id\/produk\/heat-shrinkable-cable-accessories\/#primaryimage\"},\"thumbnailUrl\":\"https:\/\/hds-cabletie.com\/wp-content\/uploads\/2025\/09\/\u4e3b\u56fe-9.webp\",\"datePublished\":\"2025-09-15T06:06:51+00:00\",\"breadcrumb\":{\"@id\":\"https:\/\/hds-cabletie.com\/id\/produk\/heat-shrinkable-cable-accessories\/#breadcrumb\"},\"inLanguage\":\"de\",\"potentialAction\":[{\"@type\":\"ReadAction\",\"target\":[\"https:\/\/hds-cabletie.com\/id\/produk\/heat-shrinkable-cable-accessories\/\"]}]},{\"@type\":\"ImageObject\",\"inLanguage\":\"de\",\"@id\":\"https:\/\/hds-cabletie.com\/id\/produk\/heat-shrinkable-cable-accessories\/#primaryimage\",\"url\":\"https:\/\/hds-cabletie.com\/wp-content\/uploads\/2025\/09\/\u4e3b\u56fe-9.webp\",\"contentUrl\":\"https:\/\/hds-cabletie.com\/wp-content\/uploads\/2025\/09\/\u4e3b\u56fe-9.webp\",\"width\":607,\"height\":642},{\"@type\":\"BreadcrumbList\",\"@id\":\"https:\/\/hds-cabletie.com\/id\/produk\/heat-shrinkable-cable-accessories\/#breadcrumb\",\"itemListElement\":[{\"@type\":\"ListItem\",\"position\":1,\"name\":\"Home\",\"item\":\"https:\/\/hds-cabletie.com\/\"},{\"@type\":\"ListItem\",\"position\":2,\"name\":\"Products\",\"item\":\"https:\/\/hds-cabletie.com\/de\/products\/\"},{\"@type\":\"ListItem\",\"position\":3,\"name\":\"Heat Shrinkable Cable Accessories\"}]},{\"@type\":\"WebSite\",\"@id\":\"https:\/\/hds-cabletie.com\/ar\/#website\",\"url\":\"https:\/\/hds-cabletie.com\/ar\/\",\"name\":\"HDS Tie\",\"description\":\"\",\"potentialAction\":[{\"@type\":\"SearchAction\",\"target\":{\"@type\":\"EntryPoint\",\"urlTemplate\":\"https:\/\/hds-cabletie.com\/ar\/?s={search_term_string}\"},\"query-input\":{\"@type\":\"PropertyValueSpecification\",\"valueRequired\":true,\"valueName\":\"search_term_string\"}}],\"inLanguage\":\"de\"}]}<\/script>\n<!-- \/ Yoast SEO plugin. -->","yoast_head_json":{"title":"Heat Shrinkable Cable Accessories - HDS Tie","robots":{"index":"index","follow":"follow","max-snippet":"max-snippet:-1","max-image-preview":"max-image-preview:large","max-video-preview":"max-video-preview:-1"},"canonical":"https:\/\/hds-cabletie.com\/de\/produk\/heat-shrinkable-cable-accessories\/","og_locale":"de_DE","og_type":"article","og_title":"Heat Shrinkable Cable Accessories - HDS Tie","og_description":"The cross-linked cable thermal shrinkable termination uses the double-earthing technology, in which the steel armour earthing separates from the copper shield earthing, so that the cable trial is more reasonable.  Test the steel armour earthing and earth resistance, if it is conducted, it means the cable protection surface is damaged.","og_url":"https:\/\/hds-cabletie.com\/de\/produk\/heat-shrinkable-cable-accessories\/","og_site_name":"HDS Tie","og_image":[{"width":607,"height":642,"url":"https:\/\/hds-cabletie.com\/wp-content\/uploads\/2025\/09\/\u4e3b\u56fe-9.webp","type":"image\/webp"}],"twitter_card":"summary_large_image","twitter_misc":{"Gesch\u00e4tzte Lesezeit":"3\u00a0Minuten"},"schema":{"@context":"https:\/\/schema.org","@graph":[{"@type":"WebPage","@id":"https:\/\/hds-cabletie.com\/id\/produk\/heat-shrinkable-cable-accessories\/","url":"https:\/\/hds-cabletie.com\/id\/produk\/heat-shrinkable-cable-accessories\/","name":"Heat Shrinkable Cable Accessories - HDS Tie","isPartOf":{"@id":"https:\/\/hds-cabletie.com\/ar\/#website"},"primaryImageOfPage":{"@id":"https:\/\/hds-cabletie.com\/id\/produk\/heat-shrinkable-cable-accessories\/#primaryimage"},"image":{"@id":"https:\/\/hds-cabletie.com\/id\/produk\/heat-shrinkable-cable-accessories\/#primaryimage"},"thumbnailUrl":"https:\/\/hds-cabletie.com\/wp-content\/uploads\/2025\/09\/\u4e3b\u56fe-9.webp","datePublished":"2025-09-15T06:06:51+00:00","breadcrumb":{"@id":"https:\/\/hds-cabletie.com\/id\/produk\/heat-shrinkable-cable-accessories\/#breadcrumb"},"inLanguage":"de","potentialAction":[{"@type":"ReadAction","target":["https:\/\/hds-cabletie.com\/id\/produk\/heat-shrinkable-cable-accessories\/"]}]},{"@type":"ImageObject","inLanguage":"de","@id":"https:\/\/hds-cabletie.com\/id\/produk\/heat-shrinkable-cable-accessories\/#primaryimage","url":"https:\/\/hds-cabletie.com\/wp-content\/uploads\/2025\/09\/\u4e3b\u56fe-9.webp","contentUrl":"https:\/\/hds-cabletie.com\/wp-content\/uploads\/2025\/09\/\u4e3b\u56fe-9.webp","width":607,"height":642},{"@type":"BreadcrumbList","@id":"https:\/\/hds-cabletie.com\/id\/produk\/heat-shrinkable-cable-accessories\/#breadcrumb","itemListElement":[{"@type":"ListItem","position":1,"name":"Home","item":"https:\/\/hds-cabletie.com\/"},{"@type":"ListItem","position":2,"name":"Products","item":"https:\/\/hds-cabletie.com\/de\/products\/"},{"@type":"ListItem","position":3,"name":"Heat Shrinkable Cable Accessories"}]},{"@type":"WebSite","@id":"https:\/\/hds-cabletie.com\/ar\/#website","url":"https:\/\/hds-cabletie.com\/ar\/","name":"HDS Tie","description":"","potentialAction":[{"@type":"SearchAction","target":{"@type":"EntryPoint","urlTemplate":"https:\/\/hds-cabletie.com\/ar\/?s={search_term_string}"},"query-input":{"@type":"PropertyValueSpecification","valueRequired":true,"valueName":"search_term_string"}}],"inLanguage":"de"}]}},"_links":{"self":[{"href":"https:\/\/hds-cabletie.com\/de\/wp-json\/wp\/v2\/product\/2464","targetHints":{"allow":["GET"]}}],"collection":[{"href":"https:\/\/hds-cabletie.com\/de\/wp-json\/wp\/v2\/product"}],"about":[{"href":"https:\/\/hds-cabletie.com\/de\/wp-json\/wp\/v2\/types\/product"}],"replies":[{"embeddable":true,"href":"https:\/\/hds-cabletie.com\/de\/wp-json\/wp\/v2\/comments?post=2464"}],"wp:featuredmedia":[{"embeddable":true,"href":"https:\/\/hds-cabletie.com\/de\/wp-json\/wp\/v2\/media\/2469"}],"wp:attachment":[{"href":"https:\/\/hds-cabletie.com\/de\/wp-json\/wp\/v2\/media?parent=2464"}],"wp:term":[{"taxonomy":"product_brand","embeddable":true,"href":"https:\/\/hds-cabletie.com\/de\/wp-json\/wp\/v2\/product_brand?post=2464"},{"taxonomy":"product_cat","embeddable":true,"href":"https:\/\/hds-cabletie.com\/de\/wp-json\/wp\/v2\/product_cat?post=2464"},{"taxonomy":"product_tag","embeddable":true,"href":"https:\/\/hds-cabletie.com\/de\/wp-json\/wp\/v2\/product_tag?post=2464"}],"curies":[{"name":"wp","href":"https:\/\/api.w.org\/{rel}","templated":true}]}}