{"id":2460,"date":"2025-09-15T05:50:05","date_gmt":"2025-09-15T05:50:05","guid":{"rendered":"https:\/\/hds-cabletie.com\/?post_type=product&#038;p=2460"},"modified":"2025-09-15T05:50:19","modified_gmt":"2025-09-15T05:50:19","slug":"non-flame-retardant-transparent-heat-shrinkable-tube","status":"publish","type":"product","link":"https:\/\/hds-cabletie.com\/de\/produkt\/non-flame-retardant-transparent-heat-shrinkable-tube\/","title":{"rendered":"Nicht flammhemmend Transparenter Schrumpfschlauch"},"content":{"rendered":"<h2><strong><b>Zur \u00dcberpr\u00fcfung unserer Qualit\u00e4t k\u00f6nnen wir Ihnen Muster zusenden!<\/b><\/strong><\/h2>\n<p><strong><b>Chara<\/b><\/strong><strong><b>c<\/b><\/strong><strong><b>ter und Anwendung <\/b><\/strong><\/p>\n<p>1.HD-6 Serie nicht flammhemmende transparente Schrumpfschl\u00e4uche sind aus ausgezeichnetem Hochpolymer hergestellt. Wenn die Produkte geformt werden, werden sie vernetzt und kontinuierlich mit elektronischen Beschleuniger erweitert. Die Produkte zeichnen sich durch Weichheit, Flammwidrigkeit, schnelle Schrumpfung, helle und dauerhafte Farbe und stabile Leistung aus. Sie finden breite Anwendung in der elektrischen Verbindung, der elektrischen Endbehandlung und dem Schwei\u00dfschutz ohne flammhemmende Anforderungen; dem Oberfl\u00e4chenschutz f\u00fcr Ersatzteile von Karosserieanlagen und Stahlkonstruktionen; dem Handlauf von Landwirtschafts- und Haushaltsmaschinen; dem Oberfl\u00e4chenschutz von Regalen, und der Dekoration und Lampen. Weichheit, Isolierung, schnelle Flexibilit\u00e4t, heller Glanz, bequemer Gebrauch, kann schrumpfen, wenn es mit Ofen oder Hei\u00dfluftpistole erhitzt wird.<\/p>\n<p>2. standard Farbe: Transparent (andere Farben sind auf die Bed\u00fcrfnisse der Kunden).<\/p>\n<p>3.. Charakter:<\/p>\n<p>Anwendung: -40\u2103~50\u2103; Anfangsschrumpfungstemperatur: 70\u2103;<\/p>\n<p>Volle Schrumpftemperatur: 125\u2103; Schrumpfungsverh\u00e4ltnis: 2: 1<\/p>\n<p>4. p\u00fcnktliche Lieferung und gro\u00dfes Angebot, bequeme Verwendung, kann schrumpfen, wenn mit Ofen oder Hei\u00dfluftpistole erhitzt.<\/p>\n<p>5.use: weit verbreitet in Draht-Verbindung Schwei\u00dfen Schutz Draht Markierung der Isolierung Schutz von Widerstand und Kondensator der Korrosionsschutz von Metall bar oder Rohre und die Antenne Schutz.<br \/>\n6. lieferzeit: In 7 -25 Tagen nach Erhalt, je nach Bestellmenge.<\/p>\n<p>7. die Zahlungsbedingungen: T\/T, L\/C, Western Union, PayPal.<\/p>\n<table>\n<tbody>\n<tr>\n<td rowspan=\"2\">Spezifikation<\/td>\n<td colspan=\"2\">Abmessung vor dem Schrumpfen (mm)<\/td>\n<td colspan=\"2\">Abmessungen nach dem Schrumpfen (mm)<\/td>\n<td rowspan=\"2\">&nbsp;<\/p>\n<p>Standard-Verpackung<\/p>\n<p>(m\/disk)<\/p>\n<p>&nbsp;<\/td>\n<td rowspan=\"2\">&nbsp;<\/p>\n<p>Anmeldung<\/p>\n<p>(mm)<\/p>\n<p>&nbsp;<\/td>\n<\/tr>\n<tr>\n<td>Innendurchmesser<\/td>\n<td>Wandst\u00e4rke<\/td>\n<td>Innendurchmesser<\/td>\n<td>Wandst\u00e4rke<\/td>\n<\/tr>\n<tr>\n<td>\u03a62.0<\/td>\n<td>2.2\u00b10.3<\/td>\n<td>0.25\u00b10.05<\/td>\n<td>0.98\u00b10.1<\/td>\n<td>0.32\u00b10.05<\/td>\n<td>200<\/td>\n<td>1.1\uff5e1.8<\/td>\n<\/tr>\n<tr>\n<td>\u03a62.5<\/td>\n<td>2.6\u00b10.3<\/td>\n<td>0.25\u00b10.05<\/td>\n<td>1.23\u00b10.2<\/td>\n<td>0.35\u00b10.05<\/td>\n<td>200<\/td>\n<td>1.35\uff5e2.3<\/td>\n<\/tr>\n<tr>\n<td>\u03a63.0<\/td>\n<td>3.2\u00b10.4<\/td>\n<td>0.25\u00b10.05<\/td>\n<td>1.45\u00b10.2<\/td>\n<td>0.35\u00b10.05<\/td>\n<td>200<\/td>\n<td>1.6\uff5e2.7<\/td>\n<\/tr>\n<tr>\n<td>\u03a63.5<\/td>\n<td>3.6\u00b10.4<\/td>\n<td>0.25\u00b10.05<\/td>\n<td>1.72\u00b10.2<\/td>\n<td>0.35\u00b10.05<\/td>\n<td>200<\/td>\n<td>1.85\uff5e3.2<\/td>\n<\/tr>\n<tr>\n<td>\u03a64.0<\/td>\n<td>4.2\u00b10.4<\/td>\n<td>0.25\u00b10.05<\/td>\n<td>1.96\u00b10.2<\/td>\n<td>0.35\u00b10.05<\/td>\n<td>200<\/td>\n<td>2.1\uff5e3.6<\/td>\n<\/tr>\n<tr>\n<td>\u03a64.5<\/td>\n<td>4.6\u00b10.4<\/td>\n<td>0.25\u00b10.05<\/td>\n<td>2.20\u00b10.2<\/td>\n<td>0.35\u00b10.05<\/td>\n<td>200<\/td>\n<td>2.35\uff5e4.0<\/td>\n<\/tr>\n<tr>\n<td>\u03a65.0<\/td>\n<td>5.2\u00b10.4<\/td>\n<td>0.25\u00b10.05<\/td>\n<td>2.48\u00b10.2<\/td>\n<td>0.35\u00b10.05<\/td>\n<td>200<\/td>\n<td>2.6\uff5e4.5<\/td>\n<\/tr>\n<tr>\n<td>\u03a66.0<\/td>\n<td>6.2\u00b10.4<\/td>\n<td>0.28\u00b10.15<\/td>\n<td>2.96\u00b10.3<\/td>\n<td>0.45\u00b10.15<\/td>\n<td>200<\/td>\n<td>3.1\uff5e5.4<\/td>\n<\/tr>\n<tr>\n<td>\u03a67.0<\/td>\n<td>7.2\u00b10.4<\/td>\n<td>0.28\u00b10.15<\/td>\n<td>3.48\u00b10.3<\/td>\n<td>0.45\u00b10.15<\/td>\n<td>100<\/td>\n<td>3.7\uff5e3<\/td>\n<\/tr>\n<tr>\n<td>\u03a68.0<\/td>\n<td>8.2\u00b10.5<\/td>\n<td>0.28\u00b10.15<\/td>\n<td>3.95\u00b10.3<\/td>\n<td>0.45\u00b10.15<\/td>\n<td>100<\/td>\n<td>4.2\uff5e7.2<\/td>\n<\/tr>\n<tr>\n<td>\u03a69.0<\/td>\n<td>9.2\u00b10.5<\/td>\n<td>0.30\u00b10.15<\/td>\n<td>4.40\u00b10.3<\/td>\n<td>0.50\u00b10.15<\/td>\n<td>100<\/td>\n<td>4.7\uff5e8.0<\/td>\n<\/tr>\n<tr>\n<td>\u03a610<\/td>\n<td>10.2\u00b10.5<\/td>\n<td>0.30\u00b10.15<\/td>\n<td>4.90\u00b10.3<\/td>\n<td>0.50\u00b10.15<\/td>\n<td>100<\/td>\n<td>5.2\uff5e9.0<\/td>\n<\/tr>\n<tr>\n<td>\u03a611<\/td>\n<td>11.2\u00b10.5<\/td>\n<td>0.30\u00b10.15<\/td>\n<td>5.40\u00b10.3<\/td>\n<td>0.50\u00b10.15<\/td>\n<td>100<\/td>\n<td>5.7\uff5e10<\/td>\n<\/tr>\n<tr>\n<td>\u03a612<\/td>\n<td>12.2\u00b10.5<\/td>\n<td>0.30\u00b10.15<\/td>\n<td>5.90\u00b10.5<\/td>\n<td>0.50\u00b10.15<\/td>\n<td>100<\/td>\n<td>6.2\uff5e11<\/td>\n<\/tr>\n<tr>\n<td>\u03a613<\/td>\n<td>13.2\u00b10.5<\/td>\n<td>0.33\u00b10.15<\/td>\n<td>6.40\u00b10.5<\/td>\n<td>0.50\u00b10.15<\/td>\n<td>100<\/td>\n<td>6.7\uff5e12<\/td>\n<\/tr>\n<tr>\n<td>\u03a614<\/td>\n<td>14.2\u00b10.5<\/td>\n<td>0.35\u00b10.15<\/td>\n<td>6.90\u00b10.5<\/td>\n<td>0.50\u00b10.15<\/td>\n<td>100<\/td>\n<td>7.3\uff5e13<\/td>\n<\/tr>\n<tr>\n<td>\u03a615<\/td>\n<td>15.2\u00b10.6<\/td>\n<td>0.38\u00b10.15<\/td>\n<td>7.40\u00b10.5<\/td>\n<td>0.60\u00b10.15<\/td>\n<td>100<\/td>\n<td>7.8\uff5e14<\/td>\n<\/tr>\n<tr>\n<td>\u03a616<\/td>\n<td>16.2\u00b10.6<\/td>\n<td>0.38\u00b10.15<\/td>\n<td>7.90\u00b10.5<\/td>\n<td>0.60\u00b10.15<\/td>\n<td>100<\/td>\n<td>8.3\uff5e15<\/td>\n<\/tr>\n<tr>\n<td>\u03a617<\/td>\n<td>17.2\u00b10.6<\/td>\n<td>0.38\u00b10.15<\/td>\n<td>8.40\u00b10.5<\/td>\n<td>0.60\u00b10.15<\/td>\n<td>100<\/td>\n<td>8.8\uff5e16<\/td>\n<\/tr>\n<tr>\n<td>\u03a618<\/td>\n<td>18.2\u00b10.6<\/td>\n<td>0.40\u00b10.15<\/td>\n<td>8.90\u00b10.5<\/td>\n<td>0.60\u00b10.15<\/td>\n<td>100<\/td>\n<td>9.3\uff5e17<\/td>\n<\/tr>\n<tr>\n<td>\u03a620<\/td>\n<td>20.2\u00b10.8<\/td>\n<td>0.40\u00b10.20<\/td>\n<td>9.90\u00b10.5<\/td>\n<td>0.70\u00b10.20<\/td>\n<td>100<\/td>\n<td>11.4\uff5e19<\/td>\n<\/tr>\n<tr>\n<td>\u03a622<\/td>\n<td>22.2\u00b10.8<\/td>\n<td>0.42\u00b10.20<\/td>\n<td>10.80\u00b11.0<\/td>\n<td>0.70\u00b10.20<\/td>\n<td>100<\/td>\n<td>12.4\uff5e21<\/td>\n<\/tr>\n<tr>\n<td>\u03a625<\/td>\n<td>25.3\u00b10.8<\/td>\n<td>0.45\u00b10.20<\/td>\n<td>12.30\u00b11.0<\/td>\n<td>0.70\u00b10.20<\/td>\n<td>50<\/td>\n<td>12.8\uff5e24<\/td>\n<\/tr>\n<tr>\n<td>\u03a628<\/td>\n<td>28.3\u00b10.8<\/td>\n<td>0.45\u00b10.20<\/td>\n<td>13.50\u00b11.0<\/td>\n<td>0.70\u00b10.20<\/td>\n<td>50<\/td>\n<td>14.4\uff5e29<\/td>\n<\/tr>\n<tr>\n<td>\u03a630<\/td>\n<td>30.2\u00b10.8<\/td>\n<td>0.45\u00b10.20<\/td>\n<td>14.70\u00b11.0<\/td>\n<td>0.70\u00b10.20<\/td>\n<td>50<\/td>\n<td>16\uff5e29<\/td>\n<\/tr>\n<tr>\n<td>\u03a635<\/td>\n<td>35.2\u00b10.8<\/td>\n<td>0.50\u00b10.20<\/td>\n<td>17.30\u00b11.0<\/td>\n<td>0.80\u00b10.20<\/td>\n<td>50<\/td>\n<td>18\uff5e34<\/td>\n<\/tr>\n<tr>\n<td>\u03a640<\/td>\n<td>40.0\u00b11.0<\/td>\n<td>0.50\u00b10.20<\/td>\n<td>19.80\u00b11.0<\/td>\n<td>0.80\u00b10.20<\/td>\n<td>50<\/td>\n<td>21\uff5e39<\/td>\n<\/tr>\n<tr>\n<td>\u03a650<\/td>\n<td>50.0\u00b11.0<\/td>\n<td>0.50\u00b10.20<\/td>\n<td>24.80\u00b11.0<\/td>\n<td>0.80\u00b10.20<\/td>\n<td>50<\/td>\n<td>26\uff5e49<\/td>\n<\/tr>\n<\/tbody>\n<\/table>\n<p>&nbsp;<\/p>","protected":false},"excerpt":{"rendered":"<p>Die nicht flammhemmenden transparenten Schrumpfschl\u00e4uche der Serie HD-6 werden aus einem ausgezeichneten Hochpolymer hergestellt. Wenn die Produkte geformt werden, werden sie vernetzt und kontinuierlich mit elektronischem Beschleuniger expandiert. Die Produkte zeichnen sich durch Weichheit, Flammwidrigkeit, schnelle Schrumpfung, helle und dauerhafte Farbe und stabile Leistung aus. Sie finden breite Anwendung in der elektrischen Verbindung, der elektrischen Endbehandlung und dem Schwei\u00dfschutz ohne flammhemmende Anforderungen; dem Oberfl\u00e4chenschutz f\u00fcr Ersatzteile von Karosserieanlagen und Stahlkonstruktionen; dem Handlauf von Landwirtschafts- und Haushaltsmaschinen; dem Oberfl\u00e4chenschutz von Regalen, und der Dekoration und Lampen. Weichheit, Isolierung, schnelle Flexibilit\u00e4t, heller Glanz, bequemer Gebrauch, kann schrumpfen, wenn es mit Ofen oder Hei\u00dfluftpistole erhitzt wird.<\/p>","protected":false},"featured_media":2463,"comment_status":"open","ping_status":"closed","template":"","meta":{"_acf_changed":false},"product_brand":[],"product_cat":[67],"product_tag":[],"class_list":{"0":"post-2460","1":"product","2":"type-product","3":"status-publish","4":"has-post-thumbnail","6":"product_cat-heat-shrinkable-tube","8":"first","9":"instock","10":"shipping-taxable","11":"product-type-simple"},"acf":[],"yoast_head":"<!-- This site is optimized with the Yoast SEO plugin v25.1 - https:\/\/yoast.com\/wordpress\/plugins\/seo\/ -->\n<title>Non Flame Retardant Transparent Heat Shrinkable Tube - HDS Tie<\/title>\n<meta name=\"robots\" content=\"index, follow, max-snippet:-1, max-image-preview:large, max-video-preview:-1\" \/>\n<link rel=\"canonical\" href=\"https:\/\/hds-cabletie.com\/de\/produkt\/non-flame-retardant-transparent-heat-shrinkable-tube\/\" \/>\n<meta property=\"og:locale\" content=\"de_DE\" \/>\n<meta property=\"og:type\" content=\"article\" \/>\n<meta property=\"og:title\" content=\"Non Flame Retardant Transparent Heat Shrinkable Tube - HDS Tie\" \/>\n<meta property=\"og:description\" content=\"HD-6 series non-flame-retardant transparent heat shrinkable tube is made of excellent high polymer. When the products are shaped, they are cross linked and expanded continuously with electronic accelerator. The products are characterized by softness, flame reatardation, fast shrinkage, bright and durable color, and stable performance. They are widely used in the electrical connection, electrical end treatment and welding protection without flame-retardant requirements; the surface protection for spare parts of body-building facilities and steel structrue; handrail of farming and household machinery; surface protection of racks, and the decoration and lamps. Softness, insulation, fast flexibility, bright luster, convenient use, able to shrink when heated with oven or hot air gun.\" \/>\n<meta property=\"og:url\" content=\"https:\/\/hds-cabletie.com\/de\/produkt\/non-flame-retardant-transparent-heat-shrinkable-tube\/\" \/>\n<meta property=\"og:site_name\" content=\"HDS Tie\" \/>\n<meta property=\"article:modified_time\" content=\"2025-09-15T05:50:19+00:00\" \/>\n<meta property=\"og:image\" content=\"https:\/\/hds-cabletie.com\/wp-content\/uploads\/2025\/09\/\u4e3b\u56fe-.webp\" \/>\n\t<meta property=\"og:image:width\" content=\"800\" \/>\n\t<meta property=\"og:image:height\" content=\"800\" \/>\n\t<meta property=\"og:image:type\" content=\"image\/webp\" \/>\n<meta name=\"twitter:card\" content=\"summary_large_image\" \/>\n<meta name=\"twitter:label1\" content=\"Gesch\u00e4tzte Lesezeit\" \/>\n\t<meta name=\"twitter:data1\" content=\"3\u00a0Minuten\" \/>\n<script type=\"application\/ld+json\" class=\"yoast-schema-graph\">{\"@context\":\"https:\/\/schema.org\",\"@graph\":[{\"@type\":\"WebPage\",\"@id\":\"https:\/\/hds-cabletie.com\/uk\/product\/non-flame-retardant-transparent-heat-shrinkable-tube\/\",\"url\":\"https:\/\/hds-cabletie.com\/uk\/product\/non-flame-retardant-transparent-heat-shrinkable-tube\/\",\"name\":\"Non Flame Retardant Transparent Heat Shrinkable Tube - HDS Tie\",\"isPartOf\":{\"@id\":\"https:\/\/hds-cabletie.com\/ar\/#website\"},\"primaryImageOfPage\":{\"@id\":\"https:\/\/hds-cabletie.com\/uk\/product\/non-flame-retardant-transparent-heat-shrinkable-tube\/#primaryimage\"},\"image\":{\"@id\":\"https:\/\/hds-cabletie.com\/uk\/product\/non-flame-retardant-transparent-heat-shrinkable-tube\/#primaryimage\"},\"thumbnailUrl\":\"https:\/\/hds-cabletie.com\/wp-content\/uploads\/2025\/09\/\u4e3b\u56fe-.webp\",\"datePublished\":\"2025-09-15T05:50:05+00:00\",\"dateModified\":\"2025-09-15T05:50:19+00:00\",\"breadcrumb\":{\"@id\":\"https:\/\/hds-cabletie.com\/uk\/product\/non-flame-retardant-transparent-heat-shrinkable-tube\/#breadcrumb\"},\"inLanguage\":\"de\",\"potentialAction\":[{\"@type\":\"ReadAction\",\"target\":[\"https:\/\/hds-cabletie.com\/uk\/product\/non-flame-retardant-transparent-heat-shrinkable-tube\/\"]}]},{\"@type\":\"ImageObject\",\"inLanguage\":\"de\",\"@id\":\"https:\/\/hds-cabletie.com\/uk\/product\/non-flame-retardant-transparent-heat-shrinkable-tube\/#primaryimage\",\"url\":\"https:\/\/hds-cabletie.com\/wp-content\/uploads\/2025\/09\/\u4e3b\u56fe-.webp\",\"contentUrl\":\"https:\/\/hds-cabletie.com\/wp-content\/uploads\/2025\/09\/\u4e3b\u56fe-.webp\",\"width\":800,\"height\":800},{\"@type\":\"BreadcrumbList\",\"@id\":\"https:\/\/hds-cabletie.com\/uk\/product\/non-flame-retardant-transparent-heat-shrinkable-tube\/#breadcrumb\",\"itemListElement\":[{\"@type\":\"ListItem\",\"position\":1,\"name\":\"Home\",\"item\":\"https:\/\/hds-cabletie.com\/\"},{\"@type\":\"ListItem\",\"position\":2,\"name\":\"Products\",\"item\":\"https:\/\/hds-cabletie.com\/de\/products\/\"},{\"@type\":\"ListItem\",\"position\":3,\"name\":\"Non Flame Retardant Transparent Heat Shrinkable Tube\"}]},{\"@type\":\"WebSite\",\"@id\":\"https:\/\/hds-cabletie.com\/ar\/#website\",\"url\":\"https:\/\/hds-cabletie.com\/ar\/\",\"name\":\"HDS Tie\",\"description\":\"\",\"potentialAction\":[{\"@type\":\"SearchAction\",\"target\":{\"@type\":\"EntryPoint\",\"urlTemplate\":\"https:\/\/hds-cabletie.com\/ar\/?s={search_term_string}\"},\"query-input\":{\"@type\":\"PropertyValueSpecification\",\"valueRequired\":true,\"valueName\":\"search_term_string\"}}],\"inLanguage\":\"de\"}]}<\/script>\n<!-- \/ Yoast SEO plugin. -->","yoast_head_json":{"title":"Non Flame Retardant Transparent Heat Shrinkable Tube - HDS Tie","robots":{"index":"index","follow":"follow","max-snippet":"max-snippet:-1","max-image-preview":"max-image-preview:large","max-video-preview":"max-video-preview:-1"},"canonical":"https:\/\/hds-cabletie.com\/de\/produkt\/non-flame-retardant-transparent-heat-shrinkable-tube\/","og_locale":"de_DE","og_type":"article","og_title":"Non Flame Retardant Transparent Heat Shrinkable Tube - HDS Tie","og_description":"HD-6 series non-flame-retardant transparent heat shrinkable tube is made of excellent high polymer. When the products are shaped, they are cross linked and expanded continuously with electronic accelerator. The products are characterized by softness, flame reatardation, fast shrinkage, bright and durable color, and stable performance. They are widely used in the electrical connection, electrical end treatment and welding protection without flame-retardant requirements; the surface protection for spare parts of body-building facilities and steel structrue; handrail of farming and household machinery; surface protection of racks, and the decoration and lamps. Softness, insulation, fast flexibility, bright luster, convenient use, able to shrink when heated with oven or hot air gun.","og_url":"https:\/\/hds-cabletie.com\/de\/produkt\/non-flame-retardant-transparent-heat-shrinkable-tube\/","og_site_name":"HDS Tie","article_modified_time":"2025-09-15T05:50:19+00:00","og_image":[{"width":800,"height":800,"url":"https:\/\/hds-cabletie.com\/wp-content\/uploads\/2025\/09\/\u4e3b\u56fe-.webp","type":"image\/webp"}],"twitter_card":"summary_large_image","twitter_misc":{"Gesch\u00e4tzte Lesezeit":"3\u00a0Minuten"},"schema":{"@context":"https:\/\/schema.org","@graph":[{"@type":"WebPage","@id":"https:\/\/hds-cabletie.com\/uk\/product\/non-flame-retardant-transparent-heat-shrinkable-tube\/","url":"https:\/\/hds-cabletie.com\/uk\/product\/non-flame-retardant-transparent-heat-shrinkable-tube\/","name":"Non Flame Retardant Transparent Heat Shrinkable Tube - HDS Tie","isPartOf":{"@id":"https:\/\/hds-cabletie.com\/ar\/#website"},"primaryImageOfPage":{"@id":"https:\/\/hds-cabletie.com\/uk\/product\/non-flame-retardant-transparent-heat-shrinkable-tube\/#primaryimage"},"image":{"@id":"https:\/\/hds-cabletie.com\/uk\/product\/non-flame-retardant-transparent-heat-shrinkable-tube\/#primaryimage"},"thumbnailUrl":"https:\/\/hds-cabletie.com\/wp-content\/uploads\/2025\/09\/\u4e3b\u56fe-.webp","datePublished":"2025-09-15T05:50:05+00:00","dateModified":"2025-09-15T05:50:19+00:00","breadcrumb":{"@id":"https:\/\/hds-cabletie.com\/uk\/product\/non-flame-retardant-transparent-heat-shrinkable-tube\/#breadcrumb"},"inLanguage":"de","potentialAction":[{"@type":"ReadAction","target":["https:\/\/hds-cabletie.com\/uk\/product\/non-flame-retardant-transparent-heat-shrinkable-tube\/"]}]},{"@type":"ImageObject","inLanguage":"de","@id":"https:\/\/hds-cabletie.com\/uk\/product\/non-flame-retardant-transparent-heat-shrinkable-tube\/#primaryimage","url":"https:\/\/hds-cabletie.com\/wp-content\/uploads\/2025\/09\/\u4e3b\u56fe-.webp","contentUrl":"https:\/\/hds-cabletie.com\/wp-content\/uploads\/2025\/09\/\u4e3b\u56fe-.webp","width":800,"height":800},{"@type":"BreadcrumbList","@id":"https:\/\/hds-cabletie.com\/uk\/product\/non-flame-retardant-transparent-heat-shrinkable-tube\/#breadcrumb","itemListElement":[{"@type":"ListItem","position":1,"name":"Home","item":"https:\/\/hds-cabletie.com\/"},{"@type":"ListItem","position":2,"name":"Products","item":"https:\/\/hds-cabletie.com\/de\/products\/"},{"@type":"ListItem","position":3,"name":"Non Flame Retardant Transparent Heat Shrinkable Tube"}]},{"@type":"WebSite","@id":"https:\/\/hds-cabletie.com\/ar\/#website","url":"https:\/\/hds-cabletie.com\/ar\/","name":"HDS Tie","description":"","potentialAction":[{"@type":"SearchAction","target":{"@type":"EntryPoint","urlTemplate":"https:\/\/hds-cabletie.com\/ar\/?s={search_term_string}"},"query-input":{"@type":"PropertyValueSpecification","valueRequired":true,"valueName":"search_term_string"}}],"inLanguage":"de"}]}},"_links":{"self":[{"href":"https:\/\/hds-cabletie.com\/de\/wp-json\/wp\/v2\/product\/2460","targetHints":{"allow":["GET"]}}],"collection":[{"href":"https:\/\/hds-cabletie.com\/de\/wp-json\/wp\/v2\/product"}],"about":[{"href":"https:\/\/hds-cabletie.com\/de\/wp-json\/wp\/v2\/types\/product"}],"replies":[{"embeddable":true,"href":"https:\/\/hds-cabletie.com\/de\/wp-json\/wp\/v2\/comments?post=2460"}],"wp:featuredmedia":[{"embeddable":true,"href":"https:\/\/hds-cabletie.com\/de\/wp-json\/wp\/v2\/media\/2463"}],"wp:attachment":[{"href":"https:\/\/hds-cabletie.com\/de\/wp-json\/wp\/v2\/media?parent=2460"}],"wp:term":[{"taxonomy":"product_brand","embeddable":true,"href":"https:\/\/hds-cabletie.com\/de\/wp-json\/wp\/v2\/product_brand?post=2460"},{"taxonomy":"product_cat","embeddable":true,"href":"https:\/\/hds-cabletie.com\/de\/wp-json\/wp\/v2\/product_cat?post=2460"},{"taxonomy":"product_tag","embeddable":true,"href":"https:\/\/hds-cabletie.com\/de\/wp-json\/wp\/v2\/product_tag?post=2460"}],"curies":[{"name":"wp","href":"https:\/\/api.w.org\/{rel}","templated":true}]}}