{"id":2454,"date":"2025-09-15T05:46:16","date_gmt":"2025-09-15T05:46:16","guid":{"rendered":"https:\/\/hds-cabletie.com\/?post_type=product&#038;p=2454"},"modified":"2025-09-15T05:46:17","modified_gmt":"2025-09-15T05:46:17","slug":"double-wall-heat-shrinkable-tube","status":"publish","type":"product","link":"https:\/\/hds-cabletie.com\/de\/produkt\/double-wall-heat-shrinkable-tube\/","title":{"rendered":"Doppelwandiger W\u00e4rmeschrumpfschlauch"},"content":{"rendered":"<h2><strong>Merkmale und Anwendung\u00a0<\/strong><\/h2>\n<p>Die Serie HD-4 ist eine halbleitende, thermisch schrumpfende Muffe, die innen mit einer Schicht aus Thermosol beschichtet ist, wobei die \u00e4u\u00dfere Schicht aus strahlenvernetztem Polyethylen und die innere Schicht aus einer speziell entwickelten klebenden Innenwand besteht. Wenn sie erhitzt wird, schrumpft das innere Thermosol auf die \u00e4u\u00dfere Wand und f\u00fcllt den Zwischenraum aus. Wenn sie abgek\u00fchlt wird, ist die Dicke der doppelten W\u00e4nde sehr gleichm\u00e4\u00dfig und fest. Sie ist weit verbreitet f\u00fcr die Wasser- und Luftdichtheit der Verdrahtung f\u00fcr elektronische Ger\u00e4te, die Abdichtung von Verdrahtungszweigen, den Schutz von Metalldr\u00e4hten und die Abhilfe von Dr\u00e4hten und Kabeln, sie kann verhindern, dass sich die Polymerketten lockern und faIlen, wie z.B. Pool-Lampen, Auto-Pipelines und fortgeschrittene Leitungen.<\/p>\n<p>Merkmale:<\/p>\n<p>Anwendung:-40\u2103\uff5e50\u2103;<\/p>\n<p>Anf\u00e4ngliche Schrumpftemperatur:70\u2103;<\/p>\n<p>Volle Schrumpfungstemperatur:125\u2103;<\/p>\n<p>Schmelztemperatur der inneren Klebstoffschicht: 70\u2103\uff5e80\u2103;<\/p>\n<p>Schrumpfung Verh\u00e4ltnis: 3:1 (Die gr\u00f6\u00dfere Vergr\u00f6\u00dferung Schrumpfung kann nach Kundenwunsch zur Verf\u00fcgung gestellt werden.) Siegel, wasserdicht, starke Flexibilit\u00e4t. bequem in der Lage zu schrumpfen, wenn mit Ofen oder Hei\u00dfluftpistole erhitzt; p\u00fcnktliche Lieferung und Lieferung; und gro\u00dfe Produktion.<\/p>\n<p><strong>Farbe standard:Schwarz(Andere Farben sind auf die Kunden<\/strong><strong>'<\/strong><strong>\u00a0<\/strong><strong>Bed\u00fcrfnisse).<\/strong><\/p>\n<table>\n<tbody>\n<tr>\n<td colspan=\"2\">Spezifikation<\/td>\n<td colspan=\"2\">Abmessung vor dem Schrumpfen (mm)<\/td>\n<td colspan=\"2\">Abmessungen nach dem Schrumpfen (mm)<\/td>\n<td rowspan=\"2\">Standard-Verpackung<\/td>\n<td rowspan=\"2\">&nbsp;<\/p>\n<p>Anmeldung<\/p>\n<p>(mm)<\/p>\n<p>&nbsp;<\/td>\n<\/tr>\n<tr>\n<td>mm<\/td>\n<td>Zoll<\/td>\n<td>Innendurchmesser<\/td>\n<td>Wandst\u00e4rke<\/td>\n<td>Wandst\u00e4rke<\/td>\n<td>Innendurchmesser<\/td>\n<\/tr>\n<tr>\n<td>\u03a62.4<\/td>\n<td>3\/32<\/td>\n<td>2.7\u00b10.5<\/td>\n<td>0.7\u00b10.15<\/td>\n<td>0.30\u00b10.10<\/td>\n<td>0.8<\/td>\n<td>100(m\/Scheibe)<\/td>\n<td>0.9\uff5e2.2<\/td>\n<\/tr>\n<tr>\n<td>\u03a63.2<\/td>\n<td>1\/8<\/td>\n<td>3.2\u00b10.5<\/td>\n<td>0.9\u00b10.15<\/td>\n<td>0.35\u00b10.10<\/td>\n<td>1.0<\/td>\n<td>100(m\/Scheibe)<\/td>\n<td>1.2\uff5e3.1<\/td>\n<\/tr>\n<tr>\n<td>\u03a64.8<\/td>\n<td>3\/16<\/td>\n<td>4.8\u00b10.5<\/td>\n<td>1.0\u00b10.15<\/td>\n<td>0.40\u00b10.10<\/td>\n<td>1.6<\/td>\n<td>100(m\/Scheibe)<\/td>\n<td>1.8\uff5e4.6<\/td>\n<\/tr>\n<tr>\n<td>\u03a66.4<\/td>\n<td>1\/4<\/td>\n<td>6.4\u00b10.5<\/td>\n<td>1.2\u00b10.15<\/td>\n<td>0.45\u00b10.12<\/td>\n<td>2.2<\/td>\n<td>100(m\/Scheibe)<\/td>\n<td>2.4\uff5e6.4<\/td>\n<\/tr>\n<tr>\n<td>\u03a67.9<\/td>\n<td>5\/16<\/td>\n<td>8.0\u00b10.5<\/td>\n<td>1.3\u00b10.15<\/td>\n<td>0.50\u00b10.12<\/td>\n<td>2.7<\/td>\n<td>100(m\/Scheibe)<\/td>\n<td>2.9\uff5e7.7<\/td>\n<\/tr>\n<tr>\n<td>\u03a69.5<\/td>\n<td>3\/8<\/td>\n<td>9.6\u00b10.5<\/td>\n<td>1.4\u00b10.15<\/td>\n<td>0.50\u00b10.12<\/td>\n<td>3.2<\/td>\n<td>1,22(m\/sec)<\/td>\n<td>3.4\uff5e9.4<\/td>\n<\/tr>\n<tr>\n<td>\u03a612.7<\/td>\n<td>1\/2<\/td>\n<td>12.8\u00b10.8<\/td>\n<td>1.6\u00b10.20<\/td>\n<td>0.50\u00b10.12<\/td>\n<td>4.2<\/td>\n<td>1,22(m\/sec)<\/td>\n<td>4.4\uff5e12.5<\/td>\n<\/tr>\n<tr>\n<td>\u03a615<\/td>\n<td>5\/8<\/td>\n<td>15.0\u00b10.8<\/td>\n<td>0.8\u00b10.20<\/td>\n<td>0.50\u00b10.12<\/td>\n<td>5.2<\/td>\n<td>1,22(m\/sec)<\/td>\n<td>5.4\uff5e14.8<\/td>\n<\/tr>\n<tr>\n<td>\u03a619.1<\/td>\n<td>3\/4<\/td>\n<td>19.6\u00b10.8<\/td>\n<td>2.0\u00b10.20<\/td>\n<td>0.50\u00b10.12<\/td>\n<td>6.3<\/td>\n<td>1,22(m\/sec)<\/td>\n<td>6.5\uff5e18.8<\/td>\n<\/tr>\n<tr>\n<td>\u03a625.4<\/td>\n<td>1<\/td>\n<td>25.4\u00b10.8<\/td>\n<td>2.1\u00b10.20<\/td>\n<td>0.50\u00b10.12<\/td>\n<td>8.5<\/td>\n<td>1,22(m\/sec)<\/td>\n<td>8.8\uff5e25<\/td>\n<\/tr>\n<tr>\n<td>\u03a630<\/td>\n<td>5\/4<\/td>\n<td>30.5\u00b10.8<\/td>\n<td>2.2\u00b10.20<\/td>\n<td>0.60\u00b10.15<\/td>\n<td>10.2<\/td>\n<td>1,22(m\/sec)<\/td>\n<td>10.5\uff5e30<\/td>\n<\/tr>\n<tr>\n<td>\u03a639<\/td>\n<td>3\/2<\/td>\n<td>39.8\u00b10.8<\/td>\n<td>2.4\u00b10.20<\/td>\n<td>0.60\u00b10.15<\/td>\n<td>13.5<\/td>\n<td>1,22(m\/sec)<\/td>\n<td>14\uff5e9<\/td>\n<\/tr>\n<tr>\n<td>\u03a650<\/td>\n<td>2<\/td>\n<td>50\u00b10.8<\/td>\n<td>2.7\u00b10.25<\/td>\n<td>0.70\u00b10.15<\/td>\n<td>17.0<\/td>\n<td>1,22(m\/sec)<\/td>\n<td>17.5\uff5e49<\/td>\n<\/tr>\n<tr>\n<td>\u03a664<\/td>\n<td>5\/2<\/td>\n<td>\u226564<\/td>\n<td>3.0\u00b10.25<\/td>\n<td>0.70\u00b10.15<\/td>\n<td>21.0<\/td>\n<td>1,22(m\/sec)<\/td>\n<td>22\uff5e62<\/td>\n<\/tr>\n<tr>\n<td>\u03a675<\/td>\n<td>3<\/td>\n<td>\u226575<\/td>\n<td>3.0\u00b10.30<\/td>\n<td>1.00\u00b10.20<\/td>\n<td>25.0<\/td>\n<td>1,22(m\/sec)<\/td>\n<td>26\uff5e72<\/td>\n<\/tr>\n<tr>\n<td>\u03a690<\/td>\n<td>7\/2<\/td>\n<td>\u226590<\/td>\n<td>3.0\u00b10.30<\/td>\n<td>1.00\u00b10.20<\/td>\n<td>30.0<\/td>\n<td>1,22(m\/sec)<\/td>\n<td>32\uff5e88<\/td>\n<\/tr>\n<tr>\n<td>\u03a6100<\/td>\n<td>4<\/td>\n<td>\u2265100<\/td>\n<td>3.0\u00b10.30<\/td>\n<td>1.00\u00b10.20<\/td>\n<td>34.0<\/td>\n<td>1,22(m\/sec)<\/td>\n<td>36\uff5e90<\/td>\n<\/tr>\n<tr>\n<td>\u03a6125<\/td>\n<td>5<\/td>\n<td>\u2265125<\/td>\n<td>3.0\u00b10.30<\/td>\n<td>1.00\u00b10.20<\/td>\n<td>42.0<\/td>\n<td>1,22(m\/sec)<\/td>\n<td>44\uff5e125<\/td>\n<\/tr>\n<\/tbody>\n<\/table>\n<p>&nbsp;<\/p>","protected":false},"excerpt":{"rendered":"<p>Anwendung:-40\u2103\uff5e50\u2103;<\/p>\n<p>Anf\u00e4ngliche Schrumpftemperatur:70\u2103;<\/p>\n<p>Volle Schrumpfungstemperatur:125\u2103;<\/p>\n<p>Schmelztemperatur der inneren Klebstoffschicht: 70\u2103\uff5e80\u2103;<\/p>","protected":false},"featured_media":2456,"comment_status":"open","ping_status":"closed","template":"","meta":{"_acf_changed":false},"product_brand":[],"product_cat":[67],"product_tag":[],"class_list":{"0":"post-2454","1":"product","2":"type-product","3":"status-publish","4":"has-post-thumbnail","6":"product_cat-heat-shrinkable-tube","8":"first","9":"instock","10":"shipping-taxable","11":"product-type-simple"},"acf":[],"yoast_head":"<!-- This site is optimized with the Yoast SEO plugin v25.1 - https:\/\/yoast.com\/wordpress\/plugins\/seo\/ -->\n<title>Double Wall Heat Shrinkable Tube - HDS Tie<\/title>\n<meta name=\"robots\" content=\"index, follow, max-snippet:-1, max-image-preview:large, max-video-preview:-1\" \/>\n<link rel=\"canonical\" href=\"https:\/\/aliceblue-chamois-108160.hostingersite.com\/id\/produk\/double-wall-heat-shrinkable-tube\/\" \/>\n<meta property=\"og:locale\" content=\"de_DE\" \/>\n<meta property=\"og:type\" content=\"article\" \/>\n<meta property=\"og:title\" content=\"Double Wall Heat Shrinkable Tube - HDS Tie\" \/>\n<meta property=\"og:description\" content=\"Application:-40\u2103\uff5e50\u2103;  Initial shrinking temperature:70\u2103;  Full shrinking temperature:125\u2103;  Melting temperature of internal adhesive layer:70\u2103\uff5e80\u2103;\" \/>\n<meta property=\"og:url\" content=\"https:\/\/aliceblue-chamois-108160.hostingersite.com\/id\/produk\/double-wall-heat-shrinkable-tube\/\" \/>\n<meta property=\"og:site_name\" content=\"HDS Tie\" \/>\n<meta property=\"article:modified_time\" content=\"2025-09-15T05:46:17+00:00\" \/>\n<meta property=\"og:image\" content=\"https:\/\/aliceblue-chamois-108160.hostingersite.com\/wp-content\/uploads\/2025\/09\/HD-4-Series-double-wall-thermal-shrinkable-bushing.webp\" \/>\n\t<meta property=\"og:image:width\" content=\"610\" \/>\n\t<meta property=\"og:image:height\" content=\"639\" \/>\n\t<meta property=\"og:image:type\" content=\"image\/webp\" \/>\n<meta name=\"twitter:card\" content=\"summary_large_image\" \/>\n<meta name=\"twitter:label1\" content=\"Gesch\u00e4tzte Lesezeit\" \/>\n\t<meta name=\"twitter:data1\" content=\"2\u00a0Minuten\" \/>\n<script type=\"application\/ld+json\" class=\"yoast-schema-graph\">{\"@context\":\"https:\/\/schema.org\",\"@graph\":[{\"@type\":\"WebPage\",\"@id\":\"https:\/\/aliceblue-chamois-108160.hostingersite.com\/id\/produk\/double-wall-heat-shrinkable-tube\/\",\"url\":\"https:\/\/aliceblue-chamois-108160.hostingersite.com\/id\/produk\/double-wall-heat-shrinkable-tube\/\",\"name\":\"Double Wall Heat Shrinkable Tube - HDS Tie\",\"isPartOf\":{\"@id\":\"https:\/\/hds-cabletie.com\/ar\/#website\"},\"primaryImageOfPage\":{\"@id\":\"https:\/\/aliceblue-chamois-108160.hostingersite.com\/id\/produk\/double-wall-heat-shrinkable-tube\/#primaryimage\"},\"image\":{\"@id\":\"https:\/\/aliceblue-chamois-108160.hostingersite.com\/id\/produk\/double-wall-heat-shrinkable-tube\/#primaryimage\"},\"thumbnailUrl\":\"https:\/\/hds-cabletie.com\/wp-content\/uploads\/2025\/09\/HD-4-Series-double-wall-thermal-shrinkable-bushing.webp\",\"datePublished\":\"2025-09-15T05:46:16+00:00\",\"dateModified\":\"2025-09-15T05:46:17+00:00\",\"breadcrumb\":{\"@id\":\"https:\/\/aliceblue-chamois-108160.hostingersite.com\/id\/produk\/double-wall-heat-shrinkable-tube\/#breadcrumb\"},\"inLanguage\":\"de\",\"potentialAction\":[{\"@type\":\"ReadAction\",\"target\":[\"https:\/\/aliceblue-chamois-108160.hostingersite.com\/id\/produk\/double-wall-heat-shrinkable-tube\/\"]}]},{\"@type\":\"ImageObject\",\"inLanguage\":\"de\",\"@id\":\"https:\/\/aliceblue-chamois-108160.hostingersite.com\/id\/produk\/double-wall-heat-shrinkable-tube\/#primaryimage\",\"url\":\"https:\/\/hds-cabletie.com\/wp-content\/uploads\/2025\/09\/HD-4-Series-double-wall-thermal-shrinkable-bushing.webp\",\"contentUrl\":\"https:\/\/hds-cabletie.com\/wp-content\/uploads\/2025\/09\/HD-4-Series-double-wall-thermal-shrinkable-bushing.webp\",\"width\":610,\"height\":639},{\"@type\":\"BreadcrumbList\",\"@id\":\"https:\/\/aliceblue-chamois-108160.hostingersite.com\/id\/produk\/double-wall-heat-shrinkable-tube\/#breadcrumb\",\"itemListElement\":[{\"@type\":\"ListItem\",\"position\":1,\"name\":\"Home\",\"item\":\"https:\/\/hds-cabletie.com\/\"},{\"@type\":\"ListItem\",\"position\":2,\"name\":\"Products\",\"item\":\"https:\/\/hds-cabletie.com\/de\/products\/\"},{\"@type\":\"ListItem\",\"position\":3,\"name\":\"Double Wall Heat Shrinkable Tube\"}]},{\"@type\":\"WebSite\",\"@id\":\"https:\/\/hds-cabletie.com\/ar\/#website\",\"url\":\"https:\/\/hds-cabletie.com\/ar\/\",\"name\":\"HDS Tie\",\"description\":\"\",\"potentialAction\":[{\"@type\":\"SearchAction\",\"target\":{\"@type\":\"EntryPoint\",\"urlTemplate\":\"https:\/\/hds-cabletie.com\/ar\/?s={search_term_string}\"},\"query-input\":{\"@type\":\"PropertyValueSpecification\",\"valueRequired\":true,\"valueName\":\"search_term_string\"}}],\"inLanguage\":\"de\"}]}<\/script>\n<!-- \/ Yoast SEO plugin. -->","yoast_head_json":{"title":"Double Wall Heat Shrinkable Tube - HDS Tie","robots":{"index":"index","follow":"follow","max-snippet":"max-snippet:-1","max-image-preview":"max-image-preview:large","max-video-preview":"max-video-preview:-1"},"canonical":"https:\/\/aliceblue-chamois-108160.hostingersite.com\/id\/produk\/double-wall-heat-shrinkable-tube\/","og_locale":"de_DE","og_type":"article","og_title":"Double Wall Heat Shrinkable Tube - HDS Tie","og_description":"Application:-40\u2103\uff5e50\u2103;  Initial shrinking temperature:70\u2103;  Full shrinking temperature:125\u2103;  Melting temperature of internal adhesive layer:70\u2103\uff5e80\u2103;","og_url":"https:\/\/aliceblue-chamois-108160.hostingersite.com\/id\/produk\/double-wall-heat-shrinkable-tube\/","og_site_name":"HDS Tie","article_modified_time":"2025-09-15T05:46:17+00:00","og_image":[{"width":610,"height":639,"url":"https:\/\/aliceblue-chamois-108160.hostingersite.com\/wp-content\/uploads\/2025\/09\/HD-4-Series-double-wall-thermal-shrinkable-bushing.webp","type":"image\/webp"}],"twitter_card":"summary_large_image","twitter_misc":{"Gesch\u00e4tzte Lesezeit":"2\u00a0Minuten"},"schema":{"@context":"https:\/\/schema.org","@graph":[{"@type":"WebPage","@id":"https:\/\/aliceblue-chamois-108160.hostingersite.com\/id\/produk\/double-wall-heat-shrinkable-tube\/","url":"https:\/\/aliceblue-chamois-108160.hostingersite.com\/id\/produk\/double-wall-heat-shrinkable-tube\/","name":"Double Wall Heat Shrinkable Tube - HDS Tie","isPartOf":{"@id":"https:\/\/hds-cabletie.com\/ar\/#website"},"primaryImageOfPage":{"@id":"https:\/\/aliceblue-chamois-108160.hostingersite.com\/id\/produk\/double-wall-heat-shrinkable-tube\/#primaryimage"},"image":{"@id":"https:\/\/aliceblue-chamois-108160.hostingersite.com\/id\/produk\/double-wall-heat-shrinkable-tube\/#primaryimage"},"thumbnailUrl":"https:\/\/hds-cabletie.com\/wp-content\/uploads\/2025\/09\/HD-4-Series-double-wall-thermal-shrinkable-bushing.webp","datePublished":"2025-09-15T05:46:16+00:00","dateModified":"2025-09-15T05:46:17+00:00","breadcrumb":{"@id":"https:\/\/aliceblue-chamois-108160.hostingersite.com\/id\/produk\/double-wall-heat-shrinkable-tube\/#breadcrumb"},"inLanguage":"de","potentialAction":[{"@type":"ReadAction","target":["https:\/\/aliceblue-chamois-108160.hostingersite.com\/id\/produk\/double-wall-heat-shrinkable-tube\/"]}]},{"@type":"ImageObject","inLanguage":"de","@id":"https:\/\/aliceblue-chamois-108160.hostingersite.com\/id\/produk\/double-wall-heat-shrinkable-tube\/#primaryimage","url":"https:\/\/hds-cabletie.com\/wp-content\/uploads\/2025\/09\/HD-4-Series-double-wall-thermal-shrinkable-bushing.webp","contentUrl":"https:\/\/hds-cabletie.com\/wp-content\/uploads\/2025\/09\/HD-4-Series-double-wall-thermal-shrinkable-bushing.webp","width":610,"height":639},{"@type":"BreadcrumbList","@id":"https:\/\/aliceblue-chamois-108160.hostingersite.com\/id\/produk\/double-wall-heat-shrinkable-tube\/#breadcrumb","itemListElement":[{"@type":"ListItem","position":1,"name":"Home","item":"https:\/\/hds-cabletie.com\/"},{"@type":"ListItem","position":2,"name":"Products","item":"https:\/\/hds-cabletie.com\/de\/products\/"},{"@type":"ListItem","position":3,"name":"Double Wall Heat Shrinkable Tube"}]},{"@type":"WebSite","@id":"https:\/\/hds-cabletie.com\/ar\/#website","url":"https:\/\/hds-cabletie.com\/ar\/","name":"HDS Tie","description":"","potentialAction":[{"@type":"SearchAction","target":{"@type":"EntryPoint","urlTemplate":"https:\/\/hds-cabletie.com\/ar\/?s={search_term_string}"},"query-input":{"@type":"PropertyValueSpecification","valueRequired":true,"valueName":"search_term_string"}}],"inLanguage":"de"}]}},"_links":{"self":[{"href":"https:\/\/hds-cabletie.com\/de\/wp-json\/wp\/v2\/product\/2454","targetHints":{"allow":["GET"]}}],"collection":[{"href":"https:\/\/hds-cabletie.com\/de\/wp-json\/wp\/v2\/product"}],"about":[{"href":"https:\/\/hds-cabletie.com\/de\/wp-json\/wp\/v2\/types\/product"}],"replies":[{"embeddable":true,"href":"https:\/\/hds-cabletie.com\/de\/wp-json\/wp\/v2\/comments?post=2454"}],"wp:featuredmedia":[{"embeddable":true,"href":"https:\/\/hds-cabletie.com\/de\/wp-json\/wp\/v2\/media\/2456"}],"wp:attachment":[{"href":"https:\/\/hds-cabletie.com\/de\/wp-json\/wp\/v2\/media?parent=2454"}],"wp:term":[{"taxonomy":"product_brand","embeddable":true,"href":"https:\/\/hds-cabletie.com\/de\/wp-json\/wp\/v2\/product_brand?post=2454"},{"taxonomy":"product_cat","embeddable":true,"href":"https:\/\/hds-cabletie.com\/de\/wp-json\/wp\/v2\/product_cat?post=2454"},{"taxonomy":"product_tag","embeddable":true,"href":"https:\/\/hds-cabletie.com\/de\/wp-json\/wp\/v2\/product_tag?post=2454"}],"curies":[{"name":"wp","href":"https:\/\/api.w.org\/{rel}","templated":true}]}}