{"id":2442,"date":"2025-10-17T08:03:24","date_gmt":"2025-10-17T08:03:24","guid":{"rendered":"https:\/\/hds-cabletie.com\/?post_type=product&#038;p=2442"},"modified":"2025-10-20T01:30:50","modified_gmt":"2025-10-20T01:30:50","slug":"non-halogen-flame-retardant-heat-shrinkable-tube","status":"publish","type":"product","link":"https:\/\/hds-cabletie.com\/de\/produkt\/non-halogen-flame-retardant-heat-shrinkable-tube\/","title":{"rendered":"Nicht-halogener flammhemmender Schrumpfschlauch"},"content":{"rendered":"<h2><strong><b>Merkmale<\/b><\/strong><\/h2>\n<p><strong><b>1. das Material:<\/b><\/strong>\u00a0Polyolefin<\/p>\n<p><strong><b>2.Farbe: <\/b><\/strong>Schwarz, rot, blau, wei\u00df, gelb, gr\u00fcn und transparent, andere Farben k\u00f6nnen angepasst werden<\/p>\n<p><strong>3.Verwendung: <\/strong>Weit verbreitet in der Drahtverbindung Schwei\u00dfschutz Drahtmarkierung der Isolationsschutz von Widerstand und Kondensator der Korrosionsschutz von Metall bar oder Rohre und die Antenne Schutz.<\/p>\n<p><strong><b>4.Zertifizierung: <\/b><\/strong>UL,CE,ROHS,SGS Pr\u00fcfbericht.<\/p>\n<p><strong><b>5. verf\u00fcgbare Durchmesser:<\/b><\/strong>\u00a0von \u00d82mm bis \u00d8180mm<\/p>\n<p><strong><b>6. schrumpfendes Verh\u00e4ltnis: <\/b><\/strong>2:1<\/p>\n<p><strong><b>7. anf\u00e4ngliche Schrumpftemperatur: <\/b><\/strong>70\u2103.<\/p>\n<p><strong><b>8. volle Schrumpftemperatur: <\/b><\/strong>125\u2103.<\/p>\n<p><strong><b>9. die Nennspannung:<\/b><\/strong>\u00a0600V<\/p>\n<p><strong><b>10. Sicherheitsstandard:<\/b><\/strong>\u00a0FT2, RoHS<\/p>\n<p><strong><b>11.<\/b><\/strong><strong><b>D<\/b><\/strong><strong>Zustellungszeit:<\/strong>\u00a0In 7 -25 Tagen nach Erhalt, je nach Bestellmenge.<\/p>\n<p><strong><b>12.<\/b><\/strong><strong><b>Zahlungsbedingungen: <\/b><\/strong>T\/T, L\/C, Western Union, PayPal.<\/p>\n<h2><strong><b>Zur \u00dcberpr\u00fcfung unserer Qualit\u00e4t k\u00f6nnen wir Ihnen Muster zusenden!<\/b><\/strong><\/h2>\n<table>\n<tbody>\n<tr>\n<td rowspan=\"2\" width=\"114\">Spezifikation<\/td>\n<td colspan=\"2\" width=\"304\">Abmessung vor dem Schrumpfen (mm)<\/td>\n<td colspan=\"2\" width=\"215\">Abmessungen nach dem Schrumpfen (mm)<\/td>\n<td rowspan=\"2\" width=\"261\">&nbsp;<\/p>\n<p>Standard-Verpackung<\/p>\n<p>(m\/disk)<\/p>\n<p>&nbsp;<\/td>\n<td rowspan=\"2\">&nbsp;<\/p>\n<p>Anmeldung<\/p>\n<p>(mm)<\/p>\n<p>&nbsp;<\/td>\n<\/tr>\n<tr>\n<td width=\"151\">Innendurchmesser<\/td>\n<td width=\"153\">Wandst\u00e4rke<\/td>\n<td width=\"101\">Innendurchmesser<\/td>\n<td width=\"113\">Wandst\u00e4rke<\/td>\n<\/tr>\n<tr>\n<td width=\"114\">\u03a62.0<\/td>\n<td width=\"151\">2.2\u00b10.3<\/td>\n<td width=\"153\">0.25\u00b10.05<\/td>\n<td width=\"101\">0.98\u00b10.1<\/td>\n<td width=\"113\">0.32\u00b10.05<\/td>\n<td width=\"261\">200<\/td>\n<td>1.1\uff5e1.8<\/td>\n<\/tr>\n<tr>\n<td width=\"114\">\u03a62.5<\/td>\n<td width=\"151\">2.6\u00b10.3<\/td>\n<td width=\"153\">0.25\u00b10.05<\/td>\n<td width=\"101\">1.23\u00b10.2<\/td>\n<td width=\"113\">0.35\u00b10.05<\/td>\n<td width=\"261\">200<\/td>\n<td>1.35\uff5e2.3<\/td>\n<\/tr>\n<tr>\n<td width=\"114\">\u03a63.0<\/td>\n<td width=\"151\">3.2\u00b10.4<\/td>\n<td width=\"153\">0.25\u00b10.05<\/td>\n<td width=\"101\">1.45\u00b10.2<\/td>\n<td width=\"113\">0.35\u00b10.05<\/td>\n<td width=\"261\">200<\/td>\n<td>1.6\uff5e2.7<\/td>\n<\/tr>\n<tr>\n<td width=\"114\">\u03a63.5<\/td>\n<td width=\"151\">3.6\u00b10.4<\/td>\n<td width=\"153\">0.25\u00b10.05<\/td>\n<td width=\"101\">1.72\u00b10.2<\/td>\n<td width=\"113\">0.35\u00b10.05<\/td>\n<td width=\"261\">200<\/td>\n<td>1.85\uff5e3.2<\/td>\n<\/tr>\n<tr>\n<td width=\"114\">\u03a64.0<\/td>\n<td width=\"151\">4.2\u00b10.4<\/td>\n<td width=\"153\">0.25\u00b10.05<\/td>\n<td width=\"101\">1.96\u00b10.2<\/td>\n<td width=\"113\">0.35\u00b10.05<\/td>\n<td width=\"261\">200<\/td>\n<td>2.1\uff5e3.6<\/td>\n<\/tr>\n<tr>\n<td width=\"114\">\u03a64.5<\/td>\n<td width=\"151\">4.6\u00b10.4<\/td>\n<td width=\"153\">0.25\u00b10.05<\/td>\n<td width=\"101\">2.20\u00b10.2<\/td>\n<td width=\"113\">0.35\u00b10.05<\/td>\n<td width=\"261\">200<\/td>\n<td>2.35\uff5e4.0<\/td>\n<\/tr>\n<tr>\n<td width=\"114\">\u03a65.0<\/td>\n<td width=\"151\">5.2\u00b10.4<\/td>\n<td width=\"153\">0.25\u00b10.05<\/td>\n<td width=\"101\">2.48\u00b10.2<\/td>\n<td width=\"113\">0.35\u00b10.05<\/td>\n<td width=\"261\">200<\/td>\n<td>2.6\uff5e4.5<\/td>\n<\/tr>\n<tr>\n<td width=\"114\">\u03a66.0<\/td>\n<td width=\"151\">6.2\u00b10.4<\/td>\n<td width=\"153\">0.28\u00b10.15<\/td>\n<td width=\"101\">2.96\u00b10.3<\/td>\n<td width=\"113\">0.45\u00b10.15<\/td>\n<td width=\"261\">200<\/td>\n<td>3.1\uff5e5.4<\/td>\n<\/tr>\n<tr>\n<td width=\"114\">\u03a67.0<\/td>\n<td width=\"151\">7.2\u00b10.4<\/td>\n<td width=\"153\">0.28\u00b10.15<\/td>\n<td width=\"101\">3.48\u00b10.3<\/td>\n<td width=\"113\">0.45\u00b10.15<\/td>\n<td width=\"261\">100<\/td>\n<td>3.7\uff5e3<\/td>\n<\/tr>\n<tr>\n<td width=\"114\">\u03a68.0<\/td>\n<td width=\"151\">8.2\u00b10.5<\/td>\n<td width=\"153\">0.28\u00b10.15<\/td>\n<td width=\"101\">3.95\u00b10.3<\/td>\n<td width=\"113\">0.45\u00b10.15<\/td>\n<td width=\"261\">100<\/td>\n<td>4.2\uff5e7.2<\/td>\n<\/tr>\n<tr>\n<td width=\"114\">\u03a69.0<\/td>\n<td width=\"151\">9.2\u00b10.5<\/td>\n<td width=\"153\">0.30\u00b10.15<\/td>\n<td width=\"101\">4.40\u00b10.3<\/td>\n<td width=\"113\">0.50\u00b10.15<\/td>\n<td width=\"261\">100<\/td>\n<td>4.7\uff5e8.0<\/td>\n<\/tr>\n<tr>\n<td width=\"114\">\u03a610<\/td>\n<td width=\"151\">10.2\u00b10.5<\/td>\n<td width=\"153\">0.30\u00b10.15<\/td>\n<td width=\"101\">4.90\u00b10.3<\/td>\n<td width=\"113\">0.50\u00b10.15<\/td>\n<td width=\"261\">100<\/td>\n<td>5.2\uff5e9.0<\/td>\n<\/tr>\n<tr>\n<td width=\"114\">\u03a611<\/td>\n<td width=\"151\">11.2\u00b10.5<\/td>\n<td width=\"153\">0.30\u00b10.15<\/td>\n<td width=\"101\">5.40\u00b10.3<\/td>\n<td width=\"113\">0.50\u00b10.15<\/td>\n<td width=\"261\">100<\/td>\n<td>5.7\uff5e10<\/td>\n<\/tr>\n<tr>\n<td width=\"114\">\u03a612<\/td>\n<td width=\"151\">12.2\u00b10.5<\/td>\n<td width=\"153\">0.30\u00b10.15<\/td>\n<td width=\"101\">5.90\u00b10.5<\/td>\n<td width=\"113\">0.50\u00b10.15<\/td>\n<td width=\"261\">100<\/td>\n<td>6.2\uff5e11<\/td>\n<\/tr>\n<tr>\n<td width=\"114\">\u03a613<\/td>\n<td width=\"151\">13.2\u00b10.5<\/td>\n<td width=\"153\">0.33\u00b10.15<\/td>\n<td width=\"101\">6.40\u00b10.5<\/td>\n<td width=\"113\">0.50\u00b10.15<\/td>\n<td width=\"261\">100<\/td>\n<td>6.7\uff5e12<\/td>\n<\/tr>\n<tr>\n<td width=\"114\">\u03a614<\/td>\n<td width=\"151\">14.2\u00b10.5<\/td>\n<td width=\"153\">0.35\u00b10.15<\/td>\n<td width=\"101\">6.90\u00b10.5<\/td>\n<td width=\"113\">0.50\u00b10.15<\/td>\n<td width=\"261\">100<\/td>\n<td>7.3\uff5e13<\/td>\n<\/tr>\n<tr>\n<td width=\"114\">\u03a615<\/td>\n<td width=\"151\">15.2\u00b10.6<\/td>\n<td width=\"153\">0.38\u00b10.15<\/td>\n<td width=\"101\">7.40\u00b10.5<\/td>\n<td width=\"113\">0.60\u00b10.15<\/td>\n<td width=\"261\">100<\/td>\n<td>7.8\uff5e14<\/td>\n<\/tr>\n<tr>\n<td width=\"114\">\u03a616<\/td>\n<td width=\"151\">16.2\u00b10.6<\/td>\n<td width=\"153\">0.38\u00b10.15<\/td>\n<td width=\"101\">7.90\u00b10.5<\/td>\n<td width=\"113\">0.60\u00b10.15<\/td>\n<td width=\"261\">100<\/td>\n<td>8.3\uff5e15<\/td>\n<\/tr>\n<tr>\n<td width=\"114\">\u03a617<\/td>\n<td width=\"151\">17.2\u00b10.6<\/td>\n<td width=\"153\">0.38\u00b10.15<\/td>\n<td width=\"101\">8.40\u00b10.5<\/td>\n<td width=\"113\">0.60\u00b10.15<\/td>\n<td width=\"261\">100<\/td>\n<td>8.8\uff5e16<\/td>\n<\/tr>\n<tr>\n<td width=\"114\">\u03a618<\/td>\n<td width=\"151\">18.2\u00b10.6<\/td>\n<td width=\"153\">0.40\u00b10.15<\/td>\n<td width=\"101\">8.90\u00b10.5<\/td>\n<td width=\"113\">0.60\u00b10.15<\/td>\n<td width=\"261\">100<\/td>\n<td>9.3\uff5e17<\/td>\n<\/tr>\n<tr>\n<td width=\"114\">\u03a620<\/td>\n<td width=\"151\">20.2\u00b10.8<\/td>\n<td width=\"153\">0.40\u00b10.20<\/td>\n<td width=\"101\">9.90\u00b10.5<\/td>\n<td width=\"113\">0.70\u00b10.20<\/td>\n<td width=\"261\">100<\/td>\n<td>11.4\uff5e19<\/td>\n<\/tr>\n<tr>\n<td width=\"114\">\u03a622<\/td>\n<td width=\"151\">22.2\u00b10.8<\/td>\n<td width=\"153\">0.42\u00b10.20<\/td>\n<td width=\"101\">10.80\u00b11.0<\/td>\n<td width=\"113\">0.70\u00b10.20<\/td>\n<td width=\"261\">100<\/td>\n<td>12.4\uff5e21<\/td>\n<\/tr>\n<tr>\n<td width=\"114\">\u03a625<\/td>\n<td width=\"151\">25.3\u00b10.8<\/td>\n<td width=\"153\">0.45\u00b10.20<\/td>\n<td width=\"101\">12.30\u00b11.0<\/td>\n<td width=\"113\">0.70\u00b10.20<\/td>\n<td width=\"261\">50<\/td>\n<td>12.8\uff5e24<\/td>\n<\/tr>\n<tr>\n<td width=\"114\">\u03a628<\/td>\n<td width=\"151\">28.3\u00b10.8<\/td>\n<td width=\"153\">0.45\u00b10.20<\/td>\n<td width=\"101\">13.50\u00b11.0<\/td>\n<td width=\"113\">0.70\u00b10.20<\/td>\n<td width=\"261\">50<\/td>\n<td>14.4\uff5e29<\/td>\n<\/tr>\n<tr>\n<td width=\"114\">\u03a630<\/td>\n<td width=\"151\">30.2\u00b10.8<\/td>\n<td width=\"153\">0.45\u00b10.20<\/td>\n<td width=\"101\">14.70\u00b11.0<\/td>\n<td width=\"113\">0.70\u00b10.20<\/td>\n<td width=\"261\">50<\/td>\n<td>16\uff5e29<\/td>\n<\/tr>\n<tr>\n<td width=\"114\">\u03a635<\/td>\n<td width=\"151\">35.2\u00b10.8<\/td>\n<td width=\"153\">0.50\u00b10.20<\/td>\n<td width=\"101\">17.30\u00b11.0<\/td>\n<td width=\"113\">0.80\u00b10.20<\/td>\n<td width=\"261\">50<\/td>\n<td>18\uff5e34<\/td>\n<\/tr>\n<tr>\n<td width=\"114\">\u03a640<\/td>\n<td width=\"151\">40.0\u00b11.0<\/td>\n<td width=\"153\">0.50\u00b10.20<\/td>\n<td width=\"101\">19.80\u00b11.0<\/td>\n<td width=\"113\">0.80\u00b10.20<\/td>\n<td width=\"261\">50<\/td>\n<td>21\uff5e39<\/td>\n<\/tr>\n<tr>\n<td width=\"114\">\u03a650<\/td>\n<td width=\"151\">50.0\u00b11.0<\/td>\n<td width=\"153\">0.50\u00b10.20<\/td>\n<td width=\"101\">24.80\u00b11.0<\/td>\n<td width=\"113\">0.80\u00b10.20<\/td>\n<td width=\"261\">50<\/td>\n<td>26\uff5e49<\/td>\n<\/tr>\n<tr>\n<td width=\"114\">\u03a660<\/td>\n<td width=\"151\">60.0\u00b11.0<\/td>\n<td width=\"153\">0.60\u00b10.20<\/td>\n<td width=\"101\">29.80\u00b11.0<\/td>\n<td width=\"113\">0.80\u00b10.20<\/td>\n<td width=\"261\">25<\/td>\n<td>35\uff5e55<\/td>\n<\/tr>\n<tr>\n<td width=\"114\">\u03a670<\/td>\n<td width=\"151\">70.0\u00b11.0<\/td>\n<td width=\"153\">0.65\u00b10.20<\/td>\n<td width=\"101\">34.00\u00b12.0<\/td>\n<td width=\"113\">1.00\u00b10.20<\/td>\n<td width=\"261\">25<\/td>\n<td>40\uff5e65<\/td>\n<\/tr>\n<tr>\n<td width=\"114\">\u03a680<\/td>\n<td width=\"151\">80.0\u00b11.0<\/td>\n<td width=\"153\">0.65\u00b10.20<\/td>\n<td width=\"101\">39.00\u00b12.0<\/td>\n<td width=\"113\">1.00\u00b10.20<\/td>\n<td width=\"261\">25<\/td>\n<td>45\uff5e75<\/td>\n<\/tr>\n<tr>\n<td width=\"114\">\u03a690<\/td>\n<td width=\"151\">90.0\u00b11.0<\/td>\n<td width=\"153\">0.65\u00b10.20<\/td>\n<td width=\"101\">44.00\u00b12.0<\/td>\n<td width=\"113\">1.00\u00b10.20<\/td>\n<td width=\"261\">25<\/td>\n<td>50\uff5e88<\/td>\n<\/tr>\n<tr>\n<td width=\"114\">\u03a6100<\/td>\n<td width=\"151\">100.0\u00b12.0<\/td>\n<td width=\"153\">0.65\u00b10.20<\/td>\n<td width=\"101\">49.00\u00b12.0<\/td>\n<td width=\"113\">1.00\u00b10.20<\/td>\n<td width=\"261\">25<\/td>\n<td>55\uff5e95<\/td>\n<\/tr>\n<tr>\n<td width=\"114\">\u03a6120<\/td>\n<td width=\"151\">120.0\u00b12.0<\/td>\n<td width=\"153\">0.70\u00b10.20<\/td>\n<td width=\"101\">59.00\u00b12.0<\/td>\n<td width=\"113\">1.20\u00b10.20<\/td>\n<td width=\"261\">25<\/td>\n<td>65\uff5e115<\/td>\n<\/tr>\n<tr>\n<td width=\"114\">\u03a6150<\/td>\n<td width=\"151\">150.0\u00b12.0<\/td>\n<td width=\"153\">0.70\u00b10.20<\/td>\n<td width=\"101\">74.00\u00b12.0<\/td>\n<td width=\"113\">1.20\u00b10.20<\/td>\n<td width=\"261\">25<\/td>\n<td>80\uff5e145<\/td>\n<\/tr>\n<tr>\n<td width=\"114\">\u03a6180<\/td>\n<td width=\"151\">180.0\u00b12.0<\/td>\n<td width=\"153\">0.70\u00b10.20<\/td>\n<td width=\"101\">88.00\u00b12.0<\/td>\n<td width=\"113\">1.20\u00b10.20<\/td>\n<td width=\"261\">25<\/td>\n<td>95\uff5e175<\/td>\n<\/tr>\n<\/tbody>\n<\/table>","protected":false},"excerpt":{"rendered":"<p>Die flammhemmenden Schrumpfschl\u00e4uche der Serie HD-2 zeichnen sich durch sehr gute Flammwidrigkeit, Isolierung, Weichheit, niedrige Schrumpftemperatur und schnelle Schrumpfung aus. Prinzip der thermischen Schrumpfung: Unter der hochenergetischen Strahlung kann das lineare Polymer eine vernetzte Struktur bilden. Die mechanische Festigkeit, die Temperatur, die chemische L\u00f6sung und die Alterungsbest\u00e4ndigkeit des vernetzten Polymers werden stark verbessert, insbesondere die S\u00e4ure- und Laugenbest\u00e4ndigkeit.<\/p>","protected":false},"featured_media":2446,"comment_status":"open","ping_status":"closed","template":"","meta":{"_acf_changed":false},"product_brand":[],"product_cat":[67],"product_tag":[],"class_list":{"0":"post-2442","1":"product","2":"type-product","3":"status-publish","4":"has-post-thumbnail","6":"product_cat-heat-shrinkable-tube","8":"first","9":"instock","10":"shipping-taxable","11":"product-type-simple"},"acf":[],"yoast_head":"<!-- This site is optimized with the Yoast SEO plugin v25.1 - https:\/\/yoast.com\/wordpress\/plugins\/seo\/ -->\n<title>Non-Halogen Flame Retardant Heat Shrinkable Tube - HDS Tie<\/title>\n<meta name=\"robots\" content=\"index, follow, max-snippet:-1, max-image-preview:large, max-video-preview:-1\" \/>\n<link rel=\"canonical\" href=\"https:\/\/hds-cabletie.com\/de\/produkt\/non-halogen-flame-retardant-heat-shrinkable-tube\/\" \/>\n<meta property=\"og:locale\" content=\"de_DE\" \/>\n<meta property=\"og:type\" content=\"article\" \/>\n<meta property=\"og:title\" content=\"Non-Halogen Flame Retardant Heat Shrinkable Tube - HDS Tie\" \/>\n<meta property=\"og:description\" content=\"HD-2 series flame-retardant heat shrinkable tube boasts very good flame retardation, insulation, softness, low shrinking temperature and fast shrinking. Principle of thermal shrinkage: under the high energy radiation, the linear polymer can form network cross- linked structure. The mechanical strength, temperature, chemical solution and ageing resistance of cross- linked polymer are greatly improved, especially the acid and alkali resistance.\" \/>\n<meta property=\"og:url\" content=\"https:\/\/hds-cabletie.com\/de\/produkt\/non-halogen-flame-retardant-heat-shrinkable-tube\/\" \/>\n<meta property=\"og:site_name\" content=\"HDS Tie\" \/>\n<meta property=\"article:modified_time\" content=\"2025-10-20T01:30:50+00:00\" \/>\n<meta property=\"og:image\" content=\"https:\/\/hds-cabletie.com\/wp-content\/uploads\/2025\/09\/\u4e3b\u56fe-8.webp\" \/>\n\t<meta property=\"og:image:width\" content=\"1500\" \/>\n\t<meta property=\"og:image:height\" content=\"1500\" \/>\n\t<meta property=\"og:image:type\" content=\"image\/webp\" \/>\n<meta name=\"twitter:card\" content=\"summary_large_image\" \/>\n<meta name=\"twitter:label1\" content=\"Gesch\u00e4tzte Lesezeit\" \/>\n\t<meta name=\"twitter:data1\" content=\"2\u00a0Minuten\" \/>\n<script type=\"application\/ld+json\" class=\"yoast-schema-graph\">{\"@context\":\"https:\/\/schema.org\",\"@graph\":[{\"@type\":\"WebPage\",\"@id\":\"https:\/\/hds-cabletie.com\/ja\/product\/non-halogen-flame-retardant-heat-shrinkable-tube\/\",\"url\":\"https:\/\/hds-cabletie.com\/ja\/product\/non-halogen-flame-retardant-heat-shrinkable-tube\/\",\"name\":\"Non-Halogen Flame Retardant Heat Shrinkable Tube - HDS Tie\",\"isPartOf\":{\"@id\":\"https:\/\/hds-cabletie.com\/ar\/#website\"},\"primaryImageOfPage\":{\"@id\":\"https:\/\/hds-cabletie.com\/ja\/product\/non-halogen-flame-retardant-heat-shrinkable-tube\/#primaryimage\"},\"image\":{\"@id\":\"https:\/\/hds-cabletie.com\/ja\/product\/non-halogen-flame-retardant-heat-shrinkable-tube\/#primaryimage\"},\"thumbnailUrl\":\"https:\/\/hds-cabletie.com\/wp-content\/uploads\/2025\/09\/\u4e3b\u56fe-8.webp\",\"datePublished\":\"2025-10-17T08:03:24+00:00\",\"dateModified\":\"2025-10-20T01:30:50+00:00\",\"breadcrumb\":{\"@id\":\"https:\/\/hds-cabletie.com\/ja\/product\/non-halogen-flame-retardant-heat-shrinkable-tube\/#breadcrumb\"},\"inLanguage\":\"de\",\"potentialAction\":[{\"@type\":\"ReadAction\",\"target\":[\"https:\/\/hds-cabletie.com\/ja\/product\/non-halogen-flame-retardant-heat-shrinkable-tube\/\"]}]},{\"@type\":\"ImageObject\",\"inLanguage\":\"de\",\"@id\":\"https:\/\/hds-cabletie.com\/ja\/product\/non-halogen-flame-retardant-heat-shrinkable-tube\/#primaryimage\",\"url\":\"https:\/\/hds-cabletie.com\/wp-content\/uploads\/2025\/09\/\u4e3b\u56fe-8.webp\",\"contentUrl\":\"https:\/\/hds-cabletie.com\/wp-content\/uploads\/2025\/09\/\u4e3b\u56fe-8.webp\",\"width\":1500,\"height\":1500},{\"@type\":\"BreadcrumbList\",\"@id\":\"https:\/\/hds-cabletie.com\/ja\/product\/non-halogen-flame-retardant-heat-shrinkable-tube\/#breadcrumb\",\"itemListElement\":[{\"@type\":\"ListItem\",\"position\":1,\"name\":\"Home\",\"item\":\"https:\/\/hds-cabletie.com\/\"},{\"@type\":\"ListItem\",\"position\":2,\"name\":\"Products\",\"item\":\"https:\/\/hds-cabletie.com\/de\/products\/\"},{\"@type\":\"ListItem\",\"position\":3,\"name\":\"Non-Halogen Flame Retardant Heat Shrinkable Tube\"}]},{\"@type\":\"WebSite\",\"@id\":\"https:\/\/hds-cabletie.com\/ar\/#website\",\"url\":\"https:\/\/hds-cabletie.com\/ar\/\",\"name\":\"HDS Tie\",\"description\":\"\",\"potentialAction\":[{\"@type\":\"SearchAction\",\"target\":{\"@type\":\"EntryPoint\",\"urlTemplate\":\"https:\/\/hds-cabletie.com\/ar\/?s={search_term_string}\"},\"query-input\":{\"@type\":\"PropertyValueSpecification\",\"valueRequired\":true,\"valueName\":\"search_term_string\"}}],\"inLanguage\":\"de\"}]}<\/script>\n<!-- \/ Yoast SEO plugin. -->","yoast_head_json":{"title":"Non-Halogen Flame Retardant Heat Shrinkable Tube - HDS Tie","robots":{"index":"index","follow":"follow","max-snippet":"max-snippet:-1","max-image-preview":"max-image-preview:large","max-video-preview":"max-video-preview:-1"},"canonical":"https:\/\/hds-cabletie.com\/de\/produkt\/non-halogen-flame-retardant-heat-shrinkable-tube\/","og_locale":"de_DE","og_type":"article","og_title":"Non-Halogen Flame Retardant Heat Shrinkable Tube - HDS Tie","og_description":"HD-2 series flame-retardant heat shrinkable tube boasts very good flame retardation, insulation, softness, low shrinking temperature and fast shrinking. Principle of thermal shrinkage: under the high energy radiation, the linear polymer can form network cross- linked structure. The mechanical strength, temperature, chemical solution and ageing resistance of cross- linked polymer are greatly improved, especially the acid and alkali resistance.","og_url":"https:\/\/hds-cabletie.com\/de\/produkt\/non-halogen-flame-retardant-heat-shrinkable-tube\/","og_site_name":"HDS Tie","article_modified_time":"2025-10-20T01:30:50+00:00","og_image":[{"width":1500,"height":1500,"url":"https:\/\/hds-cabletie.com\/wp-content\/uploads\/2025\/09\/\u4e3b\u56fe-8.webp","type":"image\/webp"}],"twitter_card":"summary_large_image","twitter_misc":{"Gesch\u00e4tzte Lesezeit":"2\u00a0Minuten"},"schema":{"@context":"https:\/\/schema.org","@graph":[{"@type":"WebPage","@id":"https:\/\/hds-cabletie.com\/ja\/product\/non-halogen-flame-retardant-heat-shrinkable-tube\/","url":"https:\/\/hds-cabletie.com\/ja\/product\/non-halogen-flame-retardant-heat-shrinkable-tube\/","name":"Non-Halogen Flame Retardant Heat Shrinkable Tube - HDS Tie","isPartOf":{"@id":"https:\/\/hds-cabletie.com\/ar\/#website"},"primaryImageOfPage":{"@id":"https:\/\/hds-cabletie.com\/ja\/product\/non-halogen-flame-retardant-heat-shrinkable-tube\/#primaryimage"},"image":{"@id":"https:\/\/hds-cabletie.com\/ja\/product\/non-halogen-flame-retardant-heat-shrinkable-tube\/#primaryimage"},"thumbnailUrl":"https:\/\/hds-cabletie.com\/wp-content\/uploads\/2025\/09\/\u4e3b\u56fe-8.webp","datePublished":"2025-10-17T08:03:24+00:00","dateModified":"2025-10-20T01:30:50+00:00","breadcrumb":{"@id":"https:\/\/hds-cabletie.com\/ja\/product\/non-halogen-flame-retardant-heat-shrinkable-tube\/#breadcrumb"},"inLanguage":"de","potentialAction":[{"@type":"ReadAction","target":["https:\/\/hds-cabletie.com\/ja\/product\/non-halogen-flame-retardant-heat-shrinkable-tube\/"]}]},{"@type":"ImageObject","inLanguage":"de","@id":"https:\/\/hds-cabletie.com\/ja\/product\/non-halogen-flame-retardant-heat-shrinkable-tube\/#primaryimage","url":"https:\/\/hds-cabletie.com\/wp-content\/uploads\/2025\/09\/\u4e3b\u56fe-8.webp","contentUrl":"https:\/\/hds-cabletie.com\/wp-content\/uploads\/2025\/09\/\u4e3b\u56fe-8.webp","width":1500,"height":1500},{"@type":"BreadcrumbList","@id":"https:\/\/hds-cabletie.com\/ja\/product\/non-halogen-flame-retardant-heat-shrinkable-tube\/#breadcrumb","itemListElement":[{"@type":"ListItem","position":1,"name":"Home","item":"https:\/\/hds-cabletie.com\/"},{"@type":"ListItem","position":2,"name":"Products","item":"https:\/\/hds-cabletie.com\/de\/products\/"},{"@type":"ListItem","position":3,"name":"Non-Halogen Flame Retardant Heat Shrinkable Tube"}]},{"@type":"WebSite","@id":"https:\/\/hds-cabletie.com\/ar\/#website","url":"https:\/\/hds-cabletie.com\/ar\/","name":"HDS Tie","description":"","potentialAction":[{"@type":"SearchAction","target":{"@type":"EntryPoint","urlTemplate":"https:\/\/hds-cabletie.com\/ar\/?s={search_term_string}"},"query-input":{"@type":"PropertyValueSpecification","valueRequired":true,"valueName":"search_term_string"}}],"inLanguage":"de"}]}},"_links":{"self":[{"href":"https:\/\/hds-cabletie.com\/de\/wp-json\/wp\/v2\/product\/2442","targetHints":{"allow":["GET"]}}],"collection":[{"href":"https:\/\/hds-cabletie.com\/de\/wp-json\/wp\/v2\/product"}],"about":[{"href":"https:\/\/hds-cabletie.com\/de\/wp-json\/wp\/v2\/types\/product"}],"replies":[{"embeddable":true,"href":"https:\/\/hds-cabletie.com\/de\/wp-json\/wp\/v2\/comments?post=2442"}],"wp:featuredmedia":[{"embeddable":true,"href":"https:\/\/hds-cabletie.com\/de\/wp-json\/wp\/v2\/media\/2446"}],"wp:attachment":[{"href":"https:\/\/hds-cabletie.com\/de\/wp-json\/wp\/v2\/media?parent=2442"}],"wp:term":[{"taxonomy":"product_brand","embeddable":true,"href":"https:\/\/hds-cabletie.com\/de\/wp-json\/wp\/v2\/product_brand?post=2442"},{"taxonomy":"product_cat","embeddable":true,"href":"https:\/\/hds-cabletie.com\/de\/wp-json\/wp\/v2\/product_cat?post=2442"},{"taxonomy":"product_tag","embeddable":true,"href":"https:\/\/hds-cabletie.com\/de\/wp-json\/wp\/v2\/product_tag?post=2442"}],"curies":[{"name":"wp","href":"https:\/\/api.w.org\/{rel}","templated":true}]}}