{"id":2391,"date":"2025-09-11T05:43:02","date_gmt":"2025-09-11T05:43:02","guid":{"rendered":"https:\/\/hds-cabletie.com\/?post_type=product&#038;p=2391"},"modified":"2025-10-10T06:46:27","modified_gmt":"2025-10-10T06:46:27","slug":"fish-bone-shape-head-tie","status":"publish","type":"product","link":"https:\/\/hds-cabletie.com\/de\/produkt\/fish-bone-shape-head-tie\/","title":{"rendered":"Fischgr\u00e4te Form Kopf Krawatte"},"content":{"rendered":"<p><strong><b>C<\/b><\/strong><strong><b>ertificat<\/b><\/strong><strong><b>ion: <\/b><\/strong>CE, ROHS, SGS Pr\u00fcfbericht.<\/p>\n<p><strong><b>Betriebstemperatur<\/b><\/strong><strong><b>: <\/b><\/strong>-40\u2103 bis 85\u2103.<\/p>\n<p><strong><b>Merkmal<\/b><\/strong><strong><b>: <\/b><\/strong>S\u00e4ure- und erosionsbest\u00e4ndig, gut isolierend und nicht alterungsanf\u00e4llig.<\/p>\n<p><strong>Packung Detail: \u00a0\u00a0<\/strong>A.Common Verpackung: 100Pcs + Polybag + Etikett + Exportkarton. B.Customized Packing: Header-Karte Verpackung, Blister mit Karte Verpackung, oder als angepasst.<\/p>\n<p><strong>Lieferfrist:<\/strong>\u00a0In 7-30 Tagen nach Erhalt der Anzahlung, je nach Bestellmenge.<\/p>\n<p><strong><b>Zahlungsbedingungen:<\/b><\/strong><strong><b>\u00a0<\/b><\/strong>T\/T, L\/C, Western Union, PayPal.<\/p>\n<p><strong><b>Hafen laden: <\/b><\/strong>Hafen NINGBO oder SHANGHAI<\/p>\n<p><strong><b>Zugfestigkeit:<\/b><\/strong><strong><b>\u00a01<\/b><\/strong>8-40LBS<\/p>\n<p><strong><b>Marke:<\/b><\/strong>\u00a0HDS- oder OEM-Paket<\/p>\n<h2><strong><b>Zur \u00dcberpr\u00fcfung unserer Qualit\u00e4t k\u00f6nnen wir Ihnen Muster zusenden!<\/b><\/strong><\/h2>\n<table>\n<tbody>\n<tr>\n<td>Typ<\/td>\n<td>L (mm)<\/td>\n<td>B (mm)<\/td>\n<td>Max. B\u00fcndel-Durchmesser (mm)<\/td>\n<td>Verpacken<\/td>\n<\/tr>\n<tr>\n<td>HDS-140<\/td>\n<td>140<\/td>\n<td>9<\/td>\n<td>35<\/td>\n<td rowspan=\"5\">100 STCK.<\/td>\n<\/tr>\n<tr>\n<td>HDS-160<\/td>\n<td>160<\/td>\n<td>9<\/td>\n<td>40<\/td>\n<\/tr>\n<tr>\n<td>HDS-160<\/td>\n<td>160<\/td>\n<td>4<\/td>\n<td>40<\/td>\n<\/tr>\n<tr>\n<td>HDS-200<\/td>\n<td>200<\/td>\n<td>9<\/td>\n<td>50<\/td>\n<\/tr>\n<tr>\n<td>HDS-210<\/td>\n<td>210<\/td>\n<td>9<\/td>\n<td>55<\/td>\n<\/tr>\n<\/tbody>\n<\/table>","protected":false},"excerpt":{"rendered":"<p><strong><b>Material:<\/b><\/strong>\u00a0Nylon 66, 94V-2 zertifiziert von UL.<\/p>\n<p><strong><b>Farbe:<\/b><\/strong><strong><b>\u00a0<\/b><\/strong>Nat\u00fcrlich (wei\u00df), schwarz und bunt.<\/p>\n<p>Verf\u00fcgbare Gr\u00f6\u00dfe:<\/p>\n<p>Breite 4mm mit L\u00e4nge 160mm<\/p>\n<p>Breite 9,0mm mit L\u00e4nge 140mm-210mm<\/p>\n<p>Typ: Fischgr\u00e4te Form Kopf Krawatte<\/p>","protected":false},"featured_media":2393,"comment_status":"open","ping_status":"closed","template":"","meta":{"_acf_changed":false},"product_brand":[],"product_cat":[16,79],"product_tag":[],"class_list":{"0":"post-2391","1":"product","2":"type-product","3":"status-publish","4":"has-post-thumbnail","6":"product_cat-nylon-cable-tie","7":"product_cat-other-type-nylon-cable-ties","9":"first","10":"instock","11":"shipping-taxable","12":"product-type-simple"},"acf":[],"yoast_head":"<!-- This site is optimized with the Yoast SEO plugin v25.1 - https:\/\/yoast.com\/wordpress\/plugins\/seo\/ -->\n<title>Fish Bone Shape Head Tie - HDS Tie<\/title>\n<meta name=\"robots\" content=\"index, follow, max-snippet:-1, max-image-preview:large, max-video-preview:-1\" \/>\n<link rel=\"canonical\" href=\"https:\/\/aliceblue-chamois-108160.hostingersite.com\/id\/produk\/fish-bone-shape-head-tie\/\" \/>\n<meta property=\"og:locale\" content=\"de_DE\" \/>\n<meta property=\"og:type\" content=\"article\" \/>\n<meta property=\"og:title\" content=\"Fish Bone Shape Head Tie - HDS Tie\" \/>\n<meta property=\"og:description\" content=\"Material:\u00a0Nylon 66, 94V-2 certificated by UL.  Color:\u00a0Natural (white), black and colorful.  Available size:  Width 4mm with length 160mm  Width 9.0mm with length 140mm-210mm  Type: Fish bone shape head tie\" \/>\n<meta property=\"og:url\" content=\"https:\/\/aliceblue-chamois-108160.hostingersite.com\/id\/produk\/fish-bone-shape-head-tie\/\" \/>\n<meta property=\"og:site_name\" content=\"HDS Tie\" \/>\n<meta property=\"article:modified_time\" content=\"2025-10-10T06:46:27+00:00\" \/>\n<meta property=\"og:image\" content=\"https:\/\/hds-cabletie.com\/wp-content\/uploads\/2025\/09\/\u4e3b\u56fe-6.webp\" \/>\n\t<meta property=\"og:image:width\" content=\"800\" \/>\n\t<meta property=\"og:image:height\" content=\"800\" \/>\n\t<meta property=\"og:image:type\" content=\"image\/webp\" \/>\n<meta name=\"twitter:card\" content=\"summary_large_image\" \/>\n<meta name=\"twitter:label1\" content=\"Gesch\u00e4tzte Lesezeit\" \/>\n\t<meta name=\"twitter:data1\" content=\"1\u00a0Minute\" \/>\n<script type=\"application\/ld+json\" class=\"yoast-schema-graph\">{\"@context\":\"https:\/\/schema.org\",\"@graph\":[{\"@type\":\"WebPage\",\"@id\":\"https:\/\/aliceblue-chamois-108160.hostingersite.com\/id\/produk\/fish-bone-shape-head-tie\/\",\"url\":\"https:\/\/aliceblue-chamois-108160.hostingersite.com\/id\/produk\/fish-bone-shape-head-tie\/\",\"name\":\"Fish Bone Shape Head Tie - HDS Tie\",\"isPartOf\":{\"@id\":\"https:\/\/hds-cabletie.com\/ar\/#website\"},\"primaryImageOfPage\":{\"@id\":\"https:\/\/aliceblue-chamois-108160.hostingersite.com\/id\/produk\/fish-bone-shape-head-tie\/#primaryimage\"},\"image\":{\"@id\":\"https:\/\/aliceblue-chamois-108160.hostingersite.com\/id\/produk\/fish-bone-shape-head-tie\/#primaryimage\"},\"thumbnailUrl\":\"https:\/\/hds-cabletie.com\/wp-content\/uploads\/2025\/09\/\u4e3b\u56fe-6.webp\",\"datePublished\":\"2025-09-11T05:43:02+00:00\",\"dateModified\":\"2025-10-10T06:46:27+00:00\",\"breadcrumb\":{\"@id\":\"https:\/\/aliceblue-chamois-108160.hostingersite.com\/id\/produk\/fish-bone-shape-head-tie\/#breadcrumb\"},\"inLanguage\":\"de\",\"potentialAction\":[{\"@type\":\"ReadAction\",\"target\":[\"https:\/\/aliceblue-chamois-108160.hostingersite.com\/id\/produk\/fish-bone-shape-head-tie\/\"]}]},{\"@type\":\"ImageObject\",\"inLanguage\":\"de\",\"@id\":\"https:\/\/aliceblue-chamois-108160.hostingersite.com\/id\/produk\/fish-bone-shape-head-tie\/#primaryimage\",\"url\":\"https:\/\/hds-cabletie.com\/wp-content\/uploads\/2025\/09\/\u4e3b\u56fe-6.webp\",\"contentUrl\":\"https:\/\/hds-cabletie.com\/wp-content\/uploads\/2025\/09\/\u4e3b\u56fe-6.webp\",\"width\":800,\"height\":800},{\"@type\":\"BreadcrumbList\",\"@id\":\"https:\/\/aliceblue-chamois-108160.hostingersite.com\/id\/produk\/fish-bone-shape-head-tie\/#breadcrumb\",\"itemListElement\":[{\"@type\":\"ListItem\",\"position\":1,\"name\":\"Home\",\"item\":\"https:\/\/hds-cabletie.com\/\"},{\"@type\":\"ListItem\",\"position\":2,\"name\":\"Products\",\"item\":\"https:\/\/hds-cabletie.com\/de\/products\/\"},{\"@type\":\"ListItem\",\"position\":3,\"name\":\"Fish Bone Shape Head Tie\"}]},{\"@type\":\"WebSite\",\"@id\":\"https:\/\/hds-cabletie.com\/ar\/#website\",\"url\":\"https:\/\/hds-cabletie.com\/ar\/\",\"name\":\"HDS Tie\",\"description\":\"\",\"potentialAction\":[{\"@type\":\"SearchAction\",\"target\":{\"@type\":\"EntryPoint\",\"urlTemplate\":\"https:\/\/hds-cabletie.com\/ar\/?s={search_term_string}\"},\"query-input\":{\"@type\":\"PropertyValueSpecification\",\"valueRequired\":true,\"valueName\":\"search_term_string\"}}],\"inLanguage\":\"de\"}]}<\/script>\n<!-- \/ Yoast SEO plugin. -->","yoast_head_json":{"title":"Fish Bone Shape Head Tie - HDS Tie","robots":{"index":"index","follow":"follow","max-snippet":"max-snippet:-1","max-image-preview":"max-image-preview:large","max-video-preview":"max-video-preview:-1"},"canonical":"https:\/\/aliceblue-chamois-108160.hostingersite.com\/id\/produk\/fish-bone-shape-head-tie\/","og_locale":"de_DE","og_type":"article","og_title":"Fish Bone Shape Head Tie - HDS Tie","og_description":"Material:\u00a0Nylon 66, 94V-2 certificated by UL.  Color:\u00a0Natural (white), black and colorful.  Available size:  Width 4mm with length 160mm  Width 9.0mm with length 140mm-210mm  Type: Fish bone shape head tie","og_url":"https:\/\/aliceblue-chamois-108160.hostingersite.com\/id\/produk\/fish-bone-shape-head-tie\/","og_site_name":"HDS Tie","article_modified_time":"2025-10-10T06:46:27+00:00","og_image":[{"width":800,"height":800,"url":"https:\/\/hds-cabletie.com\/wp-content\/uploads\/2025\/09\/\u4e3b\u56fe-6.webp","type":"image\/webp"}],"twitter_card":"summary_large_image","twitter_misc":{"Gesch\u00e4tzte Lesezeit":"1\u00a0Minute"},"schema":{"@context":"https:\/\/schema.org","@graph":[{"@type":"WebPage","@id":"https:\/\/aliceblue-chamois-108160.hostingersite.com\/id\/produk\/fish-bone-shape-head-tie\/","url":"https:\/\/aliceblue-chamois-108160.hostingersite.com\/id\/produk\/fish-bone-shape-head-tie\/","name":"Fish Bone Shape Head Tie - HDS Tie","isPartOf":{"@id":"https:\/\/hds-cabletie.com\/ar\/#website"},"primaryImageOfPage":{"@id":"https:\/\/aliceblue-chamois-108160.hostingersite.com\/id\/produk\/fish-bone-shape-head-tie\/#primaryimage"},"image":{"@id":"https:\/\/aliceblue-chamois-108160.hostingersite.com\/id\/produk\/fish-bone-shape-head-tie\/#primaryimage"},"thumbnailUrl":"https:\/\/hds-cabletie.com\/wp-content\/uploads\/2025\/09\/\u4e3b\u56fe-6.webp","datePublished":"2025-09-11T05:43:02+00:00","dateModified":"2025-10-10T06:46:27+00:00","breadcrumb":{"@id":"https:\/\/aliceblue-chamois-108160.hostingersite.com\/id\/produk\/fish-bone-shape-head-tie\/#breadcrumb"},"inLanguage":"de","potentialAction":[{"@type":"ReadAction","target":["https:\/\/aliceblue-chamois-108160.hostingersite.com\/id\/produk\/fish-bone-shape-head-tie\/"]}]},{"@type":"ImageObject","inLanguage":"de","@id":"https:\/\/aliceblue-chamois-108160.hostingersite.com\/id\/produk\/fish-bone-shape-head-tie\/#primaryimage","url":"https:\/\/hds-cabletie.com\/wp-content\/uploads\/2025\/09\/\u4e3b\u56fe-6.webp","contentUrl":"https:\/\/hds-cabletie.com\/wp-content\/uploads\/2025\/09\/\u4e3b\u56fe-6.webp","width":800,"height":800},{"@type":"BreadcrumbList","@id":"https:\/\/aliceblue-chamois-108160.hostingersite.com\/id\/produk\/fish-bone-shape-head-tie\/#breadcrumb","itemListElement":[{"@type":"ListItem","position":1,"name":"Home","item":"https:\/\/hds-cabletie.com\/"},{"@type":"ListItem","position":2,"name":"Products","item":"https:\/\/hds-cabletie.com\/de\/products\/"},{"@type":"ListItem","position":3,"name":"Fish Bone Shape Head Tie"}]},{"@type":"WebSite","@id":"https:\/\/hds-cabletie.com\/ar\/#website","url":"https:\/\/hds-cabletie.com\/ar\/","name":"HDS Tie","description":"","potentialAction":[{"@type":"SearchAction","target":{"@type":"EntryPoint","urlTemplate":"https:\/\/hds-cabletie.com\/ar\/?s={search_term_string}"},"query-input":{"@type":"PropertyValueSpecification","valueRequired":true,"valueName":"search_term_string"}}],"inLanguage":"de"}]}},"_links":{"self":[{"href":"https:\/\/hds-cabletie.com\/de\/wp-json\/wp\/v2\/product\/2391","targetHints":{"allow":["GET"]}}],"collection":[{"href":"https:\/\/hds-cabletie.com\/de\/wp-json\/wp\/v2\/product"}],"about":[{"href":"https:\/\/hds-cabletie.com\/de\/wp-json\/wp\/v2\/types\/product"}],"replies":[{"embeddable":true,"href":"https:\/\/hds-cabletie.com\/de\/wp-json\/wp\/v2\/comments?post=2391"}],"wp:featuredmedia":[{"embeddable":true,"href":"https:\/\/hds-cabletie.com\/de\/wp-json\/wp\/v2\/media\/2393"}],"wp:attachment":[{"href":"https:\/\/hds-cabletie.com\/de\/wp-json\/wp\/v2\/media?parent=2391"}],"wp:term":[{"taxonomy":"product_brand","embeddable":true,"href":"https:\/\/hds-cabletie.com\/de\/wp-json\/wp\/v2\/product_brand?post=2391"},{"taxonomy":"product_cat","embeddable":true,"href":"https:\/\/hds-cabletie.com\/de\/wp-json\/wp\/v2\/product_cat?post=2391"},{"taxonomy":"product_tag","embeddable":true,"href":"https:\/\/hds-cabletie.com\/de\/wp-json\/wp\/v2\/product_tag?post=2391"}],"curies":[{"name":"wp","href":"https:\/\/api.w.org\/{rel}","templated":true}]}}