{"id":2271,"date":"2025-10-18T06:16:07","date_gmt":"2025-10-18T06:16:07","guid":{"rendered":"https:\/\/hds-cabletie.com\/?post_type=product&#038;p=2271"},"modified":"2025-10-20T01:28:48","modified_gmt":"2025-10-20T01:28:48","slug":"hds-multi-color-cable-zip-tie-nylon-66-cable-tie","status":"publish","type":"product","link":"https:\/\/hds-cabletie.com\/de\/produkt\/hds-multi-color-cable-zip-tie-nylon-66-cable-tie\/","title":{"rendered":"HDS Mehrfarbiger Kabelbinder Nylon 66 Kabelbinder"},"content":{"rendered":"<p><strong><b>1.<\/b><\/strong><strong><b>Verwendung:<\/b><\/strong>\u00a0Weit verbreitet f\u00fcr Haushalt, Elektrizit\u00e4t, Autoteile, Hardware usw.<\/p>\n<p><strong><b>2.<\/b><\/strong><strong><b>C<\/b><\/strong><strong><b>ertificat<\/b><\/strong><strong><b>ion: <\/b><\/strong>UL-Zertifizierung, CE, ROHS, SGS Pr\u00fcfbericht.<\/p>\n<p><strong><b>3.<\/b><\/strong><strong><b>Betriebstemperatur<\/b><\/strong><strong><b>: <\/b><\/strong>-40\u2103 bis 85\u2103.<\/p>\n<p><strong><b>4.<\/b><\/strong><strong><b>Merkmal<\/b><\/strong><strong><b>: <\/b><\/strong>S\u00e4ure- und erosionsbest\u00e4ndig, gut isolierend und nicht alterungsanf\u00e4llig.<\/p>\n<p><strong>5.<\/strong><strong>Packung Detail: \u00a0\u00a0<\/strong>A.Common Packing: 100Pcs + Polybag + Etikett + Exportkarton.<\/p>\n<p>B.Customized Verpackung: Header-Karte Verpackung, Blister mit Karte Verpackung, oder als kundenspezifische.<\/p>\n<p><strong><b>6.<\/b><\/strong><strong><b>Lieferfrist:<\/b><\/strong>\u00a0In 7-30 Tagen nach Erhalt der Anzahlung, je nach Bestellmenge.<\/p>\n<p><strong><b>7.<\/b><\/strong><strong><b>Zahlungsbedingungen:<\/b><\/strong><strong><b>\u00a0<\/b><\/strong>T\/T, L\/C, Western Union, PayPal.<\/p>\n<p><strong><b>8.<\/b><\/strong><strong><b>Hafen laden: <\/b><\/strong>Hafen NINGBO oder SHANGHAI<\/p>\n<p><strong><b>9.<\/b><\/strong><strong><b>Zugfestigkeit:<\/b><\/strong>18-250LBS<\/p>\n<p><strong><b>10.<\/b><\/strong><strong><b>Marke:<\/b><\/strong>\u00a0HDS- oder OEM-Paket<\/p>\n<p><strong><b>11.<\/b><\/strong><strong><b>Spritzgussformen:<\/b><\/strong>\u00a0Hei\u00dfkanal-Werkzeuge+Zentrales Materialbereitstellungssystem<\/p>\n<p><strong><b>12.<\/b><\/strong><strong><b>Einspritzmaschinen: <\/b><\/strong>12 S\u00e4tze Spritzgussmaschinen, gro\u00dfe Produktionskapazit\u00e4t<\/p>\n<p><strong><b>13.<\/b><\/strong><strong><b>Exportl\u00e4nder nach: <\/b><\/strong>50 verschiedene L\u00e4nder. Zum Beispiel Russland, Japan, Vietnam, Argentinien, Brasilien, Ukraine, Singapur,<\/p>\n<p>Thailand, Australien, T\u00fcrkei, Korea, Malaysia, Korea, Malaysia, Polen und so weiter. Einige unserer Kunden arbeiten seit mehr als 10 Jahren mit unserem Unternehmen zusammen, wie z.B. unsere Kunden aus Japan, Russland und der T\u00fcrkei.<\/p>\n<table>\n<tbody>\n<tr>\n<td rowspan=\"2\">Typ<\/td>\n<td colspan=\"2\">L<\/td>\n<td rowspan=\"2\">B(mm)<\/td>\n<td rowspan=\"2\">Max. B\u00fcndel-Durchmesser<\/p>\n<p>(mm)<\/td>\n<td colspan=\"2\">Mindest-Zugfestigkeit<\/td>\n<\/tr>\n<tr>\n<td>Zoll<\/td>\n<td>mm<\/td>\n<td>Ibs<\/td>\n<td>kgs<\/td>\n<\/tr>\n<tr>\n<td>HDS-3\u00d760<\/td>\n<td>2 3\/8&#8243;<\/td>\n<td>60<\/td>\n<td>2.5<\/td>\n<td>11<\/td>\n<td>18<\/td>\n<td>8<\/td>\n<\/tr>\n<tr>\n<td>HDS-3\u00d780<\/td>\n<td>3 3\/16&#8243;<\/td>\n<td>80<\/td>\n<td>2.5<\/td>\n<td>16<\/td>\n<td>18<\/td>\n<td>8<\/td>\n<\/tr>\n<tr>\n<td>HDS-3\u00d7100<\/td>\n<td>4&#8243;<\/td>\n<td>100<\/td>\n<td>2.5<\/td>\n<td>22<\/td>\n<td>18<\/td>\n<td>8<\/td>\n<\/tr>\n<tr>\n<td>HDS-3\u00d7120<\/td>\n<td>4 3\/4&#8243;<\/td>\n<td>120<\/td>\n<td>2.5<\/td>\n<td>30<\/td>\n<td>18<\/td>\n<td>8<\/td>\n<\/tr>\n<tr>\n<td>HDS-3\u00d7150<\/td>\n<td>6&#8243;<\/td>\n<td>150<\/td>\n<td>2.5<\/td>\n<td>35<\/td>\n<td>18<\/td>\n<td>8<\/td>\n<\/tr>\n<tr>\n<td>HDS-3\u00d7160<\/td>\n<td>6 1\/4&#8243;<\/td>\n<td>160<\/td>\n<td>2.5<\/td>\n<td>40<\/td>\n<td>18<\/td>\n<td>8<\/td>\n<\/tr>\n<tr>\n<td>HDS-3\u00d7200<\/td>\n<td>8&#8243;<\/td>\n<td>200<\/td>\n<td>2.5<\/td>\n<td>50<\/td>\n<td>18<\/td>\n<td>8<\/td>\n<\/tr>\n<tr>\n<td>HDS-4\u00d7100<\/td>\n<td>4&#8243;<\/td>\n<td>100<\/td>\n<td>3.5<\/td>\n<td>22<\/td>\n<td>40<\/td>\n<td>18<\/td>\n<\/tr>\n<tr>\n<td>HDS-4\u00d7120<\/td>\n<td>4 3\/4&#8243;<\/td>\n<td>120<\/td>\n<td>3.5<\/td>\n<td>30<\/td>\n<td>40<\/td>\n<td>18<\/td>\n<\/tr>\n<tr>\n<td>HDS-4\u00d7150<\/td>\n<td>6&#8243;<\/td>\n<td>150<\/td>\n<td>3.5<\/td>\n<td>35<\/td>\n<td>40<\/td>\n<td>18<\/td>\n<\/tr>\n<tr>\n<td>HDS-4\u00d7180<\/td>\n<td>7&#8243;<\/td>\n<td>180<\/td>\n<td>3.5<\/td>\n<td>42<\/td>\n<td>40<\/td>\n<td>18<\/td>\n<\/tr>\n<tr>\n<td>HDS-4\u00d7200<\/td>\n<td>8&#8243;<\/td>\n<td>200<\/td>\n<td>3.5<\/td>\n<td>50<\/td>\n<td>40<\/td>\n<td>18<\/td>\n<\/tr>\n<tr>\n<td>HDS-4\u00d7250<\/td>\n<td>10&#8243;<\/td>\n<td>250<\/td>\n<td>3.5<\/td>\n<td>65<\/td>\n<td>40<\/td>\n<td>18<\/td>\n<\/tr>\n<tr>\n<td>HDS-4\u00d7300<\/td>\n<td>11 5\/8&#8243;<\/td>\n<td>300<\/td>\n<td>3.5<\/td>\n<td>80<\/td>\n<td>40<\/td>\n<td>18<\/td>\n<\/tr>\n<tr>\n<td>HDS-4\u00d7370<\/td>\n<td>14 1\/2&#8243;<\/td>\n<td>370<\/td>\n<td>3.5<\/td>\n<td>102<\/td>\n<td>40<\/td>\n<td>18<\/td>\n<\/tr>\n<tr>\n<td>HDS-5\u00d7100<\/td>\n<td>4<\/td>\n<td>100<\/td>\n<td>4.8<\/td>\n<td>22<\/td>\n<td>50<\/td>\n<td>22<\/td>\n<\/tr>\n<tr>\n<td>HDS-5\u00d7120<\/td>\n<td>4 3\/4&#8243;<\/td>\n<td>120<\/td>\n<td>4.8<\/td>\n<td>30<\/td>\n<td>50<\/td>\n<td>22<\/td>\n<\/tr>\n<tr>\n<td>HDS-5\u00d7150<\/td>\n<td>6&#8243;<\/td>\n<td>150<\/td>\n<td>4.8<\/td>\n<td>35<\/td>\n<td>50<\/td>\n<td>22<\/td>\n<\/tr>\n<tr>\n<td>HDS-5\u00d7180<\/td>\n<td>7&#8243;<\/td>\n<td>180<\/td>\n<td>4.8<\/td>\n<td>42<\/td>\n<td>50<\/td>\n<td>22<\/td>\n<\/tr>\n<tr>\n<td>HDS-5\u00d7200<\/td>\n<td>8&#8243;<\/td>\n<td>200<\/td>\n<td>4.8<\/td>\n<td>50<\/td>\n<td>50<\/td>\n<td>22<\/td>\n<\/tr>\n<tr>\n<td>HDS-5\u00d7250<\/td>\n<td>10&#8243;<\/td>\n<td>250<\/td>\n<td>4.8<\/td>\n<td>65<\/td>\n<td>50<\/td>\n<td>22<\/td>\n<\/tr>\n<tr>\n<td>HDS-5\u00d7300<\/td>\n<td>11 5\/8&#8243;<\/td>\n<td>300<\/td>\n<td>4.8<\/td>\n<td>82<\/td>\n<td>50<\/td>\n<td>22<\/td>\n<\/tr>\n<tr>\n<td>HDS-5\u00d7350<\/td>\n<td>13 3\/4&#8243;<\/td>\n<td>350<\/td>\n<td>4.8<\/td>\n<td>90<\/td>\n<td>50<\/td>\n<td>22<\/td>\n<\/tr>\n<tr>\n<td>HDS-5\u00d7380<\/td>\n<td>15&#8243;<\/td>\n<td>380<\/td>\n<td>4.8<\/td>\n<td>102<\/td>\n<td>50<\/td>\n<td>22<\/td>\n<\/tr>\n<tr>\n<td>HDS-5\u00d7400<\/td>\n<td>15 3\/4&#8243;<\/td>\n<td>400<\/td>\n<td>4.8<\/td>\n<td>105<\/td>\n<td>50<\/td>\n<td>22<\/td>\n<\/tr>\n<tr>\n<td>HDS-5\u00d7430<\/td>\n<td>17 3\/4&#8243;<\/td>\n<td>430<\/td>\n<td>4.8<\/td>\n<td>120<\/td>\n<td>50<\/td>\n<td>22<\/td>\n<\/tr>\n<tr>\n<td>HDS-5\u00d7450<\/td>\n<td>17.7&#8243;<\/td>\n<td>450<\/td>\n<td>4.8<\/td>\n<td>125<\/td>\n<td>50<\/td>\n<td>22<\/td>\n<\/tr>\n<tr>\n<td>HDS-5\u00d7500<\/td>\n<td>19 11\/16&#8243;<\/td>\n<td>500<\/td>\n<td>4.8<\/td>\n<td>150<\/td>\n<td>50<\/td>\n<td>22<\/td>\n<\/tr>\n<tr>\n<td>HDS-5\u00d7530<\/td>\n<td>20&#8243;<\/td>\n<td>530<\/td>\n<td>4.8<\/td>\n<td>155<\/td>\n<td>50<\/td>\n<td>22<\/td>\n<\/tr>\n<tr>\n<td>HDS-8\u00d7150<\/td>\n<td>6&#8243;<\/td>\n<td>150<\/td>\n<td>7.6<\/td>\n<td>35<\/td>\n<td>120<\/td>\n<td>55<\/td>\n<\/tr>\n<tr>\n<td>HDS-8\u00d7180<\/td>\n<td>7&#8243;<\/td>\n<td>180<\/td>\n<td>7.6<\/td>\n<td>42<\/td>\n<td>120<\/td>\n<td>55<\/td>\n<\/tr>\n<tr>\n<td>HDS-8\u00d7200<\/td>\n<td>8&#8243;<\/td>\n<td>200<\/td>\n<td>7.6<\/td>\n<td>50<\/td>\n<td>120<\/td>\n<td>55<\/td>\n<\/tr>\n<tr>\n<td>HDS-8\u00d7250<\/td>\n<td>10&#8243;<\/td>\n<td>250<\/td>\n<td>7.6<\/td>\n<td>65<\/td>\n<td>120<\/td>\n<td>55<\/td>\n<\/tr>\n<tr>\n<td>HDS-8\u00d7300<\/td>\n<td>11 5\/8&#8243;<\/td>\n<td>300<\/td>\n<td>7.6<\/td>\n<td>82<\/td>\n<td>120<\/td>\n<td>55<\/td>\n<\/tr>\n<tr>\n<td>HDS-8\u00d7350<\/td>\n<td>13 3\/4&#8243;<\/td>\n<td>350<\/td>\n<td>7.6<\/td>\n<td>90<\/td>\n<td>120<\/td>\n<td>55<\/td>\n<\/tr>\n<tr>\n<td>HDS-8\u00d7370<\/td>\n<td>14 1\/2 &#8220;<\/td>\n<td>370<\/td>\n<td>7.6<\/td>\n<td>102<\/td>\n<td>120<\/td>\n<td>55<\/td>\n<\/tr>\n<tr>\n<td>HDS-8\u00d7400<\/td>\n<td>15 3\/4&#8243;<\/td>\n<td>400<\/td>\n<td>7.6<\/td>\n<td>105<\/td>\n<td>120<\/td>\n<td>55<\/td>\n<\/tr>\n<tr>\n<td>HDS-8\u00d7450<\/td>\n<td>17 3\/4&#8243;<\/td>\n<td>450<\/td>\n<td>7.6<\/td>\n<td>118<\/td>\n<td>120<\/td>\n<td>55<\/td>\n<\/tr>\n<tr>\n<td>HDS-8\u00d7500<\/td>\n<td>19 11\/16 &#8220;<\/td>\n<td>500<\/td>\n<td>7.6<\/td>\n<td>150<\/td>\n<td>120<\/td>\n<td>55<\/td>\n<\/tr>\n<tr>\n<td>HDS-8\u00d7550<\/td>\n<td>21 4\/5 &#8220;<\/td>\n<td>550<\/td>\n<td>7.6<\/td>\n<td>165<\/td>\n<td>120<\/td>\n<td>55<\/td>\n<\/tr>\n<tr>\n<td>HDS-10\u00d7400<\/td>\n<td>15 3\/4&#8243;<\/td>\n<td>400<\/td>\n<td>8.8<\/td>\n<td>105<\/td>\n<td>175<\/td>\n<td>80<\/td>\n<\/tr>\n<tr>\n<td>HDS-10\u00d7450<\/td>\n<td>17 3\/4&#8243;<\/td>\n<td>450<\/td>\n<td>8.8<\/td>\n<td>118<\/td>\n<td>175<\/td>\n<td>80<\/td>\n<\/tr>\n<tr>\n<td>HDS-10\u00d7500<\/td>\n<td>19 11\/16 &#8220;<\/td>\n<td>500<\/td>\n<td>8.8<\/td>\n<td>150<\/td>\n<td>175<\/td>\n<td>80<\/td>\n<\/tr>\n<tr>\n<td>HDS-10\u00d7550<\/td>\n<td>21 11\/16 &#8220;<\/td>\n<td>550<\/td>\n<td>8.8<\/td>\n<td>165<\/td>\n<td>175<\/td>\n<td>80<\/td>\n<\/tr>\n<tr>\n<td>HDS-10\u00d7650<\/td>\n<td>25 9\/16 &#8220;<\/td>\n<td>650<\/td>\n<td>8.8<\/td>\n<td>190<\/td>\n<td>175<\/td>\n<td>80<\/td>\n<\/tr>\n<tr>\n<td>HDS-10\u00d7760<\/td>\n<td>29 1\/2 &#8220;<\/td>\n<td>760<\/td>\n<td>8.8<\/td>\n<td>220<\/td>\n<td>175<\/td>\n<td>80<\/td>\n<\/tr>\n<tr>\n<td>HDS-10\u00d7800<\/td>\n<td>31 1\/2 &#8220;<\/td>\n<td>800<\/td>\n<td>8.8<\/td>\n<td>230<\/td>\n<td>175<\/td>\n<td>80<\/td>\n<\/tr>\n<tr>\n<td>HDS-10\u00d7900<\/td>\n<td>36 1\/4 &#8220;<\/td>\n<td>900<\/td>\n<td>8.8<\/td>\n<td>265<\/td>\n<td>200<\/td>\n<td>90<\/td>\n<\/tr>\n<tr>\n<td>HDS-10\u00d71020<\/td>\n<td>40 1\/6 &#8220;<\/td>\n<td>1020<\/td>\n<td>8.8<\/td>\n<td>292<\/td>\n<td>200<\/td>\n<td>90<\/td>\n<\/tr>\n<tr>\n<td>HDS-10\u00d71200<\/td>\n<td>48&#8243;<\/td>\n<td>1200<\/td>\n<td>8.8<\/td>\n<td>345<\/td>\n<td>200<\/td>\n<td>90<\/td>\n<\/tr>\n<tr>\n<td>HDS-12\u00d7650<\/td>\n<td>25 3\/5 &#8220;<\/td>\n<td>650<\/td>\n<td>11<\/td>\n<td>165<\/td>\n<td>250<\/td>\n<td>114<\/td>\n<\/tr>\n<tr>\n<td>HDS-12\u00d7760<\/td>\n<td>35 1\/2 &#8220;<\/td>\n<td>760<\/td>\n<td>11<\/td>\n<td>225<\/td>\n<td>250<\/td>\n<td>114<\/td>\n<\/tr>\n<\/tbody>\n<\/table>","protected":false},"excerpt":{"rendered":"<p><strong><b>1.<\/b><\/strong><strong><b>Material:<\/b><\/strong>\u00a0Nylon 66, 94V-2 zertifiziert durch UL, Marke ASCEND und INVISTA<\/p>\n<p><strong><b>2.<\/b><\/strong><strong><b>Farbe:<\/b><\/strong><strong><b>\u00a0<\/b><\/strong>Nat\u00fcrlich (wei\u00df), schwarz und bunt.<\/p>\n<p><strong><b>3.<\/b><\/strong><strong><b>Verf\u00fcgbare Gr\u00f6\u00dfe:<\/b><\/strong><strong><b>\u00a0<\/b><\/strong><\/p>\n<p>Breite 2,5 mm mit einer L\u00e4nge von 80 mm bis 200 mm<\/p>\n<p>Breite 3,6mm mit L\u00e4nge 100mm-370mm<\/p>\n<p>Breite 4,8mm mit L\u00e4nge 100mm-650mm<\/p>\n<p>Breite 7,6mm mit L\u00e4nge 150mm-550mm<\/p>\n<p>Breite 8.8mm mit L\u00e4nge 400mm-1020mm<\/p>","protected":false},"featured_media":2273,"comment_status":"open","ping_status":"closed","template":"","meta":{"_acf_changed":false},"product_brand":[],"product_cat":[16,72],"product_tag":[],"class_list":{"0":"post-2271","1":"product","2":"type-product","3":"status-publish","4":"has-post-thumbnail","6":"product_cat-nylon-cable-tie","7":"product_cat-self-locking-nylon-cable-tie","9":"first","10":"instock","11":"shipping-taxable","12":"product-type-simple"},"acf":[],"yoast_head":"<!-- This site is optimized with the Yoast SEO plugin v25.1 - https:\/\/yoast.com\/wordpress\/plugins\/seo\/ -->\n<title>HDS Multi-color Cable Zip Tie Nylon 66 Cable Tie - HDS Tie<\/title>\n<meta name=\"robots\" content=\"index, follow, max-snippet:-1, max-image-preview:large, max-video-preview:-1\" \/>\n<link rel=\"canonical\" href=\"https:\/\/hds-cabletie.com\/de\/produkt\/hds-multi-color-cable-zip-tie-nylon-66-cable-tie\/\" \/>\n<meta property=\"og:locale\" content=\"de_DE\" \/>\n<meta property=\"og:type\" content=\"article\" \/>\n<meta property=\"og:title\" content=\"HDS Multi-color Cable Zip Tie Nylon 66 Cable Tie - HDS Tie\" \/>\n<meta property=\"og:description\" content=\"1.Material:\u00a0Nylon 66, 94V-2 certificated by UL,brand ASCEND and INVISTA  2.Color:\u00a0Natural (white), black and colorful.  3.Available size:\u00a0  Width 2.5mm\u00a0with length 80mm-200mm  Width\u00a03.6mm\u00a0with length 100mm-370mm  Width\u00a04.8mm\u00a0with length 100mm-650mm  Width\u00a07.6mm\u00a0with length 150mm-550mm  Width\u00a08.8mm with length\u00a0400mm-1020mm\" \/>\n<meta property=\"og:url\" content=\"https:\/\/hds-cabletie.com\/de\/produkt\/hds-multi-color-cable-zip-tie-nylon-66-cable-tie\/\" \/>\n<meta property=\"og:site_name\" content=\"HDS Tie\" \/>\n<meta property=\"article:modified_time\" content=\"2025-10-20T01:28:48+00:00\" \/>\n<meta property=\"og:image\" content=\"https:\/\/hds-cabletie.com\/wp-content\/uploads\/2025\/08\/\uff11.webp\" \/>\n\t<meta property=\"og:image:width\" content=\"800\" \/>\n\t<meta property=\"og:image:height\" content=\"800\" \/>\n\t<meta property=\"og:image:type\" content=\"image\/webp\" \/>\n<meta name=\"twitter:card\" content=\"summary_large_image\" \/>\n<meta name=\"twitter:label1\" content=\"Gesch\u00e4tzte Lesezeit\" \/>\n\t<meta name=\"twitter:data1\" content=\"3\u00a0Minuten\" \/>\n<script type=\"application\/ld+json\" class=\"yoast-schema-graph\">{\"@context\":\"https:\/\/schema.org\",\"@graph\":[{\"@type\":\"WebPage\",\"@id\":\"https:\/\/hds-cabletie.com\/uk\/product\/hds-multi-color-cable-zip-tie-nylon-66-cable-tie\/\",\"url\":\"https:\/\/hds-cabletie.com\/uk\/product\/hds-multi-color-cable-zip-tie-nylon-66-cable-tie\/\",\"name\":\"HDS Multi-color Cable Zip Tie Nylon 66 Cable Tie - HDS Tie\",\"isPartOf\":{\"@id\":\"https:\/\/hds-cabletie.com\/ar\/#website\"},\"primaryImageOfPage\":{\"@id\":\"https:\/\/hds-cabletie.com\/uk\/product\/hds-multi-color-cable-zip-tie-nylon-66-cable-tie\/#primaryimage\"},\"image\":{\"@id\":\"https:\/\/hds-cabletie.com\/uk\/product\/hds-multi-color-cable-zip-tie-nylon-66-cable-tie\/#primaryimage\"},\"thumbnailUrl\":\"https:\/\/hds-cabletie.com\/wp-content\/uploads\/2025\/08\/\uff11.webp\",\"datePublished\":\"2025-10-18T06:16:07+00:00\",\"dateModified\":\"2025-10-20T01:28:48+00:00\",\"breadcrumb\":{\"@id\":\"https:\/\/hds-cabletie.com\/uk\/product\/hds-multi-color-cable-zip-tie-nylon-66-cable-tie\/#breadcrumb\"},\"inLanguage\":\"de\",\"potentialAction\":[{\"@type\":\"ReadAction\",\"target\":[\"https:\/\/hds-cabletie.com\/uk\/product\/hds-multi-color-cable-zip-tie-nylon-66-cable-tie\/\"]}]},{\"@type\":\"ImageObject\",\"inLanguage\":\"de\",\"@id\":\"https:\/\/hds-cabletie.com\/uk\/product\/hds-multi-color-cable-zip-tie-nylon-66-cable-tie\/#primaryimage\",\"url\":\"https:\/\/hds-cabletie.com\/wp-content\/uploads\/2025\/08\/\uff11.webp\",\"contentUrl\":\"https:\/\/hds-cabletie.com\/wp-content\/uploads\/2025\/08\/\uff11.webp\",\"width\":800,\"height\":800},{\"@type\":\"BreadcrumbList\",\"@id\":\"https:\/\/hds-cabletie.com\/uk\/product\/hds-multi-color-cable-zip-tie-nylon-66-cable-tie\/#breadcrumb\",\"itemListElement\":[{\"@type\":\"ListItem\",\"position\":1,\"name\":\"Home\",\"item\":\"https:\/\/hds-cabletie.com\/\"},{\"@type\":\"ListItem\",\"position\":2,\"name\":\"Products\",\"item\":\"https:\/\/hds-cabletie.com\/de\/products\/\"},{\"@type\":\"ListItem\",\"position\":3,\"name\":\"HDS Multi-color Cable Zip Tie Nylon 66 Cable Tie\"}]},{\"@type\":\"WebSite\",\"@id\":\"https:\/\/hds-cabletie.com\/ar\/#website\",\"url\":\"https:\/\/hds-cabletie.com\/ar\/\",\"name\":\"HDS Tie\",\"description\":\"\",\"potentialAction\":[{\"@type\":\"SearchAction\",\"target\":{\"@type\":\"EntryPoint\",\"urlTemplate\":\"https:\/\/hds-cabletie.com\/ar\/?s={search_term_string}\"},\"query-input\":{\"@type\":\"PropertyValueSpecification\",\"valueRequired\":true,\"valueName\":\"search_term_string\"}}],\"inLanguage\":\"de\"}]}<\/script>\n<!-- \/ Yoast SEO plugin. -->","yoast_head_json":{"title":"HDS Multi-color Cable Zip Tie Nylon 66 Cable Tie - HDS Tie","robots":{"index":"index","follow":"follow","max-snippet":"max-snippet:-1","max-image-preview":"max-image-preview:large","max-video-preview":"max-video-preview:-1"},"canonical":"https:\/\/hds-cabletie.com\/de\/produkt\/hds-multi-color-cable-zip-tie-nylon-66-cable-tie\/","og_locale":"de_DE","og_type":"article","og_title":"HDS Multi-color Cable Zip Tie Nylon 66 Cable Tie - HDS Tie","og_description":"1.Material:\u00a0Nylon 66, 94V-2 certificated by UL,brand ASCEND and INVISTA  2.Color:\u00a0Natural (white), black and colorful.  3.Available size:\u00a0  Width 2.5mm\u00a0with length 80mm-200mm  Width\u00a03.6mm\u00a0with length 100mm-370mm  Width\u00a04.8mm\u00a0with length 100mm-650mm  Width\u00a07.6mm\u00a0with length 150mm-550mm  Width\u00a08.8mm with length\u00a0400mm-1020mm","og_url":"https:\/\/hds-cabletie.com\/de\/produkt\/hds-multi-color-cable-zip-tie-nylon-66-cable-tie\/","og_site_name":"HDS Tie","article_modified_time":"2025-10-20T01:28:48+00:00","og_image":[{"width":800,"height":800,"url":"https:\/\/hds-cabletie.com\/wp-content\/uploads\/2025\/08\/\uff11.webp","type":"image\/webp"}],"twitter_card":"summary_large_image","twitter_misc":{"Gesch\u00e4tzte Lesezeit":"3\u00a0Minuten"},"schema":{"@context":"https:\/\/schema.org","@graph":[{"@type":"WebPage","@id":"https:\/\/hds-cabletie.com\/uk\/product\/hds-multi-color-cable-zip-tie-nylon-66-cable-tie\/","url":"https:\/\/hds-cabletie.com\/uk\/product\/hds-multi-color-cable-zip-tie-nylon-66-cable-tie\/","name":"HDS Multi-color Cable Zip Tie Nylon 66 Cable Tie - HDS Tie","isPartOf":{"@id":"https:\/\/hds-cabletie.com\/ar\/#website"},"primaryImageOfPage":{"@id":"https:\/\/hds-cabletie.com\/uk\/product\/hds-multi-color-cable-zip-tie-nylon-66-cable-tie\/#primaryimage"},"image":{"@id":"https:\/\/hds-cabletie.com\/uk\/product\/hds-multi-color-cable-zip-tie-nylon-66-cable-tie\/#primaryimage"},"thumbnailUrl":"https:\/\/hds-cabletie.com\/wp-content\/uploads\/2025\/08\/\uff11.webp","datePublished":"2025-10-18T06:16:07+00:00","dateModified":"2025-10-20T01:28:48+00:00","breadcrumb":{"@id":"https:\/\/hds-cabletie.com\/uk\/product\/hds-multi-color-cable-zip-tie-nylon-66-cable-tie\/#breadcrumb"},"inLanguage":"de","potentialAction":[{"@type":"ReadAction","target":["https:\/\/hds-cabletie.com\/uk\/product\/hds-multi-color-cable-zip-tie-nylon-66-cable-tie\/"]}]},{"@type":"ImageObject","inLanguage":"de","@id":"https:\/\/hds-cabletie.com\/uk\/product\/hds-multi-color-cable-zip-tie-nylon-66-cable-tie\/#primaryimage","url":"https:\/\/hds-cabletie.com\/wp-content\/uploads\/2025\/08\/\uff11.webp","contentUrl":"https:\/\/hds-cabletie.com\/wp-content\/uploads\/2025\/08\/\uff11.webp","width":800,"height":800},{"@type":"BreadcrumbList","@id":"https:\/\/hds-cabletie.com\/uk\/product\/hds-multi-color-cable-zip-tie-nylon-66-cable-tie\/#breadcrumb","itemListElement":[{"@type":"ListItem","position":1,"name":"Home","item":"https:\/\/hds-cabletie.com\/"},{"@type":"ListItem","position":2,"name":"Products","item":"https:\/\/hds-cabletie.com\/de\/products\/"},{"@type":"ListItem","position":3,"name":"HDS Multi-color Cable Zip Tie Nylon 66 Cable Tie"}]},{"@type":"WebSite","@id":"https:\/\/hds-cabletie.com\/ar\/#website","url":"https:\/\/hds-cabletie.com\/ar\/","name":"HDS Tie","description":"","potentialAction":[{"@type":"SearchAction","target":{"@type":"EntryPoint","urlTemplate":"https:\/\/hds-cabletie.com\/ar\/?s={search_term_string}"},"query-input":{"@type":"PropertyValueSpecification","valueRequired":true,"valueName":"search_term_string"}}],"inLanguage":"de"}]}},"_links":{"self":[{"href":"https:\/\/hds-cabletie.com\/de\/wp-json\/wp\/v2\/product\/2271","targetHints":{"allow":["GET"]}}],"collection":[{"href":"https:\/\/hds-cabletie.com\/de\/wp-json\/wp\/v2\/product"}],"about":[{"href":"https:\/\/hds-cabletie.com\/de\/wp-json\/wp\/v2\/types\/product"}],"replies":[{"embeddable":true,"href":"https:\/\/hds-cabletie.com\/de\/wp-json\/wp\/v2\/comments?post=2271"}],"wp:featuredmedia":[{"embeddable":true,"href":"https:\/\/hds-cabletie.com\/de\/wp-json\/wp\/v2\/media\/2273"}],"wp:attachment":[{"href":"https:\/\/hds-cabletie.com\/de\/wp-json\/wp\/v2\/media?parent=2271"}],"wp:term":[{"taxonomy":"product_brand","embeddable":true,"href":"https:\/\/hds-cabletie.com\/de\/wp-json\/wp\/v2\/product_brand?post=2271"},{"taxonomy":"product_cat","embeddable":true,"href":"https:\/\/hds-cabletie.com\/de\/wp-json\/wp\/v2\/product_cat?post=2271"},{"taxonomy":"product_tag","embeddable":true,"href":"https:\/\/hds-cabletie.com\/de\/wp-json\/wp\/v2\/product_tag?post=2271"}],"curies":[{"name":"wp","href":"https:\/\/api.w.org\/{rel}","templated":true}]}}